{"id":766,"date":"2021-04-21T08:03:08","date_gmt":"2021-04-21T08:03:08","guid":{"rendered":"https:\/\/surfertarifa.com\/?page_id=766"},"modified":"2021-06-14T17:18:19","modified_gmt":"2021-06-14T17:18:19","slug":"sup-tarifa","status":"publish","type":"page","link":"https:\/\/surfertarifa.com\/en\/escuela-nautica-tarifa\/sup-tarifa\/","title":{"rendered":"SUP Tarifa"},"content":{"rendered":"<div class=\"slider-wrapper relative\" id=\"slider-1190698078\" >\n    <div class=\"slider slider-nav-circle slider-nav-large slider-nav-light slider-style-normal\"\n        data-flickity-options='{            \"cellAlign\": \"center\",            \"imagesLoaded\": true,            \"lazyLoad\": 1,            \"freeScroll\": false,            \"wrapAround\": true,            \"autoPlay\": false,            \"pauseAutoPlayOnHover\" : true,            \"prevNextButtons\": false,            \"contain\" : true,            \"adaptiveHeight\" : true,            \"dragThreshold\" : 10,            \"percentPosition\": true,            \"pageDots\": true,            \"rightToLeft\": false,            \"draggable\": true,            \"selectedAttraction\": 0.1,            \"parallax\" : 0,            \"friction\": 0.6        }'\n        >\n        \n\n\n  <div class=\"banner has-hover\" id=\"banner-1515512641\">\n          <div class=\"banner-inner fill\">\n        <div class=\"banner-bg fill\" >\n            <div class=\"bg fill bg-fill\"><\/div>\n                                    \n                    <\/div>\n        <div class=\"banner-layers container\">\n            <div class=\"fill banner-link\"><\/div>            \n\n   <div id=\"text-box-636489735\" class=\"text-box banner-layer x0 md-x0 lg-x0 y50 md-y50 lg-y50 res-text\">\n                                <div class=\"text-box-content text dark\">\n              \n              <div class=\"text-inner text-center\">\n                  \n\n<h3 class=\"uppercase\">ENJOY THE BALANCE<\/h3>\n<p>SUP Tarifa. Few experiences are as pleasant as a ride at sunset. Connect with nature.<\/p>\n<a href=\"https:\/\/surfertarifa.com\/en\/contacto\/\" target=\"_self\" class=\"button white is-outline\"  >\n  <i class=\"icon-star-o\" ><\/i>  <span>TELETRANSPORT<\/span>\n  <\/a>\n\n\n\n              <\/div>\n           <\/div>\n                            \n<style>\n#text-box-636489735 {\n  width: 60%;\n}\n#text-box-636489735 .text-box-content {\n  font-size: 100%;\n}\n@media (min-width:550px) {\n  #text-box-636489735 {\n    width: 40%;\n  }\n}\n<\/style>\n    <\/div>\n \n\n        <\/div>\n      <\/div>\n\n            \n<style>\n#banner-1515512641 {\n  padding-top: 50%;\n}\n#banner-1515512641 .bg.bg-loaded {\n  background-image: url(https:\/\/surfertarifa.com\/wp-content\/uploads\/2021\/04\/sup.jpg);\n}\n<\/style>\n  <\/div>\n\n\n\n     <\/div>\n\n     <div class=\"loading-spin dark large centered\"><\/div>\n\n     \t<\/div>\n\n\n\t<section class=\"section has-mask mask-angled-right\" id=\"section_1054305783\">\n\t\t<div class=\"bg section-bg fill bg-fill  bg-loaded\" >\n\n\t\t\t\n\t\t\t<div class=\"section-bg-overlay absolute fill\"><\/div>\n\t\t\t\n\t<div class=\"is-border\"\n\t\tstyle=\"border-color:rgb(235, 235, 235);border-width:0px 0px 0px 0px;margin:0px 0px 0px 0px;\">\n\t<\/div>\n\n\t\t<\/div>\n\n\t\t<div class=\"section-content relative\">\n\t\t\t\n\n\t<div id=\"text-606701516\" class=\"text\">\n\t\t\n\n<h1>SUP TARIFA<\/h1>\n<h5>Learn to plan on the SUP board, achieve balance by learning the initiation techniques in an ideal sport to relax, disconnect and tone your body.<\/h5>\n<p>&nbsp;<\/p>\n\t\t\n<style>\n#text-606701516 {\n  font-size: 1.5rem;\n  line-height: 1;\n  text-align: center;\n  color: rgb(254, 254, 254);\n}\n#text-606701516 > * {\n  color: rgb(254, 254, 254);\n}\n<\/style>\n\t<\/div>\n\t\n\n\t\t<\/div>\n\n\t\t\n<style>\n#section_1054305783 {\n  padding-top: 40px;\n  padding-bottom: 40px;\n  background-color: rgb(171, 171, 171);\n}\n#section_1054305783 .section-bg-overlay {\n  background-color: rgba(0, 0, 0, 0.78);\n}\n<\/style>\n\t<\/section>\n\t\n\t<section class=\"section dark\" id=\"section_871634736\">\n\t\t<div class=\"bg section-bg fill bg-fill  bg-loaded\" >\n\n\t\t\t\n\t\t\t<div class=\"section-bg-overlay absolute fill\"><\/div>\n\t\t\t\n\n\t\t<\/div>\n\n\t\t<div class=\"section-content relative\">\n\t\t\t\n\n<div class=\"row row-collapse align-middle\"  id=\"row-183062229\">\n\n\n\t<div id=\"col-1143932339\" class=\"col medium-6 small-9 large-6\"  >\n\t\t\t\t<div class=\"col-inner\"  >\n\t\t\t\n\t\t\t\n\n\n  <div class=\"banner has-hover\" id=\"banner-653349955\">\n          <div class=\"banner-inner fill\">\n        <div class=\"banner-bg fill\" >\n            <div class=\"bg fill bg-fill\"><\/div>\n                                    \n                    <\/div>\n        <div class=\"banner-layers container\">\n            <div class=\"fill banner-link\"><\/div>            \n\n\n        <\/div>\n      <\/div>\n\n            \n<style>\n#banner-653349955 {\n  padding-top: 600px;\n  background-color: rgba(0, 0, 0, 0.58);\n}\n#banner-653349955 .bg.bg-loaded {\n  background-image: url(https:\/\/surfertarifa.com\/wp-content\/uploads\/2021\/04\/2-640x800.jpg);\n}\n<\/style>\n  <\/div>\n\n\n\n\t\t<\/div>\n\t\t\t\t\t<\/div>\n\n\t\n\n\t<div id=\"col-1478814540\" class=\"col medium-6 small-9 large-6\"  >\n\t\t\t\t<div class=\"col-inner\"  >\n\t\t\t\n\t\t\t\n\n\n  <div class=\"banner has-hover\" id=\"banner-1450872456\">\n          <div class=\"banner-inner fill\">\n        <div class=\"banner-bg fill\" >\n            <div class=\"bg fill bg-fill\"><\/div>\n                        <div class=\"overlay\"><\/div>            \n                    <\/div>\n        <div class=\"banner-layers container\">\n            <div class=\"fill banner-link\"><\/div>            \n\n   <div id=\"text-box-1135411426\" class=\"text-box banner-layer x50 md-x50 lg-x50 y50 md-y50 lg-y50 res-text\">\n                                <div class=\"text-box-content text dark\">\n              \n              <div class=\"text-inner text-center\">\n                  \n\n\t<div id=\"text-3305533636\" class=\"text\">\n\t\t\n\n<h2 class=\"uppercase\"><span style=\"font-size: 100%;\"><strong>SUP CLASSES<\/strong><\/span><\/h2>\n<h2 class=\"uppercase\"><span style=\"font-size: 100%;\"><strong>2 people \u20ac 50\/2 hours.&nbsp;<\/strong><\/span><\/h2>\n<h2 class=\"uppercase\"><span style=\"font-size: 100%;\"><strong>1 Person \u20ac 40\/1 hour.&nbsp;<\/strong><\/span><\/h2>\n<p>Discover, accompanied by an instructor, the wonderful places to do SUP in Tarifa<\/p>\n\t\t\n<style>\n#text-3305533636 {\n  font-size: 1rem;\n}\n<\/style>\n\t<\/div>\n\t\n<a rel=\"noopener noreferrer\" href=\"https:\/\/surfertarifa.com\/en\/product\/clases-sup-1-personas-1-horas\/\" target=\"_blank\" class=\"button white is-outline is-large\"  style=\"border-radius:99px;\">\n    <span>1 HOUR<\/span>\n  <\/a>\n\n\n<a rel=\"noopener noreferrer\" href=\"https:\/\/surfertarifa.com\/en\/product\/clases-sup-2-personas-2-horas\/\" target=\"_blank\" class=\"button white is-outline is-large\"  style=\"border-radius:99px;\">\n    <span>2 hours<\/span>\n  <\/a>\n\n\n\n              <\/div>\n           <\/div>\n                            \n<style>\n#text-box-1135411426 {\n  width: 72%;\n}\n#text-box-1135411426 .text-box-content {\n  font-size: 100%;\n}\n@media (min-width:550px) {\n  #text-box-1135411426 {\n    width: 60%;\n  }\n}\n<\/style>\n    <\/div>\n \n\n        <\/div>\n      <\/div>\n\n            \n<style>\n#banner-1450872456 {\n  padding-top: 600px;\n  background-color: rgba(0, 0, 0, 0.58);\n}\n#banner-1450872456 .bg.bg-loaded {\n  background-image: url(https:\/\/surfertarifa.com\/wp-content\/uploads\/2021\/04\/1-640x800.jpg);\n}\n#banner-1450872456 .overlay {\n  background-color: rgba(0,0,0,.5);\n}\n<\/style>\n  <\/div>\n\n\n\n\t\t<\/div>\n\t\t\t\t\t<\/div>\n\n\t\n\n<\/div>\n\n\t\t<\/div>\n\n\t\t\n<style>\n#section_871634736 {\n  padding-top: 0px;\n  padding-bottom: 0px;\n  background-color: rgb(255,255,255);\n}\n#section_871634736 .section-bg-overlay {\n  background-color: rgba(0, 0, 0, 0.23);\n}\n<\/style>\n\t<\/section>\n\t\n\t<section class=\"section dark\" id=\"section_1623502381\">\n\t\t<div class=\"bg section-bg fill bg-fill  bg-loaded\" >\n\n\t\t\t\n\t\t\t<div class=\"section-bg-overlay absolute fill\"><\/div>\n\t\t\t\n\n\t\t<\/div>\n\n\t\t<div class=\"section-content relative\">\n\t\t\t\n\n<div class=\"row row-collapse align-middle\"  id=\"row-1074613439\">\n\n\n\t<div id=\"col-1512437467\" class=\"col medium-6 small-9 large-6\"  >\n\t\t\t\t<div class=\"col-inner\"  >\n\t\t\t\n\t\t\t\n\n\n  <div class=\"banner has-hover\" id=\"banner-380946955\">\n          <div class=\"banner-inner fill\">\n        <div class=\"banner-bg fill\" >\n            <div class=\"bg fill bg-fill\"><\/div>\n                        <div class=\"overlay\"><\/div>            \n                    <\/div>\n        <div class=\"banner-layers container\">\n            <div class=\"fill banner-link\"><\/div>            \n\n   <div id=\"text-box-1413379273\" class=\"text-box banner-layer x50 md-x50 lg-x50 y50 md-y50 lg-y50 res-text\">\n                                <div class=\"text-box-content text dark\">\n              \n              <div class=\"text-inner text-center\">\n                  \n\n\t<div id=\"text-2956243414\" class=\"text\">\n\t\t\n\n<h2 class=\"uppercase\"><span style=\"font-size: 100%;\"><strong>SUP RENTAL<\/strong><\/span><\/h2>\n<h2 class=\"uppercase\"><span style=\"font-size: 100%;\"><strong>\u20ac 20 \/ hour Table and paddle<\/strong><\/span><\/h2>\n<p>Enjoy a unique activity in an incomparable environment<\/p>\n\t\t\n<style>\n#text-2956243414 {\n  font-size: 1rem;\n}\n<\/style>\n\t<\/div>\n\t\n<a rel=\"noopener noreferrer\" href=\"https:\/\/surfertarifa.com\/en\/product\/alquiler-sup-20-euros-por-hora\/\" target=\"_blank\" class=\"button white is-outline is-large\"  style=\"border-radius:99px;\">\n    <span>RESERVATION<\/span>\n  <\/a>\n\n\n\n              <\/div>\n           <\/div>\n                            \n<style>\n#text-box-1413379273 {\n  width: 72%;\n}\n#text-box-1413379273 .text-box-content {\n  font-size: 100%;\n}\n@media (min-width:550px) {\n  #text-box-1413379273 {\n    width: 60%;\n  }\n}\n<\/style>\n    <\/div>\n \n\n        <\/div>\n      <\/div>\n\n            \n<style>\n#banner-380946955 {\n  padding-top: 600px;\n  background-color: rgba(0, 0, 0, 0.58);\n}\n#banner-380946955 .bg.bg-loaded {\n  background-image: url(https:\/\/surfertarifa.com\/wp-content\/uploads\/2021\/04\/paddle-surf1-640x800.jpg);\n}\n#banner-380946955 .overlay {\n  background-color: rgba(0,0,0,.5);\n}\n<\/style>\n  <\/div>\n\n\n\n\t\t<\/div>\n\t\t\t\t\t<\/div>\n\n\t\n\n\t<div id=\"col-447444154\" class=\"col medium-6 small-9 large-6\"  >\n\t\t\t\t<div class=\"col-inner\"  >\n\t\t\t\n\t\t\t\n\n\n  <div class=\"banner has-hover\" id=\"banner-730902004\">\n          <div class=\"banner-inner fill\">\n        <div class=\"banner-bg fill\" >\n            <div class=\"bg fill bg-fill\"><\/div>\n                                    \n                    <\/div>\n        <div class=\"banner-layers container\">\n            <div class=\"fill banner-link\"><\/div>            \n\n\n        <\/div>\n      <\/div>\n\n            \n<style>\n#banner-730902004 {\n  padding-top: 600px;\n  background-color: rgba(0, 0, 0, 0.58);\n}\n#banner-730902004 .bg.bg-loaded {\n  background-image: url(https:\/\/surfertarifa.com\/wp-content\/uploads\/2021\/04\/paddle-surf2-640x800.jpg);\n}\n<\/style>\n  <\/div>\n\n\n\n\t\t<\/div>\n\t\t\t\t\t<\/div>\n\n\t\n\n<\/div>\n\n\t\t<\/div>\n\n\t\t\n<style>\n#section_1623502381 {\n  padding-top: 0px;\n  padding-bottom: 0px;\n  background-color: rgb(255,255,255);\n}\n#section_1623502381 .section-bg-overlay {\n  background-color: rgba(0, 0, 0, 0.23);\n}\n<\/style>\n\t<\/section>\n\t\n\t<div id=\"gap-1131221949\" class=\"gap-element clearfix\" style=\"display:block; height:auto;\">\n\t\t\n<style>\n#gap-1131221949 {\n  padding-top: 80px;\n}\n<\/style>\n\t<\/div>\n\t\n\n\t<section class=\"section dark has-mask mask-arrow\" id=\"section_1913604933\">\n\t\t<div class=\"bg section-bg fill bg-fill  bg-loaded\" >\n\n\t\t\t\n\t\t\t<div class=\"section-bg-overlay absolute fill\"><\/div>\n\t\t\t\n\t<div class=\"is-border\"\n\t\tstyle=\"border-color:rgb(235, 235, 235);border-width:1px 0px 0px 0px;\">\n\t<\/div>\n\n\t\t<\/div>\n\n\t\t<div class=\"section-content relative\">\n\t\t\t\n\n<div class=\"row\"  id=\"row-997789687\">\n\n\n\t<div id=\"col-447440944\" class=\"col small-12 large-12\"  >\n\t\t\t\t<div class=\"col-inner text-shadow-2\"  >\n\t\t\t\n\t\t\t\n\n<h3 class=\"accordion_title\">FREQUENT QUESTIONS<\/h3><div class=\"accordion\" rel=\"\">\n\n<div class=\"accordion-item\"><a href=\"#\" class=\"accordion-title plain\"><button class=\"toggle\"><i class=\"icon-angle-down\"><\/i><\/button><span>REQUIREMENTS TO PRACTICE THIS SPORT<\/span><\/a><div class=\"accordion-inner\">\n\n<p>Stand Up Paddle Surf is a sport designed for all audiences. You just need a little balance and know how to swim. You can practice standing, or start sitting or kneeling, so you can gradually improve your position and balance to finally enjoy the feeling of standing.&nbsp;&nbsp;<\/p>\n\n<\/div><\/div>\n<div class=\"accordion-item\"><a href=\"#\" class=\"accordion-title plain\"><button class=\"toggle\"><i class=\"icon-angle-down\"><\/i><\/button><span>IS IT NECESSARY TO LEARN WITH AN INSTRUCTOR?<\/span><\/a><div class=\"accordion-inner\">\n\n<p>SUP is a fairly simple sport, so if you are in good physical shape and have some balance, you can start practicing this sport on your own by renting the equipment: board, life jacket and paddle. However, if you have any questions about the best places to practice it or you do not feel safe going alone, one of our instructors will make your day a unique experience by selecting the best place for the activity, teaching the best technique to move in the water How to row effectively, what to do if we enter a stream ... ask us and we will advise you.&nbsp;<\/p>\n\n<\/div><\/div>\n<div class=\"accordion-item\"><a href=\"#\" class=\"accordion-title plain\"><button class=\"toggle\"><i class=\"icon-angle-down\"><\/i><\/button><span>SAFETY AND PROFESSIONALISM<\/span><\/a><div class=\"accordion-inner\">\n\n<p>Surfer Tarifa has the mandatory Civil Liability and Accident insurance for classes in Tarifa. It has also been an Official Nautical School by the Tarifa City Council since 2009 and is registered as an Active Tourism company AT \/ CA \/ 00063. Furthermore, all of our instructors are qualified professionals.&nbsp;<\/p>\n\n<\/div><\/div>\n\n<\/div>\n\n\t\t<\/div>\n\t\t\t\t\t<\/div>\n\n\t\n\n<\/div>\n\n\t\t<\/div>\n\n\t\t\n<style>\n#section_1913604933 {\n  padding-top: 59px;\n  padding-bottom: 59px;\n  min-height: 300px;\n  background-color: rgb(68, 68, 68);\n}\n#section_1913604933 .section-bg-overlay {\n  background-color: rgba(0, 0, 0, 0.4);\n}\n<\/style>\n\t<\/section>\n\t\n\t<div id=\"gap-1872575664\" class=\"gap-element clearfix\" style=\"display:block; height:auto;\">\n\t\t\n<style>\n#gap-1872575664 {\n  padding-top: 40px;\n}\n<\/style>\n\t<\/div>\n\t\n\n\t<div id=\"text-3803203107\" class=\"text\">\n\t\t\n\n<h2>FOLLOW US ON <a href=\"https:\/\/www.instagram.com\/surfertarifa\/?hl=es\">INSTAGRAM<\/a><\/h2>\n\t\t\n<style>\n#text-3803203107 {\n  text-align: center;\n}\n<\/style>\n\t<\/div>\n\t\n\t<div id=\"gap-464982551\" class=\"gap-element clearfix\" style=\"display:block; height:auto;\">\n\t\t\n<style>\n#gap-464982551 {\n  padding-top: 10px;\n}\n<\/style>\n\t<\/div>\n\t\n\nCannot call API for app 380204239234502 on behalf of user 10227511905686513","protected":false},"excerpt":{"rendered":"","protected":false},"author":1,"featured_media":16,"parent":67,"menu_order":10,"comment_status":"closed","ping_status":"closed","template":"page-blank.php","meta":{"spay_email":""},"yoast_head":"<!-- This site is optimized with the Yoast SEO plugin v17.0 - https:\/\/yoast.com\/wordpress\/plugins\/seo\/ -->\n<title>SUP Tarifa - Surfertarifa . Stand up Paddle en un lugar m\u00e1gico.<\/title>\n<meta name=\"description\" content=\"Sup Tarifa te sorprender\u00e1 por los lugares incre\u00edbles para la pr\u00e1ctica de este deporte que encontrar\u00e1s aqu\u00ed. D\u00e9janos acompa\u00f1arte.\" \/>\n<meta name=\"robots\" content=\"index, follow, max-snippet:-1, max-image-preview:large, max-video-preview:-1\" \/>\n<link rel=\"canonical\" href=\"https:\/\/surfertarifa.com\/en\/escuela-nautica-tarifa\/sup-tarifa\/\" \/>\n<meta property=\"og:locale\" content=\"en_GB\" \/>\n<meta property=\"og:type\" content=\"article\" \/>\n<meta property=\"og:title\" content=\"SUP Tarifa - Surfertarifa . Stand up Paddle en un lugar m\u00e1gico.\" \/>\n<meta property=\"og:description\" content=\"Sup Tarifa te sorprender\u00e1 por los lugares incre\u00edbles para la pr\u00e1ctica de este deporte que encontrar\u00e1s aqu\u00ed. D\u00e9janos acompa\u00f1arte.\" \/>\n<meta property=\"og:url\" content=\"https:\/\/surfertarifa.com\/en\/escuela-nautica-tarifa\/sup-tarifa\/\" \/>\n<meta property=\"og:site_name\" content=\"Surfertarifa\" \/>\n<meta property=\"article:publisher\" content=\"https:\/\/es-es.facebook.com\/SurferTarifa\/\" \/>\n<meta property=\"article:modified_time\" content=\"2021-06-14T17:18:19+00:00\" \/>\n<meta property=\"og:image\" content=\"https:\/\/surfertarifa.com\/wp-content\/uploads\/2016\/08\/dummy-1.jpg\" \/>\n\t<meta property=\"og:image:width\" content=\"400\" \/>\n\t<meta property=\"og:image:height\" content=\"260\" \/>\n<meta name=\"twitter:card\" content=\"summary_large_image\" \/>\n<meta name=\"twitter:label1\" content=\"Estimated reading time\" \/>\n\t<meta name=\"twitter:data1\" content=\"3 minutes\" \/>\n<script type=\"application\/ld+json\" class=\"yoast-schema-graph\">{\"@context\":\"https:\/\/schema.org\",\"@graph\":[{\"@type\":\"Organization\",\"@id\":\"https:\/\/surfertarifa.com\/#organization\",\"name\":\"Surfertarifa\",\"url\":\"https:\/\/surfertarifa.com\/\",\"sameAs\":[\"https:\/\/es-es.facebook.com\/SurferTarifa\/\",\"https:\/\/www.instagram.com\/surfertarifa\/\"],\"logo\":{\"@type\":\"ImageObject\",\"@id\":\"https:\/\/surfertarifa.com\/#logo\",\"inLanguage\":\"en-GB\",\"url\":\"https:\/\/surfertarifa.com\/wp-content\/uploads\/2021\/04\/logo-surfer-1.png\",\"contentUrl\":\"https:\/\/surfertarifa.com\/wp-content\/uploads\/2021\/04\/logo-surfer-1.png\",\"width\":90,\"height\":90,\"caption\":\"Surfertarifa\"},\"image\":{\"@id\":\"https:\/\/surfertarifa.com\/#logo\"}},{\"@type\":\"WebSite\",\"@id\":\"https:\/\/surfertarifa.com\/#website\",\"url\":\"https:\/\/surfertarifa.com\/\",\"name\":\"Surfertarifa\",\"description\":\"Tienda de surf online\",\"publisher\":{\"@id\":\"https:\/\/surfertarifa.com\/#organization\"},\"potentialAction\":[{\"@type\":\"SearchAction\",\"target\":{\"@type\":\"EntryPoint\",\"urlTemplate\":\"https:\/\/surfertarifa.com\/?s={search_term_string}\"},\"query-input\":\"required name=search_term_string\"}],\"inLanguage\":\"en-GB\"},{\"@type\":\"ImageObject\",\"@id\":\"https:\/\/surfertarifa.com\/escuela-nautica-tarifa\/sup-tarifa\/#primaryimage\",\"inLanguage\":\"en-GB\",\"url\":\"https:\/\/surfertarifa.com\/wp-content\/uploads\/2016\/08\/dummy-1.jpg\",\"contentUrl\":\"https:\/\/surfertarifa.com\/wp-content\/uploads\/2016\/08\/dummy-1.jpg\",\"width\":400,\"height\":260},{\"@type\":\"WebPage\",\"@id\":\"https:\/\/surfertarifa.com\/escuela-nautica-tarifa\/sup-tarifa\/#webpage\",\"url\":\"https:\/\/surfertarifa.com\/escuela-nautica-tarifa\/sup-tarifa\/\",\"name\":\"SUP Tarifa - Surfertarifa . Stand up Paddle en un lugar m\\u00e1gico.\",\"isPartOf\":{\"@id\":\"https:\/\/surfertarifa.com\/#website\"},\"primaryImageOfPage\":{\"@id\":\"https:\/\/surfertarifa.com\/escuela-nautica-tarifa\/sup-tarifa\/#primaryimage\"},\"datePublished\":\"2021-04-21T08:03:08+00:00\",\"dateModified\":\"2021-06-14T17:18:19+00:00\",\"description\":\"Sup Tarifa te sorprender\\u00e1 por los lugares incre\\u00edbles para la pr\\u00e1ctica de este deporte que encontrar\\u00e1s aqu\\u00ed. D\\u00e9janos acompa\\u00f1arte.\",\"breadcrumb\":{\"@id\":\"https:\/\/surfertarifa.com\/escuela-nautica-tarifa\/sup-tarifa\/#breadcrumb\"},\"inLanguage\":\"en-GB\",\"potentialAction\":[{\"@type\":\"ReadAction\",\"target\":[\"https:\/\/surfertarifa.com\/escuela-nautica-tarifa\/sup-tarifa\/\"]}]},{\"@type\":\"BreadcrumbList\",\"@id\":\"https:\/\/surfertarifa.com\/escuela-nautica-tarifa\/sup-tarifa\/#breadcrumb\",\"itemListElement\":[{\"@type\":\"ListItem\",\"position\":1,\"name\":\"Portada\",\"item\":\"https:\/\/surfertarifa.com\/\"},{\"@type\":\"ListItem\",\"position\":2,\"name\":\"Escuela\",\"item\":\"https:\/\/surfertarifa.com\/escuela-nautica-tarifa\/\"},{\"@type\":\"ListItem\",\"position\":3,\"name\":\"SUP Tarifa\"}]}]}<\/script>\n<!-- \/ Yoast SEO plugin. -->","yoast_head_json":{"title":"SUP Tarifa - Surfertarifa . Stand up Paddle en un lugar m\u00e1gico.","description":"Sup Tarifa te sorprender\u00e1 por los lugares incre\u00edbles para la pr\u00e1ctica de este deporte que encontrar\u00e1s aqu\u00ed. D\u00e9janos acompa\u00f1arte.","robots":{"index":"index","follow":"follow","max-snippet":"max-snippet:-1","max-image-preview":"max-image-preview:large","max-video-preview":"max-video-preview:-1"},"canonical":"https:\/\/surfertarifa.com\/en\/escuela-nautica-tarifa\/sup-tarifa\/","og_locale":"en_GB","og_type":"article","og_title":"SUP Tarifa - Surfertarifa . Stand up Paddle en un lugar m\u00e1gico.","og_description":"Sup Tarifa te sorprender\u00e1 por los lugares incre\u00edbles para la pr\u00e1ctica de este deporte que encontrar\u00e1s aqu\u00ed. D\u00e9janos acompa\u00f1arte.","og_url":"https:\/\/surfertarifa.com\/en\/escuela-nautica-tarifa\/sup-tarifa\/","og_site_name":"Surfertarifa","article_publisher":"https:\/\/es-es.facebook.com\/SurferTarifa\/","article_modified_time":"2021-06-14T17:18:19+00:00","og_image":[{"width":400,"height":260,"url":"https:\/\/surfertarifa.com\/wp-content\/uploads\/2016\/08\/dummy-1.jpg","path":"\/home\/surferta\/public_html\/wp-content\/uploads\/2016\/08\/dummy-1.jpg","size":"full","id":16,"alt":"","pixels":104000,"type":"image\/jpeg"}],"twitter_card":"summary_large_image","twitter_misc":{"Estimated reading time":"3 minutes"},"schema":{"@context":"https:\/\/schema.org","@graph":[{"@type":"Organization","@id":"https:\/\/surfertarifa.com\/#organization","name":"Surfertarifa","url":"https:\/\/surfertarifa.com\/","sameAs":["https:\/\/es-es.facebook.com\/SurferTarifa\/","https:\/\/www.instagram.com\/surfertarifa\/"],"logo":{"@type":"ImageObject","@id":"https:\/\/surfertarifa.com\/#logo","inLanguage":"en-GB","url":"https:\/\/surfertarifa.com\/wp-content\/uploads\/2021\/04\/logo-surfer-1.png","contentUrl":"https:\/\/surfertarifa.com\/wp-content\/uploads\/2021\/04\/logo-surfer-1.png","width":90,"height":90,"caption":"Surfertarifa"},"image":{"@id":"https:\/\/surfertarifa.com\/#logo"}},{"@type":"WebSite","@id":"https:\/\/surfertarifa.com\/#website","url":"https:\/\/surfertarifa.com\/","name":"Surfertarifa","description":"Tienda de surf online","publisher":{"@id":"https:\/\/surfertarifa.com\/#organization"},"potentialAction":[{"@type":"SearchAction","target":{"@type":"EntryPoint","urlTemplate":"https:\/\/surfertarifa.com\/?s={search_term_string}"},"query-input":"required name=search_term_string"}],"inLanguage":"en-GB"},{"@type":"ImageObject","@id":"https:\/\/surfertarifa.com\/escuela-nautica-tarifa\/sup-tarifa\/#primaryimage","inLanguage":"en-GB","url":"https:\/\/surfertarifa.com\/wp-content\/uploads\/2016\/08\/dummy-1.jpg","contentUrl":"https:\/\/surfertarifa.com\/wp-content\/uploads\/2016\/08\/dummy-1.jpg","width":400,"height":260},{"@type":"WebPage","@id":"https:\/\/surfertarifa.com\/escuela-nautica-tarifa\/sup-tarifa\/#webpage","url":"https:\/\/surfertarifa.com\/escuela-nautica-tarifa\/sup-tarifa\/","name":"SUP Tarifa - Surfertarifa . Stand up Paddle en un lugar m\u00e1gico.","isPartOf":{"@id":"https:\/\/surfertarifa.com\/#website"},"primaryImageOfPage":{"@id":"https:\/\/surfertarifa.com\/escuela-nautica-tarifa\/sup-tarifa\/#primaryimage"},"datePublished":"2021-04-21T08:03:08+00:00","dateModified":"2021-06-14T17:18:19+00:00","description":"Sup Tarifa te sorprender\u00e1 por los lugares incre\u00edbles para la pr\u00e1ctica de este deporte que encontrar\u00e1s aqu\u00ed. D\u00e9janos acompa\u00f1arte.","breadcrumb":{"@id":"https:\/\/surfertarifa.com\/escuela-nautica-tarifa\/sup-tarifa\/#breadcrumb"},"inLanguage":"en-GB","potentialAction":[{"@type":"ReadAction","target":["https:\/\/surfertarifa.com\/escuela-nautica-tarifa\/sup-tarifa\/"]}]},{"@type":"BreadcrumbList","@id":"https:\/\/surfertarifa.com\/escuela-nautica-tarifa\/sup-tarifa\/#breadcrumb","itemListElement":[{"@type":"ListItem","position":1,"name":"Portada","item":"https:\/\/surfertarifa.com\/"},{"@type":"ListItem","position":2,"name":"Escuela","item":"https:\/\/surfertarifa.com\/escuela-nautica-tarifa\/"},{"@type":"ListItem","position":3,"name":"SUP Tarifa"}]}]}},"_links":{"self":[{"href":"https:\/\/surfertarifa.com\/en\/wp-json\/wp\/v2\/pages\/766"}],"collection":[{"href":"https:\/\/surfertarifa.com\/en\/wp-json\/wp\/v2\/pages"}],"about":[{"href":"https:\/\/surfertarifa.com\/en\/wp-json\/wp\/v2\/types\/page"}],"author":[{"embeddable":true,"href":"https:\/\/surfertarifa.com\/en\/wp-json\/wp\/v2\/users\/1"}],"replies":[{"embeddable":true,"href":"https:\/\/surfertarifa.com\/en\/wp-json\/wp\/v2\/comments?post=766"}],"version-history":[{"count":29,"href":"https:\/\/surfertarifa.com\/en\/wp-json\/wp\/v2\/pages\/766\/revisions"}],"predecessor-version":[{"id":3447,"href":"https:\/\/surfertarifa.com\/en\/wp-json\/wp\/v2\/pages\/766\/revisions\/3447"}],"up":[{"embeddable":true,"href":"https:\/\/surfertarifa.com\/en\/wp-json\/wp\/v2\/pages\/67"}],"wp:featuredmedia":[{"embeddable":true,"href":"https:\/\/surfertarifa.com\/en\/wp-json\/wp\/v2\/media\/16"}],"wp:attachment":[{"href":"https:\/\/surfertarifa.com\/en\/wp-json\/wp\/v2\/media?parent=766"}],"curies":[{"name":"wp","href":"https:\/\/api.w.org\/{rel}","templated":true}]}}