{"id":10131,"date":"2025-08-22T11:08:49","date_gmt":"2025-08-22T11:08:49","guid":{"rendered":"https:\/\/surfertarifa.com\/?post_type=product&#038;p=10131"},"modified":"2025-10-12T10:54:27","modified_gmt":"2025-10-12T10:54:27","slug":"falda-larga-para-mujer-secret-cove","status":"publish","type":"product","link":"https:\/\/surfertarifa.com\/en\/product\/falda-larga-para-mujer-secret-cove\/","title":{"rendered":"Falda Larga para Mujer-Secret Cove &#8211;"},"content":{"rendered":"<p><span style=\"color: #000000;\"><button class=\"r-slide-action-title\" type=\"button\" aria-expanded=\"false\">Detalles &amp; caracter\u00edsticas<\/button><\/span><\/p>\n<div class=\"r-slide-action-block-content\">\n<h2 class=\"r-desc-short\"><span style=\"color: #000000;\">Secret Cove &#8211; Falda Larga para Mujer<\/span><\/h2>\n<p id=\"master-product-id\" class=\"productskuinfo\" data-id=\"24B142502\"><span class=\"r-slide-action-block-title\" style=\"color: #000000;\"><span class=\"style\"><strong>Style<\/strong>\u00a024B142502\u00a0<\/span><span class=\"colorcode\"><strong>C\u00f3digo de color<\/strong>\u00a0scs<\/span><\/span><\/p>\n<p class=\"r-slide-action-block-title\"><span style=\"color: #000000;\">Caracter\u00edsticas<\/span><\/p>\n<ul class=\"r-slide-action-block-list\">\n<li><span style=\"color: #000000;\"><strong>Tipo:<\/strong>Falda midi<\/span><\/li>\n<li><span style=\"color: #000000;\"><strong>Tejido:\u00a0<\/strong>50% algod\u00f3n, 60% viscosa, hilo irregular de algod\u00f3n y viscosa<\/span><\/li>\n<li><span style=\"color: #000000;\"><strong>Corte:\u00a0<\/strong>Corte ajustado al cuerpo Longitud: 90 cm<\/span><\/li>\n<li><span style=\"color: #000000;\"><strong>Detalles:<\/strong>Cintura el\u00e1stica, detalle bordado en las costuras laterales y cortes en las costuras laterales<\/span><\/li>\n<li><span style=\"color: #000000;\"><strong>Marca:<\/strong>Placa met\u00e1lica<\/span><\/li>\n<\/ul>\n<p><span class=\"r-slide-action-block-title\" style=\"color: #000000;\">Composici\u00f3n\u00a0<\/span><span style=\"color: #000000;\">60% Algod\u00f3n, 40% Viscosa<\/span><\/p>\n<\/div>","protected":false},"excerpt":{"rendered":"<p>Detalles &amp; caracter\u00edsticas Secret Cove &#8211; Falda Larga para Mujer Style\u00a024B142502\u00a0C\u00f3digo de color\u00a0scs Caracter\u00edsticas Tipo:Falda midi Tejido:\u00a050% algod\u00f3n, 60% viscosa, hilo irregular de algod\u00f3n y viscosa Corte:\u00a0Corte ajustado al cuerpo Longitud: 90 cm Detalles:Cintura el\u00e1stica, detalle bordado en las costuras laterales y cortes en las costuras laterales Marca:Placa met\u00e1lica Composici\u00f3n\u00a060% Algod\u00f3n, 40% Viscosa<\/p>","protected":false},"featured_media":10132,"comment_status":"open","ping_status":"closed","template":"","meta":{"spay_email":""},"product_cat":[366,111],"product_tag":[],"brands":[{"id":119,"name":"Billabong","slug":"billabong"}],"yoast_head":"<!-- This site is optimized with the Yoast SEO plugin v17.0 - https:\/\/yoast.com\/wordpress\/plugins\/seo\/ -->\n<title>Falda Larga para Mujer-Secret Cove - Surfertarifa<\/title>\n<meta name=\"robots\" content=\"index, follow, max-snippet:-1, max-image-preview:large, max-video-preview:-1\" \/>\n<link rel=\"canonical\" href=\"https:\/\/surfertarifa.com\/en\/product\/falda-larga-para-mujer-secret-cove\/\" \/>\n<meta property=\"og:locale\" content=\"en_GB\" \/>\n<meta property=\"og:type\" content=\"article\" \/>\n<meta property=\"og:title\" content=\"Falda Larga para Mujer-Secret Cove - Surfertarifa\" \/>\n<meta property=\"og:description\" content=\"Detalles &amp; caracter\u00edsticas Secret Cove &#8211; Falda Larga para Mujer Style\u00a024B142502\u00a0C\u00f3digo de color\u00a0scs Caracter\u00edsticas Tipo:Falda midi Tejido:\u00a050% algod\u00f3n, 60% viscosa, hilo irregular de algod\u00f3n y viscosa Corte:\u00a0Corte ajustado al cuerpo Longitud: 90 cm Detalles:Cintura el\u00e1stica, detalle bordado en las costuras laterales y cortes en las costuras laterales Marca:Placa met\u00e1lica Composici\u00f3n\u00a060% Algod\u00f3n, 40% Viscosa\" \/>\n<meta property=\"og:url\" content=\"https:\/\/surfertarifa.com\/en\/product\/falda-larga-para-mujer-secret-cove\/\" \/>\n<meta property=\"og:site_name\" content=\"Surfertarifa\" \/>\n<meta property=\"article:publisher\" content=\"https:\/\/es-es.facebook.com\/SurferTarifa\/\" \/>\n<meta property=\"article:modified_time\" content=\"2025-10-12T10:54:27+00:00\" \/>\n<meta property=\"og:image\" content=\"https:\/\/surfertarifa.com\/wp-content\/uploads\/2025\/08\/2-3.jpg\" \/>\n\t<meta property=\"og:image:width\" content=\"1117\" \/>\n\t<meta property=\"og:image:height\" content=\"1396\" \/>\n<meta name=\"twitter:card\" content=\"summary_large_image\" \/>\n<script type=\"application\/ld+json\" class=\"yoast-schema-graph\">{\"@context\":\"https:\/\/schema.org\",\"@graph\":[{\"@type\":\"Organization\",\"@id\":\"https:\/\/surfertarifa.com\/#organization\",\"name\":\"Surfertarifa\",\"url\":\"https:\/\/surfertarifa.com\/\",\"sameAs\":[\"https:\/\/es-es.facebook.com\/SurferTarifa\/\",\"https:\/\/www.instagram.com\/surfertarifa\/\"],\"logo\":{\"@type\":\"ImageObject\",\"@id\":\"https:\/\/surfertarifa.com\/#logo\",\"inLanguage\":\"en-GB\",\"url\":\"https:\/\/surfertarifa.com\/wp-content\/uploads\/2021\/04\/logo-surfer-1.png\",\"contentUrl\":\"https:\/\/surfertarifa.com\/wp-content\/uploads\/2021\/04\/logo-surfer-1.png\",\"width\":90,\"height\":90,\"caption\":\"Surfertarifa\"},\"image\":{\"@id\":\"https:\/\/surfertarifa.com\/#logo\"}},{\"@type\":\"WebSite\",\"@id\":\"https:\/\/surfertarifa.com\/#website\",\"url\":\"https:\/\/surfertarifa.com\/\",\"name\":\"Surfertarifa\",\"description\":\"Tienda de surf online\",\"publisher\":{\"@id\":\"https:\/\/surfertarifa.com\/#organization\"},\"potentialAction\":[{\"@type\":\"SearchAction\",\"target\":{\"@type\":\"EntryPoint\",\"urlTemplate\":\"https:\/\/surfertarifa.com\/?s={search_term_string}\"},\"query-input\":\"required name=search_term_string\"}],\"inLanguage\":\"en-GB\"},{\"@type\":\"ImageObject\",\"@id\":\"https:\/\/surfertarifa.com\/product\/falda-larga-para-mujer-secret-cove\/#primaryimage\",\"inLanguage\":\"en-GB\",\"url\":\"https:\/\/surfertarifa.com\/wp-content\/uploads\/2025\/08\/2-3.jpg\",\"contentUrl\":\"https:\/\/surfertarifa.com\/wp-content\/uploads\/2025\/08\/2-3.jpg\",\"width\":1117,\"height\":1396,\"caption\":\"Falda Larga para Mujer-Secret Cove -\"},{\"@type\":\"WebPage\",\"@id\":\"https:\/\/surfertarifa.com\/product\/falda-larga-para-mujer-secret-cove\/#webpage\",\"url\":\"https:\/\/surfertarifa.com\/product\/falda-larga-para-mujer-secret-cove\/\",\"name\":\"Falda Larga para Mujer-Secret Cove - Surfertarifa\",\"isPartOf\":{\"@id\":\"https:\/\/surfertarifa.com\/#website\"},\"primaryImageOfPage\":{\"@id\":\"https:\/\/surfertarifa.com\/product\/falda-larga-para-mujer-secret-cove\/#primaryimage\"},\"datePublished\":\"2025-08-22T11:08:49+00:00\",\"dateModified\":\"2025-10-12T10:54:27+00:00\",\"breadcrumb\":{\"@id\":\"https:\/\/surfertarifa.com\/product\/falda-larga-para-mujer-secret-cove\/#breadcrumb\"},\"inLanguage\":\"en-GB\",\"potentialAction\":[{\"@type\":\"ReadAction\",\"target\":[\"https:\/\/surfertarifa.com\/product\/falda-larga-para-mujer-secret-cove\/\"]}]},{\"@type\":\"BreadcrumbList\",\"@id\":\"https:\/\/surfertarifa.com\/product\/falda-larga-para-mujer-secret-cove\/#breadcrumb\",\"itemListElement\":[{\"@type\":\"ListItem\",\"position\":1,\"name\":\"Portada\",\"item\":\"https:\/\/surfertarifa.com\/\"},{\"@type\":\"ListItem\",\"position\":2,\"name\":\"Shop\",\"item\":\"https:\/\/surfertarifa.com\/shop\/\"},{\"@type\":\"ListItem\",\"position\":3,\"name\":\"Falda Larga para Mujer-Secret Cove &#8211;\"}]}]}<\/script>\n<!-- \/ Yoast SEO plugin. -->","yoast_head_json":{"title":"Falda Larga para Mujer-Secret Cove - Surfertarifa","robots":{"index":"index","follow":"follow","max-snippet":"max-snippet:-1","max-image-preview":"max-image-preview:large","max-video-preview":"max-video-preview:-1"},"canonical":"https:\/\/surfertarifa.com\/en\/product\/falda-larga-para-mujer-secret-cove\/","og_locale":"en_GB","og_type":"article","og_title":"Falda Larga para Mujer-Secret Cove - Surfertarifa","og_description":"Detalles &amp; caracter\u00edsticas Secret Cove &#8211; Falda Larga para Mujer Style\u00a024B142502\u00a0C\u00f3digo de color\u00a0scs Caracter\u00edsticas Tipo:Falda midi Tejido:\u00a050% algod\u00f3n, 60% viscosa, hilo irregular de algod\u00f3n y viscosa Corte:\u00a0Corte ajustado al cuerpo Longitud: 90 cm Detalles:Cintura el\u00e1stica, detalle bordado en las costuras laterales y cortes en las costuras laterales Marca:Placa met\u00e1lica Composici\u00f3n\u00a060% Algod\u00f3n, 40% Viscosa","og_url":"https:\/\/surfertarifa.com\/en\/product\/falda-larga-para-mujer-secret-cove\/","og_site_name":"Surfertarifa","article_publisher":"https:\/\/es-es.facebook.com\/SurferTarifa\/","article_modified_time":"2025-10-12T10:54:27+00:00","og_image":[{"width":1117,"height":1396,"url":"https:\/\/surfertarifa.com\/wp-content\/uploads\/2025\/08\/2-3.jpg","path":"\/home\/surferta\/public_html\/wp-content\/uploads\/2025\/08\/2-3.jpg","size":"full","id":10132,"alt":"Falda Larga para Mujer-Secret Cove -","pixels":1559332,"type":"image\/jpeg"}],"twitter_card":"summary_large_image","schema":{"@context":"https:\/\/schema.org","@graph":[{"@type":"Organization","@id":"https:\/\/surfertarifa.com\/#organization","name":"Surfertarifa","url":"https:\/\/surfertarifa.com\/","sameAs":["https:\/\/es-es.facebook.com\/SurferTarifa\/","https:\/\/www.instagram.com\/surfertarifa\/"],"logo":{"@type":"ImageObject","@id":"https:\/\/surfertarifa.com\/#logo","inLanguage":"en-GB","url":"https:\/\/surfertarifa.com\/wp-content\/uploads\/2021\/04\/logo-surfer-1.png","contentUrl":"https:\/\/surfertarifa.com\/wp-content\/uploads\/2021\/04\/logo-surfer-1.png","width":90,"height":90,"caption":"Surfertarifa"},"image":{"@id":"https:\/\/surfertarifa.com\/#logo"}},{"@type":"WebSite","@id":"https:\/\/surfertarifa.com\/#website","url":"https:\/\/surfertarifa.com\/","name":"Surfertarifa","description":"Tienda de surf online","publisher":{"@id":"https:\/\/surfertarifa.com\/#organization"},"potentialAction":[{"@type":"SearchAction","target":{"@type":"EntryPoint","urlTemplate":"https:\/\/surfertarifa.com\/?s={search_term_string}"},"query-input":"required name=search_term_string"}],"inLanguage":"en-GB"},{"@type":"ImageObject","@id":"https:\/\/surfertarifa.com\/product\/falda-larga-para-mujer-secret-cove\/#primaryimage","inLanguage":"en-GB","url":"https:\/\/surfertarifa.com\/wp-content\/uploads\/2025\/08\/2-3.jpg","contentUrl":"https:\/\/surfertarifa.com\/wp-content\/uploads\/2025\/08\/2-3.jpg","width":1117,"height":1396,"caption":"Falda Larga para Mujer-Secret Cove -"},{"@type":"WebPage","@id":"https:\/\/surfertarifa.com\/product\/falda-larga-para-mujer-secret-cove\/#webpage","url":"https:\/\/surfertarifa.com\/product\/falda-larga-para-mujer-secret-cove\/","name":"Falda Larga para Mujer-Secret Cove - Surfertarifa","isPartOf":{"@id":"https:\/\/surfertarifa.com\/#website"},"primaryImageOfPage":{"@id":"https:\/\/surfertarifa.com\/product\/falda-larga-para-mujer-secret-cove\/#primaryimage"},"datePublished":"2025-08-22T11:08:49+00:00","dateModified":"2025-10-12T10:54:27+00:00","breadcrumb":{"@id":"https:\/\/surfertarifa.com\/product\/falda-larga-para-mujer-secret-cove\/#breadcrumb"},"inLanguage":"en-GB","potentialAction":[{"@type":"ReadAction","target":["https:\/\/surfertarifa.com\/product\/falda-larga-para-mujer-secret-cove\/"]}]},{"@type":"BreadcrumbList","@id":"https:\/\/surfertarifa.com\/product\/falda-larga-para-mujer-secret-cove\/#breadcrumb","itemListElement":[{"@type":"ListItem","position":1,"name":"Portada","item":"https:\/\/surfertarifa.com\/"},{"@type":"ListItem","position":2,"name":"Shop","item":"https:\/\/surfertarifa.com\/shop\/"},{"@type":"ListItem","position":3,"name":"Falda Larga para Mujer-Secret Cove &#8211;"}]}]}},"_links":{"self":[{"href":"https:\/\/surfertarifa.com\/en\/wp-json\/wp\/v2\/product\/10131"}],"collection":[{"href":"https:\/\/surfertarifa.com\/en\/wp-json\/wp\/v2\/product"}],"about":[{"href":"https:\/\/surfertarifa.com\/en\/wp-json\/wp\/v2\/types\/product"}],"replies":[{"embeddable":true,"href":"https:\/\/surfertarifa.com\/en\/wp-json\/wp\/v2\/comments?post=10131"}],"wp:featuredmedia":[{"embeddable":true,"href":"https:\/\/surfertarifa.com\/en\/wp-json\/wp\/v2\/media\/10132"}],"wp:attachment":[{"href":"https:\/\/surfertarifa.com\/en\/wp-json\/wp\/v2\/media?parent=10131"}],"wp:term":[{"taxonomy":"product_cat","embeddable":true,"href":"https:\/\/surfertarifa.com\/en\/wp-json\/wp\/v2\/product_cat?post=10131"},{"taxonomy":"product_tag","embeddable":true,"href":"https:\/\/surfertarifa.com\/en\/wp-json\/wp\/v2\/product_tag?post=10131"}],"curies":[{"name":"wp","href":"https:\/\/api.w.org\/{rel}","templated":true}]}}