{"id":10212,"date":"2025-09-19T10:15:03","date_gmt":"2025-09-19T10:15:03","guid":{"rendered":"https:\/\/surfertarifa.com\/?post_type=product&#038;p=10212"},"modified":"2025-11-22T17:02:54","modified_gmt":"2025-11-22T17:02:54","slug":"sudadera-polar-hula-hands-crew-oxn","status":"publish","type":"product","link":"https:\/\/surfertarifa.com\/en\/product\/sudadera-polar-hula-hands-crew-oxn\/","title":{"rendered":"Sudadera VISSLA polar Hula Hands Crew OXN"},"content":{"rendered":"<pre id=\"tw-target-text\" class=\"tw-data-text tw-text-large tw-ta\" dir=\"ltr\" tabindex=\"-1\" role=\"text\" data-placeholder=\"Traducci\u00f3n\" data-ved=\"2ahUKEwjqxNvny-SPAxVbU6QEHQ3UEK4Q3ewLegQIChAV\" aria-label=\"Texto traducido: Polar de cuello redondo de 380 g\/m\u00b2, te\u00f1ido en prenda y lavado \u00e1cido. Interior cepillado. Dise\u00f1o serigrafiado. 50 % poli\u00e9ster reciclado, 50 % algod\u00f3n\"><span class=\"Y2IQFc\" lang=\"es\" style=\"color: #000000;\">sudadera cuello redondo vissla Polar de cuello redondo de 380 g\/m\u00b2, te\u00f1ido en prenda y lavado \u00e1cido. Interior cepillado. Dise\u00f1o serigrafiado.\r\n\r\n50 % poli\u00e9ster reciclado, 50 % algod\u00f3n<\/span><\/pre>","protected":false},"excerpt":{"rendered":"<p>sudadera cuello redondo vissla Polar de cuello redondo de 380 g\/m\u00b2, te\u00f1ido en prenda y lavado \u00e1cido. Interior cepillado. Dise\u00f1o serigrafiado. 50 % poli\u00e9ster reciclado, 50 % algod\u00f3n<\/p>","protected":false},"featured_media":10213,"comment_status":"open","ping_status":"closed","template":"","meta":{"spay_email":""},"product_cat":[110,134],"product_tag":[],"brands":[{"id":120,"name":"Vissla","slug":"vissla"}],"yoast_head":"<!-- This site is optimized with the Yoast SEO plugin v17.0 - https:\/\/yoast.com\/wordpress\/plugins\/seo\/ -->\n<title>Sudadera VISSLA polar Hula Hands Crew OXN - Surfertarifa<\/title>\n<meta name=\"robots\" content=\"index, follow, max-snippet:-1, max-image-preview:large, max-video-preview:-1\" \/>\n<link rel=\"canonical\" href=\"https:\/\/surfertarifa.com\/en\/product\/sudadera-polar-hula-hands-crew-oxn\/\" \/>\n<meta property=\"og:locale\" content=\"en_GB\" \/>\n<meta property=\"og:type\" content=\"article\" \/>\n<meta property=\"og:title\" content=\"Sudadera VISSLA polar Hula Hands Crew OXN - Surfertarifa\" \/>\n<meta property=\"og:description\" content=\"sudadera cuello redondo vissla Polar de cuello redondo de 380 g\/m\u00b2, te\u00f1ido en prenda y lavado \u00e1cido. Interior cepillado. Dise\u00f1o serigrafiado. 50 % poli\u00e9ster reciclado, 50 % algod\u00f3n\" \/>\n<meta property=\"og:url\" content=\"https:\/\/surfertarifa.com\/en\/product\/sudadera-polar-hula-hands-crew-oxn\/\" \/>\n<meta property=\"og:site_name\" content=\"Surfertarifa\" \/>\n<meta property=\"article:publisher\" content=\"https:\/\/es-es.facebook.com\/SurferTarifa\/\" \/>\n<meta property=\"article:modified_time\" content=\"2025-11-22T17:02:54+00:00\" \/>\n<meta name=\"twitter:card\" content=\"summary_large_image\" \/>\n<meta name=\"twitter:image\" content=\"https:\/\/surfertarifa.com\/wp-content\/uploads\/2025\/09\/2-5.webp\" \/>\n<script type=\"application\/ld+json\" class=\"yoast-schema-graph\">{\"@context\":\"https:\/\/schema.org\",\"@graph\":[{\"@type\":\"Organization\",\"@id\":\"https:\/\/surfertarifa.com\/#organization\",\"name\":\"Surfertarifa\",\"url\":\"https:\/\/surfertarifa.com\/\",\"sameAs\":[\"https:\/\/es-es.facebook.com\/SurferTarifa\/\",\"https:\/\/www.instagram.com\/surfertarifa\/\"],\"logo\":{\"@type\":\"ImageObject\",\"@id\":\"https:\/\/surfertarifa.com\/#logo\",\"inLanguage\":\"en-GB\",\"url\":\"https:\/\/surfertarifa.com\/wp-content\/uploads\/2021\/04\/logo-surfer-1.png\",\"contentUrl\":\"https:\/\/surfertarifa.com\/wp-content\/uploads\/2021\/04\/logo-surfer-1.png\",\"width\":90,\"height\":90,\"caption\":\"Surfertarifa\"},\"image\":{\"@id\":\"https:\/\/surfertarifa.com\/#logo\"}},{\"@type\":\"WebSite\",\"@id\":\"https:\/\/surfertarifa.com\/#website\",\"url\":\"https:\/\/surfertarifa.com\/\",\"name\":\"Surfertarifa\",\"description\":\"Tienda de surf online\",\"publisher\":{\"@id\":\"https:\/\/surfertarifa.com\/#organization\"},\"potentialAction\":[{\"@type\":\"SearchAction\",\"target\":{\"@type\":\"EntryPoint\",\"urlTemplate\":\"https:\/\/surfertarifa.com\/?s={search_term_string}\"},\"query-input\":\"required name=search_term_string\"}],\"inLanguage\":\"en-GB\"},{\"@type\":\"ImageObject\",\"@id\":\"https:\/\/surfertarifa.com\/product\/sudadera-polar-hula-hands-crew-oxn\/#primaryimage\",\"inLanguage\":\"en-GB\",\"url\":\"https:\/\/surfertarifa.com\/wp-content\/uploads\/2025\/09\/2-5.webp\",\"contentUrl\":\"https:\/\/surfertarifa.com\/wp-content\/uploads\/2025\/09\/2-5.webp\",\"width\":720,\"height\":1008,\"caption\":\"Sudadera polar Hula Hands Crew OXN\"},{\"@type\":\"WebPage\",\"@id\":\"https:\/\/surfertarifa.com\/product\/sudadera-polar-hula-hands-crew-oxn\/#webpage\",\"url\":\"https:\/\/surfertarifa.com\/product\/sudadera-polar-hula-hands-crew-oxn\/\",\"name\":\"Sudadera VISSLA polar Hula Hands Crew OXN - Surfertarifa\",\"isPartOf\":{\"@id\":\"https:\/\/surfertarifa.com\/#website\"},\"primaryImageOfPage\":{\"@id\":\"https:\/\/surfertarifa.com\/product\/sudadera-polar-hula-hands-crew-oxn\/#primaryimage\"},\"datePublished\":\"2025-09-19T10:15:03+00:00\",\"dateModified\":\"2025-11-22T17:02:54+00:00\",\"breadcrumb\":{\"@id\":\"https:\/\/surfertarifa.com\/product\/sudadera-polar-hula-hands-crew-oxn\/#breadcrumb\"},\"inLanguage\":\"en-GB\",\"potentialAction\":[{\"@type\":\"ReadAction\",\"target\":[\"https:\/\/surfertarifa.com\/product\/sudadera-polar-hula-hands-crew-oxn\/\"]}]},{\"@type\":\"BreadcrumbList\",\"@id\":\"https:\/\/surfertarifa.com\/product\/sudadera-polar-hula-hands-crew-oxn\/#breadcrumb\",\"itemListElement\":[{\"@type\":\"ListItem\",\"position\":1,\"name\":\"Portada\",\"item\":\"https:\/\/surfertarifa.com\/\"},{\"@type\":\"ListItem\",\"position\":2,\"name\":\"Shop\",\"item\":\"https:\/\/surfertarifa.com\/shop\/\"},{\"@type\":\"ListItem\",\"position\":3,\"name\":\"Sudadera VISSLA polar Hula Hands Crew OXN\"}]}]}<\/script>\n<!-- \/ Yoast SEO plugin. -->","yoast_head_json":{"title":"Sudadera VISSLA polar Hula Hands Crew OXN - Surfertarifa","robots":{"index":"index","follow":"follow","max-snippet":"max-snippet:-1","max-image-preview":"max-image-preview:large","max-video-preview":"max-video-preview:-1"},"canonical":"https:\/\/surfertarifa.com\/en\/product\/sudadera-polar-hula-hands-crew-oxn\/","og_locale":"en_GB","og_type":"article","og_title":"Sudadera VISSLA polar Hula Hands Crew OXN - Surfertarifa","og_description":"sudadera cuello redondo vissla Polar de cuello redondo de 380 g\/m\u00b2, te\u00f1ido en prenda y lavado \u00e1cido. Interior cepillado. Dise\u00f1o serigrafiado. 50 % poli\u00e9ster reciclado, 50 % algod\u00f3n","og_url":"https:\/\/surfertarifa.com\/en\/product\/sudadera-polar-hula-hands-crew-oxn\/","og_site_name":"Surfertarifa","article_publisher":"https:\/\/es-es.facebook.com\/SurferTarifa\/","article_modified_time":"2025-11-22T17:02:54+00:00","twitter_card":"summary_large_image","twitter_image":"https:\/\/surfertarifa.com\/wp-content\/uploads\/2025\/09\/2-5.webp","schema":{"@context":"https:\/\/schema.org","@graph":[{"@type":"Organization","@id":"https:\/\/surfertarifa.com\/#organization","name":"Surfertarifa","url":"https:\/\/surfertarifa.com\/","sameAs":["https:\/\/es-es.facebook.com\/SurferTarifa\/","https:\/\/www.instagram.com\/surfertarifa\/"],"logo":{"@type":"ImageObject","@id":"https:\/\/surfertarifa.com\/#logo","inLanguage":"en-GB","url":"https:\/\/surfertarifa.com\/wp-content\/uploads\/2021\/04\/logo-surfer-1.png","contentUrl":"https:\/\/surfertarifa.com\/wp-content\/uploads\/2021\/04\/logo-surfer-1.png","width":90,"height":90,"caption":"Surfertarifa"},"image":{"@id":"https:\/\/surfertarifa.com\/#logo"}},{"@type":"WebSite","@id":"https:\/\/surfertarifa.com\/#website","url":"https:\/\/surfertarifa.com\/","name":"Surfertarifa","description":"Tienda de surf online","publisher":{"@id":"https:\/\/surfertarifa.com\/#organization"},"potentialAction":[{"@type":"SearchAction","target":{"@type":"EntryPoint","urlTemplate":"https:\/\/surfertarifa.com\/?s={search_term_string}"},"query-input":"required name=search_term_string"}],"inLanguage":"en-GB"},{"@type":"ImageObject","@id":"https:\/\/surfertarifa.com\/product\/sudadera-polar-hula-hands-crew-oxn\/#primaryimage","inLanguage":"en-GB","url":"https:\/\/surfertarifa.com\/wp-content\/uploads\/2025\/09\/2-5.webp","contentUrl":"https:\/\/surfertarifa.com\/wp-content\/uploads\/2025\/09\/2-5.webp","width":720,"height":1008,"caption":"Sudadera polar Hula Hands Crew OXN"},{"@type":"WebPage","@id":"https:\/\/surfertarifa.com\/product\/sudadera-polar-hula-hands-crew-oxn\/#webpage","url":"https:\/\/surfertarifa.com\/product\/sudadera-polar-hula-hands-crew-oxn\/","name":"Sudadera VISSLA polar Hula Hands Crew OXN - Surfertarifa","isPartOf":{"@id":"https:\/\/surfertarifa.com\/#website"},"primaryImageOfPage":{"@id":"https:\/\/surfertarifa.com\/product\/sudadera-polar-hula-hands-crew-oxn\/#primaryimage"},"datePublished":"2025-09-19T10:15:03+00:00","dateModified":"2025-11-22T17:02:54+00:00","breadcrumb":{"@id":"https:\/\/surfertarifa.com\/product\/sudadera-polar-hula-hands-crew-oxn\/#breadcrumb"},"inLanguage":"en-GB","potentialAction":[{"@type":"ReadAction","target":["https:\/\/surfertarifa.com\/product\/sudadera-polar-hula-hands-crew-oxn\/"]}]},{"@type":"BreadcrumbList","@id":"https:\/\/surfertarifa.com\/product\/sudadera-polar-hula-hands-crew-oxn\/#breadcrumb","itemListElement":[{"@type":"ListItem","position":1,"name":"Portada","item":"https:\/\/surfertarifa.com\/"},{"@type":"ListItem","position":2,"name":"Shop","item":"https:\/\/surfertarifa.com\/shop\/"},{"@type":"ListItem","position":3,"name":"Sudadera VISSLA polar Hula Hands Crew OXN"}]}]}},"_links":{"self":[{"href":"https:\/\/surfertarifa.com\/en\/wp-json\/wp\/v2\/product\/10212"}],"collection":[{"href":"https:\/\/surfertarifa.com\/en\/wp-json\/wp\/v2\/product"}],"about":[{"href":"https:\/\/surfertarifa.com\/en\/wp-json\/wp\/v2\/types\/product"}],"replies":[{"embeddable":true,"href":"https:\/\/surfertarifa.com\/en\/wp-json\/wp\/v2\/comments?post=10212"}],"wp:featuredmedia":[{"embeddable":true,"href":"https:\/\/surfertarifa.com\/en\/wp-json\/wp\/v2\/media\/10213"}],"wp:attachment":[{"href":"https:\/\/surfertarifa.com\/en\/wp-json\/wp\/v2\/media?parent=10212"}],"wp:term":[{"taxonomy":"product_cat","embeddable":true,"href":"https:\/\/surfertarifa.com\/en\/wp-json\/wp\/v2\/product_cat?post=10212"},{"taxonomy":"product_tag","embeddable":true,"href":"https:\/\/surfertarifa.com\/en\/wp-json\/wp\/v2\/product_tag?post=10212"}],"curies":[{"name":"wp","href":"https:\/\/api.w.org\/{rel}","templated":true}]}}