{"id":10324,"date":"2025-12-19T16:48:32","date_gmt":"2025-12-19T16:48:32","guid":{"rendered":"https:\/\/surfertarifa.com\/?post_type=product&#038;p=10324"},"modified":"2025-12-20T16:26:39","modified_gmt":"2025-12-20T16:26:39","slug":"chaqueta-vaquera-negra-forrada-de-algodon","status":"publish","type":"product","link":"https:\/\/surfertarifa.com\/en\/product\/chaqueta-vaquera-negra-forrada-de-algodon\/","title":{"rendered":"chaqueta vaquera negra forrada de algodon"},"content":{"rendered":"<pre id=\"tw-target-text\" class=\"tw-data-text tw-text-large tw-ta\" dir=\"ltr\" tabindex=\"-1\" role=\"text\" data-placeholder=\"Traducci\u00f3n\" data-ved=\"2ahUKEwiam5a9jcqRAxVTK_sDHUF3EakQ3ewLegQIDBAW\" aria-label=\"Texto traducido: Explora la nueva herencia del denim con nuestra chaqueta Wasson, que combina un exterior denim de algod\u00f3n grueso con forro de sherpa para m\u00e1xima calidez y comodidad. El lavado \u00e1cido le da un toque vintage, mientras que el bordado en el pecho y la espalda a\u00f1ade detalles art\u00edsticos. Los ribetes en pu\u00f1os y cintura garantizan un ajuste seguro en esta prenda esencial para exteriores. Chaqueta gruesa con exterior denim de algod\u00f3n y forro de sherpa para m\u00e1xima calidez. Lavado \u00e1cido en el exterior. Bordado en el pecho y la espalda. Ribetes en pu\u00f1os y cintura. 100 % algod\u00f3n\"><span class=\"Y2IQFc\" lang=\"es\" style=\"color: #000000;\">chaqueta vaquera forrada denim 100% BORREGO NEGRO LAVADO  Wasson, que combina un exterior denim de algod\u00f3n grueso con forro de sherpa para m\u00e1xima calidez y comodidad. \r\nEl lavado \u00e1cido le da un toque vintage, mientras que el bordado en el pecho y la espalda a\u00f1ade detalles art\u00edsticos. Los ribetes en pu\u00f1os y cintura garantizan un ajuste \r\nseguro en esta prenda esencial para exteriores\r\n\r\n\r\n<\/span><\/pre>","protected":false},"excerpt":{"rendered":"<p>chaqueta vaquera forrada denim 100% BORREGO NEGRO LAVADO Wasson, que combina un exterior denim de algod\u00f3n grueso con forro de sherpa para m\u00e1xima calidez y comodidad. El lavado \u00e1cido le da un toque vintage, mientras que el bordado en el pecho y la espalda a\u00f1ade detalles art\u00edsticos. Los ribetes en pu\u00f1os y cintura garantizan un [&#8230;]","protected":false},"featured_media":10326,"comment_status":"open","ping_status":"closed","template":"","meta":{"spay_email":""},"product_cat":[369,110,367],"product_tag":[],"brands":[{"id":120,"name":"Vissla","slug":"vissla"}],"yoast_head":"<!-- This site is optimized with the Yoast SEO plugin v17.0 - https:\/\/yoast.com\/wordpress\/plugins\/seo\/ -->\n<title>chaqueta vaquera negra forrada de algodon - Surfertarifa<\/title>\n<meta name=\"robots\" content=\"index, follow, max-snippet:-1, max-image-preview:large, max-video-preview:-1\" \/>\n<link rel=\"canonical\" href=\"https:\/\/surfertarifa.com\/en\/product\/chaqueta-vaquera-negra-forrada-de-algodon\/\" \/>\n<meta property=\"og:locale\" content=\"en_GB\" \/>\n<meta property=\"og:type\" content=\"article\" \/>\n<meta property=\"og:title\" content=\"chaqueta vaquera negra forrada de algodon - Surfertarifa\" \/>\n<meta property=\"og:description\" content=\"chaqueta vaquera forrada denim 100% BORREGO NEGRO LAVADO Wasson, que combina un exterior denim de algod\u00f3n grueso con forro de sherpa para m\u00e1xima calidez y comodidad. El lavado \u00e1cido le da un toque vintage, mientras que el bordado en el pecho y la espalda a\u00f1ade detalles art\u00edsticos. Los ribetes en pu\u00f1os y cintura garantizan un [...]\" \/>\n<meta property=\"og:url\" content=\"https:\/\/surfertarifa.com\/en\/product\/chaqueta-vaquera-negra-forrada-de-algodon\/\" \/>\n<meta property=\"og:site_name\" content=\"Surfertarifa\" \/>\n<meta property=\"article:publisher\" content=\"https:\/\/es-es.facebook.com\/SurferTarifa\/\" \/>\n<meta property=\"article:modified_time\" content=\"2025-12-20T16:26:39+00:00\" \/>\n<meta property=\"og:image\" content=\"https:\/\/surfertarifa.com\/wp-content\/uploads\/2025\/12\/3-1.jpg\" \/>\n\t<meta property=\"og:image:width\" content=\"720\" \/>\n\t<meta property=\"og:image:height\" content=\"1008\" \/>\n<meta name=\"twitter:card\" content=\"summary_large_image\" \/>\n<script type=\"application\/ld+json\" class=\"yoast-schema-graph\">{\"@context\":\"https:\/\/schema.org\",\"@graph\":[{\"@type\":\"Organization\",\"@id\":\"https:\/\/surfertarifa.com\/#organization\",\"name\":\"Surfertarifa\",\"url\":\"https:\/\/surfertarifa.com\/\",\"sameAs\":[\"https:\/\/es-es.facebook.com\/SurferTarifa\/\",\"https:\/\/www.instagram.com\/surfertarifa\/\"],\"logo\":{\"@type\":\"ImageObject\",\"@id\":\"https:\/\/surfertarifa.com\/#logo\",\"inLanguage\":\"en-GB\",\"url\":\"https:\/\/surfertarifa.com\/wp-content\/uploads\/2021\/04\/logo-surfer-1.png\",\"contentUrl\":\"https:\/\/surfertarifa.com\/wp-content\/uploads\/2021\/04\/logo-surfer-1.png\",\"width\":90,\"height\":90,\"caption\":\"Surfertarifa\"},\"image\":{\"@id\":\"https:\/\/surfertarifa.com\/#logo\"}},{\"@type\":\"WebSite\",\"@id\":\"https:\/\/surfertarifa.com\/#website\",\"url\":\"https:\/\/surfertarifa.com\/\",\"name\":\"Surfertarifa\",\"description\":\"Tienda de surf online\",\"publisher\":{\"@id\":\"https:\/\/surfertarifa.com\/#organization\"},\"potentialAction\":[{\"@type\":\"SearchAction\",\"target\":{\"@type\":\"EntryPoint\",\"urlTemplate\":\"https:\/\/surfertarifa.com\/?s={search_term_string}\"},\"query-input\":\"required name=search_term_string\"}],\"inLanguage\":\"en-GB\"},{\"@type\":\"ImageObject\",\"@id\":\"https:\/\/surfertarifa.com\/product\/chaqueta-vaquera-negra-forrada-de-algodon\/#primaryimage\",\"inLanguage\":\"en-GB\",\"url\":\"https:\/\/surfertarifa.com\/wp-content\/uploads\/2025\/12\/3-1.jpg\",\"contentUrl\":\"https:\/\/surfertarifa.com\/wp-content\/uploads\/2025\/12\/3-1.jpg\",\"width\":720,\"height\":1008,\"caption\":\"chaqueta vaquera negra forrada de algodon\"},{\"@type\":\"WebPage\",\"@id\":\"https:\/\/surfertarifa.com\/product\/chaqueta-vaquera-negra-forrada-de-algodon\/#webpage\",\"url\":\"https:\/\/surfertarifa.com\/product\/chaqueta-vaquera-negra-forrada-de-algodon\/\",\"name\":\"chaqueta vaquera negra forrada de algodon - Surfertarifa\",\"isPartOf\":{\"@id\":\"https:\/\/surfertarifa.com\/#website\"},\"primaryImageOfPage\":{\"@id\":\"https:\/\/surfertarifa.com\/product\/chaqueta-vaquera-negra-forrada-de-algodon\/#primaryimage\"},\"datePublished\":\"2025-12-19T16:48:32+00:00\",\"dateModified\":\"2025-12-20T16:26:39+00:00\",\"breadcrumb\":{\"@id\":\"https:\/\/surfertarifa.com\/product\/chaqueta-vaquera-negra-forrada-de-algodon\/#breadcrumb\"},\"inLanguage\":\"en-GB\",\"potentialAction\":[{\"@type\":\"ReadAction\",\"target\":[\"https:\/\/surfertarifa.com\/product\/chaqueta-vaquera-negra-forrada-de-algodon\/\"]}]},{\"@type\":\"BreadcrumbList\",\"@id\":\"https:\/\/surfertarifa.com\/product\/chaqueta-vaquera-negra-forrada-de-algodon\/#breadcrumb\",\"itemListElement\":[{\"@type\":\"ListItem\",\"position\":1,\"name\":\"Portada\",\"item\":\"https:\/\/surfertarifa.com\/\"},{\"@type\":\"ListItem\",\"position\":2,\"name\":\"Shop\",\"item\":\"https:\/\/surfertarifa.com\/shop\/\"},{\"@type\":\"ListItem\",\"position\":3,\"name\":\"chaqueta vaquera negra forrada de algodon\"}]}]}<\/script>\n<!-- \/ Yoast SEO plugin. -->","yoast_head_json":{"title":"chaqueta vaquera negra forrada de algodon - Surfertarifa","robots":{"index":"index","follow":"follow","max-snippet":"max-snippet:-1","max-image-preview":"max-image-preview:large","max-video-preview":"max-video-preview:-1"},"canonical":"https:\/\/surfertarifa.com\/en\/product\/chaqueta-vaquera-negra-forrada-de-algodon\/","og_locale":"en_GB","og_type":"article","og_title":"chaqueta vaquera negra forrada de algodon - Surfertarifa","og_description":"chaqueta vaquera forrada denim 100% BORREGO NEGRO LAVADO Wasson, que combina un exterior denim de algod\u00f3n grueso con forro de sherpa para m\u00e1xima calidez y comodidad. El lavado \u00e1cido le da un toque vintage, mientras que el bordado en el pecho y la espalda a\u00f1ade detalles art\u00edsticos. Los ribetes en pu\u00f1os y cintura garantizan un [...]","og_url":"https:\/\/surfertarifa.com\/en\/product\/chaqueta-vaquera-negra-forrada-de-algodon\/","og_site_name":"Surfertarifa","article_publisher":"https:\/\/es-es.facebook.com\/SurferTarifa\/","article_modified_time":"2025-12-20T16:26:39+00:00","og_image":[{"width":720,"height":1008,"url":"https:\/\/surfertarifa.com\/wp-content\/uploads\/2025\/12\/3-1.jpg","path":"\/home\/surferta\/public_html\/wp-content\/uploads\/2025\/12\/3-1.jpg","size":"full","id":10326,"alt":"chaqueta vaquera negra forrada de algodon","pixels":725760,"type":"image\/jpeg"}],"twitter_card":"summary_large_image","schema":{"@context":"https:\/\/schema.org","@graph":[{"@type":"Organization","@id":"https:\/\/surfertarifa.com\/#organization","name":"Surfertarifa","url":"https:\/\/surfertarifa.com\/","sameAs":["https:\/\/es-es.facebook.com\/SurferTarifa\/","https:\/\/www.instagram.com\/surfertarifa\/"],"logo":{"@type":"ImageObject","@id":"https:\/\/surfertarifa.com\/#logo","inLanguage":"en-GB","url":"https:\/\/surfertarifa.com\/wp-content\/uploads\/2021\/04\/logo-surfer-1.png","contentUrl":"https:\/\/surfertarifa.com\/wp-content\/uploads\/2021\/04\/logo-surfer-1.png","width":90,"height":90,"caption":"Surfertarifa"},"image":{"@id":"https:\/\/surfertarifa.com\/#logo"}},{"@type":"WebSite","@id":"https:\/\/surfertarifa.com\/#website","url":"https:\/\/surfertarifa.com\/","name":"Surfertarifa","description":"Tienda de surf online","publisher":{"@id":"https:\/\/surfertarifa.com\/#organization"},"potentialAction":[{"@type":"SearchAction","target":{"@type":"EntryPoint","urlTemplate":"https:\/\/surfertarifa.com\/?s={search_term_string}"},"query-input":"required name=search_term_string"}],"inLanguage":"en-GB"},{"@type":"ImageObject","@id":"https:\/\/surfertarifa.com\/product\/chaqueta-vaquera-negra-forrada-de-algodon\/#primaryimage","inLanguage":"en-GB","url":"https:\/\/surfertarifa.com\/wp-content\/uploads\/2025\/12\/3-1.jpg","contentUrl":"https:\/\/surfertarifa.com\/wp-content\/uploads\/2025\/12\/3-1.jpg","width":720,"height":1008,"caption":"chaqueta vaquera negra forrada de algodon"},{"@type":"WebPage","@id":"https:\/\/surfertarifa.com\/product\/chaqueta-vaquera-negra-forrada-de-algodon\/#webpage","url":"https:\/\/surfertarifa.com\/product\/chaqueta-vaquera-negra-forrada-de-algodon\/","name":"chaqueta vaquera negra forrada de algodon - Surfertarifa","isPartOf":{"@id":"https:\/\/surfertarifa.com\/#website"},"primaryImageOfPage":{"@id":"https:\/\/surfertarifa.com\/product\/chaqueta-vaquera-negra-forrada-de-algodon\/#primaryimage"},"datePublished":"2025-12-19T16:48:32+00:00","dateModified":"2025-12-20T16:26:39+00:00","breadcrumb":{"@id":"https:\/\/surfertarifa.com\/product\/chaqueta-vaquera-negra-forrada-de-algodon\/#breadcrumb"},"inLanguage":"en-GB","potentialAction":[{"@type":"ReadAction","target":["https:\/\/surfertarifa.com\/product\/chaqueta-vaquera-negra-forrada-de-algodon\/"]}]},{"@type":"BreadcrumbList","@id":"https:\/\/surfertarifa.com\/product\/chaqueta-vaquera-negra-forrada-de-algodon\/#breadcrumb","itemListElement":[{"@type":"ListItem","position":1,"name":"Portada","item":"https:\/\/surfertarifa.com\/"},{"@type":"ListItem","position":2,"name":"Shop","item":"https:\/\/surfertarifa.com\/shop\/"},{"@type":"ListItem","position":3,"name":"chaqueta vaquera negra forrada de algodon"}]}]}},"_links":{"self":[{"href":"https:\/\/surfertarifa.com\/en\/wp-json\/wp\/v2\/product\/10324"}],"collection":[{"href":"https:\/\/surfertarifa.com\/en\/wp-json\/wp\/v2\/product"}],"about":[{"href":"https:\/\/surfertarifa.com\/en\/wp-json\/wp\/v2\/types\/product"}],"replies":[{"embeddable":true,"href":"https:\/\/surfertarifa.com\/en\/wp-json\/wp\/v2\/comments?post=10324"}],"wp:featuredmedia":[{"embeddable":true,"href":"https:\/\/surfertarifa.com\/en\/wp-json\/wp\/v2\/media\/10326"}],"wp:attachment":[{"href":"https:\/\/surfertarifa.com\/en\/wp-json\/wp\/v2\/media?parent=10324"}],"wp:term":[{"taxonomy":"product_cat","embeddable":true,"href":"https:\/\/surfertarifa.com\/en\/wp-json\/wp\/v2\/product_cat?post=10324"},{"taxonomy":"product_tag","embeddable":true,"href":"https:\/\/surfertarifa.com\/en\/wp-json\/wp\/v2\/product_tag?post=10324"}],"curies":[{"name":"wp","href":"https:\/\/api.w.org\/{rel}","templated":true}]}}