{"id":10381,"date":"2026-03-09T11:45:41","date_gmt":"2026-03-09T11:45:41","guid":{"rendered":"https:\/\/surfertarifa.com\/?post_type=product&#038;p=10381"},"modified":"2026-03-09T11:47:47","modified_gmt":"2026-03-09T11:47:47","slug":"guantes-de-vela-de-dedos-completos-dakine","status":"publish","type":"product","link":"https:\/\/surfertarifa.com\/en\/product\/guantes-de-vela-de-dedos-completos-dakine\/","title":{"rendered":"Guantes de vela de dedos completos DAKINE"},"content":{"rendered":"<h2 class=\"product-detail-description-title\"><span dir=\"auto\" style=\"color: #000000;\">Informaci\u00f3n del producto \u00abGuantes de vela DAKINE de dedos completos\u00bb<\/span><\/h2>\n<div class=\"product-detail-description-text\">\n<p><span style=\"color: #000000;\"><b><span dir=\"auto\">MATERIALES:<\/span><\/b><\/span><\/p>\n<p>&nbsp;<\/p>\n<ul>\n<li><span dir=\"auto\" style=\"color: #000000;\">Material de palma antideslizante<\/span><\/li>\n<li><span dir=\"auto\" style=\"color: #000000;\">Panel trasero de neopreno moldeado por compresi\u00f3n<\/span><\/li>\n<li><span dir=\"auto\" style=\"color: #000000;\">Malla transpirable para m\u00e1xima comodidad.<\/span><\/li>\n<\/ul>\n<p><span style=\"color: #000000;\"><b><span dir=\"auto\">CARACTER\u00cdSTICAS:<\/span><\/b><\/span><\/p>\n<p>&nbsp;<\/p>\n<ul>\n<li><span dir=\"auto\" style=\"color: #000000;\">Material de palma antideslizante<\/span><\/li>\n<li><span dir=\"auto\" style=\"color: #000000;\">Panel trasero de neopreno moldeado por compresi\u00f3n<\/span><\/li>\n<li><span dir=\"auto\" style=\"color: #000000;\">Malla transpirable para m\u00e1xima comodidad.<\/span><\/li>\n<\/ul>\n<\/div>","protected":false},"excerpt":{"rendered":"<p>Informaci\u00f3n del producto \u00abGuantes de vela DAKINE de dedos completos\u00bb MATERIALES: &nbsp; Material de palma antideslizante Panel trasero de neopreno moldeado por compresi\u00f3n Malla transpirable para m\u00e1xima comodidad. CARACTER\u00cdSTICAS: &nbsp; Material de palma antideslizante Panel trasero de neopreno moldeado por compresi\u00f3n Malla transpirable para m\u00e1xima comodidad.<\/p>","protected":false},"featured_media":10382,"comment_status":"open","ping_status":"closed","template":"","meta":{"spay_email":""},"product_cat":[157,198,197,199],"product_tag":[],"brands":[{"id":130,"name":"Dakine","slug":"dakine"}],"yoast_head":"<!-- This site is optimized with the Yoast SEO plugin v17.0 - https:\/\/yoast.com\/wordpress\/plugins\/seo\/ -->\n<title>Guantes de vela de dedos completos DAKINE - Surfertarifa<\/title>\n<meta name=\"robots\" content=\"index, follow, max-snippet:-1, max-image-preview:large, max-video-preview:-1\" \/>\n<link rel=\"canonical\" href=\"https:\/\/surfertarifa.com\/en\/product\/guantes-de-vela-de-dedos-completos-dakine\/\" \/>\n<meta property=\"og:locale\" content=\"en_GB\" \/>\n<meta property=\"og:type\" content=\"article\" \/>\n<meta property=\"og:title\" content=\"Guantes de vela de dedos completos DAKINE - Surfertarifa\" \/>\n<meta property=\"og:description\" content=\"Informaci\u00f3n del producto \u00abGuantes de vela DAKINE de dedos completos\u00bb MATERIALES: &nbsp; Material de palma antideslizante Panel trasero de neopreno moldeado por compresi\u00f3n Malla transpirable para m\u00e1xima comodidad. CARACTER\u00cdSTICAS: &nbsp; Material de palma antideslizante Panel trasero de neopreno moldeado por compresi\u00f3n Malla transpirable para m\u00e1xima comodidad.\" \/>\n<meta property=\"og:url\" content=\"https:\/\/surfertarifa.com\/en\/product\/guantes-de-vela-de-dedos-completos-dakine\/\" \/>\n<meta property=\"og:site_name\" content=\"Surfertarifa\" \/>\n<meta property=\"article:publisher\" content=\"https:\/\/es-es.facebook.com\/SurferTarifa\/\" \/>\n<meta property=\"article:modified_time\" content=\"2026-03-09T11:47:47+00:00\" \/>\n<meta property=\"og:image\" content=\"https:\/\/surfertarifa.com\/wp-content\/uploads\/2026\/03\/2.png\" \/>\n\t<meta property=\"og:image:width\" content=\"585\" \/>\n\t<meta property=\"og:image:height\" content=\"775\" \/>\n<meta name=\"twitter:card\" content=\"summary_large_image\" \/>\n<script type=\"application\/ld+json\" class=\"yoast-schema-graph\">{\"@context\":\"https:\/\/schema.org\",\"@graph\":[{\"@type\":\"Organization\",\"@id\":\"https:\/\/surfertarifa.com\/#organization\",\"name\":\"Surfertarifa\",\"url\":\"https:\/\/surfertarifa.com\/\",\"sameAs\":[\"https:\/\/es-es.facebook.com\/SurferTarifa\/\",\"https:\/\/www.instagram.com\/surfertarifa\/\"],\"logo\":{\"@type\":\"ImageObject\",\"@id\":\"https:\/\/surfertarifa.com\/#logo\",\"inLanguage\":\"en-GB\",\"url\":\"https:\/\/surfertarifa.com\/wp-content\/uploads\/2021\/04\/logo-surfer-1.png\",\"contentUrl\":\"https:\/\/surfertarifa.com\/wp-content\/uploads\/2021\/04\/logo-surfer-1.png\",\"width\":90,\"height\":90,\"caption\":\"Surfertarifa\"},\"image\":{\"@id\":\"https:\/\/surfertarifa.com\/#logo\"}},{\"@type\":\"WebSite\",\"@id\":\"https:\/\/surfertarifa.com\/#website\",\"url\":\"https:\/\/surfertarifa.com\/\",\"name\":\"Surfertarifa\",\"description\":\"Tienda de surf online\",\"publisher\":{\"@id\":\"https:\/\/surfertarifa.com\/#organization\"},\"potentialAction\":[{\"@type\":\"SearchAction\",\"target\":{\"@type\":\"EntryPoint\",\"urlTemplate\":\"https:\/\/surfertarifa.com\/?s={search_term_string}\"},\"query-input\":\"required name=search_term_string\"}],\"inLanguage\":\"en-GB\"},{\"@type\":\"ImageObject\",\"@id\":\"https:\/\/surfertarifa.com\/product\/guantes-de-vela-de-dedos-completos-dakine\/#primaryimage\",\"inLanguage\":\"en-GB\",\"url\":\"https:\/\/surfertarifa.com\/wp-content\/uploads\/2026\/03\/2.png\",\"contentUrl\":\"https:\/\/surfertarifa.com\/wp-content\/uploads\/2026\/03\/2.png\",\"width\":585,\"height\":775,\"caption\":\"Guantes de vela de dedos completos DAKINE\"},{\"@type\":\"WebPage\",\"@id\":\"https:\/\/surfertarifa.com\/product\/guantes-de-vela-de-dedos-completos-dakine\/#webpage\",\"url\":\"https:\/\/surfertarifa.com\/product\/guantes-de-vela-de-dedos-completos-dakine\/\",\"name\":\"Guantes de vela de dedos completos DAKINE - Surfertarifa\",\"isPartOf\":{\"@id\":\"https:\/\/surfertarifa.com\/#website\"},\"primaryImageOfPage\":{\"@id\":\"https:\/\/surfertarifa.com\/product\/guantes-de-vela-de-dedos-completos-dakine\/#primaryimage\"},\"datePublished\":\"2026-03-09T11:45:41+00:00\",\"dateModified\":\"2026-03-09T11:47:47+00:00\",\"breadcrumb\":{\"@id\":\"https:\/\/surfertarifa.com\/product\/guantes-de-vela-de-dedos-completos-dakine\/#breadcrumb\"},\"inLanguage\":\"en-GB\",\"potentialAction\":[{\"@type\":\"ReadAction\",\"target\":[\"https:\/\/surfertarifa.com\/product\/guantes-de-vela-de-dedos-completos-dakine\/\"]}]},{\"@type\":\"BreadcrumbList\",\"@id\":\"https:\/\/surfertarifa.com\/product\/guantes-de-vela-de-dedos-completos-dakine\/#breadcrumb\",\"itemListElement\":[{\"@type\":\"ListItem\",\"position\":1,\"name\":\"Portada\",\"item\":\"https:\/\/surfertarifa.com\/\"},{\"@type\":\"ListItem\",\"position\":2,\"name\":\"Shop\",\"item\":\"https:\/\/surfertarifa.com\/shop\/\"},{\"@type\":\"ListItem\",\"position\":3,\"name\":\"Guantes de vela de dedos completos DAKINE\"}]}]}<\/script>\n<!-- \/ Yoast SEO plugin. -->","yoast_head_json":{"title":"Guantes de vela de dedos completos DAKINE - Surfertarifa","robots":{"index":"index","follow":"follow","max-snippet":"max-snippet:-1","max-image-preview":"max-image-preview:large","max-video-preview":"max-video-preview:-1"},"canonical":"https:\/\/surfertarifa.com\/en\/product\/guantes-de-vela-de-dedos-completos-dakine\/","og_locale":"en_GB","og_type":"article","og_title":"Guantes de vela de dedos completos DAKINE - Surfertarifa","og_description":"Informaci\u00f3n del producto \u00abGuantes de vela DAKINE de dedos completos\u00bb MATERIALES: &nbsp; Material de palma antideslizante Panel trasero de neopreno moldeado por compresi\u00f3n Malla transpirable para m\u00e1xima comodidad. CARACTER\u00cdSTICAS: &nbsp; Material de palma antideslizante Panel trasero de neopreno moldeado por compresi\u00f3n Malla transpirable para m\u00e1xima comodidad.","og_url":"https:\/\/surfertarifa.com\/en\/product\/guantes-de-vela-de-dedos-completos-dakine\/","og_site_name":"Surfertarifa","article_publisher":"https:\/\/es-es.facebook.com\/SurferTarifa\/","article_modified_time":"2026-03-09T11:47:47+00:00","og_image":[{"width":585,"height":775,"url":"https:\/\/surfertarifa.com\/wp-content\/uploads\/2026\/03\/2.png","path":"\/home\/surferta\/public_html\/wp-content\/uploads\/2026\/03\/2.png","size":"full","id":10382,"alt":"Guantes de vela de dedos completos DAKINE","pixels":453375,"type":"image\/png"}],"twitter_card":"summary_large_image","schema":{"@context":"https:\/\/schema.org","@graph":[{"@type":"Organization","@id":"https:\/\/surfertarifa.com\/#organization","name":"Surfertarifa","url":"https:\/\/surfertarifa.com\/","sameAs":["https:\/\/es-es.facebook.com\/SurferTarifa\/","https:\/\/www.instagram.com\/surfertarifa\/"],"logo":{"@type":"ImageObject","@id":"https:\/\/surfertarifa.com\/#logo","inLanguage":"en-GB","url":"https:\/\/surfertarifa.com\/wp-content\/uploads\/2021\/04\/logo-surfer-1.png","contentUrl":"https:\/\/surfertarifa.com\/wp-content\/uploads\/2021\/04\/logo-surfer-1.png","width":90,"height":90,"caption":"Surfertarifa"},"image":{"@id":"https:\/\/surfertarifa.com\/#logo"}},{"@type":"WebSite","@id":"https:\/\/surfertarifa.com\/#website","url":"https:\/\/surfertarifa.com\/","name":"Surfertarifa","description":"Tienda de surf online","publisher":{"@id":"https:\/\/surfertarifa.com\/#organization"},"potentialAction":[{"@type":"SearchAction","target":{"@type":"EntryPoint","urlTemplate":"https:\/\/surfertarifa.com\/?s={search_term_string}"},"query-input":"required name=search_term_string"}],"inLanguage":"en-GB"},{"@type":"ImageObject","@id":"https:\/\/surfertarifa.com\/product\/guantes-de-vela-de-dedos-completos-dakine\/#primaryimage","inLanguage":"en-GB","url":"https:\/\/surfertarifa.com\/wp-content\/uploads\/2026\/03\/2.png","contentUrl":"https:\/\/surfertarifa.com\/wp-content\/uploads\/2026\/03\/2.png","width":585,"height":775,"caption":"Guantes de vela de dedos completos DAKINE"},{"@type":"WebPage","@id":"https:\/\/surfertarifa.com\/product\/guantes-de-vela-de-dedos-completos-dakine\/#webpage","url":"https:\/\/surfertarifa.com\/product\/guantes-de-vela-de-dedos-completos-dakine\/","name":"Guantes de vela de dedos completos DAKINE - Surfertarifa","isPartOf":{"@id":"https:\/\/surfertarifa.com\/#website"},"primaryImageOfPage":{"@id":"https:\/\/surfertarifa.com\/product\/guantes-de-vela-de-dedos-completos-dakine\/#primaryimage"},"datePublished":"2026-03-09T11:45:41+00:00","dateModified":"2026-03-09T11:47:47+00:00","breadcrumb":{"@id":"https:\/\/surfertarifa.com\/product\/guantes-de-vela-de-dedos-completos-dakine\/#breadcrumb"},"inLanguage":"en-GB","potentialAction":[{"@type":"ReadAction","target":["https:\/\/surfertarifa.com\/product\/guantes-de-vela-de-dedos-completos-dakine\/"]}]},{"@type":"BreadcrumbList","@id":"https:\/\/surfertarifa.com\/product\/guantes-de-vela-de-dedos-completos-dakine\/#breadcrumb","itemListElement":[{"@type":"ListItem","position":1,"name":"Portada","item":"https:\/\/surfertarifa.com\/"},{"@type":"ListItem","position":2,"name":"Shop","item":"https:\/\/surfertarifa.com\/shop\/"},{"@type":"ListItem","position":3,"name":"Guantes de vela de dedos completos DAKINE"}]}]}},"_links":{"self":[{"href":"https:\/\/surfertarifa.com\/en\/wp-json\/wp\/v2\/product\/10381"}],"collection":[{"href":"https:\/\/surfertarifa.com\/en\/wp-json\/wp\/v2\/product"}],"about":[{"href":"https:\/\/surfertarifa.com\/en\/wp-json\/wp\/v2\/types\/product"}],"replies":[{"embeddable":true,"href":"https:\/\/surfertarifa.com\/en\/wp-json\/wp\/v2\/comments?post=10381"}],"wp:featuredmedia":[{"embeddable":true,"href":"https:\/\/surfertarifa.com\/en\/wp-json\/wp\/v2\/media\/10382"}],"wp:attachment":[{"href":"https:\/\/surfertarifa.com\/en\/wp-json\/wp\/v2\/media?parent=10381"}],"wp:term":[{"taxonomy":"product_cat","embeddable":true,"href":"https:\/\/surfertarifa.com\/en\/wp-json\/wp\/v2\/product_cat?post=10381"},{"taxonomy":"product_tag","embeddable":true,"href":"https:\/\/surfertarifa.com\/en\/wp-json\/wp\/v2\/product_tag?post=10381"}],"curies":[{"name":"wp","href":"https:\/\/api.w.org\/{rel}","templated":true}]}}