{"id":10384,"date":"2026-03-13T10:16:31","date_gmt":"2026-03-13T10:16:31","guid":{"rendered":"https:\/\/surfertarifa.com\/?post_type=product&#038;p=10384"},"modified":"2026-03-13T12:36:25","modified_gmt":"2026-03-13T12:36:25","slug":"guantes-de-agua-iow-amara-de-dedos-completos-unisex","status":"publish","type":"product","link":"https:\/\/surfertarifa.com\/en\/product\/guantes-de-agua-iow-amara-de-dedos-completos-unisex\/","title":{"rendered":"Guantes de agua IOW Amara de dedos completos unisex"},"content":{"rendered":"<h2><span id=\"js-descripcion\" class=\"title-page\" style=\"color: #000000;\">Descripci\u00f3n ION Guantes Water Amara<\/span><\/h2>\n<div id=\"js-description_summary\" class=\"description_summary\">\n<p class=\"txt-subtitle\"><span style=\"color: #000000;\">Resumen de la descripci\u00f3n<\/span><\/p>\n<p id=\"resume_desc\" class=\"txt-base\"><span style=\"color: #000000;\">Mejora tu rendimiento con los guantes ION Amara, tu compa\u00f1ero esencial para surf, kitesurf y wing foiling. Dise\u00f1ados para un agarre y protecci\u00f3n superiores, la palma de piel sint\u00e9tica robusta asegura un control antideslizante sobre tu tabla, barra o botavara, incluso mojados. Estos guantes ligeros, como una segunda piel, previenen ampollas y reducen la fatiga de las manos con un dise\u00f1o ergon\u00f3mico y preformado, permitiendo sesiones m\u00e1s largas y potentes. Disfruta de mayor comodidad y una sensaci\u00f3n directa de tu equipo, asegurados por un cierre de Velcro ajustable para un ajuste perfecto durante la acci\u00f3n a alta velocidad<\/span><\/p>\n<p id=\"complete_description\" class=\"txt-base__bold pointer\">\n<\/div>","protected":false},"excerpt":{"rendered":"<p>Descripci\u00f3n ION Guantes Water Amara Resumen de la descripci\u00f3n Mejora tu rendimiento con los guantes ION Amara, tu compa\u00f1ero esencial para surf, kitesurf y wing foiling. Dise\u00f1ados para un agarre y protecci\u00f3n superiores, la palma de piel sint\u00e9tica robusta asegura un control antideslizante sobre tu tabla, barra o botavara, incluso mojados. Estos guantes ligeros, como [&#8230;]","protected":false},"featured_media":10389,"comment_status":"open","ping_status":"closed","template":"","meta":{"spay_email":""},"product_cat":[157,113,198,197,367,199],"product_tag":[],"brands":[{"id":127,"name":"Duotone","slug":"duotone"}],"yoast_head":"<!-- This site is optimized with the Yoast SEO plugin v17.0 - https:\/\/yoast.com\/wordpress\/plugins\/seo\/ -->\n<title>Guantes de agua IOW Amara de dedos completos unisex - Surfertarifa<\/title>\n<meta name=\"robots\" content=\"index, follow, max-snippet:-1, max-image-preview:large, max-video-preview:-1\" \/>\n<link rel=\"canonical\" href=\"https:\/\/surfertarifa.com\/en\/product\/guantes-de-agua-iow-amara-de-dedos-completos-unisex\/\" \/>\n<meta property=\"og:locale\" content=\"en_GB\" \/>\n<meta property=\"og:type\" content=\"article\" \/>\n<meta property=\"og:title\" content=\"Guantes de agua IOW Amara de dedos completos unisex - Surfertarifa\" \/>\n<meta property=\"og:description\" content=\"Descripci\u00f3n ION Guantes Water Amara Resumen de la descripci\u00f3n Mejora tu rendimiento con los guantes ION Amara, tu compa\u00f1ero esencial para surf, kitesurf y wing foiling. Dise\u00f1ados para un agarre y protecci\u00f3n superiores, la palma de piel sint\u00e9tica robusta asegura un control antideslizante sobre tu tabla, barra o botavara, incluso mojados. Estos guantes ligeros, como [...]\" \/>\n<meta property=\"og:url\" content=\"https:\/\/surfertarifa.com\/en\/product\/guantes-de-agua-iow-amara-de-dedos-completos-unisex\/\" \/>\n<meta property=\"og:site_name\" content=\"Surfertarifa\" \/>\n<meta property=\"article:publisher\" content=\"https:\/\/es-es.facebook.com\/SurferTarifa\/\" \/>\n<meta property=\"article:modified_time\" content=\"2026-03-13T12:36:25+00:00\" \/>\n<meta name=\"twitter:card\" content=\"summary_large_image\" \/>\n<meta name=\"twitter:image\" content=\"https:\/\/surfertarifa.com\/wp-content\/uploads\/2026\/03\/1.webp\" \/>\n<meta name=\"twitter:label1\" content=\"Estimated reading time\" \/>\n\t<meta name=\"twitter:data1\" content=\"1 minute\" \/>\n<script type=\"application\/ld+json\" class=\"yoast-schema-graph\">{\"@context\":\"https:\/\/schema.org\",\"@graph\":[{\"@type\":\"Organization\",\"@id\":\"https:\/\/surfertarifa.com\/#organization\",\"name\":\"Surfertarifa\",\"url\":\"https:\/\/surfertarifa.com\/\",\"sameAs\":[\"https:\/\/es-es.facebook.com\/SurferTarifa\/\",\"https:\/\/www.instagram.com\/surfertarifa\/\"],\"logo\":{\"@type\":\"ImageObject\",\"@id\":\"https:\/\/surfertarifa.com\/#logo\",\"inLanguage\":\"en-GB\",\"url\":\"https:\/\/surfertarifa.com\/wp-content\/uploads\/2021\/04\/logo-surfer-1.png\",\"contentUrl\":\"https:\/\/surfertarifa.com\/wp-content\/uploads\/2021\/04\/logo-surfer-1.png\",\"width\":90,\"height\":90,\"caption\":\"Surfertarifa\"},\"image\":{\"@id\":\"https:\/\/surfertarifa.com\/#logo\"}},{\"@type\":\"WebSite\",\"@id\":\"https:\/\/surfertarifa.com\/#website\",\"url\":\"https:\/\/surfertarifa.com\/\",\"name\":\"Surfertarifa\",\"description\":\"Tienda de surf online\",\"publisher\":{\"@id\":\"https:\/\/surfertarifa.com\/#organization\"},\"potentialAction\":[{\"@type\":\"SearchAction\",\"target\":{\"@type\":\"EntryPoint\",\"urlTemplate\":\"https:\/\/surfertarifa.com\/?s={search_term_string}\"},\"query-input\":\"required name=search_term_string\"}],\"inLanguage\":\"en-GB\"},{\"@type\":\"ImageObject\",\"@id\":\"https:\/\/surfertarifa.com\/product\/guantes-de-agua-iow-amara-de-dedos-completos-unisex\/#primaryimage\",\"inLanguage\":\"en-GB\",\"url\":\"https:\/\/surfertarifa.com\/wp-content\/uploads\/2026\/03\/1.webp\",\"contentUrl\":\"https:\/\/surfertarifa.com\/wp-content\/uploads\/2026\/03\/1.webp\",\"width\":1000,\"height\":1000,\"caption\":\"Guantes de agua IOW Amara de dedos completos unisex\"},{\"@type\":\"WebPage\",\"@id\":\"https:\/\/surfertarifa.com\/product\/guantes-de-agua-iow-amara-de-dedos-completos-unisex\/#webpage\",\"url\":\"https:\/\/surfertarifa.com\/product\/guantes-de-agua-iow-amara-de-dedos-completos-unisex\/\",\"name\":\"Guantes de agua IOW Amara de dedos completos unisex - Surfertarifa\",\"isPartOf\":{\"@id\":\"https:\/\/surfertarifa.com\/#website\"},\"primaryImageOfPage\":{\"@id\":\"https:\/\/surfertarifa.com\/product\/guantes-de-agua-iow-amara-de-dedos-completos-unisex\/#primaryimage\"},\"datePublished\":\"2026-03-13T10:16:31+00:00\",\"dateModified\":\"2026-03-13T12:36:25+00:00\",\"breadcrumb\":{\"@id\":\"https:\/\/surfertarifa.com\/product\/guantes-de-agua-iow-amara-de-dedos-completos-unisex\/#breadcrumb\"},\"inLanguage\":\"en-GB\",\"potentialAction\":[{\"@type\":\"ReadAction\",\"target\":[\"https:\/\/surfertarifa.com\/product\/guantes-de-agua-iow-amara-de-dedos-completos-unisex\/\"]}]},{\"@type\":\"BreadcrumbList\",\"@id\":\"https:\/\/surfertarifa.com\/product\/guantes-de-agua-iow-amara-de-dedos-completos-unisex\/#breadcrumb\",\"itemListElement\":[{\"@type\":\"ListItem\",\"position\":1,\"name\":\"Portada\",\"item\":\"https:\/\/surfertarifa.com\/\"},{\"@type\":\"ListItem\",\"position\":2,\"name\":\"Shop\",\"item\":\"https:\/\/surfertarifa.com\/shop\/\"},{\"@type\":\"ListItem\",\"position\":3,\"name\":\"Guantes de agua IOW Amara de dedos completos unisex\"}]}]}<\/script>\n<!-- \/ Yoast SEO plugin. -->","yoast_head_json":{"title":"Guantes de agua IOW Amara de dedos completos unisex - Surfertarifa","robots":{"index":"index","follow":"follow","max-snippet":"max-snippet:-1","max-image-preview":"max-image-preview:large","max-video-preview":"max-video-preview:-1"},"canonical":"https:\/\/surfertarifa.com\/en\/product\/guantes-de-agua-iow-amara-de-dedos-completos-unisex\/","og_locale":"en_GB","og_type":"article","og_title":"Guantes de agua IOW Amara de dedos completos unisex - Surfertarifa","og_description":"Descripci\u00f3n ION Guantes Water Amara Resumen de la descripci\u00f3n Mejora tu rendimiento con los guantes ION Amara, tu compa\u00f1ero esencial para surf, kitesurf y wing foiling. Dise\u00f1ados para un agarre y protecci\u00f3n superiores, la palma de piel sint\u00e9tica robusta asegura un control antideslizante sobre tu tabla, barra o botavara, incluso mojados. Estos guantes ligeros, como [...]","og_url":"https:\/\/surfertarifa.com\/en\/product\/guantes-de-agua-iow-amara-de-dedos-completos-unisex\/","og_site_name":"Surfertarifa","article_publisher":"https:\/\/es-es.facebook.com\/SurferTarifa\/","article_modified_time":"2026-03-13T12:36:25+00:00","twitter_card":"summary_large_image","twitter_image":"https:\/\/surfertarifa.com\/wp-content\/uploads\/2026\/03\/1.webp","twitter_misc":{"Estimated reading time":"1 minute"},"schema":{"@context":"https:\/\/schema.org","@graph":[{"@type":"Organization","@id":"https:\/\/surfertarifa.com\/#organization","name":"Surfertarifa","url":"https:\/\/surfertarifa.com\/","sameAs":["https:\/\/es-es.facebook.com\/SurferTarifa\/","https:\/\/www.instagram.com\/surfertarifa\/"],"logo":{"@type":"ImageObject","@id":"https:\/\/surfertarifa.com\/#logo","inLanguage":"en-GB","url":"https:\/\/surfertarifa.com\/wp-content\/uploads\/2021\/04\/logo-surfer-1.png","contentUrl":"https:\/\/surfertarifa.com\/wp-content\/uploads\/2021\/04\/logo-surfer-1.png","width":90,"height":90,"caption":"Surfertarifa"},"image":{"@id":"https:\/\/surfertarifa.com\/#logo"}},{"@type":"WebSite","@id":"https:\/\/surfertarifa.com\/#website","url":"https:\/\/surfertarifa.com\/","name":"Surfertarifa","description":"Tienda de surf online","publisher":{"@id":"https:\/\/surfertarifa.com\/#organization"},"potentialAction":[{"@type":"SearchAction","target":{"@type":"EntryPoint","urlTemplate":"https:\/\/surfertarifa.com\/?s={search_term_string}"},"query-input":"required name=search_term_string"}],"inLanguage":"en-GB"},{"@type":"ImageObject","@id":"https:\/\/surfertarifa.com\/product\/guantes-de-agua-iow-amara-de-dedos-completos-unisex\/#primaryimage","inLanguage":"en-GB","url":"https:\/\/surfertarifa.com\/wp-content\/uploads\/2026\/03\/1.webp","contentUrl":"https:\/\/surfertarifa.com\/wp-content\/uploads\/2026\/03\/1.webp","width":1000,"height":1000,"caption":"Guantes de agua IOW Amara de dedos completos unisex"},{"@type":"WebPage","@id":"https:\/\/surfertarifa.com\/product\/guantes-de-agua-iow-amara-de-dedos-completos-unisex\/#webpage","url":"https:\/\/surfertarifa.com\/product\/guantes-de-agua-iow-amara-de-dedos-completos-unisex\/","name":"Guantes de agua IOW Amara de dedos completos unisex - Surfertarifa","isPartOf":{"@id":"https:\/\/surfertarifa.com\/#website"},"primaryImageOfPage":{"@id":"https:\/\/surfertarifa.com\/product\/guantes-de-agua-iow-amara-de-dedos-completos-unisex\/#primaryimage"},"datePublished":"2026-03-13T10:16:31+00:00","dateModified":"2026-03-13T12:36:25+00:00","breadcrumb":{"@id":"https:\/\/surfertarifa.com\/product\/guantes-de-agua-iow-amara-de-dedos-completos-unisex\/#breadcrumb"},"inLanguage":"en-GB","potentialAction":[{"@type":"ReadAction","target":["https:\/\/surfertarifa.com\/product\/guantes-de-agua-iow-amara-de-dedos-completos-unisex\/"]}]},{"@type":"BreadcrumbList","@id":"https:\/\/surfertarifa.com\/product\/guantes-de-agua-iow-amara-de-dedos-completos-unisex\/#breadcrumb","itemListElement":[{"@type":"ListItem","position":1,"name":"Portada","item":"https:\/\/surfertarifa.com\/"},{"@type":"ListItem","position":2,"name":"Shop","item":"https:\/\/surfertarifa.com\/shop\/"},{"@type":"ListItem","position":3,"name":"Guantes de agua IOW Amara de dedos completos unisex"}]}]}},"_links":{"self":[{"href":"https:\/\/surfertarifa.com\/en\/wp-json\/wp\/v2\/product\/10384"}],"collection":[{"href":"https:\/\/surfertarifa.com\/en\/wp-json\/wp\/v2\/product"}],"about":[{"href":"https:\/\/surfertarifa.com\/en\/wp-json\/wp\/v2\/types\/product"}],"replies":[{"embeddable":true,"href":"https:\/\/surfertarifa.com\/en\/wp-json\/wp\/v2\/comments?post=10384"}],"wp:featuredmedia":[{"embeddable":true,"href":"https:\/\/surfertarifa.com\/en\/wp-json\/wp\/v2\/media\/10389"}],"wp:attachment":[{"href":"https:\/\/surfertarifa.com\/en\/wp-json\/wp\/v2\/media?parent=10384"}],"wp:term":[{"taxonomy":"product_cat","embeddable":true,"href":"https:\/\/surfertarifa.com\/en\/wp-json\/wp\/v2\/product_cat?post=10384"},{"taxonomy":"product_tag","embeddable":true,"href":"https:\/\/surfertarifa.com\/en\/wp-json\/wp\/v2\/product_tag?post=10384"}],"curies":[{"name":"wp","href":"https:\/\/api.w.org\/{rel}","templated":true}]}}