{"id":10414,"date":"2026-03-14T17:41:45","date_gmt":"2026-03-14T17:41:45","guid":{"rendered":"https:\/\/surfertarifa.com\/?post_type=product&#038;p=10414"},"modified":"2026-03-31T16:31:09","modified_gmt":"2026-03-31T16:31:09","slug":"traje-de-neopreno-iow-amaze-shorty-2-0-de-manga-larga-con-cremallera-trasera-para-mujer","status":"publish","type":"product","link":"https:\/\/surfertarifa.com\/en\/product\/traje-de-neopreno-iow-amaze-shorty-2-0-de-manga-larga-con-cremallera-trasera-para-mujer\/","title":{"rendered":"Traje de neopreno IOW Amaze Shorty 2.0 de manga larga con cremallera trasera para mujer"},"content":{"rendered":"<p><span style=\"color: #000000;\">El Amaze Shorty 2.0 LS Back Zip est\u00e1 aqu\u00ed para quienes quieren conquistar las olas con confianza. Perfecto para sesiones en aguas c\u00e1lidas en climas templados, este shorty de manga larga mantiene tus piernas en el agua mientras protege tu torso del viento y los rayos del sol. Confeccionado en neopreno flexible, ofrece una libertad de movimiento inigualable, mientras que el forro interior Silk_Stuff, supersuave, maximiza la comodidad. Con bordes termosellados y costuras reforzadas, este shorty no solo luce bien, sino que est\u00e1 hecho para resistir todas tus aventuras de verano.<\/span><\/p>","protected":false},"excerpt":{"rendered":"<p>El Amaze Shorty 2.0 LS Back Zip est\u00e1 aqu\u00ed para quienes quieren conquistar las olas con confianza. Perfecto para sesiones en aguas c\u00e1lidas en climas templados, este shorty de manga larga mantiene tus piernas en el agua mientras protege tu torso del viento y los rayos del sol. Confeccionado en neopreno flexible, ofrece una libertad [&#8230;]","protected":false},"featured_media":10415,"comment_status":"open","ping_status":"closed","template":"","meta":{"spay_email":""},"product_cat":[113,198,111,196,197,199],"product_tag":[],"brands":[{"id":128,"name":"Ion","slug":"ion"}],"yoast_head":"<!-- This site is optimized with the Yoast SEO plugin v17.0 - https:\/\/yoast.com\/wordpress\/plugins\/seo\/ -->\n<title>Traje de neopreno IOW Amaze Shorty 2.0 de manga larga con cremallera trasera para mujer - Surfertarifa<\/title>\n<meta name=\"robots\" content=\"index, follow, max-snippet:-1, max-image-preview:large, max-video-preview:-1\" \/>\n<link rel=\"canonical\" href=\"https:\/\/surfertarifa.com\/en\/product\/traje-de-neopreno-iow-amaze-shorty-2-0-de-manga-larga-con-cremallera-trasera-para-mujer\/\" \/>\n<meta property=\"og:locale\" content=\"en_GB\" \/>\n<meta property=\"og:type\" content=\"article\" \/>\n<meta property=\"og:title\" content=\"Traje de neopreno IOW Amaze Shorty 2.0 de manga larga con cremallera trasera para mujer - Surfertarifa\" \/>\n<meta property=\"og:description\" content=\"El Amaze Shorty 2.0 LS Back Zip est\u00e1 aqu\u00ed para quienes quieren conquistar las olas con confianza. Perfecto para sesiones en aguas c\u00e1lidas en climas templados, este shorty de manga larga mantiene tus piernas en el agua mientras protege tu torso del viento y los rayos del sol. Confeccionado en neopreno flexible, ofrece una libertad [...]\" \/>\n<meta property=\"og:url\" content=\"https:\/\/surfertarifa.com\/en\/product\/traje-de-neopreno-iow-amaze-shorty-2-0-de-manga-larga-con-cremallera-trasera-para-mujer\/\" \/>\n<meta property=\"og:site_name\" content=\"Surfertarifa\" \/>\n<meta property=\"article:publisher\" content=\"https:\/\/es-es.facebook.com\/SurferTarifa\/\" \/>\n<meta property=\"article:modified_time\" content=\"2026-03-31T16:31:09+00:00\" \/>\n<meta name=\"twitter:card\" content=\"summary_large_image\" \/>\n<meta name=\"twitter:image\" content=\"https:\/\/surfertarifa.com\/wp-content\/uploads\/2026\/03\/2-3.webp\" \/>\n<script type=\"application\/ld+json\" class=\"yoast-schema-graph\">{\"@context\":\"https:\/\/schema.org\",\"@graph\":[{\"@type\":\"Organization\",\"@id\":\"https:\/\/surfertarifa.com\/#organization\",\"name\":\"Surfertarifa\",\"url\":\"https:\/\/surfertarifa.com\/\",\"sameAs\":[\"https:\/\/es-es.facebook.com\/SurferTarifa\/\",\"https:\/\/www.instagram.com\/surfertarifa\/\"],\"logo\":{\"@type\":\"ImageObject\",\"@id\":\"https:\/\/surfertarifa.com\/#logo\",\"inLanguage\":\"en-GB\",\"url\":\"https:\/\/surfertarifa.com\/wp-content\/uploads\/2021\/04\/logo-surfer-1.png\",\"contentUrl\":\"https:\/\/surfertarifa.com\/wp-content\/uploads\/2021\/04\/logo-surfer-1.png\",\"width\":90,\"height\":90,\"caption\":\"Surfertarifa\"},\"image\":{\"@id\":\"https:\/\/surfertarifa.com\/#logo\"}},{\"@type\":\"WebSite\",\"@id\":\"https:\/\/surfertarifa.com\/#website\",\"url\":\"https:\/\/surfertarifa.com\/\",\"name\":\"Surfertarifa\",\"description\":\"Tienda de surf online\",\"publisher\":{\"@id\":\"https:\/\/surfertarifa.com\/#organization\"},\"potentialAction\":[{\"@type\":\"SearchAction\",\"target\":{\"@type\":\"EntryPoint\",\"urlTemplate\":\"https:\/\/surfertarifa.com\/?s={search_term_string}\"},\"query-input\":\"required name=search_term_string\"}],\"inLanguage\":\"en-GB\"},{\"@type\":\"ImageObject\",\"@id\":\"https:\/\/surfertarifa.com\/product\/traje-de-neopreno-iow-amaze-shorty-2-0-de-manga-larga-con-cremallera-trasera-para-mujer\/#primaryimage\",\"inLanguage\":\"en-GB\",\"url\":\"https:\/\/surfertarifa.com\/wp-content\/uploads\/2026\/03\/2-3.webp\",\"contentUrl\":\"https:\/\/surfertarifa.com\/wp-content\/uploads\/2026\/03\/2-3.webp\",\"width\":1024,\"height\":1024,\"caption\":\"Traje de neopreno IOW Amaze Shorty 2.0 de manga larga con cremallera trasera para mujer\"},{\"@type\":\"WebPage\",\"@id\":\"https:\/\/surfertarifa.com\/product\/traje-de-neopreno-iow-amaze-shorty-2-0-de-manga-larga-con-cremallera-trasera-para-mujer\/#webpage\",\"url\":\"https:\/\/surfertarifa.com\/product\/traje-de-neopreno-iow-amaze-shorty-2-0-de-manga-larga-con-cremallera-trasera-para-mujer\/\",\"name\":\"Traje de neopreno IOW Amaze Shorty 2.0 de manga larga con cremallera trasera para mujer - Surfertarifa\",\"isPartOf\":{\"@id\":\"https:\/\/surfertarifa.com\/#website\"},\"primaryImageOfPage\":{\"@id\":\"https:\/\/surfertarifa.com\/product\/traje-de-neopreno-iow-amaze-shorty-2-0-de-manga-larga-con-cremallera-trasera-para-mujer\/#primaryimage\"},\"datePublished\":\"2026-03-14T17:41:45+00:00\",\"dateModified\":\"2026-03-31T16:31:09+00:00\",\"breadcrumb\":{\"@id\":\"https:\/\/surfertarifa.com\/product\/traje-de-neopreno-iow-amaze-shorty-2-0-de-manga-larga-con-cremallera-trasera-para-mujer\/#breadcrumb\"},\"inLanguage\":\"en-GB\",\"potentialAction\":[{\"@type\":\"ReadAction\",\"target\":[\"https:\/\/surfertarifa.com\/product\/traje-de-neopreno-iow-amaze-shorty-2-0-de-manga-larga-con-cremallera-trasera-para-mujer\/\"]}]},{\"@type\":\"BreadcrumbList\",\"@id\":\"https:\/\/surfertarifa.com\/product\/traje-de-neopreno-iow-amaze-shorty-2-0-de-manga-larga-con-cremallera-trasera-para-mujer\/#breadcrumb\",\"itemListElement\":[{\"@type\":\"ListItem\",\"position\":1,\"name\":\"Portada\",\"item\":\"https:\/\/surfertarifa.com\/\"},{\"@type\":\"ListItem\",\"position\":2,\"name\":\"Shop\",\"item\":\"https:\/\/surfertarifa.com\/shop\/\"},{\"@type\":\"ListItem\",\"position\":3,\"name\":\"Traje de neopreno IOW Amaze Shorty 2.0 de manga larga con cremallera trasera para mujer\"}]}]}<\/script>\n<!-- \/ Yoast SEO plugin. -->","yoast_head_json":{"title":"Traje de neopreno IOW Amaze Shorty 2.0 de manga larga con cremallera trasera para mujer - Surfertarifa","robots":{"index":"index","follow":"follow","max-snippet":"max-snippet:-1","max-image-preview":"max-image-preview:large","max-video-preview":"max-video-preview:-1"},"canonical":"https:\/\/surfertarifa.com\/en\/product\/traje-de-neopreno-iow-amaze-shorty-2-0-de-manga-larga-con-cremallera-trasera-para-mujer\/","og_locale":"en_GB","og_type":"article","og_title":"Traje de neopreno IOW Amaze Shorty 2.0 de manga larga con cremallera trasera para mujer - Surfertarifa","og_description":"El Amaze Shorty 2.0 LS Back Zip est\u00e1 aqu\u00ed para quienes quieren conquistar las olas con confianza. Perfecto para sesiones en aguas c\u00e1lidas en climas templados, este shorty de manga larga mantiene tus piernas en el agua mientras protege tu torso del viento y los rayos del sol. Confeccionado en neopreno flexible, ofrece una libertad [...]","og_url":"https:\/\/surfertarifa.com\/en\/product\/traje-de-neopreno-iow-amaze-shorty-2-0-de-manga-larga-con-cremallera-trasera-para-mujer\/","og_site_name":"Surfertarifa","article_publisher":"https:\/\/es-es.facebook.com\/SurferTarifa\/","article_modified_time":"2026-03-31T16:31:09+00:00","twitter_card":"summary_large_image","twitter_image":"https:\/\/surfertarifa.com\/wp-content\/uploads\/2026\/03\/2-3.webp","schema":{"@context":"https:\/\/schema.org","@graph":[{"@type":"Organization","@id":"https:\/\/surfertarifa.com\/#organization","name":"Surfertarifa","url":"https:\/\/surfertarifa.com\/","sameAs":["https:\/\/es-es.facebook.com\/SurferTarifa\/","https:\/\/www.instagram.com\/surfertarifa\/"],"logo":{"@type":"ImageObject","@id":"https:\/\/surfertarifa.com\/#logo","inLanguage":"en-GB","url":"https:\/\/surfertarifa.com\/wp-content\/uploads\/2021\/04\/logo-surfer-1.png","contentUrl":"https:\/\/surfertarifa.com\/wp-content\/uploads\/2021\/04\/logo-surfer-1.png","width":90,"height":90,"caption":"Surfertarifa"},"image":{"@id":"https:\/\/surfertarifa.com\/#logo"}},{"@type":"WebSite","@id":"https:\/\/surfertarifa.com\/#website","url":"https:\/\/surfertarifa.com\/","name":"Surfertarifa","description":"Tienda de surf online","publisher":{"@id":"https:\/\/surfertarifa.com\/#organization"},"potentialAction":[{"@type":"SearchAction","target":{"@type":"EntryPoint","urlTemplate":"https:\/\/surfertarifa.com\/?s={search_term_string}"},"query-input":"required name=search_term_string"}],"inLanguage":"en-GB"},{"@type":"ImageObject","@id":"https:\/\/surfertarifa.com\/product\/traje-de-neopreno-iow-amaze-shorty-2-0-de-manga-larga-con-cremallera-trasera-para-mujer\/#primaryimage","inLanguage":"en-GB","url":"https:\/\/surfertarifa.com\/wp-content\/uploads\/2026\/03\/2-3.webp","contentUrl":"https:\/\/surfertarifa.com\/wp-content\/uploads\/2026\/03\/2-3.webp","width":1024,"height":1024,"caption":"Traje de neopreno IOW Amaze Shorty 2.0 de manga larga con cremallera trasera para mujer"},{"@type":"WebPage","@id":"https:\/\/surfertarifa.com\/product\/traje-de-neopreno-iow-amaze-shorty-2-0-de-manga-larga-con-cremallera-trasera-para-mujer\/#webpage","url":"https:\/\/surfertarifa.com\/product\/traje-de-neopreno-iow-amaze-shorty-2-0-de-manga-larga-con-cremallera-trasera-para-mujer\/","name":"Traje de neopreno IOW Amaze Shorty 2.0 de manga larga con cremallera trasera para mujer - Surfertarifa","isPartOf":{"@id":"https:\/\/surfertarifa.com\/#website"},"primaryImageOfPage":{"@id":"https:\/\/surfertarifa.com\/product\/traje-de-neopreno-iow-amaze-shorty-2-0-de-manga-larga-con-cremallera-trasera-para-mujer\/#primaryimage"},"datePublished":"2026-03-14T17:41:45+00:00","dateModified":"2026-03-31T16:31:09+00:00","breadcrumb":{"@id":"https:\/\/surfertarifa.com\/product\/traje-de-neopreno-iow-amaze-shorty-2-0-de-manga-larga-con-cremallera-trasera-para-mujer\/#breadcrumb"},"inLanguage":"en-GB","potentialAction":[{"@type":"ReadAction","target":["https:\/\/surfertarifa.com\/product\/traje-de-neopreno-iow-amaze-shorty-2-0-de-manga-larga-con-cremallera-trasera-para-mujer\/"]}]},{"@type":"BreadcrumbList","@id":"https:\/\/surfertarifa.com\/product\/traje-de-neopreno-iow-amaze-shorty-2-0-de-manga-larga-con-cremallera-trasera-para-mujer\/#breadcrumb","itemListElement":[{"@type":"ListItem","position":1,"name":"Portada","item":"https:\/\/surfertarifa.com\/"},{"@type":"ListItem","position":2,"name":"Shop","item":"https:\/\/surfertarifa.com\/shop\/"},{"@type":"ListItem","position":3,"name":"Traje de neopreno IOW Amaze Shorty 2.0 de manga larga con cremallera trasera para mujer"}]}]}},"_links":{"self":[{"href":"https:\/\/surfertarifa.com\/en\/wp-json\/wp\/v2\/product\/10414"}],"collection":[{"href":"https:\/\/surfertarifa.com\/en\/wp-json\/wp\/v2\/product"}],"about":[{"href":"https:\/\/surfertarifa.com\/en\/wp-json\/wp\/v2\/types\/product"}],"replies":[{"embeddable":true,"href":"https:\/\/surfertarifa.com\/en\/wp-json\/wp\/v2\/comments?post=10414"}],"wp:featuredmedia":[{"embeddable":true,"href":"https:\/\/surfertarifa.com\/en\/wp-json\/wp\/v2\/media\/10415"}],"wp:attachment":[{"href":"https:\/\/surfertarifa.com\/en\/wp-json\/wp\/v2\/media?parent=10414"}],"wp:term":[{"taxonomy":"product_cat","embeddable":true,"href":"https:\/\/surfertarifa.com\/en\/wp-json\/wp\/v2\/product_cat?post=10414"},{"taxonomy":"product_tag","embeddable":true,"href":"https:\/\/surfertarifa.com\/en\/wp-json\/wp\/v2\/product_tag?post=10414"}],"curies":[{"name":"wp","href":"https:\/\/api.w.org\/{rel}","templated":true}]}}