{"id":10527,"date":"2026-04-18T17:02:25","date_gmt":"2026-04-18T17:02:25","guid":{"rendered":"https:\/\/surfertarifa.com\/?post_type=product&#038;p=10527"},"modified":"2026-04-18T17:13:13","modified_gmt":"2026-04-18T17:13:13","slug":"alpargata-suyute-2","status":"publish","type":"product","link":"https:\/\/surfertarifa.com\/en\/product\/alpargata-suyute-2\/","title":{"rendered":"ALPARGATA SUYUTE"},"content":{"rendered":"<p><span style=\"color: #000000;\">ALPARGATA SUYUTE ECHA EN ESPA\u00d1A A MANO\u00a0 es nuestro zueco abierto fabricada en serraje color cuero y con su interior forrado. La plantilla es acolchada y su forro son de microfibra transpirable y antibacteriana,\u00a0 \u00a0<\/span><\/p>\n<p>&nbsp;<\/p>\n<p><span style=\"color: #000000;\">\u00a0se caracteriza por su suela ancha que hara de este modelo un comod\u00edn para cualquier momento del d\u00eda, bien sea de noche o de d\u00eda.<\/span><\/p>\n<p><span style=\"color: #000000;\">Como todos nuestros modelos, esta alpargata se ha fabricado artesanalmente en Cervera del Rio Alhama &#8211; La Rioja<\/span><\/p>","protected":false},"excerpt":{"rendered":"<p>ALPARGATA SUYUTE ECHA EN ESPA\u00d1A A MANO\u00a0 es nuestro zueco abierto fabricada en serraje color cuero y con su interior forrado. La plantilla es acolchada y su forro son de microfibra transpirable y antibacteriana,\u00a0 \u00a0 &nbsp; \u00a0se caracteriza por su suela ancha que hara de este modelo un comod\u00edn para cualquier momento del d\u00eda, bien [&#8230;]","protected":false},"featured_media":10528,"comment_status":"open","ping_status":"closed","template":"","meta":{"spay_email":""},"product_cat":[111,248],"product_tag":[],"brands":[{"id":231,"name":"SUYUTE","slug":"suyute"}],"yoast_head":"<!-- This site is optimized with the Yoast SEO plugin v17.0 - https:\/\/yoast.com\/wordpress\/plugins\/seo\/ -->\n<title>ALPARGATA SUYUTE - Surfertarifa<\/title>\n<meta name=\"robots\" content=\"index, follow, max-snippet:-1, max-image-preview:large, max-video-preview:-1\" \/>\n<link rel=\"canonical\" href=\"https:\/\/surfertarifa.com\/en\/product\/alpargata-suyute-2\/\" \/>\n<meta property=\"og:locale\" content=\"en_GB\" \/>\n<meta property=\"og:type\" content=\"article\" \/>\n<meta property=\"og:title\" content=\"ALPARGATA SUYUTE - Surfertarifa\" \/>\n<meta property=\"og:description\" content=\"ALPARGATA SUYUTE ECHA EN ESPA\u00d1A A MANO\u00a0 es nuestro zueco abierto fabricada en serraje color cuero y con su interior forrado. La plantilla es acolchada y su forro son de microfibra transpirable y antibacteriana,\u00a0 \u00a0 &nbsp; \u00a0se caracteriza por su suela ancha que hara de este modelo un comod\u00edn para cualquier momento del d\u00eda, bien [...]\" \/>\n<meta property=\"og:url\" content=\"https:\/\/surfertarifa.com\/en\/product\/alpargata-suyute-2\/\" \/>\n<meta property=\"og:site_name\" content=\"Surfertarifa\" \/>\n<meta property=\"article:publisher\" content=\"https:\/\/es-es.facebook.com\/SurferTarifa\/\" \/>\n<meta property=\"article:modified_time\" content=\"2026-04-18T17:13:13+00:00\" \/>\n<meta property=\"og:image\" content=\"https:\/\/surfertarifa.com\/wp-content\/uploads\/2026\/04\/SUYUTE2.png\" \/>\n\t<meta property=\"og:image:width\" content=\"1536\" \/>\n\t<meta property=\"og:image:height\" content=\"1024\" \/>\n<meta name=\"twitter:card\" content=\"summary_large_image\" \/>\n<script type=\"application\/ld+json\" class=\"yoast-schema-graph\">{\"@context\":\"https:\/\/schema.org\",\"@graph\":[{\"@type\":\"Organization\",\"@id\":\"https:\/\/surfertarifa.com\/#organization\",\"name\":\"Surfertarifa\",\"url\":\"https:\/\/surfertarifa.com\/\",\"sameAs\":[\"https:\/\/es-es.facebook.com\/SurferTarifa\/\",\"https:\/\/www.instagram.com\/surfertarifa\/\"],\"logo\":{\"@type\":\"ImageObject\",\"@id\":\"https:\/\/surfertarifa.com\/#logo\",\"inLanguage\":\"en-GB\",\"url\":\"https:\/\/surfertarifa.com\/wp-content\/uploads\/2021\/04\/logo-surfer-1.png\",\"contentUrl\":\"https:\/\/surfertarifa.com\/wp-content\/uploads\/2021\/04\/logo-surfer-1.png\",\"width\":90,\"height\":90,\"caption\":\"Surfertarifa\"},\"image\":{\"@id\":\"https:\/\/surfertarifa.com\/#logo\"}},{\"@type\":\"WebSite\",\"@id\":\"https:\/\/surfertarifa.com\/#website\",\"url\":\"https:\/\/surfertarifa.com\/\",\"name\":\"Surfertarifa\",\"description\":\"Tienda de surf online\",\"publisher\":{\"@id\":\"https:\/\/surfertarifa.com\/#organization\"},\"potentialAction\":[{\"@type\":\"SearchAction\",\"target\":{\"@type\":\"EntryPoint\",\"urlTemplate\":\"https:\/\/surfertarifa.com\/?s={search_term_string}\"},\"query-input\":\"required name=search_term_string\"}],\"inLanguage\":\"en-GB\"},{\"@type\":\"ImageObject\",\"@id\":\"https:\/\/surfertarifa.com\/product\/alpargata-suyute-2\/#primaryimage\",\"inLanguage\":\"en-GB\",\"url\":\"https:\/\/surfertarifa.com\/wp-content\/uploads\/2026\/04\/SUYUTE2.png\",\"contentUrl\":\"https:\/\/surfertarifa.com\/wp-content\/uploads\/2026\/04\/SUYUTE2.png\",\"width\":1536,\"height\":1024,\"caption\":\"ALPARGATA SUYUTE\"},{\"@type\":\"WebPage\",\"@id\":\"https:\/\/surfertarifa.com\/product\/alpargata-suyute-2\/#webpage\",\"url\":\"https:\/\/surfertarifa.com\/product\/alpargata-suyute-2\/\",\"name\":\"ALPARGATA SUYUTE - Surfertarifa\",\"isPartOf\":{\"@id\":\"https:\/\/surfertarifa.com\/#website\"},\"primaryImageOfPage\":{\"@id\":\"https:\/\/surfertarifa.com\/product\/alpargata-suyute-2\/#primaryimage\"},\"datePublished\":\"2026-04-18T17:02:25+00:00\",\"dateModified\":\"2026-04-18T17:13:13+00:00\",\"breadcrumb\":{\"@id\":\"https:\/\/surfertarifa.com\/product\/alpargata-suyute-2\/#breadcrumb\"},\"inLanguage\":\"en-GB\",\"potentialAction\":[{\"@type\":\"ReadAction\",\"target\":[\"https:\/\/surfertarifa.com\/product\/alpargata-suyute-2\/\"]}]},{\"@type\":\"BreadcrumbList\",\"@id\":\"https:\/\/surfertarifa.com\/product\/alpargata-suyute-2\/#breadcrumb\",\"itemListElement\":[{\"@type\":\"ListItem\",\"position\":1,\"name\":\"Portada\",\"item\":\"https:\/\/surfertarifa.com\/\"},{\"@type\":\"ListItem\",\"position\":2,\"name\":\"Shop\",\"item\":\"https:\/\/surfertarifa.com\/shop\/\"},{\"@type\":\"ListItem\",\"position\":3,\"name\":\"ALPARGATA SUYUTE\"}]}]}<\/script>\n<!-- \/ Yoast SEO plugin. -->","yoast_head_json":{"title":"ALPARGATA SUYUTE - Surfertarifa","robots":{"index":"index","follow":"follow","max-snippet":"max-snippet:-1","max-image-preview":"max-image-preview:large","max-video-preview":"max-video-preview:-1"},"canonical":"https:\/\/surfertarifa.com\/en\/product\/alpargata-suyute-2\/","og_locale":"en_GB","og_type":"article","og_title":"ALPARGATA SUYUTE - Surfertarifa","og_description":"ALPARGATA SUYUTE ECHA EN ESPA\u00d1A A MANO\u00a0 es nuestro zueco abierto fabricada en serraje color cuero y con su interior forrado. La plantilla es acolchada y su forro son de microfibra transpirable y antibacteriana,\u00a0 \u00a0 &nbsp; \u00a0se caracteriza por su suela ancha que hara de este modelo un comod\u00edn para cualquier momento del d\u00eda, bien [...]","og_url":"https:\/\/surfertarifa.com\/en\/product\/alpargata-suyute-2\/","og_site_name":"Surfertarifa","article_publisher":"https:\/\/es-es.facebook.com\/SurferTarifa\/","article_modified_time":"2026-04-18T17:13:13+00:00","og_image":[{"width":1536,"height":1024,"url":"https:\/\/surfertarifa.com\/wp-content\/uploads\/2026\/04\/SUYUTE2.png","path":"\/home\/surferta\/public_html\/wp-content\/uploads\/2026\/04\/SUYUTE2.png","size":"full","id":10528,"alt":"ALPARGATA SUYUTE","pixels":1572864,"type":"image\/png"}],"twitter_card":"summary_large_image","schema":{"@context":"https:\/\/schema.org","@graph":[{"@type":"Organization","@id":"https:\/\/surfertarifa.com\/#organization","name":"Surfertarifa","url":"https:\/\/surfertarifa.com\/","sameAs":["https:\/\/es-es.facebook.com\/SurferTarifa\/","https:\/\/www.instagram.com\/surfertarifa\/"],"logo":{"@type":"ImageObject","@id":"https:\/\/surfertarifa.com\/#logo","inLanguage":"en-GB","url":"https:\/\/surfertarifa.com\/wp-content\/uploads\/2021\/04\/logo-surfer-1.png","contentUrl":"https:\/\/surfertarifa.com\/wp-content\/uploads\/2021\/04\/logo-surfer-1.png","width":90,"height":90,"caption":"Surfertarifa"},"image":{"@id":"https:\/\/surfertarifa.com\/#logo"}},{"@type":"WebSite","@id":"https:\/\/surfertarifa.com\/#website","url":"https:\/\/surfertarifa.com\/","name":"Surfertarifa","description":"Tienda de surf online","publisher":{"@id":"https:\/\/surfertarifa.com\/#organization"},"potentialAction":[{"@type":"SearchAction","target":{"@type":"EntryPoint","urlTemplate":"https:\/\/surfertarifa.com\/?s={search_term_string}"},"query-input":"required name=search_term_string"}],"inLanguage":"en-GB"},{"@type":"ImageObject","@id":"https:\/\/surfertarifa.com\/product\/alpargata-suyute-2\/#primaryimage","inLanguage":"en-GB","url":"https:\/\/surfertarifa.com\/wp-content\/uploads\/2026\/04\/SUYUTE2.png","contentUrl":"https:\/\/surfertarifa.com\/wp-content\/uploads\/2026\/04\/SUYUTE2.png","width":1536,"height":1024,"caption":"ALPARGATA SUYUTE"},{"@type":"WebPage","@id":"https:\/\/surfertarifa.com\/product\/alpargata-suyute-2\/#webpage","url":"https:\/\/surfertarifa.com\/product\/alpargata-suyute-2\/","name":"ALPARGATA SUYUTE - Surfertarifa","isPartOf":{"@id":"https:\/\/surfertarifa.com\/#website"},"primaryImageOfPage":{"@id":"https:\/\/surfertarifa.com\/product\/alpargata-suyute-2\/#primaryimage"},"datePublished":"2026-04-18T17:02:25+00:00","dateModified":"2026-04-18T17:13:13+00:00","breadcrumb":{"@id":"https:\/\/surfertarifa.com\/product\/alpargata-suyute-2\/#breadcrumb"},"inLanguage":"en-GB","potentialAction":[{"@type":"ReadAction","target":["https:\/\/surfertarifa.com\/product\/alpargata-suyute-2\/"]}]},{"@type":"BreadcrumbList","@id":"https:\/\/surfertarifa.com\/product\/alpargata-suyute-2\/#breadcrumb","itemListElement":[{"@type":"ListItem","position":1,"name":"Portada","item":"https:\/\/surfertarifa.com\/"},{"@type":"ListItem","position":2,"name":"Shop","item":"https:\/\/surfertarifa.com\/shop\/"},{"@type":"ListItem","position":3,"name":"ALPARGATA SUYUTE"}]}]}},"_links":{"self":[{"href":"https:\/\/surfertarifa.com\/en\/wp-json\/wp\/v2\/product\/10527"}],"collection":[{"href":"https:\/\/surfertarifa.com\/en\/wp-json\/wp\/v2\/product"}],"about":[{"href":"https:\/\/surfertarifa.com\/en\/wp-json\/wp\/v2\/types\/product"}],"replies":[{"embeddable":true,"href":"https:\/\/surfertarifa.com\/en\/wp-json\/wp\/v2\/comments?post=10527"}],"wp:featuredmedia":[{"embeddable":true,"href":"https:\/\/surfertarifa.com\/en\/wp-json\/wp\/v2\/media\/10528"}],"wp:attachment":[{"href":"https:\/\/surfertarifa.com\/en\/wp-json\/wp\/v2\/media?parent=10527"}],"wp:term":[{"taxonomy":"product_cat","embeddable":true,"href":"https:\/\/surfertarifa.com\/en\/wp-json\/wp\/v2\/product_cat?post=10527"},{"taxonomy":"product_tag","embeddable":true,"href":"https:\/\/surfertarifa.com\/en\/wp-json\/wp\/v2\/product_tag?post=10527"}],"curies":[{"name":"wp","href":"https:\/\/api.w.org\/{rel}","templated":true}]}}