{"id":10577,"date":"2026-04-23T17:39:11","date_gmt":"2026-04-23T17:39:11","guid":{"rendered":"https:\/\/surfertarifa.com\/?post_type=product&#038;p=10577"},"modified":"2026-04-23T17:50:03","modified_gmt":"2026-04-23T17:50:03","slug":"bolsa-combinada-dtk-gearbag","status":"publish","type":"product","link":"https:\/\/surfertarifa.com\/en\/product\/bolsa-combinada-dtk-gearbag\/","title":{"rendered":"Bolsa combinada DTK-Gearbag"},"content":{"rendered":"<div class=\"sc-jTzLTM CJACo\">\n<div class=\"sc-bZQynM sc-gqjmRU iPEywB\">\n<div class=\"sc-TZjqS jaOhBs\">\n<div class=\"sc-fCVImB kXBeLS\">\n<div class=\"sc-gyhKFA hzlOSP\">\n<div>\n<div>\n<div class=\"sc-hnEmYr jQvPyO\"><span dir=\"auto\" style=\"color: #000000;\">Tama\u00f1o 139 cm<\/span><\/div>\n<ul class=\"sc-cVxdjG eGKFBT\">\n<li class=\"sc-faswKr cbdoQa\"><span dir=\"auto\" style=\"color: #000000;\">EAN 9010583284125 (104 marfil)<\/span><\/li>\n<li class=\"sc-faswKr cbdoQa\"><span dir=\"auto\" style=\"color: #000000;\">EAN 9010583325828 (635 verde pizarra)<\/span><\/li>\n<\/ul>\n<\/div>\n<div>\n<div class=\"sc-hnEmYr jQvPyO\"><span dir=\"auto\" style=\"color: #000000;\">Tama\u00f1o 152 cm<\/span><\/div>\n<ul class=\"sc-cVxdjG eGKFBT\">\n<li class=\"sc-faswKr cbdoQa\"><span dir=\"auto\" style=\"color: #000000;\">EAN 9010583284118 (104 marfil)<\/span><\/li>\n<li class=\"sc-faswKr cbdoQa\"><span dir=\"auto\" style=\"color: #000000;\">EAN 9010583325811 (635 verde pizarra)<\/span><\/li>\n<\/ul>\n<\/div>\n<div>\n<div class=\"sc-hnEmYr jQvPyO\"><span dir=\"auto\" style=\"color: #000000;\">Tama\u00f1o 165 cm<\/span><\/div>\n<ul class=\"sc-cVxdjG eGKFBT\">\n<li class=\"sc-faswKr cbdoQa\"><span dir=\"auto\" style=\"color: #000000;\">EAN 9010583284101 (104 marfil)<\/span><\/li>\n<li class=\"sc-faswKr cbdoQa\"><span dir=\"auto\" style=\"color: #000000;\">EAN 9010583325804 (635 verde pizarra)<\/span><\/li>\n<\/ul>\n<\/div>\n<div>\n<div class=\"sc-hnEmYr jQvPyO\"><span dir=\"auto\" style=\"color: #000000;\">Tama\u00f1o 186 cm<\/span><\/div>\n<ul class=\"sc-cVxdjG eGKFBT\">\n<li class=\"sc-faswKr cbdoQa\"><span dir=\"auto\" style=\"color: #000000;\">EAN 9010583284132 (104 marfil)<\/span><\/li>\n<li class=\"sc-faswKr cbdoQa\"><span dir=\"auto\" style=\"color: #000000;\">EAN 9010583325835 (635 verde pizarra)<\/span><\/li>\n<\/ul>\n<\/div>\n<div>\n<div class=\"sc-hnEmYr jQvPyO\"><span dir=\"auto\" style=\"color: #000000;\">Presupuesto<\/span><\/div>\n<ul class=\"sc-cVxdjG eGKFBT\">\n<li class=\"sc-faswKr cbdoQa\"><span dir=\"auto\" style=\"color: #000000;\">Tama\u00f1o: 140x43cm \/ 153x47cm \/ 167x50cm \/ 186x53cm<\/span><\/li>\n<li class=\"sc-faswKr cbdoQa\"><span dir=\"auto\" style=\"color: #000000;\">Tama\u00f1o m\u00e1ximo del tablero (cm): 139 \/ 152 \/ 156 \/ 185<\/span><\/li>\n<\/ul>\n<\/div>\n<div><\/div>\n<div>\n<div class=\"sc-hnEmYr jQvPyO\"><\/div>\n<p class=\"sc-dTSiUb ivUjcA\"><span dir=\"auto\" style=\"color: #000000;\">Wir pr\u00e4sentieren den Duotone Gearbag Combi Bag: la bolsa perfecta para practicantes de kitesurf, die ein ausgewogenes Verh\u00e4ltnis zwischen Stauraum und einfacher Handhabung suchen. Erh\u00e4ltlich in vier verschiedenen Gr\u00f6\u00dfen. Diese vielseitige Tasche wurde entwickelt, um dein Equipment ohne das Volumen gr\u00f6\u00dferer Modelle zu verstauen \u2013 ideal para todos, die ein handlicheres Reiseerlebnis bevorzugen. Adem\u00e1s, para una etiqueta de kiten an den Strand f\u00e4hrst o para un entfernten Spot reist \u2013 der Duotone Gearbag Combi Bag es el perfecto Begleiter para cualquier practicante de kitesurf. Genie\u00dfe den Komfort einer durchdachten Tasche, die dein Equipment sicher und gesch\u00fctzt aufbewahrt \u2013 und dabei leicht zu handhaben ist!<\/span><\/p>\n<\/div>\n<div>\n<div class=\"sc-hnEmYr jQvPyO\"><span dir=\"auto\" style=\"color: #000000;\">Caracter\u00edstica<\/span><\/div>\n<ul class=\"sc-cVxdjG eGKFBT\">\n<li class=\"sc-faswKr cbdoQa\"><span dir=\"auto\" style=\"color: #000000;\">Construcci\u00f3n ligera:\u00a0\u00a0<\/span><\/li>\n<li class=\"sc-faswKr cbdoQa\"><span dir=\"auto\" style=\"color: #000000;\">Materiales duraderos\u00a0<\/span><\/li>\n<li class=\"sc-faswKr cbdoQa\"><span dir=\"auto\" style=\"color: #000000;\">Opciones de transporte convenientes\u00a0<\/span><\/li>\n<\/ul>\n<\/div>\n<div>\n<div class=\"sc-hnEmYr jQvPyO\"><span dir=\"auto\" style=\"color: #000000;\">Tela<\/span><\/div>\n<p class=\"sc-dTSiUb ivUjcA\"><span dir=\"auto\" style=\"color: #000000;\">30% poli\u00e9ster reciclado, 60% polietileno, 10% poliamida<\/span><\/p>\n<\/div>\n<\/div>\n<\/div>\n<\/div>\n<\/div>\n<\/div>\n<\/div>\n<div class=\"sc-ioBwqd kpONTS\">\n<div>\n<div class=\"not-allowed-wrapper\"><\/div>\n<p><span style=\"color: #000000;\"><button class=\"sc-bdVaJa cUxqwj\" disabled=\"disabled\"><span dir=\"auto\">Agregar todas las variacion<\/span><\/button><\/span><\/div>\n<\/div>","protected":false},"excerpt":{"rendered":"<p>Tama\u00f1o 139 cm EAN 9010583284125 (104 marfil) EAN 9010583325828 (635 verde pizarra) Tama\u00f1o 152 cm EAN 9010583284118 (104 marfil) EAN 9010583325811 (635 verde pizarra) Tama\u00f1o 165 cm EAN 9010583284101 (104 marfil) EAN 9010583325804 (635 verde pizarra) Tama\u00f1o 186 cm EAN 9010583284132 (104 marfil) EAN 9010583325835 (635 verde pizarra) Presupuesto Tama\u00f1o: 140x43cm \/ 153x47cm \/ 167x50cm [&#8230;]","protected":false},"featured_media":10579,"comment_status":"open","ping_status":"closed","template":"","meta":{"spay_email":""},"product_cat":[157,113],"product_tag":[],"brands":[{"id":127,"name":"Duotone","slug":"duotone"},{"id":128,"name":"Ion","slug":"ion"}],"yoast_head":"<!-- This site is optimized with the Yoast SEO plugin v17.0 - https:\/\/yoast.com\/wordpress\/plugins\/seo\/ -->\n<title>Bolsa combinada DTK-Gearbag - Surfertarifa<\/title>\n<meta name=\"robots\" content=\"index, follow, max-snippet:-1, max-image-preview:large, max-video-preview:-1\" \/>\n<link rel=\"canonical\" href=\"https:\/\/surfertarifa.com\/en\/product\/bolsa-combinada-dtk-gearbag\/\" \/>\n<meta property=\"og:locale\" content=\"en_GB\" \/>\n<meta property=\"og:type\" content=\"article\" \/>\n<meta property=\"og:title\" content=\"Bolsa combinada DTK-Gearbag - Surfertarifa\" \/>\n<meta property=\"og:description\" content=\"Tama\u00f1o 139 cm EAN 9010583284125 (104 marfil) EAN 9010583325828 (635 verde pizarra) Tama\u00f1o 152 cm EAN 9010583284118 (104 marfil) EAN 9010583325811 (635 verde pizarra) Tama\u00f1o 165 cm EAN 9010583284101 (104 marfil) EAN 9010583325804 (635 verde pizarra) Tama\u00f1o 186 cm EAN 9010583284132 (104 marfil) EAN 9010583325835 (635 verde pizarra) Presupuesto Tama\u00f1o: 140x43cm \/ 153x47cm \/ 167x50cm [...]\" \/>\n<meta property=\"og:url\" content=\"https:\/\/surfertarifa.com\/en\/product\/bolsa-combinada-dtk-gearbag\/\" \/>\n<meta property=\"og:site_name\" content=\"Surfertarifa\" \/>\n<meta property=\"article:publisher\" content=\"https:\/\/es-es.facebook.com\/SurferTarifa\/\" \/>\n<meta property=\"article:modified_time\" content=\"2026-04-23T17:50:03+00:00\" \/>\n<meta name=\"twitter:card\" content=\"summary_large_image\" \/>\n<meta name=\"twitter:image\" content=\"https:\/\/surfertarifa.com\/wp-content\/uploads\/2026\/04\/1.webp\" \/>\n<meta name=\"twitter:label1\" content=\"Estimated reading time\" \/>\n\t<meta name=\"twitter:data1\" content=\"1 minute\" \/>\n<script type=\"application\/ld+json\" class=\"yoast-schema-graph\">{\"@context\":\"https:\/\/schema.org\",\"@graph\":[{\"@type\":\"Organization\",\"@id\":\"https:\/\/surfertarifa.com\/#organization\",\"name\":\"Surfertarifa\",\"url\":\"https:\/\/surfertarifa.com\/\",\"sameAs\":[\"https:\/\/es-es.facebook.com\/SurferTarifa\/\",\"https:\/\/www.instagram.com\/surfertarifa\/\"],\"logo\":{\"@type\":\"ImageObject\",\"@id\":\"https:\/\/surfertarifa.com\/#logo\",\"inLanguage\":\"en-GB\",\"url\":\"https:\/\/surfertarifa.com\/wp-content\/uploads\/2021\/04\/logo-surfer-1.png\",\"contentUrl\":\"https:\/\/surfertarifa.com\/wp-content\/uploads\/2021\/04\/logo-surfer-1.png\",\"width\":90,\"height\":90,\"caption\":\"Surfertarifa\"},\"image\":{\"@id\":\"https:\/\/surfertarifa.com\/#logo\"}},{\"@type\":\"WebSite\",\"@id\":\"https:\/\/surfertarifa.com\/#website\",\"url\":\"https:\/\/surfertarifa.com\/\",\"name\":\"Surfertarifa\",\"description\":\"Tienda de surf online\",\"publisher\":{\"@id\":\"https:\/\/surfertarifa.com\/#organization\"},\"potentialAction\":[{\"@type\":\"SearchAction\",\"target\":{\"@type\":\"EntryPoint\",\"urlTemplate\":\"https:\/\/surfertarifa.com\/?s={search_term_string}\"},\"query-input\":\"required name=search_term_string\"}],\"inLanguage\":\"en-GB\"},{\"@type\":\"ImageObject\",\"@id\":\"https:\/\/surfertarifa.com\/product\/bolsa-combinada-dtk-gearbag\/#primaryimage\",\"inLanguage\":\"en-GB\",\"url\":\"https:\/\/surfertarifa.com\/wp-content\/uploads\/2026\/04\/1.webp\",\"contentUrl\":\"https:\/\/surfertarifa.com\/wp-content\/uploads\/2026\/04\/1.webp\",\"width\":800,\"height\":588,\"caption\":\"Bolsa combinada DTK-Gearbag\"},{\"@type\":\"WebPage\",\"@id\":\"https:\/\/surfertarifa.com\/product\/bolsa-combinada-dtk-gearbag\/#webpage\",\"url\":\"https:\/\/surfertarifa.com\/product\/bolsa-combinada-dtk-gearbag\/\",\"name\":\"Bolsa combinada DTK-Gearbag - Surfertarifa\",\"isPartOf\":{\"@id\":\"https:\/\/surfertarifa.com\/#website\"},\"primaryImageOfPage\":{\"@id\":\"https:\/\/surfertarifa.com\/product\/bolsa-combinada-dtk-gearbag\/#primaryimage\"},\"datePublished\":\"2026-04-23T17:39:11+00:00\",\"dateModified\":\"2026-04-23T17:50:03+00:00\",\"breadcrumb\":{\"@id\":\"https:\/\/surfertarifa.com\/product\/bolsa-combinada-dtk-gearbag\/#breadcrumb\"},\"inLanguage\":\"en-GB\",\"potentialAction\":[{\"@type\":\"ReadAction\",\"target\":[\"https:\/\/surfertarifa.com\/product\/bolsa-combinada-dtk-gearbag\/\"]}]},{\"@type\":\"BreadcrumbList\",\"@id\":\"https:\/\/surfertarifa.com\/product\/bolsa-combinada-dtk-gearbag\/#breadcrumb\",\"itemListElement\":[{\"@type\":\"ListItem\",\"position\":1,\"name\":\"Portada\",\"item\":\"https:\/\/surfertarifa.com\/\"},{\"@type\":\"ListItem\",\"position\":2,\"name\":\"Shop\",\"item\":\"https:\/\/surfertarifa.com\/shop\/\"},{\"@type\":\"ListItem\",\"position\":3,\"name\":\"Bolsa combinada DTK-Gearbag\"}]}]}<\/script>\n<!-- \/ Yoast SEO plugin. -->","yoast_head_json":{"title":"Bolsa combinada DTK-Gearbag - Surfertarifa","robots":{"index":"index","follow":"follow","max-snippet":"max-snippet:-1","max-image-preview":"max-image-preview:large","max-video-preview":"max-video-preview:-1"},"canonical":"https:\/\/surfertarifa.com\/en\/product\/bolsa-combinada-dtk-gearbag\/","og_locale":"en_GB","og_type":"article","og_title":"Bolsa combinada DTK-Gearbag - Surfertarifa","og_description":"Tama\u00f1o 139 cm EAN 9010583284125 (104 marfil) EAN 9010583325828 (635 verde pizarra) Tama\u00f1o 152 cm EAN 9010583284118 (104 marfil) EAN 9010583325811 (635 verde pizarra) Tama\u00f1o 165 cm EAN 9010583284101 (104 marfil) EAN 9010583325804 (635 verde pizarra) Tama\u00f1o 186 cm EAN 9010583284132 (104 marfil) EAN 9010583325835 (635 verde pizarra) Presupuesto Tama\u00f1o: 140x43cm \/ 153x47cm \/ 167x50cm [...]","og_url":"https:\/\/surfertarifa.com\/en\/product\/bolsa-combinada-dtk-gearbag\/","og_site_name":"Surfertarifa","article_publisher":"https:\/\/es-es.facebook.com\/SurferTarifa\/","article_modified_time":"2026-04-23T17:50:03+00:00","twitter_card":"summary_large_image","twitter_image":"https:\/\/surfertarifa.com\/wp-content\/uploads\/2026\/04\/1.webp","twitter_misc":{"Estimated reading time":"1 minute"},"schema":{"@context":"https:\/\/schema.org","@graph":[{"@type":"Organization","@id":"https:\/\/surfertarifa.com\/#organization","name":"Surfertarifa","url":"https:\/\/surfertarifa.com\/","sameAs":["https:\/\/es-es.facebook.com\/SurferTarifa\/","https:\/\/www.instagram.com\/surfertarifa\/"],"logo":{"@type":"ImageObject","@id":"https:\/\/surfertarifa.com\/#logo","inLanguage":"en-GB","url":"https:\/\/surfertarifa.com\/wp-content\/uploads\/2021\/04\/logo-surfer-1.png","contentUrl":"https:\/\/surfertarifa.com\/wp-content\/uploads\/2021\/04\/logo-surfer-1.png","width":90,"height":90,"caption":"Surfertarifa"},"image":{"@id":"https:\/\/surfertarifa.com\/#logo"}},{"@type":"WebSite","@id":"https:\/\/surfertarifa.com\/#website","url":"https:\/\/surfertarifa.com\/","name":"Surfertarifa","description":"Tienda de surf online","publisher":{"@id":"https:\/\/surfertarifa.com\/#organization"},"potentialAction":[{"@type":"SearchAction","target":{"@type":"EntryPoint","urlTemplate":"https:\/\/surfertarifa.com\/?s={search_term_string}"},"query-input":"required name=search_term_string"}],"inLanguage":"en-GB"},{"@type":"ImageObject","@id":"https:\/\/surfertarifa.com\/product\/bolsa-combinada-dtk-gearbag\/#primaryimage","inLanguage":"en-GB","url":"https:\/\/surfertarifa.com\/wp-content\/uploads\/2026\/04\/1.webp","contentUrl":"https:\/\/surfertarifa.com\/wp-content\/uploads\/2026\/04\/1.webp","width":800,"height":588,"caption":"Bolsa combinada DTK-Gearbag"},{"@type":"WebPage","@id":"https:\/\/surfertarifa.com\/product\/bolsa-combinada-dtk-gearbag\/#webpage","url":"https:\/\/surfertarifa.com\/product\/bolsa-combinada-dtk-gearbag\/","name":"Bolsa combinada DTK-Gearbag - Surfertarifa","isPartOf":{"@id":"https:\/\/surfertarifa.com\/#website"},"primaryImageOfPage":{"@id":"https:\/\/surfertarifa.com\/product\/bolsa-combinada-dtk-gearbag\/#primaryimage"},"datePublished":"2026-04-23T17:39:11+00:00","dateModified":"2026-04-23T17:50:03+00:00","breadcrumb":{"@id":"https:\/\/surfertarifa.com\/product\/bolsa-combinada-dtk-gearbag\/#breadcrumb"},"inLanguage":"en-GB","potentialAction":[{"@type":"ReadAction","target":["https:\/\/surfertarifa.com\/product\/bolsa-combinada-dtk-gearbag\/"]}]},{"@type":"BreadcrumbList","@id":"https:\/\/surfertarifa.com\/product\/bolsa-combinada-dtk-gearbag\/#breadcrumb","itemListElement":[{"@type":"ListItem","position":1,"name":"Portada","item":"https:\/\/surfertarifa.com\/"},{"@type":"ListItem","position":2,"name":"Shop","item":"https:\/\/surfertarifa.com\/shop\/"},{"@type":"ListItem","position":3,"name":"Bolsa combinada DTK-Gearbag"}]}]}},"_links":{"self":[{"href":"https:\/\/surfertarifa.com\/en\/wp-json\/wp\/v2\/product\/10577"}],"collection":[{"href":"https:\/\/surfertarifa.com\/en\/wp-json\/wp\/v2\/product"}],"about":[{"href":"https:\/\/surfertarifa.com\/en\/wp-json\/wp\/v2\/types\/product"}],"replies":[{"embeddable":true,"href":"https:\/\/surfertarifa.com\/en\/wp-json\/wp\/v2\/comments?post=10577"}],"wp:featuredmedia":[{"embeddable":true,"href":"https:\/\/surfertarifa.com\/en\/wp-json\/wp\/v2\/media\/10579"}],"wp:attachment":[{"href":"https:\/\/surfertarifa.com\/en\/wp-json\/wp\/v2\/media?parent=10577"}],"wp:term":[{"taxonomy":"product_cat","embeddable":true,"href":"https:\/\/surfertarifa.com\/en\/wp-json\/wp\/v2\/product_cat?post=10577"},{"taxonomy":"product_tag","embeddable":true,"href":"https:\/\/surfertarifa.com\/en\/wp-json\/wp\/v2\/product_tag?post=10577"}],"curies":[{"name":"wp","href":"https:\/\/api.w.org\/{rel}","templated":true}]}}