{"id":1965,"date":"2021-05-09T20:26:38","date_gmt":"2021-05-09T20:26:38","guid":{"rendered":"https:\/\/surfertarifa.com\/?post_type=product&#038;p=1965"},"modified":"2025-10-17T10:28:56","modified_gmt":"2025-10-17T10:28:56","slug":"sudadera-catfun-surfer-tarifa-blanca","status":"publish","type":"product","link":"https:\/\/surfertarifa.com\/en\/product\/sudadera-catfun-surfer-tarifa-blanca\/","title":{"rendered":"Sudadera Cremallera Catfun Surfer Tarifa Blanca"},"content":{"rendered":"<p><span style=\"color: #000000;\">Sudadera de cremallera Catfun por Surfer Tarifa. Serigraf\u00eda en el pecho y en la espalda. 80 % Algod\u00f3n Org\u00e1nico y 20 % Polyester Reciclado. Desde 1986.\u00a0<\/span><\/p>","protected":false},"excerpt":{"rendered":"<p><span style=\"color: #000000;\">Sudadera de cremallera Catfun por Surfer Tarifa. Serigraf\u00eda en el pecho y en la espalda. 80 % Algod\u00f3n Org\u00e1nico y 20 % Polyester Reciclado. Desde 1986.\u00a0<\/span><\/p>","protected":false},"featured_media":1974,"comment_status":"open","ping_status":"closed","template":"","meta":{"spay_email":""},"product_cat":[110,111,134,147],"product_tag":[],"brands":[{"id":125,"name":"Surfer Tarifa","slug":"surfer-tarifa"}],"yoast_head":"<!-- This site is optimized with the Yoast SEO plugin v17.0 - https:\/\/yoast.com\/wordpress\/plugins\/seo\/ -->\n<title>Sudadera Cremallera Catfun Surfer Tarifa Blanca - Surfertarifa<\/title>\n<meta name=\"robots\" content=\"index, follow, max-snippet:-1, max-image-preview:large, max-video-preview:-1\" \/>\n<link rel=\"canonical\" href=\"https:\/\/surfertarifa.com\/en\/product\/sudadera-catfun-surfer-tarifa-blanca\/\" \/>\n<meta property=\"og:locale\" content=\"en_GB\" \/>\n<meta property=\"og:type\" content=\"article\" \/>\n<meta property=\"og:title\" content=\"Sudadera Cremallera Catfun Surfer Tarifa Blanca - Surfertarifa\" \/>\n<meta property=\"og:description\" content=\"Sudadera de cremallera Catfun por Surfer Tarifa. Serigraf\u00eda en el pecho y en la espalda. 80 % Algod\u00f3n Org\u00e1nico y 20 % Polyester Reciclado. Desde 1986.\u00a0\" \/>\n<meta property=\"og:url\" content=\"https:\/\/surfertarifa.com\/en\/product\/sudadera-catfun-surfer-tarifa-blanca\/\" \/>\n<meta property=\"og:site_name\" content=\"Surfertarifa\" \/>\n<meta property=\"article:publisher\" content=\"https:\/\/es-es.facebook.com\/SurferTarifa\/\" \/>\n<meta property=\"article:modified_time\" content=\"2025-10-17T10:28:56+00:00\" \/>\n<meta property=\"og:image\" content=\"https:\/\/surfertarifa.com\/wp-content\/uploads\/2021\/05\/IMG_4830-1.jpg\" \/>\n\t<meta property=\"og:image:width\" content=\"1000\" \/>\n\t<meta property=\"og:image:height\" content=\"1250\" \/>\n<meta name=\"twitter:card\" content=\"summary_large_image\" \/>\n<meta name=\"twitter:label1\" content=\"Estimated reading time\" \/>\n\t<meta name=\"twitter:data1\" content=\"1 minute\" \/>\n<script type=\"application\/ld+json\" class=\"yoast-schema-graph\">{\"@context\":\"https:\/\/schema.org\",\"@graph\":[{\"@type\":\"Organization\",\"@id\":\"https:\/\/surfertarifa.com\/#organization\",\"name\":\"Surfertarifa\",\"url\":\"https:\/\/surfertarifa.com\/\",\"sameAs\":[\"https:\/\/es-es.facebook.com\/SurferTarifa\/\",\"https:\/\/www.instagram.com\/surfertarifa\/\"],\"logo\":{\"@type\":\"ImageObject\",\"@id\":\"https:\/\/surfertarifa.com\/#logo\",\"inLanguage\":\"en-GB\",\"url\":\"https:\/\/surfertarifa.com\/wp-content\/uploads\/2021\/04\/logo-surfer-1.png\",\"contentUrl\":\"https:\/\/surfertarifa.com\/wp-content\/uploads\/2021\/04\/logo-surfer-1.png\",\"width\":90,\"height\":90,\"caption\":\"Surfertarifa\"},\"image\":{\"@id\":\"https:\/\/surfertarifa.com\/#logo\"}},{\"@type\":\"WebSite\",\"@id\":\"https:\/\/surfertarifa.com\/#website\",\"url\":\"https:\/\/surfertarifa.com\/\",\"name\":\"Surfertarifa\",\"description\":\"Tienda de surf online\",\"publisher\":{\"@id\":\"https:\/\/surfertarifa.com\/#organization\"},\"potentialAction\":[{\"@type\":\"SearchAction\",\"target\":{\"@type\":\"EntryPoint\",\"urlTemplate\":\"https:\/\/surfertarifa.com\/?s={search_term_string}\"},\"query-input\":\"required name=search_term_string\"}],\"inLanguage\":\"en-GB\"},{\"@type\":\"ImageObject\",\"@id\":\"https:\/\/surfertarifa.com\/product\/sudadera-catfun-surfer-tarifa-blanca\/#primaryimage\",\"inLanguage\":\"en-GB\",\"url\":\"https:\/\/surfertarifa.com\/wp-content\/uploads\/2021\/05\/IMG_4830-1.jpg\",\"contentUrl\":\"https:\/\/surfertarifa.com\/wp-content\/uploads\/2021\/05\/IMG_4830-1.jpg\",\"width\":1000,\"height\":1250,\"caption\":\"Sudadera catfun tarifa blanca\"},{\"@type\":\"WebPage\",\"@id\":\"https:\/\/surfertarifa.com\/product\/sudadera-catfun-surfer-tarifa-blanca\/#webpage\",\"url\":\"https:\/\/surfertarifa.com\/product\/sudadera-catfun-surfer-tarifa-blanca\/\",\"name\":\"Sudadera Cremallera Catfun Surfer Tarifa Blanca - Surfertarifa\",\"isPartOf\":{\"@id\":\"https:\/\/surfertarifa.com\/#website\"},\"primaryImageOfPage\":{\"@id\":\"https:\/\/surfertarifa.com\/product\/sudadera-catfun-surfer-tarifa-blanca\/#primaryimage\"},\"datePublished\":\"2021-05-09T20:26:38+00:00\",\"dateModified\":\"2025-10-17T10:28:56+00:00\",\"breadcrumb\":{\"@id\":\"https:\/\/surfertarifa.com\/product\/sudadera-catfun-surfer-tarifa-blanca\/#breadcrumb\"},\"inLanguage\":\"en-GB\",\"potentialAction\":[{\"@type\":\"ReadAction\",\"target\":[\"https:\/\/surfertarifa.com\/product\/sudadera-catfun-surfer-tarifa-blanca\/\"]}]},{\"@type\":\"BreadcrumbList\",\"@id\":\"https:\/\/surfertarifa.com\/product\/sudadera-catfun-surfer-tarifa-blanca\/#breadcrumb\",\"itemListElement\":[{\"@type\":\"ListItem\",\"position\":1,\"name\":\"Portada\",\"item\":\"https:\/\/surfertarifa.com\/\"},{\"@type\":\"ListItem\",\"position\":2,\"name\":\"Shop\",\"item\":\"https:\/\/surfertarifa.com\/shop\/\"},{\"@type\":\"ListItem\",\"position\":3,\"name\":\"Sudadera Cremallera Catfun Surfer Tarifa Blanca\"}]}]}<\/script>\n<!-- \/ Yoast SEO plugin. -->","yoast_head_json":{"title":"Sudadera Cremallera Catfun Surfer Tarifa Blanca - Surfertarifa","robots":{"index":"index","follow":"follow","max-snippet":"max-snippet:-1","max-image-preview":"max-image-preview:large","max-video-preview":"max-video-preview:-1"},"canonical":"https:\/\/surfertarifa.com\/en\/product\/sudadera-catfun-surfer-tarifa-blanca\/","og_locale":"en_GB","og_type":"article","og_title":"Sudadera Cremallera Catfun Surfer Tarifa Blanca - Surfertarifa","og_description":"Sudadera de cremallera Catfun por Surfer Tarifa. Serigraf\u00eda en el pecho y en la espalda. 80 % Algod\u00f3n Org\u00e1nico y 20 % Polyester Reciclado. Desde 1986.\u00a0","og_url":"https:\/\/surfertarifa.com\/en\/product\/sudadera-catfun-surfer-tarifa-blanca\/","og_site_name":"Surfertarifa","article_publisher":"https:\/\/es-es.facebook.com\/SurferTarifa\/","article_modified_time":"2025-10-17T10:28:56+00:00","og_image":[{"width":1000,"height":1250,"url":"https:\/\/surfertarifa.com\/wp-content\/uploads\/2021\/05\/IMG_4830-1.jpg","path":"\/home\/surferta\/public_html\/wp-content\/uploads\/2021\/05\/IMG_4830-1.jpg","size":"full","id":1974,"alt":"Sudadera catfun tarifa blanca","pixels":1250000,"type":"image\/jpeg"}],"twitter_card":"summary_large_image","twitter_misc":{"Estimated reading time":"1 minute"},"schema":{"@context":"https:\/\/schema.org","@graph":[{"@type":"Organization","@id":"https:\/\/surfertarifa.com\/#organization","name":"Surfertarifa","url":"https:\/\/surfertarifa.com\/","sameAs":["https:\/\/es-es.facebook.com\/SurferTarifa\/","https:\/\/www.instagram.com\/surfertarifa\/"],"logo":{"@type":"ImageObject","@id":"https:\/\/surfertarifa.com\/#logo","inLanguage":"en-GB","url":"https:\/\/surfertarifa.com\/wp-content\/uploads\/2021\/04\/logo-surfer-1.png","contentUrl":"https:\/\/surfertarifa.com\/wp-content\/uploads\/2021\/04\/logo-surfer-1.png","width":90,"height":90,"caption":"Surfertarifa"},"image":{"@id":"https:\/\/surfertarifa.com\/#logo"}},{"@type":"WebSite","@id":"https:\/\/surfertarifa.com\/#website","url":"https:\/\/surfertarifa.com\/","name":"Surfertarifa","description":"Tienda de surf online","publisher":{"@id":"https:\/\/surfertarifa.com\/#organization"},"potentialAction":[{"@type":"SearchAction","target":{"@type":"EntryPoint","urlTemplate":"https:\/\/surfertarifa.com\/?s={search_term_string}"},"query-input":"required name=search_term_string"}],"inLanguage":"en-GB"},{"@type":"ImageObject","@id":"https:\/\/surfertarifa.com\/product\/sudadera-catfun-surfer-tarifa-blanca\/#primaryimage","inLanguage":"en-GB","url":"https:\/\/surfertarifa.com\/wp-content\/uploads\/2021\/05\/IMG_4830-1.jpg","contentUrl":"https:\/\/surfertarifa.com\/wp-content\/uploads\/2021\/05\/IMG_4830-1.jpg","width":1000,"height":1250,"caption":"Sudadera catfun tarifa blanca"},{"@type":"WebPage","@id":"https:\/\/surfertarifa.com\/product\/sudadera-catfun-surfer-tarifa-blanca\/#webpage","url":"https:\/\/surfertarifa.com\/product\/sudadera-catfun-surfer-tarifa-blanca\/","name":"Sudadera Cremallera Catfun Surfer Tarifa Blanca - Surfertarifa","isPartOf":{"@id":"https:\/\/surfertarifa.com\/#website"},"primaryImageOfPage":{"@id":"https:\/\/surfertarifa.com\/product\/sudadera-catfun-surfer-tarifa-blanca\/#primaryimage"},"datePublished":"2021-05-09T20:26:38+00:00","dateModified":"2025-10-17T10:28:56+00:00","breadcrumb":{"@id":"https:\/\/surfertarifa.com\/product\/sudadera-catfun-surfer-tarifa-blanca\/#breadcrumb"},"inLanguage":"en-GB","potentialAction":[{"@type":"ReadAction","target":["https:\/\/surfertarifa.com\/product\/sudadera-catfun-surfer-tarifa-blanca\/"]}]},{"@type":"BreadcrumbList","@id":"https:\/\/surfertarifa.com\/product\/sudadera-catfun-surfer-tarifa-blanca\/#breadcrumb","itemListElement":[{"@type":"ListItem","position":1,"name":"Portada","item":"https:\/\/surfertarifa.com\/"},{"@type":"ListItem","position":2,"name":"Shop","item":"https:\/\/surfertarifa.com\/shop\/"},{"@type":"ListItem","position":3,"name":"Sudadera Cremallera Catfun Surfer Tarifa Blanca"}]}]}},"_links":{"self":[{"href":"https:\/\/surfertarifa.com\/en\/wp-json\/wp\/v2\/product\/1965"}],"collection":[{"href":"https:\/\/surfertarifa.com\/en\/wp-json\/wp\/v2\/product"}],"about":[{"href":"https:\/\/surfertarifa.com\/en\/wp-json\/wp\/v2\/types\/product"}],"replies":[{"embeddable":true,"href":"https:\/\/surfertarifa.com\/en\/wp-json\/wp\/v2\/comments?post=1965"}],"wp:featuredmedia":[{"embeddable":true,"href":"https:\/\/surfertarifa.com\/en\/wp-json\/wp\/v2\/media\/1974"}],"wp:attachment":[{"href":"https:\/\/surfertarifa.com\/en\/wp-json\/wp\/v2\/media?parent=1965"}],"wp:term":[{"taxonomy":"product_cat","embeddable":true,"href":"https:\/\/surfertarifa.com\/en\/wp-json\/wp\/v2\/product_cat?post=1965"},{"taxonomy":"product_tag","embeddable":true,"href":"https:\/\/surfertarifa.com\/en\/wp-json\/wp\/v2\/product_tag?post=1965"}],"curies":[{"name":"wp","href":"https:\/\/api.w.org\/{rel}","templated":true}]}}