{"id":2682,"date":"2021-05-16T14:44:14","date_gmt":"2021-05-16T14:44:14","guid":{"rendered":"https:\/\/surfertarifa.com\/?post_type=product&#038;p=2682"},"modified":"2025-03-20T18:03:49","modified_gmt":"2025-03-20T18:03:49","slug":"sudadera-nino-catfun-surfer-tarifa-gris","status":"publish","type":"product","link":"https:\/\/surfertarifa.com\/en\/product\/sudadera-nino-catfun-surfer-tarifa-gris\/","title":{"rendered":"Sudadera Ni\u00f1o Catfun Surfer Tarifa Gris"},"content":{"rendered":"<p><span style=\"color: #000000;\">Sudadera de Catfun por Surfer Tarifa. Serigraf\u00eda en el pecho y en la espalda. 100 % Algod\u00f3n Org\u00e1nico. Desde 1986.\u00a0<\/span><\/p>","protected":false},"excerpt":{"rendered":"<p><span style=\"color: #000000;\">Sudadera de Catfun por Surfer Tarifa. Serigraf\u00eda en el pecho y en la espalda. 100 % Algod\u00f3n Org\u00e1nico. Desde 1986.\u00a0<\/span><\/p>","protected":false},"featured_media":2704,"comment_status":"open","ping_status":"closed","template":"","meta":{"spay_email":""},"product_cat":[170,171],"product_tag":[],"brands":[{"id":125,"name":"Surfer Tarifa","slug":"surfer-tarifa"}],"yoast_head":"<!-- This site is optimized with the Yoast SEO plugin v17.0 - https:\/\/yoast.com\/wordpress\/plugins\/seo\/ -->\n<title>Sudadera Ni\u00f1o Catfun Surfer Tarifa Gris - Surfertarifa<\/title>\n<meta name=\"robots\" content=\"index, follow, max-snippet:-1, max-image-preview:large, max-video-preview:-1\" \/>\n<link rel=\"canonical\" href=\"https:\/\/surfertarifa.com\/en\/product\/sudadera-nino-catfun-surfer-tarifa-gris\/\" \/>\n<meta property=\"og:locale\" content=\"en_GB\" \/>\n<meta property=\"og:type\" content=\"article\" \/>\n<meta property=\"og:title\" content=\"Sudadera Ni\u00f1o Catfun Surfer Tarifa Gris - Surfertarifa\" \/>\n<meta property=\"og:description\" content=\"Sudadera de Catfun por Surfer Tarifa. Serigraf\u00eda en el pecho y en la espalda. 100 % Algod\u00f3n Org\u00e1nico. Desde 1986.\u00a0\" \/>\n<meta property=\"og:url\" content=\"https:\/\/surfertarifa.com\/en\/product\/sudadera-nino-catfun-surfer-tarifa-gris\/\" \/>\n<meta property=\"og:site_name\" content=\"Surfertarifa\" \/>\n<meta property=\"article:publisher\" content=\"https:\/\/es-es.facebook.com\/SurferTarifa\/\" \/>\n<meta property=\"article:modified_time\" content=\"2025-03-20T18:03:49+00:00\" \/>\n<meta property=\"og:image\" content=\"https:\/\/surfertarifa.com\/wp-content\/uploads\/2021\/05\/IMG_4943.png\" \/>\n\t<meta property=\"og:image:width\" content=\"1000\" \/>\n\t<meta property=\"og:image:height\" content=\"961\" \/>\n<meta name=\"twitter:card\" content=\"summary_large_image\" \/>\n<meta name=\"twitter:label1\" content=\"Estimated reading time\" \/>\n\t<meta name=\"twitter:data1\" content=\"1 minute\" \/>\n<script type=\"application\/ld+json\" class=\"yoast-schema-graph\">{\"@context\":\"https:\/\/schema.org\",\"@graph\":[{\"@type\":\"Organization\",\"@id\":\"https:\/\/surfertarifa.com\/#organization\",\"name\":\"Surfertarifa\",\"url\":\"https:\/\/surfertarifa.com\/\",\"sameAs\":[\"https:\/\/es-es.facebook.com\/SurferTarifa\/\",\"https:\/\/www.instagram.com\/surfertarifa\/\"],\"logo\":{\"@type\":\"ImageObject\",\"@id\":\"https:\/\/surfertarifa.com\/#logo\",\"inLanguage\":\"en-GB\",\"url\":\"https:\/\/surfertarifa.com\/wp-content\/uploads\/2021\/04\/logo-surfer-1.png\",\"contentUrl\":\"https:\/\/surfertarifa.com\/wp-content\/uploads\/2021\/04\/logo-surfer-1.png\",\"width\":90,\"height\":90,\"caption\":\"Surfertarifa\"},\"image\":{\"@id\":\"https:\/\/surfertarifa.com\/#logo\"}},{\"@type\":\"WebSite\",\"@id\":\"https:\/\/surfertarifa.com\/#website\",\"url\":\"https:\/\/surfertarifa.com\/\",\"name\":\"Surfertarifa\",\"description\":\"Tienda de surf online\",\"publisher\":{\"@id\":\"https:\/\/surfertarifa.com\/#organization\"},\"potentialAction\":[{\"@type\":\"SearchAction\",\"target\":{\"@type\":\"EntryPoint\",\"urlTemplate\":\"https:\/\/surfertarifa.com\/?s={search_term_string}\"},\"query-input\":\"required name=search_term_string\"}],\"inLanguage\":\"en-GB\"},{\"@type\":\"ImageObject\",\"@id\":\"https:\/\/surfertarifa.com\/product\/sudadera-nino-catfun-surfer-tarifa-gris\/#primaryimage\",\"inLanguage\":\"en-GB\",\"url\":\"https:\/\/surfertarifa.com\/wp-content\/uploads\/2021\/05\/IMG_4943.png\",\"contentUrl\":\"https:\/\/surfertarifa.com\/wp-content\/uploads\/2021\/05\/IMG_4943.png\",\"width\":1000,\"height\":961},{\"@type\":\"WebPage\",\"@id\":\"https:\/\/surfertarifa.com\/product\/sudadera-nino-catfun-surfer-tarifa-gris\/#webpage\",\"url\":\"https:\/\/surfertarifa.com\/product\/sudadera-nino-catfun-surfer-tarifa-gris\/\",\"name\":\"Sudadera Ni\\u00f1o Catfun Surfer Tarifa Gris - Surfertarifa\",\"isPartOf\":{\"@id\":\"https:\/\/surfertarifa.com\/#website\"},\"primaryImageOfPage\":{\"@id\":\"https:\/\/surfertarifa.com\/product\/sudadera-nino-catfun-surfer-tarifa-gris\/#primaryimage\"},\"datePublished\":\"2021-05-16T14:44:14+00:00\",\"dateModified\":\"2025-03-20T18:03:49+00:00\",\"breadcrumb\":{\"@id\":\"https:\/\/surfertarifa.com\/product\/sudadera-nino-catfun-surfer-tarifa-gris\/#breadcrumb\"},\"inLanguage\":\"en-GB\",\"potentialAction\":[{\"@type\":\"ReadAction\",\"target\":[\"https:\/\/surfertarifa.com\/product\/sudadera-nino-catfun-surfer-tarifa-gris\/\"]}]},{\"@type\":\"BreadcrumbList\",\"@id\":\"https:\/\/surfertarifa.com\/product\/sudadera-nino-catfun-surfer-tarifa-gris\/#breadcrumb\",\"itemListElement\":[{\"@type\":\"ListItem\",\"position\":1,\"name\":\"Portada\",\"item\":\"https:\/\/surfertarifa.com\/\"},{\"@type\":\"ListItem\",\"position\":2,\"name\":\"Shop\",\"item\":\"https:\/\/surfertarifa.com\/shop\/\"},{\"@type\":\"ListItem\",\"position\":3,\"name\":\"Sudadera Ni\\u00f1o Catfun Surfer Tarifa Gris\"}]}]}<\/script>\n<!-- \/ Yoast SEO plugin. -->","yoast_head_json":{"title":"Sudadera Ni\u00f1o Catfun Surfer Tarifa Gris - Surfertarifa","robots":{"index":"index","follow":"follow","max-snippet":"max-snippet:-1","max-image-preview":"max-image-preview:large","max-video-preview":"max-video-preview:-1"},"canonical":"https:\/\/surfertarifa.com\/en\/product\/sudadera-nino-catfun-surfer-tarifa-gris\/","og_locale":"en_GB","og_type":"article","og_title":"Sudadera Ni\u00f1o Catfun Surfer Tarifa Gris - Surfertarifa","og_description":"Sudadera de Catfun por Surfer Tarifa. Serigraf\u00eda en el pecho y en la espalda. 100 % Algod\u00f3n Org\u00e1nico. Desde 1986.\u00a0","og_url":"https:\/\/surfertarifa.com\/en\/product\/sudadera-nino-catfun-surfer-tarifa-gris\/","og_site_name":"Surfertarifa","article_publisher":"https:\/\/es-es.facebook.com\/SurferTarifa\/","article_modified_time":"2025-03-20T18:03:49+00:00","og_image":[{"width":1000,"height":961,"url":"https:\/\/surfertarifa.com\/wp-content\/uploads\/2021\/05\/IMG_4943.png","path":"\/home\/surferta\/public_html\/wp-content\/uploads\/2021\/05\/IMG_4943.png","size":"full","id":2704,"alt":"","pixels":961000,"type":"image\/png"}],"twitter_card":"summary_large_image","twitter_misc":{"Estimated reading time":"1 minute"},"schema":{"@context":"https:\/\/schema.org","@graph":[{"@type":"Organization","@id":"https:\/\/surfertarifa.com\/#organization","name":"Surfertarifa","url":"https:\/\/surfertarifa.com\/","sameAs":["https:\/\/es-es.facebook.com\/SurferTarifa\/","https:\/\/www.instagram.com\/surfertarifa\/"],"logo":{"@type":"ImageObject","@id":"https:\/\/surfertarifa.com\/#logo","inLanguage":"en-GB","url":"https:\/\/surfertarifa.com\/wp-content\/uploads\/2021\/04\/logo-surfer-1.png","contentUrl":"https:\/\/surfertarifa.com\/wp-content\/uploads\/2021\/04\/logo-surfer-1.png","width":90,"height":90,"caption":"Surfertarifa"},"image":{"@id":"https:\/\/surfertarifa.com\/#logo"}},{"@type":"WebSite","@id":"https:\/\/surfertarifa.com\/#website","url":"https:\/\/surfertarifa.com\/","name":"Surfertarifa","description":"Tienda de surf online","publisher":{"@id":"https:\/\/surfertarifa.com\/#organization"},"potentialAction":[{"@type":"SearchAction","target":{"@type":"EntryPoint","urlTemplate":"https:\/\/surfertarifa.com\/?s={search_term_string}"},"query-input":"required name=search_term_string"}],"inLanguage":"en-GB"},{"@type":"ImageObject","@id":"https:\/\/surfertarifa.com\/product\/sudadera-nino-catfun-surfer-tarifa-gris\/#primaryimage","inLanguage":"en-GB","url":"https:\/\/surfertarifa.com\/wp-content\/uploads\/2021\/05\/IMG_4943.png","contentUrl":"https:\/\/surfertarifa.com\/wp-content\/uploads\/2021\/05\/IMG_4943.png","width":1000,"height":961},{"@type":"WebPage","@id":"https:\/\/surfertarifa.com\/product\/sudadera-nino-catfun-surfer-tarifa-gris\/#webpage","url":"https:\/\/surfertarifa.com\/product\/sudadera-nino-catfun-surfer-tarifa-gris\/","name":"Sudadera Ni\u00f1o Catfun Surfer Tarifa Gris - Surfertarifa","isPartOf":{"@id":"https:\/\/surfertarifa.com\/#website"},"primaryImageOfPage":{"@id":"https:\/\/surfertarifa.com\/product\/sudadera-nino-catfun-surfer-tarifa-gris\/#primaryimage"},"datePublished":"2021-05-16T14:44:14+00:00","dateModified":"2025-03-20T18:03:49+00:00","breadcrumb":{"@id":"https:\/\/surfertarifa.com\/product\/sudadera-nino-catfun-surfer-tarifa-gris\/#breadcrumb"},"inLanguage":"en-GB","potentialAction":[{"@type":"ReadAction","target":["https:\/\/surfertarifa.com\/product\/sudadera-nino-catfun-surfer-tarifa-gris\/"]}]},{"@type":"BreadcrumbList","@id":"https:\/\/surfertarifa.com\/product\/sudadera-nino-catfun-surfer-tarifa-gris\/#breadcrumb","itemListElement":[{"@type":"ListItem","position":1,"name":"Portada","item":"https:\/\/surfertarifa.com\/"},{"@type":"ListItem","position":2,"name":"Shop","item":"https:\/\/surfertarifa.com\/shop\/"},{"@type":"ListItem","position":3,"name":"Sudadera Ni\u00f1o Catfun Surfer Tarifa Gris"}]}]}},"_links":{"self":[{"href":"https:\/\/surfertarifa.com\/en\/wp-json\/wp\/v2\/product\/2682"}],"collection":[{"href":"https:\/\/surfertarifa.com\/en\/wp-json\/wp\/v2\/product"}],"about":[{"href":"https:\/\/surfertarifa.com\/en\/wp-json\/wp\/v2\/types\/product"}],"replies":[{"embeddable":true,"href":"https:\/\/surfertarifa.com\/en\/wp-json\/wp\/v2\/comments?post=2682"}],"wp:featuredmedia":[{"embeddable":true,"href":"https:\/\/surfertarifa.com\/en\/wp-json\/wp\/v2\/media\/2704"}],"wp:attachment":[{"href":"https:\/\/surfertarifa.com\/en\/wp-json\/wp\/v2\/media?parent=2682"}],"wp:term":[{"taxonomy":"product_cat","embeddable":true,"href":"https:\/\/surfertarifa.com\/en\/wp-json\/wp\/v2\/product_cat?post=2682"},{"taxonomy":"product_tag","embeddable":true,"href":"https:\/\/surfertarifa.com\/en\/wp-json\/wp\/v2\/product_tag?post=2682"}],"curies":[{"name":"wp","href":"https:\/\/api.w.org\/{rel}","templated":true}]}}