{"id":3646,"date":"2021-07-31T17:56:52","date_gmt":"2021-07-31T17:56:52","guid":{"rendered":"https:\/\/surfertarifa.com\/?post_type=product&#038;p=3646"},"modified":"2025-03-21T17:38:00","modified_gmt":"2025-03-21T17:38:00","slug":"surflogic-waterproof-car-seat-cover-black-funda-impermeable-para-coche","status":"publish","type":"product","link":"https:\/\/surfertarifa.com\/en\/product\/surflogic-waterproof-car-seat-cover-black-funda-impermeable-para-coche\/","title":{"rendered":"SURFLOGIC WATERPROOF CAR SEAT COVER BLACK \/ Funda Impermeable para Coche"},"content":{"rendered":"<section id=\"shopify-section-template--24407000646013__collapsible-content\" class=\"shopify-section section\">\n<div class=\"color-background-1 gradient\">\n<div class=\"collapsible-content collapsible-row-layout isolate\">\n<div class=\"collapsible-content__wrapper section-template--24407000646013__collapsible-content-padding\">\n<div class=\"collapsible-content-wrapper-narrow\">\n<div class=\"grid grid--1-col grid--2-col-tablet collapsible-content__grid collapsible-content__grid--reverse scroll-trigger animate--slide-in\">\n<div class=\"grid__item\">\n<div class=\"accordion content-container color-accent-1 gradient\">\n<details id=\"Details-row-1-template--24407000646013__collapsible-content\" open=\"\">\n<h3 class=\"accordion__title inline-richtext h4\"><span style=\"color: #000000;\">DESCRIPCI\u00d3N<\/span><\/h3>\n<div id=\"CollapsibleAccordion-row-1-template--24407000646013__collapsible-content\" class=\"accordion__content rte\" role=\"region\" aria-labelledby=\"Summary-row-1-template--24407000646013__collapsible-content\">\n<p><span style=\"color: #000000;\">LA FUNDA DE COCHE IMPERMEABLE SINGLE\u00a0HAWAII<\/span><\/p>\n<p><span style=\"color: #000000;\">La funda del asiento del coche est\u00e1 dise\u00f1ada para proteger el asiento del agua, la suciedad, etc.<\/span><\/p>\n<h4><span style=\"color: #000000;\"><strong>Caracter\u00edsticas funda asiento coche<\/strong><\/span><\/h4>\n<ul>\n<li><span style=\"color: #000000;\">Material resistente y resistente al agua(600D polyester)<\/span><\/li>\n<li><span style=\"color: #000000;\">Protege los asientos del coche de agua, arena, suciedad, comida, etc.<\/span><\/li>\n<li><span style=\"color: #000000;\">Se adapta a la mayor\u00eda de los asientos delanteros individuales de coches y furgonetas<\/span><\/li>\n<li><span style=\"color: #000000;\">Acceso con velcro para reposabrazos<\/span><\/li>\n<li><span style=\"color: #000000;\">F\u00e1cil de poner y quitar<\/span><\/li>\n<li><span style=\"color: #000000;\">No est\u00e1 dise\u00f1ado para asientos individuales traseros (para asientos individuales traseros, usar el modelo \u00abuniversal\u00bb)<\/span><\/li>\n<\/ul>\n<p>&nbsp;<\/p>\n<p><span style=\"color: #000000;\">Medidas: 55 x 130 cm \/ 21.65\u201d x 51.18\u2033<\/span><\/p>\n<h4><span style=\"color: #000000;\">Recomendado para<\/span><\/h4>\n<p><span style=\"color: #000000;\">Surf, SUP, windsurf, kitesurf, Buceo, kayak, descenso de ca\u00f1ones, esqu\u00ed acu\u00e1tico y cualquier otro deporte al aire libre.<\/span><\/p>\n<\/div>\n<\/details>\n<\/div>\n<\/div>\n<\/div>\n<\/div>\n<\/div>\n<\/div>\n<\/div>\n<\/section>\n<section id=\"shopify-section-template--24407000646013__c25575e2-0982-4a7f-abce-5b9e64ce71e8\" class=\"shopify-section section\">\n<div class=\"color-background-1 isolate gradient\">\n<div id=\"collection-template--24407000646013__c25575e2-0982-4a7f-abce-5b9e64ce71e8\" class=\"collection section-template--24407000646013__c25575e2-0982-4a7f-abce-5b9e64ce71e8-padding collection--full-width\" data-id=\"template--24407000646013__c25575e2-0982-4a7f-abce-5b9e64ce71e8\">\n<div class=\"collection__title title-wrapper title-wrapper--no-top-margin page-width title-wrapper--self-padded-tablet-down collection__title--desktop-slider\">\n<h2 class=\"title inline-richtext h1 scroll-trigger animate--slide-in scroll-trigger--offscreen\"><\/h2>\n<\/div>\n<\/div>\n<\/div>\n<\/section>","protected":false},"excerpt":{"rendered":"<p>DESCRIPCI\u00d3N LA FUNDA DE COCHE IMPERMEABLE SINGLE\u00a0HAWAII La funda del asiento del coche est\u00e1 dise\u00f1ada para proteger el asiento del agua, la suciedad, etc. Caracter\u00edsticas funda asiento coche Material resistente y resistente al agua(600D polyester) Protege los asientos del coche de agua, arena, suciedad, comida, etc. Se adapta a la mayor\u00eda de los asientos delanteros [&#8230;]","protected":false},"featured_media":3648,"comment_status":"open","ping_status":"closed","template":"","meta":{"spay_email":""},"product_cat":[113,198,197,199],"product_tag":[],"brands":[{"id":218,"name":"Surflogic","slug":"surflogic"}],"yoast_head":"<!-- This site is optimized with the Yoast SEO plugin v17.0 - https:\/\/yoast.com\/wordpress\/plugins\/seo\/ -->\n<title>SURFLOGIC WATERPROOF CAR SEAT COVER BLACK \/ Funda Impermeable para Coche - Surfertarifa<\/title>\n<meta name=\"robots\" content=\"index, follow, max-snippet:-1, max-image-preview:large, max-video-preview:-1\" \/>\n<link rel=\"canonical\" href=\"https:\/\/surfertarifa.com\/en\/product\/surflogic-waterproof-car-seat-cover-black-funda-impermeable-para-coche\/\" \/>\n<meta property=\"og:locale\" content=\"en_GB\" \/>\n<meta property=\"og:type\" content=\"article\" \/>\n<meta property=\"og:title\" content=\"SURFLOGIC WATERPROOF CAR SEAT COVER BLACK \/ Funda Impermeable para Coche - Surfertarifa\" \/>\n<meta property=\"og:description\" content=\"DESCRIPCI\u00d3N LA FUNDA DE COCHE IMPERMEABLE SINGLE\u00a0HAWAII La funda del asiento del coche est\u00e1 dise\u00f1ada para proteger el asiento del agua, la suciedad, etc. Caracter\u00edsticas funda asiento coche Material resistente y resistente al agua(600D polyester) Protege los asientos del coche de agua, arena, suciedad, comida, etc. Se adapta a la mayor\u00eda de los asientos delanteros [...]\" \/>\n<meta property=\"og:url\" content=\"https:\/\/surfertarifa.com\/en\/product\/surflogic-waterproof-car-seat-cover-black-funda-impermeable-para-coche\/\" \/>\n<meta property=\"og:site_name\" content=\"Surfertarifa\" \/>\n<meta property=\"article:publisher\" content=\"https:\/\/es-es.facebook.com\/SurferTarifa\/\" \/>\n<meta property=\"article:modified_time\" content=\"2025-03-21T17:38:00+00:00\" \/>\n<meta property=\"og:image\" content=\"https:\/\/surfertarifa.com\/wp-content\/uploads\/2021\/07\/waterproof-car-seat-cover-500x500-1.jpg\" \/>\n\t<meta property=\"og:image:width\" content=\"500\" \/>\n\t<meta property=\"og:image:height\" content=\"500\" \/>\n<meta name=\"twitter:card\" content=\"summary_large_image\" \/>\n<meta name=\"twitter:label1\" content=\"Estimated reading time\" \/>\n\t<meta name=\"twitter:data1\" content=\"1 minute\" \/>\n<script type=\"application\/ld+json\" class=\"yoast-schema-graph\">{\"@context\":\"https:\/\/schema.org\",\"@graph\":[{\"@type\":\"Organization\",\"@id\":\"https:\/\/surfertarifa.com\/#organization\",\"name\":\"Surfertarifa\",\"url\":\"https:\/\/surfertarifa.com\/\",\"sameAs\":[\"https:\/\/es-es.facebook.com\/SurferTarifa\/\",\"https:\/\/www.instagram.com\/surfertarifa\/\"],\"logo\":{\"@type\":\"ImageObject\",\"@id\":\"https:\/\/surfertarifa.com\/#logo\",\"inLanguage\":\"en-GB\",\"url\":\"https:\/\/surfertarifa.com\/wp-content\/uploads\/2021\/04\/logo-surfer-1.png\",\"contentUrl\":\"https:\/\/surfertarifa.com\/wp-content\/uploads\/2021\/04\/logo-surfer-1.png\",\"width\":90,\"height\":90,\"caption\":\"Surfertarifa\"},\"image\":{\"@id\":\"https:\/\/surfertarifa.com\/#logo\"}},{\"@type\":\"WebSite\",\"@id\":\"https:\/\/surfertarifa.com\/#website\",\"url\":\"https:\/\/surfertarifa.com\/\",\"name\":\"Surfertarifa\",\"description\":\"Tienda de surf online\",\"publisher\":{\"@id\":\"https:\/\/surfertarifa.com\/#organization\"},\"potentialAction\":[{\"@type\":\"SearchAction\",\"target\":{\"@type\":\"EntryPoint\",\"urlTemplate\":\"https:\/\/surfertarifa.com\/?s={search_term_string}\"},\"query-input\":\"required name=search_term_string\"}],\"inLanguage\":\"en-GB\"},{\"@type\":\"ImageObject\",\"@id\":\"https:\/\/surfertarifa.com\/product\/surflogic-waterproof-car-seat-cover-black-funda-impermeable-para-coche\/#primaryimage\",\"inLanguage\":\"en-GB\",\"url\":\"https:\/\/surfertarifa.com\/wp-content\/uploads\/2021\/07\/waterproof-car-seat-cover-500x500-1.jpg\",\"contentUrl\":\"https:\/\/surfertarifa.com\/wp-content\/uploads\/2021\/07\/waterproof-car-seat-cover-500x500-1.jpg\",\"width\":500,\"height\":500},{\"@type\":\"WebPage\",\"@id\":\"https:\/\/surfertarifa.com\/product\/surflogic-waterproof-car-seat-cover-black-funda-impermeable-para-coche\/#webpage\",\"url\":\"https:\/\/surfertarifa.com\/product\/surflogic-waterproof-car-seat-cover-black-funda-impermeable-para-coche\/\",\"name\":\"SURFLOGIC WATERPROOF CAR SEAT COVER BLACK \/ Funda Impermeable para Coche - Surfertarifa\",\"isPartOf\":{\"@id\":\"https:\/\/surfertarifa.com\/#website\"},\"primaryImageOfPage\":{\"@id\":\"https:\/\/surfertarifa.com\/product\/surflogic-waterproof-car-seat-cover-black-funda-impermeable-para-coche\/#primaryimage\"},\"datePublished\":\"2021-07-31T17:56:52+00:00\",\"dateModified\":\"2025-03-21T17:38:00+00:00\",\"breadcrumb\":{\"@id\":\"https:\/\/surfertarifa.com\/product\/surflogic-waterproof-car-seat-cover-black-funda-impermeable-para-coche\/#breadcrumb\"},\"inLanguage\":\"en-GB\",\"potentialAction\":[{\"@type\":\"ReadAction\",\"target\":[\"https:\/\/surfertarifa.com\/product\/surflogic-waterproof-car-seat-cover-black-funda-impermeable-para-coche\/\"]}]},{\"@type\":\"BreadcrumbList\",\"@id\":\"https:\/\/surfertarifa.com\/product\/surflogic-waterproof-car-seat-cover-black-funda-impermeable-para-coche\/#breadcrumb\",\"itemListElement\":[{\"@type\":\"ListItem\",\"position\":1,\"name\":\"Portada\",\"item\":\"https:\/\/surfertarifa.com\/\"},{\"@type\":\"ListItem\",\"position\":2,\"name\":\"Shop\",\"item\":\"https:\/\/surfertarifa.com\/shop\/\"},{\"@type\":\"ListItem\",\"position\":3,\"name\":\"SURFLOGIC WATERPROOF CAR SEAT COVER BLACK \/ Funda Impermeable para Coche\"}]}]}<\/script>\n<!-- \/ Yoast SEO plugin. -->","yoast_head_json":{"title":"SURFLOGIC WATERPROOF CAR SEAT COVER BLACK \/ Funda Impermeable para Coche - Surfertarifa","robots":{"index":"index","follow":"follow","max-snippet":"max-snippet:-1","max-image-preview":"max-image-preview:large","max-video-preview":"max-video-preview:-1"},"canonical":"https:\/\/surfertarifa.com\/en\/product\/surflogic-waterproof-car-seat-cover-black-funda-impermeable-para-coche\/","og_locale":"en_GB","og_type":"article","og_title":"SURFLOGIC WATERPROOF CAR SEAT COVER BLACK \/ Funda Impermeable para Coche - Surfertarifa","og_description":"DESCRIPCI\u00d3N LA FUNDA DE COCHE IMPERMEABLE SINGLE\u00a0HAWAII La funda del asiento del coche est\u00e1 dise\u00f1ada para proteger el asiento del agua, la suciedad, etc. Caracter\u00edsticas funda asiento coche Material resistente y resistente al agua(600D polyester) Protege los asientos del coche de agua, arena, suciedad, comida, etc. Se adapta a la mayor\u00eda de los asientos delanteros [...]","og_url":"https:\/\/surfertarifa.com\/en\/product\/surflogic-waterproof-car-seat-cover-black-funda-impermeable-para-coche\/","og_site_name":"Surfertarifa","article_publisher":"https:\/\/es-es.facebook.com\/SurferTarifa\/","article_modified_time":"2025-03-21T17:38:00+00:00","og_image":[{"width":500,"height":500,"url":"https:\/\/surfertarifa.com\/wp-content\/uploads\/2021\/07\/waterproof-car-seat-cover-500x500-1.jpg","path":"\/home\/surferta\/public_html\/wp-content\/uploads\/2021\/07\/waterproof-car-seat-cover-500x500-1.jpg","size":"full","id":3648,"alt":"","pixels":250000,"type":"image\/jpeg"}],"twitter_card":"summary_large_image","twitter_misc":{"Estimated reading time":"1 minute"},"schema":{"@context":"https:\/\/schema.org","@graph":[{"@type":"Organization","@id":"https:\/\/surfertarifa.com\/#organization","name":"Surfertarifa","url":"https:\/\/surfertarifa.com\/","sameAs":["https:\/\/es-es.facebook.com\/SurferTarifa\/","https:\/\/www.instagram.com\/surfertarifa\/"],"logo":{"@type":"ImageObject","@id":"https:\/\/surfertarifa.com\/#logo","inLanguage":"en-GB","url":"https:\/\/surfertarifa.com\/wp-content\/uploads\/2021\/04\/logo-surfer-1.png","contentUrl":"https:\/\/surfertarifa.com\/wp-content\/uploads\/2021\/04\/logo-surfer-1.png","width":90,"height":90,"caption":"Surfertarifa"},"image":{"@id":"https:\/\/surfertarifa.com\/#logo"}},{"@type":"WebSite","@id":"https:\/\/surfertarifa.com\/#website","url":"https:\/\/surfertarifa.com\/","name":"Surfertarifa","description":"Tienda de surf online","publisher":{"@id":"https:\/\/surfertarifa.com\/#organization"},"potentialAction":[{"@type":"SearchAction","target":{"@type":"EntryPoint","urlTemplate":"https:\/\/surfertarifa.com\/?s={search_term_string}"},"query-input":"required name=search_term_string"}],"inLanguage":"en-GB"},{"@type":"ImageObject","@id":"https:\/\/surfertarifa.com\/product\/surflogic-waterproof-car-seat-cover-black-funda-impermeable-para-coche\/#primaryimage","inLanguage":"en-GB","url":"https:\/\/surfertarifa.com\/wp-content\/uploads\/2021\/07\/waterproof-car-seat-cover-500x500-1.jpg","contentUrl":"https:\/\/surfertarifa.com\/wp-content\/uploads\/2021\/07\/waterproof-car-seat-cover-500x500-1.jpg","width":500,"height":500},{"@type":"WebPage","@id":"https:\/\/surfertarifa.com\/product\/surflogic-waterproof-car-seat-cover-black-funda-impermeable-para-coche\/#webpage","url":"https:\/\/surfertarifa.com\/product\/surflogic-waterproof-car-seat-cover-black-funda-impermeable-para-coche\/","name":"SURFLOGIC WATERPROOF CAR SEAT COVER BLACK \/ Funda Impermeable para Coche - Surfertarifa","isPartOf":{"@id":"https:\/\/surfertarifa.com\/#website"},"primaryImageOfPage":{"@id":"https:\/\/surfertarifa.com\/product\/surflogic-waterproof-car-seat-cover-black-funda-impermeable-para-coche\/#primaryimage"},"datePublished":"2021-07-31T17:56:52+00:00","dateModified":"2025-03-21T17:38:00+00:00","breadcrumb":{"@id":"https:\/\/surfertarifa.com\/product\/surflogic-waterproof-car-seat-cover-black-funda-impermeable-para-coche\/#breadcrumb"},"inLanguage":"en-GB","potentialAction":[{"@type":"ReadAction","target":["https:\/\/surfertarifa.com\/product\/surflogic-waterproof-car-seat-cover-black-funda-impermeable-para-coche\/"]}]},{"@type":"BreadcrumbList","@id":"https:\/\/surfertarifa.com\/product\/surflogic-waterproof-car-seat-cover-black-funda-impermeable-para-coche\/#breadcrumb","itemListElement":[{"@type":"ListItem","position":1,"name":"Portada","item":"https:\/\/surfertarifa.com\/"},{"@type":"ListItem","position":2,"name":"Shop","item":"https:\/\/surfertarifa.com\/shop\/"},{"@type":"ListItem","position":3,"name":"SURFLOGIC WATERPROOF CAR SEAT COVER BLACK \/ Funda Impermeable para Coche"}]}]}},"_links":{"self":[{"href":"https:\/\/surfertarifa.com\/en\/wp-json\/wp\/v2\/product\/3646"}],"collection":[{"href":"https:\/\/surfertarifa.com\/en\/wp-json\/wp\/v2\/product"}],"about":[{"href":"https:\/\/surfertarifa.com\/en\/wp-json\/wp\/v2\/types\/product"}],"replies":[{"embeddable":true,"href":"https:\/\/surfertarifa.com\/en\/wp-json\/wp\/v2\/comments?post=3646"}],"wp:featuredmedia":[{"embeddable":true,"href":"https:\/\/surfertarifa.com\/en\/wp-json\/wp\/v2\/media\/3648"}],"wp:attachment":[{"href":"https:\/\/surfertarifa.com\/en\/wp-json\/wp\/v2\/media?parent=3646"}],"wp:term":[{"taxonomy":"product_cat","embeddable":true,"href":"https:\/\/surfertarifa.com\/en\/wp-json\/wp\/v2\/product_cat?post=3646"},{"taxonomy":"product_tag","embeddable":true,"href":"https:\/\/surfertarifa.com\/en\/wp-json\/wp\/v2\/product_tag?post=3646"}],"curies":[{"name":"wp","href":"https:\/\/api.w.org\/{rel}","templated":true}]}}