{"id":3880,"date":"2022-01-22T11:41:12","date_gmt":"2022-01-22T11:41:12","guid":{"rendered":"https:\/\/surfertarifa.com\/?post_type=product&#038;p=3880"},"modified":"2024-11-27T17:11:48","modified_gmt":"2024-11-27T17:11:48","slug":"tabla-paddle-surf-kohala-start-106","status":"publish","type":"product","link":"https:\/\/surfertarifa.com\/en\/product\/tabla-paddle-surf-kohala-start-106\/","title":{"rendered":"Tabla Paddle Surf Kohala Start 10\u20196\u201d"},"content":{"rendered":"<p><span style=\"color: #282828;\">Tipo: Beginner \/ All round<\/span><br \/>\n<span style=\"color: #282828;\">Medidas: 320 x 81 x 15cm (10.6\u201d x 32\u201d x 6\u201d)<\/span><br \/>\n<span style=\"color: #282828;\">Capacidad m\u00e1xima: 140kg<\/span><br \/>\n<span style=\"color: #282828;\">Volumen: 275 litros<\/span><br \/>\n<span style=\"color: #282828;\">Presi\u00f3n: 15 PSI<\/span><br \/>\n<span style=\"color: #282828;\">Construcci\u00f3n: Single Layer<\/span><br \/>\n<span style=\"color: #282828;\">Aletas: 3 (2+1)<\/span><br \/>\n<span style=\"color: #282828;\">Caja: 92 x 23 x 47cm<\/span><br \/>\n<span style=\"color: #282828;\">Peso: 8kg<\/span><\/p>\n<p><span style=\"color: #282828;\">La tabla de paddle surf\u00a0<b><strong>Start<\/strong><\/b>\u00a0es el modelo perfecto para iniciarte en este deporte \u00fanico y tan especial. Su dise\u00f1o y su tama\u00f1o dotan a esta tabla de un control y una estabilidad magn\u00edficas para las primeras fases de iniciaci\u00f3n. \u00a1Es muy f\u00e1cil de manejar!<\/span><\/p>\n<p><span style=\"color: #282828;\">Gracias a la Start, toda la familia puede hacer traves\u00edas por r\u00edos, lagos o por el mar sin tener que preocuparse por nada m\u00e1s que disfrutar de su deporte. Adem\u00e1s, es un modelo dise\u00f1ado con motivos maor\u00edes para que tu tabla sea la m\u00e1s especial del agua.<\/span><\/p>\n<p><span style=\"color: #282828;\">Esta tabla de paddle surf est\u00e1 fabricada con tecnolog\u00eda\u00a0<b><strong>Dropstich\u00a0<\/strong><\/b>que permite alcanzar altas presiones de hasta 15 PSI sin deformarse en su superficie, cumpliendo as\u00ed las normativas exigidas para productos de primera calidad.<\/span><\/p>\n<p><span style=\"color: #282828;\">Y si adem\u00e1s quieres aprender a hacer susf, con la tabla start podr\u00e1s hacerlo ya que, gracias a sus dimensiones, podr\u00e1s practicarlo de forma f\u00e1cil y c\u00f3moda en las etapas iniciales donde la tabla te ayudar\u00e1 a mantener mejor el equilibrio.<\/span><\/p>\n<p><span style=\"color: #282828;\">Desde la marca espa\u00f1ola\u00a0<b><strong>Kohala<\/strong><\/b>\u00a0(antes DVSport), a\u00f1o tras a\u00f1o, trabajamos para incluir la \u00faltima tecnolog\u00eda en nuestros productos. Desde nuestras instalaciones hemos dise\u00f1ado toda la gama de iSUP y sus accesorios con la intenci\u00f3n de ofrecerte un producto que te permita disfrutar al m\u00e1ximo. Nuestro objetivo es dar un servicio de primera calidad a nuestros clientes para lo que controlamos directamente el dise\u00f1o, la fabricaci\u00f3n y la distribuci\u00f3n. As\u00ed, este a\u00f1o, hemos renovado todos nuestros dise\u00f1os y materiales.<\/span><\/p>\n<p><span style=\"color: #282828;\"><b><strong>El pack incluye:<\/strong><\/b><\/span><\/p>\n<ul>\n<li><span style=\"color: #282828;\">Tabla inflable de paddle surf\u00a0<b><strong>Start<\/strong><\/b><\/span><\/li>\n<li><span style=\"color: #282828;\">Bomba de hinchado<\/span><\/li>\n<li><span style=\"color: #282828;\">Remo telesc\u00f3pico<\/span><\/li>\n<li><span style=\"color: #282828;\">Bolsa de transporte<\/span><\/li>\n<li><span style=\"color: #282828;\">Kit de reparaciones<\/span><\/li>\n<\/ul>\n<p><span style=\"color: #282828;\"><b><strong>Caracter\u00edsticas<\/strong><\/b><\/span><\/p>\n<ul>\n<li><span style=\"color: #282828;\">Tipo: Beginner \/ All round<\/span><\/li>\n<li><span style=\"color: #282828;\">Medidas: 320 x 81 x 15cm (10.6\u201d x 32\u201d x 6\u201d)<\/span><\/li>\n<li><span style=\"color: #282828;\">Capacidad m\u00e1xima: 140kg<\/span><\/li>\n<li><span style=\"color: #282828;\">Volumen: 275 litros<\/span><\/li>\n<li><span style=\"color: #282828;\">Presi\u00f3n: 15 PSI<\/span><\/li>\n<li><span style=\"color: #282828;\">Construcci\u00f3n: Single Layer<\/span><\/li>\n<li><span style=\"color: #282828;\">Aletas: 3 (2+1)<\/span><\/li>\n<li><span style=\"color: #282828;\">Caja: 92 x 23 x 47cm<\/span><\/li>\n<li><span style=\"color: #282828;\">Peso: 8kg<\/span><\/li>\n<\/ul>\n<p>&nbsp;<\/p>","protected":false},"excerpt":{"rendered":"<p>Tabla de\u00a0 sup koala start\u00a0 10,6\u00a0 \u00a0iniciaci\u00f3n<\/p>","protected":false},"featured_media":3883,"comment_status":"open","ping_status":"closed","template":"","meta":{"spay_email":""},"product_cat":[15,113,197],"product_tag":[],"brands":[{"id":224,"name":"Kohala","slug":"kohala"}],"yoast_head":"<!-- This site is optimized with the Yoast SEO plugin v17.0 - https:\/\/yoast.com\/wordpress\/plugins\/seo\/ -->\n<title>Tabla Paddle Surf Kohala Start 10\u20196\u201d - Surfertarifa<\/title>\n<meta name=\"description\" content=\"Tabla sup ideal para iniciarse , modelo START , la tabla paddle surf kohala start es estable y divertida\" \/>\n<meta name=\"robots\" content=\"index, follow, max-snippet:-1, max-image-preview:large, max-video-preview:-1\" \/>\n<link rel=\"canonical\" href=\"https:\/\/surfertarifa.com\/en\/product\/tabla-paddle-surf-kohala-start-106\/\" \/>\n<meta property=\"og:locale\" content=\"en_GB\" \/>\n<meta property=\"og:type\" content=\"article\" \/>\n<meta property=\"og:title\" content=\"Tabla Paddle Surf Kohala Start 10\u20196\u201d - Surfertarifa\" \/>\n<meta property=\"og:description\" content=\"Tabla sup ideal para iniciarse , modelo START , la tabla paddle surf kohala start es estable y divertida\" \/>\n<meta property=\"og:url\" content=\"https:\/\/surfertarifa.com\/en\/product\/tabla-paddle-surf-kohala-start-106\/\" \/>\n<meta property=\"og:site_name\" content=\"Surfertarifa\" \/>\n<meta property=\"article:publisher\" content=\"https:\/\/es-es.facebook.com\/SurferTarifa\/\" \/>\n<meta property=\"article:modified_time\" content=\"2024-11-27T17:11:48+00:00\" \/>\n<meta property=\"og:image\" content=\"https:\/\/surfertarifa.com\/wp-content\/uploads\/2022\/01\/koala-start.jpg\" \/>\n\t<meta property=\"og:image:width\" content=\"962\" \/>\n\t<meta property=\"og:image:height\" content=\"962\" \/>\n<meta name=\"twitter:card\" content=\"summary_large_image\" \/>\n<meta name=\"twitter:label1\" content=\"Estimated reading time\" \/>\n\t<meta name=\"twitter:data1\" content=\"1 minute\" \/>\n<script type=\"application\/ld+json\" class=\"yoast-schema-graph\">{\"@context\":\"https:\/\/schema.org\",\"@graph\":[{\"@type\":\"Organization\",\"@id\":\"https:\/\/surfertarifa.com\/#organization\",\"name\":\"Surfertarifa\",\"url\":\"https:\/\/surfertarifa.com\/\",\"sameAs\":[\"https:\/\/es-es.facebook.com\/SurferTarifa\/\",\"https:\/\/www.instagram.com\/surfertarifa\/\"],\"logo\":{\"@type\":\"ImageObject\",\"@id\":\"https:\/\/surfertarifa.com\/#logo\",\"inLanguage\":\"en-GB\",\"url\":\"https:\/\/surfertarifa.com\/wp-content\/uploads\/2021\/04\/logo-surfer-1.png\",\"contentUrl\":\"https:\/\/surfertarifa.com\/wp-content\/uploads\/2021\/04\/logo-surfer-1.png\",\"width\":90,\"height\":90,\"caption\":\"Surfertarifa\"},\"image\":{\"@id\":\"https:\/\/surfertarifa.com\/#logo\"}},{\"@type\":\"WebSite\",\"@id\":\"https:\/\/surfertarifa.com\/#website\",\"url\":\"https:\/\/surfertarifa.com\/\",\"name\":\"Surfertarifa\",\"description\":\"Tienda de surf online\",\"publisher\":{\"@id\":\"https:\/\/surfertarifa.com\/#organization\"},\"potentialAction\":[{\"@type\":\"SearchAction\",\"target\":{\"@type\":\"EntryPoint\",\"urlTemplate\":\"https:\/\/surfertarifa.com\/?s={search_term_string}\"},\"query-input\":\"required name=search_term_string\"}],\"inLanguage\":\"en-GB\"},{\"@type\":\"ImageObject\",\"@id\":\"https:\/\/surfertarifa.com\/product\/tabla-paddle-surf-kohala-start-106\/#primaryimage\",\"inLanguage\":\"en-GB\",\"url\":\"https:\/\/surfertarifa.com\/wp-content\/uploads\/2022\/01\/koala-start.jpg\",\"contentUrl\":\"https:\/\/surfertarifa.com\/wp-content\/uploads\/2022\/01\/koala-start.jpg\",\"width\":962,\"height\":962,\"caption\":\"sup koala start\"},{\"@type\":\"WebPage\",\"@id\":\"https:\/\/surfertarifa.com\/product\/tabla-paddle-surf-kohala-start-106\/#webpage\",\"url\":\"https:\/\/surfertarifa.com\/product\/tabla-paddle-surf-kohala-start-106\/\",\"name\":\"Tabla Paddle Surf Kohala Start 10\\u20196\\u201d - Surfertarifa\",\"isPartOf\":{\"@id\":\"https:\/\/surfertarifa.com\/#website\"},\"primaryImageOfPage\":{\"@id\":\"https:\/\/surfertarifa.com\/product\/tabla-paddle-surf-kohala-start-106\/#primaryimage\"},\"datePublished\":\"2022-01-22T11:41:12+00:00\",\"dateModified\":\"2024-11-27T17:11:48+00:00\",\"description\":\"Tabla sup ideal para iniciarse , modelo START , la tabla paddle surf kohala start es estable y divertida\",\"breadcrumb\":{\"@id\":\"https:\/\/surfertarifa.com\/product\/tabla-paddle-surf-kohala-start-106\/#breadcrumb\"},\"inLanguage\":\"en-GB\",\"potentialAction\":[{\"@type\":\"ReadAction\",\"target\":[\"https:\/\/surfertarifa.com\/product\/tabla-paddle-surf-kohala-start-106\/\"]}]},{\"@type\":\"BreadcrumbList\",\"@id\":\"https:\/\/surfertarifa.com\/product\/tabla-paddle-surf-kohala-start-106\/#breadcrumb\",\"itemListElement\":[{\"@type\":\"ListItem\",\"position\":1,\"name\":\"Portada\",\"item\":\"https:\/\/surfertarifa.com\/\"},{\"@type\":\"ListItem\",\"position\":2,\"name\":\"Shop\",\"item\":\"https:\/\/surfertarifa.com\/shop\/\"},{\"@type\":\"ListItem\",\"position\":3,\"name\":\"Tabla Paddle Surf Kohala Start 10\\u20196\\u201d\"}]}]}<\/script>\n<!-- \/ Yoast SEO plugin. -->","yoast_head_json":{"title":"Tabla Paddle Surf Kohala Start 10\u20196\u201d - Surfertarifa","description":"Tabla sup ideal para iniciarse , modelo START , la tabla paddle surf kohala start es estable y divertida","robots":{"index":"index","follow":"follow","max-snippet":"max-snippet:-1","max-image-preview":"max-image-preview:large","max-video-preview":"max-video-preview:-1"},"canonical":"https:\/\/surfertarifa.com\/en\/product\/tabla-paddle-surf-kohala-start-106\/","og_locale":"en_GB","og_type":"article","og_title":"Tabla Paddle Surf Kohala Start 10\u20196\u201d - Surfertarifa","og_description":"Tabla sup ideal para iniciarse , modelo START , la tabla paddle surf kohala start es estable y divertida","og_url":"https:\/\/surfertarifa.com\/en\/product\/tabla-paddle-surf-kohala-start-106\/","og_site_name":"Surfertarifa","article_publisher":"https:\/\/es-es.facebook.com\/SurferTarifa\/","article_modified_time":"2024-11-27T17:11:48+00:00","og_image":[{"width":962,"height":962,"url":"https:\/\/surfertarifa.com\/wp-content\/uploads\/2022\/01\/koala-start.jpg","path":"\/home\/surferta\/public_html\/wp-content\/uploads\/2022\/01\/koala-start.jpg","size":"full","id":3883,"alt":"sup koala start","pixels":925444,"type":"image\/jpeg"}],"twitter_card":"summary_large_image","twitter_misc":{"Estimated reading time":"1 minute"},"schema":{"@context":"https:\/\/schema.org","@graph":[{"@type":"Organization","@id":"https:\/\/surfertarifa.com\/#organization","name":"Surfertarifa","url":"https:\/\/surfertarifa.com\/","sameAs":["https:\/\/es-es.facebook.com\/SurferTarifa\/","https:\/\/www.instagram.com\/surfertarifa\/"],"logo":{"@type":"ImageObject","@id":"https:\/\/surfertarifa.com\/#logo","inLanguage":"en-GB","url":"https:\/\/surfertarifa.com\/wp-content\/uploads\/2021\/04\/logo-surfer-1.png","contentUrl":"https:\/\/surfertarifa.com\/wp-content\/uploads\/2021\/04\/logo-surfer-1.png","width":90,"height":90,"caption":"Surfertarifa"},"image":{"@id":"https:\/\/surfertarifa.com\/#logo"}},{"@type":"WebSite","@id":"https:\/\/surfertarifa.com\/#website","url":"https:\/\/surfertarifa.com\/","name":"Surfertarifa","description":"Tienda de surf online","publisher":{"@id":"https:\/\/surfertarifa.com\/#organization"},"potentialAction":[{"@type":"SearchAction","target":{"@type":"EntryPoint","urlTemplate":"https:\/\/surfertarifa.com\/?s={search_term_string}"},"query-input":"required name=search_term_string"}],"inLanguage":"en-GB"},{"@type":"ImageObject","@id":"https:\/\/surfertarifa.com\/product\/tabla-paddle-surf-kohala-start-106\/#primaryimage","inLanguage":"en-GB","url":"https:\/\/surfertarifa.com\/wp-content\/uploads\/2022\/01\/koala-start.jpg","contentUrl":"https:\/\/surfertarifa.com\/wp-content\/uploads\/2022\/01\/koala-start.jpg","width":962,"height":962,"caption":"sup koala start"},{"@type":"WebPage","@id":"https:\/\/surfertarifa.com\/product\/tabla-paddle-surf-kohala-start-106\/#webpage","url":"https:\/\/surfertarifa.com\/product\/tabla-paddle-surf-kohala-start-106\/","name":"Tabla Paddle Surf Kohala Start 10\u20196\u201d - Surfertarifa","isPartOf":{"@id":"https:\/\/surfertarifa.com\/#website"},"primaryImageOfPage":{"@id":"https:\/\/surfertarifa.com\/product\/tabla-paddle-surf-kohala-start-106\/#primaryimage"},"datePublished":"2022-01-22T11:41:12+00:00","dateModified":"2024-11-27T17:11:48+00:00","description":"Tabla sup ideal para iniciarse , modelo START , la tabla paddle surf kohala start es estable y divertida","breadcrumb":{"@id":"https:\/\/surfertarifa.com\/product\/tabla-paddle-surf-kohala-start-106\/#breadcrumb"},"inLanguage":"en-GB","potentialAction":[{"@type":"ReadAction","target":["https:\/\/surfertarifa.com\/product\/tabla-paddle-surf-kohala-start-106\/"]}]},{"@type":"BreadcrumbList","@id":"https:\/\/surfertarifa.com\/product\/tabla-paddle-surf-kohala-start-106\/#breadcrumb","itemListElement":[{"@type":"ListItem","position":1,"name":"Portada","item":"https:\/\/surfertarifa.com\/"},{"@type":"ListItem","position":2,"name":"Shop","item":"https:\/\/surfertarifa.com\/shop\/"},{"@type":"ListItem","position":3,"name":"Tabla Paddle Surf Kohala Start 10\u20196\u201d"}]}]}},"_links":{"self":[{"href":"https:\/\/surfertarifa.com\/en\/wp-json\/wp\/v2\/product\/3880"}],"collection":[{"href":"https:\/\/surfertarifa.com\/en\/wp-json\/wp\/v2\/product"}],"about":[{"href":"https:\/\/surfertarifa.com\/en\/wp-json\/wp\/v2\/types\/product"}],"replies":[{"embeddable":true,"href":"https:\/\/surfertarifa.com\/en\/wp-json\/wp\/v2\/comments?post=3880"}],"wp:featuredmedia":[{"embeddable":true,"href":"https:\/\/surfertarifa.com\/en\/wp-json\/wp\/v2\/media\/3883"}],"wp:attachment":[{"href":"https:\/\/surfertarifa.com\/en\/wp-json\/wp\/v2\/media?parent=3880"}],"wp:term":[{"taxonomy":"product_cat","embeddable":true,"href":"https:\/\/surfertarifa.com\/en\/wp-json\/wp\/v2\/product_cat?post=3880"},{"taxonomy":"product_tag","embeddable":true,"href":"https:\/\/surfertarifa.com\/en\/wp-json\/wp\/v2\/product_tag?post=3880"}],"curies":[{"name":"wp","href":"https:\/\/api.w.org\/{rel}","templated":true}]}}