{"id":5230,"date":"2022-04-03T16:56:21","date_gmt":"2022-04-03T16:56:21","guid":{"rendered":"https:\/\/surfertarifa.com\/?post_type=product&#038;p=5230"},"modified":"2025-05-19T17:31:36","modified_gmt":"2025-05-19T17:31:36","slug":"neopreno-ion-seek-core-4-3-back-zip-men-900-black-48222-4426","status":"publish","type":"product","link":"https:\/\/surfertarifa.com\/en\/product\/neopreno-ion-seek-core-4-3-back-zip-men-900-black-48222-4426\/","title":{"rendered":"NEOPRENO ION SEEK CORE 4\/3 BACK ZIP MEN 900 BLACK 48222-4426"},"content":{"rendered":"<p><span style=\"color: #282828;\">La cremallera trasera Seek Core 4\/3 ofrece un rendimiento superior a un precio asequible. Hemos mejorado este todoterreno con forro t\u00e9rmico Plasma_Plush en toda la zona de la espalda para aumentar la calidez. <\/span><\/p>\n<p><span style=\"color: #282828;\">En lugares sin forro t\u00e9rmico, Silk_Stuff s\u00faper suave aumenta al m\u00e1ximo la comodidad en contacto con la piel. <\/span><\/p>\n<p><span style=\"color: #282828;\">\u00a0Todos los trajes de neopreno Seek Core Backzip cuentan con almohadillas de protecci\u00f3n en las espinillas. En la parte superior, puede sujetar los Leg_loops al velcro para evitar que el agua entre en el traje.<\/span><\/p>","protected":false},"excerpt":{"rendered":"<p><span style=\"color: #282828;\">La cremallera trasera Seek Core 4\/3 ofrece un rendimiento superior a un precio asequible. Hemos mejorado este todoterreno con forro t\u00e9rmico Plasma_Plush en toda la zona de la espalda para aumentar la calidez.<\/span><\/p>\n<p><span style=\"color: #282828;\">En lugares sin forro t\u00e9rmico, Silk_Stuff s\u00faper suave aumenta al m\u00e1ximo la comodidad en contacto con la piel.<\/span><\/p>\n<p><span style=\"color: #282828;\">\u00a0Todos los trajes de neopreno Seek Core Backzip cuentan con almohadillas de protecci\u00f3n en las espinillas. En la parte superior, puede sujetar los Leg_loops al velcro para evitar que el agua entre en el traje.<\/span><\/p>","protected":false},"featured_media":5231,"comment_status":"open","ping_status":"closed","template":"","meta":{"spay_email":""},"product_cat":[110,196],"product_tag":[],"brands":[{"id":128,"name":"Ion","slug":"ion"}],"yoast_head":"<!-- This site is optimized with the Yoast SEO plugin v17.0 - https:\/\/yoast.com\/wordpress\/plugins\/seo\/ -->\n<title>NEOPRENO ION SEEK CORE 4\/3 BACK ZIP MEN 900 BLACK 48222-4426 - Surfertarifa<\/title>\n<meta name=\"robots\" content=\"index, follow, max-snippet:-1, max-image-preview:large, max-video-preview:-1\" \/>\n<link rel=\"canonical\" href=\"https:\/\/surfertarifa.com\/en\/product\/neopreno-ion-seek-core-4-3-back-zip-men-900-black-48222-4426\/\" \/>\n<meta property=\"og:locale\" content=\"en_GB\" \/>\n<meta property=\"og:type\" content=\"article\" \/>\n<meta property=\"og:title\" content=\"NEOPRENO ION SEEK CORE 4\/3 BACK ZIP MEN 900 BLACK 48222-4426 - Surfertarifa\" \/>\n<meta property=\"og:description\" content=\"La cremallera trasera Seek Core 4\/3 ofrece un rendimiento superior a un precio asequible. Hemos mejorado este todoterreno con forro t\u00e9rmico Plasma_Plush en toda la zona de la espalda para aumentar la calidez.  En lugares sin forro t\u00e9rmico, Silk_Stuff s\u00faper suave aumenta al m\u00e1ximo la comodidad en contacto con la piel.  \u00a0Todos los trajes de neopreno Seek Core Backzip cuentan con almohadillas de protecci\u00f3n en las espinillas. En la parte superior, puede sujetar los Leg_loops al velcro para evitar que el agua entre en el traje.\" \/>\n<meta property=\"og:url\" content=\"https:\/\/surfertarifa.com\/en\/product\/neopreno-ion-seek-core-4-3-back-zip-men-900-black-48222-4426\/\" \/>\n<meta property=\"og:site_name\" content=\"Surfertarifa\" \/>\n<meta property=\"article:publisher\" content=\"https:\/\/es-es.facebook.com\/SurferTarifa\/\" \/>\n<meta property=\"article:modified_time\" content=\"2025-05-19T17:31:36+00:00\" \/>\n<meta property=\"og:image\" content=\"https:\/\/surfertarifa.com\/wp-content\/uploads\/2022\/04\/48222-4426_3.jpg\" \/>\n\t<meta property=\"og:image:width\" content=\"320\" \/>\n\t<meta property=\"og:image:height\" content=\"320\" \/>\n<meta name=\"twitter:card\" content=\"summary_large_image\" \/>\n<meta name=\"twitter:label1\" content=\"Estimated reading time\" \/>\n\t<meta name=\"twitter:data1\" content=\"1 minute\" \/>\n<script type=\"application\/ld+json\" class=\"yoast-schema-graph\">{\"@context\":\"https:\/\/schema.org\",\"@graph\":[{\"@type\":\"Organization\",\"@id\":\"https:\/\/surfertarifa.com\/#organization\",\"name\":\"Surfertarifa\",\"url\":\"https:\/\/surfertarifa.com\/\",\"sameAs\":[\"https:\/\/es-es.facebook.com\/SurferTarifa\/\",\"https:\/\/www.instagram.com\/surfertarifa\/\"],\"logo\":{\"@type\":\"ImageObject\",\"@id\":\"https:\/\/surfertarifa.com\/#logo\",\"inLanguage\":\"en-GB\",\"url\":\"https:\/\/surfertarifa.com\/wp-content\/uploads\/2021\/04\/logo-surfer-1.png\",\"contentUrl\":\"https:\/\/surfertarifa.com\/wp-content\/uploads\/2021\/04\/logo-surfer-1.png\",\"width\":90,\"height\":90,\"caption\":\"Surfertarifa\"},\"image\":{\"@id\":\"https:\/\/surfertarifa.com\/#logo\"}},{\"@type\":\"WebSite\",\"@id\":\"https:\/\/surfertarifa.com\/#website\",\"url\":\"https:\/\/surfertarifa.com\/\",\"name\":\"Surfertarifa\",\"description\":\"Tienda de surf online\",\"publisher\":{\"@id\":\"https:\/\/surfertarifa.com\/#organization\"},\"potentialAction\":[{\"@type\":\"SearchAction\",\"target\":{\"@type\":\"EntryPoint\",\"urlTemplate\":\"https:\/\/surfertarifa.com\/?s={search_term_string}\"},\"query-input\":\"required name=search_term_string\"}],\"inLanguage\":\"en-GB\"},{\"@type\":\"ImageObject\",\"@id\":\"https:\/\/surfertarifa.com\/product\/neopreno-ion-seek-core-4-3-back-zip-men-900-black-48222-4426\/#primaryimage\",\"inLanguage\":\"en-GB\",\"url\":\"https:\/\/surfertarifa.com\/wp-content\/uploads\/2022\/04\/48222-4426_3.jpg\",\"contentUrl\":\"https:\/\/surfertarifa.com\/wp-content\/uploads\/2022\/04\/48222-4426_3.jpg\",\"width\":320,\"height\":320,\"caption\":\"NEOPRENO ION SEEK CORE 4\/3 BACK ZIP MEN 900 BLACK 48222-4426\"},{\"@type\":\"WebPage\",\"@id\":\"https:\/\/surfertarifa.com\/product\/neopreno-ion-seek-core-4-3-back-zip-men-900-black-48222-4426\/#webpage\",\"url\":\"https:\/\/surfertarifa.com\/product\/neopreno-ion-seek-core-4-3-back-zip-men-900-black-48222-4426\/\",\"name\":\"NEOPRENO ION SEEK CORE 4\/3 BACK ZIP MEN 900 BLACK 48222-4426 - Surfertarifa\",\"isPartOf\":{\"@id\":\"https:\/\/surfertarifa.com\/#website\"},\"primaryImageOfPage\":{\"@id\":\"https:\/\/surfertarifa.com\/product\/neopreno-ion-seek-core-4-3-back-zip-men-900-black-48222-4426\/#primaryimage\"},\"datePublished\":\"2022-04-03T16:56:21+00:00\",\"dateModified\":\"2025-05-19T17:31:36+00:00\",\"breadcrumb\":{\"@id\":\"https:\/\/surfertarifa.com\/product\/neopreno-ion-seek-core-4-3-back-zip-men-900-black-48222-4426\/#breadcrumb\"},\"inLanguage\":\"en-GB\",\"potentialAction\":[{\"@type\":\"ReadAction\",\"target\":[\"https:\/\/surfertarifa.com\/product\/neopreno-ion-seek-core-4-3-back-zip-men-900-black-48222-4426\/\"]}]},{\"@type\":\"BreadcrumbList\",\"@id\":\"https:\/\/surfertarifa.com\/product\/neopreno-ion-seek-core-4-3-back-zip-men-900-black-48222-4426\/#breadcrumb\",\"itemListElement\":[{\"@type\":\"ListItem\",\"position\":1,\"name\":\"Portada\",\"item\":\"https:\/\/surfertarifa.com\/\"},{\"@type\":\"ListItem\",\"position\":2,\"name\":\"Shop\",\"item\":\"https:\/\/surfertarifa.com\/shop\/\"},{\"@type\":\"ListItem\",\"position\":3,\"name\":\"NEOPRENO ION SEEK CORE 4\/3 BACK ZIP MEN 900 BLACK 48222-4426\"}]}]}<\/script>\n<!-- \/ Yoast SEO plugin. -->","yoast_head_json":{"title":"NEOPRENO ION SEEK CORE 4\/3 BACK ZIP MEN 900 BLACK 48222-4426 - Surfertarifa","robots":{"index":"index","follow":"follow","max-snippet":"max-snippet:-1","max-image-preview":"max-image-preview:large","max-video-preview":"max-video-preview:-1"},"canonical":"https:\/\/surfertarifa.com\/en\/product\/neopreno-ion-seek-core-4-3-back-zip-men-900-black-48222-4426\/","og_locale":"en_GB","og_type":"article","og_title":"NEOPRENO ION SEEK CORE 4\/3 BACK ZIP MEN 900 BLACK 48222-4426 - Surfertarifa","og_description":"La cremallera trasera Seek Core 4\/3 ofrece un rendimiento superior a un precio asequible. Hemos mejorado este todoterreno con forro t\u00e9rmico Plasma_Plush en toda la zona de la espalda para aumentar la calidez.  En lugares sin forro t\u00e9rmico, Silk_Stuff s\u00faper suave aumenta al m\u00e1ximo la comodidad en contacto con la piel.  \u00a0Todos los trajes de neopreno Seek Core Backzip cuentan con almohadillas de protecci\u00f3n en las espinillas. En la parte superior, puede sujetar los Leg_loops al velcro para evitar que el agua entre en el traje.","og_url":"https:\/\/surfertarifa.com\/en\/product\/neopreno-ion-seek-core-4-3-back-zip-men-900-black-48222-4426\/","og_site_name":"Surfertarifa","article_publisher":"https:\/\/es-es.facebook.com\/SurferTarifa\/","article_modified_time":"2025-05-19T17:31:36+00:00","og_image":[{"width":320,"height":320,"url":"https:\/\/surfertarifa.com\/wp-content\/uploads\/2022\/04\/48222-4426_3.jpg","path":"\/home\/surferta\/public_html\/wp-content\/uploads\/2022\/04\/48222-4426_3.jpg","size":"full","id":5231,"alt":"NEOPRENO ION SEEK CORE 4\/3 BACK ZIP MEN 900 BLACK 48222-4426","pixels":102400,"type":"image\/jpeg"}],"twitter_card":"summary_large_image","twitter_misc":{"Estimated reading time":"1 minute"},"schema":{"@context":"https:\/\/schema.org","@graph":[{"@type":"Organization","@id":"https:\/\/surfertarifa.com\/#organization","name":"Surfertarifa","url":"https:\/\/surfertarifa.com\/","sameAs":["https:\/\/es-es.facebook.com\/SurferTarifa\/","https:\/\/www.instagram.com\/surfertarifa\/"],"logo":{"@type":"ImageObject","@id":"https:\/\/surfertarifa.com\/#logo","inLanguage":"en-GB","url":"https:\/\/surfertarifa.com\/wp-content\/uploads\/2021\/04\/logo-surfer-1.png","contentUrl":"https:\/\/surfertarifa.com\/wp-content\/uploads\/2021\/04\/logo-surfer-1.png","width":90,"height":90,"caption":"Surfertarifa"},"image":{"@id":"https:\/\/surfertarifa.com\/#logo"}},{"@type":"WebSite","@id":"https:\/\/surfertarifa.com\/#website","url":"https:\/\/surfertarifa.com\/","name":"Surfertarifa","description":"Tienda de surf online","publisher":{"@id":"https:\/\/surfertarifa.com\/#organization"},"potentialAction":[{"@type":"SearchAction","target":{"@type":"EntryPoint","urlTemplate":"https:\/\/surfertarifa.com\/?s={search_term_string}"},"query-input":"required name=search_term_string"}],"inLanguage":"en-GB"},{"@type":"ImageObject","@id":"https:\/\/surfertarifa.com\/product\/neopreno-ion-seek-core-4-3-back-zip-men-900-black-48222-4426\/#primaryimage","inLanguage":"en-GB","url":"https:\/\/surfertarifa.com\/wp-content\/uploads\/2022\/04\/48222-4426_3.jpg","contentUrl":"https:\/\/surfertarifa.com\/wp-content\/uploads\/2022\/04\/48222-4426_3.jpg","width":320,"height":320,"caption":"NEOPRENO ION SEEK CORE 4\/3 BACK ZIP MEN 900 BLACK 48222-4426"},{"@type":"WebPage","@id":"https:\/\/surfertarifa.com\/product\/neopreno-ion-seek-core-4-3-back-zip-men-900-black-48222-4426\/#webpage","url":"https:\/\/surfertarifa.com\/product\/neopreno-ion-seek-core-4-3-back-zip-men-900-black-48222-4426\/","name":"NEOPRENO ION SEEK CORE 4\/3 BACK ZIP MEN 900 BLACK 48222-4426 - Surfertarifa","isPartOf":{"@id":"https:\/\/surfertarifa.com\/#website"},"primaryImageOfPage":{"@id":"https:\/\/surfertarifa.com\/product\/neopreno-ion-seek-core-4-3-back-zip-men-900-black-48222-4426\/#primaryimage"},"datePublished":"2022-04-03T16:56:21+00:00","dateModified":"2025-05-19T17:31:36+00:00","breadcrumb":{"@id":"https:\/\/surfertarifa.com\/product\/neopreno-ion-seek-core-4-3-back-zip-men-900-black-48222-4426\/#breadcrumb"},"inLanguage":"en-GB","potentialAction":[{"@type":"ReadAction","target":["https:\/\/surfertarifa.com\/product\/neopreno-ion-seek-core-4-3-back-zip-men-900-black-48222-4426\/"]}]},{"@type":"BreadcrumbList","@id":"https:\/\/surfertarifa.com\/product\/neopreno-ion-seek-core-4-3-back-zip-men-900-black-48222-4426\/#breadcrumb","itemListElement":[{"@type":"ListItem","position":1,"name":"Portada","item":"https:\/\/surfertarifa.com\/"},{"@type":"ListItem","position":2,"name":"Shop","item":"https:\/\/surfertarifa.com\/shop\/"},{"@type":"ListItem","position":3,"name":"NEOPRENO ION SEEK CORE 4\/3 BACK ZIP MEN 900 BLACK 48222-4426"}]}]}},"_links":{"self":[{"href":"https:\/\/surfertarifa.com\/en\/wp-json\/wp\/v2\/product\/5230"}],"collection":[{"href":"https:\/\/surfertarifa.com\/en\/wp-json\/wp\/v2\/product"}],"about":[{"href":"https:\/\/surfertarifa.com\/en\/wp-json\/wp\/v2\/types\/product"}],"replies":[{"embeddable":true,"href":"https:\/\/surfertarifa.com\/en\/wp-json\/wp\/v2\/comments?post=5230"}],"wp:featuredmedia":[{"embeddable":true,"href":"https:\/\/surfertarifa.com\/en\/wp-json\/wp\/v2\/media\/5231"}],"wp:attachment":[{"href":"https:\/\/surfertarifa.com\/en\/wp-json\/wp\/v2\/media?parent=5230"}],"wp:term":[{"taxonomy":"product_cat","embeddable":true,"href":"https:\/\/surfertarifa.com\/en\/wp-json\/wp\/v2\/product_cat?post=5230"},{"taxonomy":"product_tag","embeddable":true,"href":"https:\/\/surfertarifa.com\/en\/wp-json\/wp\/v2\/product_tag?post=5230"}],"curies":[{"name":"wp","href":"https:\/\/api.w.org\/{rel}","templated":true}]}}