{"id":5499,"date":"2022-06-27T16:45:00","date_gmt":"2022-06-27T16:45:00","guid":{"rendered":"https:\/\/surfertarifa.com\/?post_type=product&#038;p=5499"},"modified":"2022-06-27T16:45:00","modified_gmt":"2022-06-27T16:45:00","slug":"footpads-entity-ergo-44220-3310","status":"publish","type":"product","link":"https:\/\/surfertarifa.com\/en\/product\/footpads-entity-ergo-44220-3310\/","title":{"rendered":"FOOTPADS ENTITY ERGO 44220-3310"},"content":{"rendered":"<p><span style=\"color: #282828;\">Este a\u00f1o, los pad ergon\u00f3micos EVA, combinados con los pads para los dedos del pie, garantizan un agarre adecuado en todo momento, una distribuci\u00f3n \u00f3ptima de la presi\u00f3n con la m\u00e1xima comodidad. La s\u00f3lida conexi\u00f3n de los straps mantiene tus pies en su sitio y los straps bien cerrados en cualquier situaci\u00f3n. Los nuevos NTT relajan los m\u00fasculos sometidos a sobrecarga y evitan la fatiga y el dolor. Tus pies se cansar\u00e1n menos y podr\u00e1s permanecer en el agua m\u00e1s tiempo.<\/span><\/p>","protected":false},"excerpt":{"rendered":"<p><span style=\"color: #282828;\">Este a\u00f1o, los pad ergon\u00f3micos EVA, combinados con los pads para los dedos del pie, garantizan un agarre adecuado en todo momento, una distribuci\u00f3n \u00f3ptima de la presi\u00f3n con la m\u00e1xima comodidad. La s\u00f3lida conexi\u00f3n de los straps mantiene tus pies en su sitio y los straps bien cerrados en cualquier situaci\u00f3n. Los nuevos NTT relajan los m\u00fasculos sometidos a sobrecarga y evitan la fatiga y el dolor. Tus pies se cansar\u00e1n menos y podr\u00e1s permanecer en el agua m\u00e1s tiempo.<\/span><\/p>","protected":false},"featured_media":5501,"comment_status":"open","ping_status":"closed","template":"","meta":{"spay_email":""},"product_cat":[113,198],"product_tag":[],"brands":[{"id":127,"name":"Duotone","slug":"duotone"}],"yoast_head":"<!-- This site is optimized with the Yoast SEO plugin v17.0 - https:\/\/yoast.com\/wordpress\/plugins\/seo\/ -->\n<title>FOOTPADS ENTITY ERGO 44220-3310 - Surfertarifa<\/title>\n<meta name=\"robots\" content=\"index, follow, max-snippet:-1, max-image-preview:large, max-video-preview:-1\" \/>\n<link rel=\"canonical\" href=\"https:\/\/surfertarifa.com\/en\/product\/footpads-entity-ergo-44220-3310\/\" \/>\n<meta property=\"og:locale\" content=\"en_GB\" \/>\n<meta property=\"og:type\" content=\"article\" \/>\n<meta property=\"og:title\" content=\"FOOTPADS ENTITY ERGO 44220-3310 - Surfertarifa\" \/>\n<meta property=\"og:description\" content=\"Este a\u00f1o, los pad ergon\u00f3micos EVA, combinados con los pads para los dedos del pie, garantizan un agarre adecuado en todo momento, una distribuci\u00f3n \u00f3ptima de la presi\u00f3n con la m\u00e1xima comodidad. La s\u00f3lida conexi\u00f3n de los straps mantiene tus pies en su sitio y los straps bien cerrados en cualquier situaci\u00f3n. Los nuevos NTT relajan los m\u00fasculos sometidos a sobrecarga y evitan la fatiga y el dolor. Tus pies se cansar\u00e1n menos y podr\u00e1s permanecer en el agua m\u00e1s tiempo.\" \/>\n<meta property=\"og:url\" content=\"https:\/\/surfertarifa.com\/en\/product\/footpads-entity-ergo-44220-3310\/\" \/>\n<meta property=\"og:site_name\" content=\"Surfertarifa\" \/>\n<meta property=\"article:publisher\" content=\"https:\/\/es-es.facebook.com\/SurferTarifa\/\" \/>\n<meta property=\"og:image\" content=\"https:\/\/surfertarifa.com\/wp-content\/uploads\/2022\/06\/44220-3311_1.jpg\" \/>\n\t<meta property=\"og:image:width\" content=\"320\" \/>\n\t<meta property=\"og:image:height\" content=\"320\" \/>\n<meta name=\"twitter:card\" content=\"summary_large_image\" \/>\n<meta name=\"twitter:label1\" content=\"Estimated reading time\" \/>\n\t<meta name=\"twitter:data1\" content=\"1 minute\" \/>\n<script type=\"application\/ld+json\" class=\"yoast-schema-graph\">{\"@context\":\"https:\/\/schema.org\",\"@graph\":[{\"@type\":\"Organization\",\"@id\":\"https:\/\/surfertarifa.com\/#organization\",\"name\":\"Surfertarifa\",\"url\":\"https:\/\/surfertarifa.com\/\",\"sameAs\":[\"https:\/\/es-es.facebook.com\/SurferTarifa\/\",\"https:\/\/www.instagram.com\/surfertarifa\/\"],\"logo\":{\"@type\":\"ImageObject\",\"@id\":\"https:\/\/surfertarifa.com\/#logo\",\"inLanguage\":\"en-GB\",\"url\":\"https:\/\/surfertarifa.com\/wp-content\/uploads\/2021\/04\/logo-surfer-1.png\",\"contentUrl\":\"https:\/\/surfertarifa.com\/wp-content\/uploads\/2021\/04\/logo-surfer-1.png\",\"width\":90,\"height\":90,\"caption\":\"Surfertarifa\"},\"image\":{\"@id\":\"https:\/\/surfertarifa.com\/#logo\"}},{\"@type\":\"WebSite\",\"@id\":\"https:\/\/surfertarifa.com\/#website\",\"url\":\"https:\/\/surfertarifa.com\/\",\"name\":\"Surfertarifa\",\"description\":\"Tienda de surf online\",\"publisher\":{\"@id\":\"https:\/\/surfertarifa.com\/#organization\"},\"potentialAction\":[{\"@type\":\"SearchAction\",\"target\":{\"@type\":\"EntryPoint\",\"urlTemplate\":\"https:\/\/surfertarifa.com\/?s={search_term_string}\"},\"query-input\":\"required name=search_term_string\"}],\"inLanguage\":\"en-GB\"},{\"@type\":\"ImageObject\",\"@id\":\"https:\/\/surfertarifa.com\/product\/footpads-entity-ergo-44220-3310\/#primaryimage\",\"inLanguage\":\"en-GB\",\"url\":\"https:\/\/surfertarifa.com\/wp-content\/uploads\/2022\/06\/44220-3311_1.jpg\",\"contentUrl\":\"https:\/\/surfertarifa.com\/wp-content\/uploads\/2022\/06\/44220-3311_1.jpg\",\"width\":320,\"height\":320,\"caption\":\"FOOTPADS ENTITY ERGO 44220-3310\"},{\"@type\":\"WebPage\",\"@id\":\"https:\/\/surfertarifa.com\/product\/footpads-entity-ergo-44220-3310\/#webpage\",\"url\":\"https:\/\/surfertarifa.com\/product\/footpads-entity-ergo-44220-3310\/\",\"name\":\"FOOTPADS ENTITY ERGO 44220-3310 - Surfertarifa\",\"isPartOf\":{\"@id\":\"https:\/\/surfertarifa.com\/#website\"},\"primaryImageOfPage\":{\"@id\":\"https:\/\/surfertarifa.com\/product\/footpads-entity-ergo-44220-3310\/#primaryimage\"},\"datePublished\":\"2022-06-27T16:45:00+00:00\",\"dateModified\":\"2022-06-27T16:45:00+00:00\",\"breadcrumb\":{\"@id\":\"https:\/\/surfertarifa.com\/product\/footpads-entity-ergo-44220-3310\/#breadcrumb\"},\"inLanguage\":\"en-GB\",\"potentialAction\":[{\"@type\":\"ReadAction\",\"target\":[\"https:\/\/surfertarifa.com\/product\/footpads-entity-ergo-44220-3310\/\"]}]},{\"@type\":\"BreadcrumbList\",\"@id\":\"https:\/\/surfertarifa.com\/product\/footpads-entity-ergo-44220-3310\/#breadcrumb\",\"itemListElement\":[{\"@type\":\"ListItem\",\"position\":1,\"name\":\"Portada\",\"item\":\"https:\/\/surfertarifa.com\/\"},{\"@type\":\"ListItem\",\"position\":2,\"name\":\"Shop\",\"item\":\"https:\/\/surfertarifa.com\/shop\/\"},{\"@type\":\"ListItem\",\"position\":3,\"name\":\"FOOTPADS ENTITY ERGO 44220-3310\"}]}]}<\/script>\n<!-- \/ Yoast SEO plugin. -->","yoast_head_json":{"title":"FOOTPADS ENTITY ERGO 44220-3310 - Surfertarifa","robots":{"index":"index","follow":"follow","max-snippet":"max-snippet:-1","max-image-preview":"max-image-preview:large","max-video-preview":"max-video-preview:-1"},"canonical":"https:\/\/surfertarifa.com\/en\/product\/footpads-entity-ergo-44220-3310\/","og_locale":"en_GB","og_type":"article","og_title":"FOOTPADS ENTITY ERGO 44220-3310 - Surfertarifa","og_description":"Este a\u00f1o, los pad ergon\u00f3micos EVA, combinados con los pads para los dedos del pie, garantizan un agarre adecuado en todo momento, una distribuci\u00f3n \u00f3ptima de la presi\u00f3n con la m\u00e1xima comodidad. La s\u00f3lida conexi\u00f3n de los straps mantiene tus pies en su sitio y los straps bien cerrados en cualquier situaci\u00f3n. Los nuevos NTT relajan los m\u00fasculos sometidos a sobrecarga y evitan la fatiga y el dolor. Tus pies se cansar\u00e1n menos y podr\u00e1s permanecer en el agua m\u00e1s tiempo.","og_url":"https:\/\/surfertarifa.com\/en\/product\/footpads-entity-ergo-44220-3310\/","og_site_name":"Surfertarifa","article_publisher":"https:\/\/es-es.facebook.com\/SurferTarifa\/","og_image":[{"width":320,"height":320,"url":"https:\/\/surfertarifa.com\/wp-content\/uploads\/2022\/06\/44220-3311_1.jpg","path":"\/home\/surferta\/public_html\/wp-content\/uploads\/2022\/06\/44220-3311_1.jpg","size":"full","id":5501,"alt":"FOOTPADS ENTITY ERGO 44220-3310","pixels":102400,"type":"image\/jpeg"}],"twitter_card":"summary_large_image","twitter_misc":{"Estimated reading time":"1 minute"},"schema":{"@context":"https:\/\/schema.org","@graph":[{"@type":"Organization","@id":"https:\/\/surfertarifa.com\/#organization","name":"Surfertarifa","url":"https:\/\/surfertarifa.com\/","sameAs":["https:\/\/es-es.facebook.com\/SurferTarifa\/","https:\/\/www.instagram.com\/surfertarifa\/"],"logo":{"@type":"ImageObject","@id":"https:\/\/surfertarifa.com\/#logo","inLanguage":"en-GB","url":"https:\/\/surfertarifa.com\/wp-content\/uploads\/2021\/04\/logo-surfer-1.png","contentUrl":"https:\/\/surfertarifa.com\/wp-content\/uploads\/2021\/04\/logo-surfer-1.png","width":90,"height":90,"caption":"Surfertarifa"},"image":{"@id":"https:\/\/surfertarifa.com\/#logo"}},{"@type":"WebSite","@id":"https:\/\/surfertarifa.com\/#website","url":"https:\/\/surfertarifa.com\/","name":"Surfertarifa","description":"Tienda de surf online","publisher":{"@id":"https:\/\/surfertarifa.com\/#organization"},"potentialAction":[{"@type":"SearchAction","target":{"@type":"EntryPoint","urlTemplate":"https:\/\/surfertarifa.com\/?s={search_term_string}"},"query-input":"required name=search_term_string"}],"inLanguage":"en-GB"},{"@type":"ImageObject","@id":"https:\/\/surfertarifa.com\/product\/footpads-entity-ergo-44220-3310\/#primaryimage","inLanguage":"en-GB","url":"https:\/\/surfertarifa.com\/wp-content\/uploads\/2022\/06\/44220-3311_1.jpg","contentUrl":"https:\/\/surfertarifa.com\/wp-content\/uploads\/2022\/06\/44220-3311_1.jpg","width":320,"height":320,"caption":"FOOTPADS ENTITY ERGO 44220-3310"},{"@type":"WebPage","@id":"https:\/\/surfertarifa.com\/product\/footpads-entity-ergo-44220-3310\/#webpage","url":"https:\/\/surfertarifa.com\/product\/footpads-entity-ergo-44220-3310\/","name":"FOOTPADS ENTITY ERGO 44220-3310 - Surfertarifa","isPartOf":{"@id":"https:\/\/surfertarifa.com\/#website"},"primaryImageOfPage":{"@id":"https:\/\/surfertarifa.com\/product\/footpads-entity-ergo-44220-3310\/#primaryimage"},"datePublished":"2022-06-27T16:45:00+00:00","dateModified":"2022-06-27T16:45:00+00:00","breadcrumb":{"@id":"https:\/\/surfertarifa.com\/product\/footpads-entity-ergo-44220-3310\/#breadcrumb"},"inLanguage":"en-GB","potentialAction":[{"@type":"ReadAction","target":["https:\/\/surfertarifa.com\/product\/footpads-entity-ergo-44220-3310\/"]}]},{"@type":"BreadcrumbList","@id":"https:\/\/surfertarifa.com\/product\/footpads-entity-ergo-44220-3310\/#breadcrumb","itemListElement":[{"@type":"ListItem","position":1,"name":"Portada","item":"https:\/\/surfertarifa.com\/"},{"@type":"ListItem","position":2,"name":"Shop","item":"https:\/\/surfertarifa.com\/shop\/"},{"@type":"ListItem","position":3,"name":"FOOTPADS ENTITY ERGO 44220-3310"}]}]}},"_links":{"self":[{"href":"https:\/\/surfertarifa.com\/en\/wp-json\/wp\/v2\/product\/5499"}],"collection":[{"href":"https:\/\/surfertarifa.com\/en\/wp-json\/wp\/v2\/product"}],"about":[{"href":"https:\/\/surfertarifa.com\/en\/wp-json\/wp\/v2\/types\/product"}],"replies":[{"embeddable":true,"href":"https:\/\/surfertarifa.com\/en\/wp-json\/wp\/v2\/comments?post=5499"}],"wp:featuredmedia":[{"embeddable":true,"href":"https:\/\/surfertarifa.com\/en\/wp-json\/wp\/v2\/media\/5501"}],"wp:attachment":[{"href":"https:\/\/surfertarifa.com\/en\/wp-json\/wp\/v2\/media?parent=5499"}],"wp:term":[{"taxonomy":"product_cat","embeddable":true,"href":"https:\/\/surfertarifa.com\/en\/wp-json\/wp\/v2\/product_cat?post=5499"},{"taxonomy":"product_tag","embeddable":true,"href":"https:\/\/surfertarifa.com\/en\/wp-json\/wp\/v2\/product_tag?post=5499"}],"curies":[{"name":"wp","href":"https:\/\/api.w.org\/{rel}","templated":true}]}}