{"id":6110,"date":"2022-12-24T11:47:24","date_gmt":"2022-12-24T11:47:24","guid":{"rendered":"https:\/\/surfertarifa.com\/?post_type=product&#038;p=6110"},"modified":"2023-09-25T13:20:00","modified_gmt":"2023-09-25T13:20:00","slug":"skate-globe-g0-fubar-8-0","status":"publish","type":"product","link":"https:\/\/surfertarifa.com\/en\/product\/skate-globe-g0-fubar-8-0\/","title":{"rendered":"SKATE GLOBE G0 FUBAR 8.0"},"content":{"rendered":"<p><span style=\"color: #282828;\">El pat\u00edn completo G0 Fubar es un skate b\u00e1sico con el logo impreso, c\u00f3ncavo suave y kick pronunciado, construido con 7 capas de madera de Arce canadiense, as\u00ed como ejes Slant garantizados de por vida que van acompa\u00f1ados de ruedas de 52mm 90 a.<\/span><\/p>\n<p><span style=\"color: #282828;\">Las l\u00e1minas de madera est\u00e1n unidas mediante resina epoxi, que se utiliza para prensar todos los patines de Globe, lo que los hace m\u00e1s ligeros, resistentes y duraderos que los normales de base acuosa.<\/span><\/p>\n<p><span style=\"color: #282828;\">El eje Slant Standard es un truck de aluminio con clavijas de grado 8 y 92a bushings.<\/span><\/p>\n<p><span style=\"color: #282828;\">Las ruedas \u00abGlobe&#8217;s f\u00f3rmulas\u00bb de uretano de alto rebote son resistentes a la abrasi\u00f3n y proporcionan un excelente agarre.<\/span><\/p>\n<p><span style=\"color: #282828;\">\u00a0De serie en todos los skates completos de Globe vienen con los rodamientos Abec-7 que giran m\u00e1s r\u00e1pido y durante m\u00e1s tiempo, lo que significa menos esfuerzo y m\u00e1s velocidad.<\/span><\/p>\n<h4><span style=\"color: #282828;\">CARACTER\u00cdSTICAS<\/span><\/h4>\n<ul>\n<li><span style=\"color: #282828;\">Tama\u00f1o:31,63&#8243; x 8&#8243;<\/span><\/li>\n<li><span style=\"color: #282828;\">Construcci\u00f3n: 7 l\u00e1minas de arce canadiense.<\/span><\/li>\n<li><span style=\"color: #282828;\">Wheelbase: 14&#8243;<\/span><\/li>\n<li><span style=\"color: #282828;\">Ruedas: Globe\u00b4s formula 59mm 99 a<\/span><\/li>\n<li><span style=\"color: #282828;\">Ejes: Slant Standard<\/span><\/li>\n<\/ul>","protected":false},"excerpt":{"rendered":"<p>El pat\u00edn completo G0 Fubar es un skate b\u00e1sico con el logo impreso, c\u00f3ncavo suave y kick pronunciado, construido con 7 capas de madera de Arce canadiense, as\u00ed como ejes Slant garantizados de por vida que van acompa\u00f1ados de ruedas de 52mm 90 a. Las l\u00e1minas de madera est\u00e1n unidas mediante resina epoxi, que se [&#8230;]","protected":false},"featured_media":6111,"comment_status":"open","ping_status":"closed","template":"","meta":{"spay_email":""},"product_cat":[113,112,214],"product_tag":[],"brands":[{"id":246,"name":"Globe","slug":"globe"}],"yoast_head":"<!-- This site is optimized with the Yoast SEO plugin v17.0 - https:\/\/yoast.com\/wordpress\/plugins\/seo\/ -->\n<title>SKATE GLOBE G0 FUBAR 8.0 - Surfertarifa<\/title>\n<meta name=\"robots\" content=\"index, follow, max-snippet:-1, max-image-preview:large, max-video-preview:-1\" \/>\n<link rel=\"canonical\" href=\"https:\/\/surfertarifa.com\/en\/product\/skate-globe-g0-fubar-8-0\/\" \/>\n<meta property=\"og:locale\" content=\"en_GB\" \/>\n<meta property=\"og:type\" content=\"article\" \/>\n<meta property=\"og:title\" content=\"SKATE GLOBE G0 FUBAR 8.0 - Surfertarifa\" \/>\n<meta property=\"og:description\" content=\"El pat\u00edn completo G0 Fubar es un skate b\u00e1sico con el logo impreso, c\u00f3ncavo suave y kick pronunciado, construido con 7 capas de madera de Arce canadiense, as\u00ed como ejes Slant garantizados de por vida que van acompa\u00f1ados de ruedas de 52mm 90 a. Las l\u00e1minas de madera est\u00e1n unidas mediante resina epoxi, que se [...]\" \/>\n<meta property=\"og:url\" content=\"https:\/\/surfertarifa.com\/en\/product\/skate-globe-g0-fubar-8-0\/\" \/>\n<meta property=\"og:site_name\" content=\"Surfertarifa\" \/>\n<meta property=\"article:publisher\" content=\"https:\/\/es-es.facebook.com\/SurferTarifa\/\" \/>\n<meta property=\"article:modified_time\" content=\"2023-09-25T13:20:00+00:00\" \/>\n<meta property=\"og:image\" content=\"https:\/\/surfertarifa.com\/wp-content\/uploads\/2022\/12\/ART000131491001.jpg\" \/>\n\t<meta property=\"og:image:width\" content=\"1000\" \/>\n\t<meta property=\"og:image:height\" content=\"1000\" \/>\n<meta name=\"twitter:card\" content=\"summary_large_image\" \/>\n<meta name=\"twitter:label1\" content=\"Estimated reading time\" \/>\n\t<meta name=\"twitter:data1\" content=\"1 minute\" \/>\n<script type=\"application\/ld+json\" class=\"yoast-schema-graph\">{\"@context\":\"https:\/\/schema.org\",\"@graph\":[{\"@type\":\"Organization\",\"@id\":\"https:\/\/surfertarifa.com\/#organization\",\"name\":\"Surfertarifa\",\"url\":\"https:\/\/surfertarifa.com\/\",\"sameAs\":[\"https:\/\/es-es.facebook.com\/SurferTarifa\/\",\"https:\/\/www.instagram.com\/surfertarifa\/\"],\"logo\":{\"@type\":\"ImageObject\",\"@id\":\"https:\/\/surfertarifa.com\/#logo\",\"inLanguage\":\"en-GB\",\"url\":\"https:\/\/surfertarifa.com\/wp-content\/uploads\/2021\/04\/logo-surfer-1.png\",\"contentUrl\":\"https:\/\/surfertarifa.com\/wp-content\/uploads\/2021\/04\/logo-surfer-1.png\",\"width\":90,\"height\":90,\"caption\":\"Surfertarifa\"},\"image\":{\"@id\":\"https:\/\/surfertarifa.com\/#logo\"}},{\"@type\":\"WebSite\",\"@id\":\"https:\/\/surfertarifa.com\/#website\",\"url\":\"https:\/\/surfertarifa.com\/\",\"name\":\"Surfertarifa\",\"description\":\"Tienda de surf online\",\"publisher\":{\"@id\":\"https:\/\/surfertarifa.com\/#organization\"},\"potentialAction\":[{\"@type\":\"SearchAction\",\"target\":{\"@type\":\"EntryPoint\",\"urlTemplate\":\"https:\/\/surfertarifa.com\/?s={search_term_string}\"},\"query-input\":\"required name=search_term_string\"}],\"inLanguage\":\"en-GB\"},{\"@type\":\"ImageObject\",\"@id\":\"https:\/\/surfertarifa.com\/product\/skate-globe-g0-fubar-8-0\/#primaryimage\",\"inLanguage\":\"en-GB\",\"url\":\"https:\/\/surfertarifa.com\/wp-content\/uploads\/2022\/12\/ART000131491001.jpg\",\"contentUrl\":\"https:\/\/surfertarifa.com\/wp-content\/uploads\/2022\/12\/ART000131491001.jpg\",\"width\":1000,\"height\":1000,\"caption\":\"SKATE GLOBE G0 FUBAR 8.0\"},{\"@type\":\"WebPage\",\"@id\":\"https:\/\/surfertarifa.com\/product\/skate-globe-g0-fubar-8-0\/#webpage\",\"url\":\"https:\/\/surfertarifa.com\/product\/skate-globe-g0-fubar-8-0\/\",\"name\":\"SKATE GLOBE G0 FUBAR 8.0 - Surfertarifa\",\"isPartOf\":{\"@id\":\"https:\/\/surfertarifa.com\/#website\"},\"primaryImageOfPage\":{\"@id\":\"https:\/\/surfertarifa.com\/product\/skate-globe-g0-fubar-8-0\/#primaryimage\"},\"datePublished\":\"2022-12-24T11:47:24+00:00\",\"dateModified\":\"2023-09-25T13:20:00+00:00\",\"breadcrumb\":{\"@id\":\"https:\/\/surfertarifa.com\/product\/skate-globe-g0-fubar-8-0\/#breadcrumb\"},\"inLanguage\":\"en-GB\",\"potentialAction\":[{\"@type\":\"ReadAction\",\"target\":[\"https:\/\/surfertarifa.com\/product\/skate-globe-g0-fubar-8-0\/\"]}]},{\"@type\":\"BreadcrumbList\",\"@id\":\"https:\/\/surfertarifa.com\/product\/skate-globe-g0-fubar-8-0\/#breadcrumb\",\"itemListElement\":[{\"@type\":\"ListItem\",\"position\":1,\"name\":\"Portada\",\"item\":\"https:\/\/surfertarifa.com\/\"},{\"@type\":\"ListItem\",\"position\":2,\"name\":\"Shop\",\"item\":\"https:\/\/surfertarifa.com\/shop\/\"},{\"@type\":\"ListItem\",\"position\":3,\"name\":\"SKATE GLOBE G0 FUBAR 8.0\"}]}]}<\/script>\n<!-- \/ Yoast SEO plugin. -->","yoast_head_json":{"title":"SKATE GLOBE G0 FUBAR 8.0 - Surfertarifa","robots":{"index":"index","follow":"follow","max-snippet":"max-snippet:-1","max-image-preview":"max-image-preview:large","max-video-preview":"max-video-preview:-1"},"canonical":"https:\/\/surfertarifa.com\/en\/product\/skate-globe-g0-fubar-8-0\/","og_locale":"en_GB","og_type":"article","og_title":"SKATE GLOBE G0 FUBAR 8.0 - Surfertarifa","og_description":"El pat\u00edn completo G0 Fubar es un skate b\u00e1sico con el logo impreso, c\u00f3ncavo suave y kick pronunciado, construido con 7 capas de madera de Arce canadiense, as\u00ed como ejes Slant garantizados de por vida que van acompa\u00f1ados de ruedas de 52mm 90 a. Las l\u00e1minas de madera est\u00e1n unidas mediante resina epoxi, que se [...]","og_url":"https:\/\/surfertarifa.com\/en\/product\/skate-globe-g0-fubar-8-0\/","og_site_name":"Surfertarifa","article_publisher":"https:\/\/es-es.facebook.com\/SurferTarifa\/","article_modified_time":"2023-09-25T13:20:00+00:00","og_image":[{"width":1000,"height":1000,"url":"https:\/\/surfertarifa.com\/wp-content\/uploads\/2022\/12\/ART000131491001.jpg","path":"\/home\/surferta\/public_html\/wp-content\/uploads\/2022\/12\/ART000131491001.jpg","size":"full","id":6111,"alt":"SKATE GLOBE G0 FUBAR 8.0","pixels":1000000,"type":"image\/jpeg"}],"twitter_card":"summary_large_image","twitter_misc":{"Estimated reading time":"1 minute"},"schema":{"@context":"https:\/\/schema.org","@graph":[{"@type":"Organization","@id":"https:\/\/surfertarifa.com\/#organization","name":"Surfertarifa","url":"https:\/\/surfertarifa.com\/","sameAs":["https:\/\/es-es.facebook.com\/SurferTarifa\/","https:\/\/www.instagram.com\/surfertarifa\/"],"logo":{"@type":"ImageObject","@id":"https:\/\/surfertarifa.com\/#logo","inLanguage":"en-GB","url":"https:\/\/surfertarifa.com\/wp-content\/uploads\/2021\/04\/logo-surfer-1.png","contentUrl":"https:\/\/surfertarifa.com\/wp-content\/uploads\/2021\/04\/logo-surfer-1.png","width":90,"height":90,"caption":"Surfertarifa"},"image":{"@id":"https:\/\/surfertarifa.com\/#logo"}},{"@type":"WebSite","@id":"https:\/\/surfertarifa.com\/#website","url":"https:\/\/surfertarifa.com\/","name":"Surfertarifa","description":"Tienda de surf online","publisher":{"@id":"https:\/\/surfertarifa.com\/#organization"},"potentialAction":[{"@type":"SearchAction","target":{"@type":"EntryPoint","urlTemplate":"https:\/\/surfertarifa.com\/?s={search_term_string}"},"query-input":"required name=search_term_string"}],"inLanguage":"en-GB"},{"@type":"ImageObject","@id":"https:\/\/surfertarifa.com\/product\/skate-globe-g0-fubar-8-0\/#primaryimage","inLanguage":"en-GB","url":"https:\/\/surfertarifa.com\/wp-content\/uploads\/2022\/12\/ART000131491001.jpg","contentUrl":"https:\/\/surfertarifa.com\/wp-content\/uploads\/2022\/12\/ART000131491001.jpg","width":1000,"height":1000,"caption":"SKATE GLOBE G0 FUBAR 8.0"},{"@type":"WebPage","@id":"https:\/\/surfertarifa.com\/product\/skate-globe-g0-fubar-8-0\/#webpage","url":"https:\/\/surfertarifa.com\/product\/skate-globe-g0-fubar-8-0\/","name":"SKATE GLOBE G0 FUBAR 8.0 - Surfertarifa","isPartOf":{"@id":"https:\/\/surfertarifa.com\/#website"},"primaryImageOfPage":{"@id":"https:\/\/surfertarifa.com\/product\/skate-globe-g0-fubar-8-0\/#primaryimage"},"datePublished":"2022-12-24T11:47:24+00:00","dateModified":"2023-09-25T13:20:00+00:00","breadcrumb":{"@id":"https:\/\/surfertarifa.com\/product\/skate-globe-g0-fubar-8-0\/#breadcrumb"},"inLanguage":"en-GB","potentialAction":[{"@type":"ReadAction","target":["https:\/\/surfertarifa.com\/product\/skate-globe-g0-fubar-8-0\/"]}]},{"@type":"BreadcrumbList","@id":"https:\/\/surfertarifa.com\/product\/skate-globe-g0-fubar-8-0\/#breadcrumb","itemListElement":[{"@type":"ListItem","position":1,"name":"Portada","item":"https:\/\/surfertarifa.com\/"},{"@type":"ListItem","position":2,"name":"Shop","item":"https:\/\/surfertarifa.com\/shop\/"},{"@type":"ListItem","position":3,"name":"SKATE GLOBE G0 FUBAR 8.0"}]}]}},"_links":{"self":[{"href":"https:\/\/surfertarifa.com\/en\/wp-json\/wp\/v2\/product\/6110"}],"collection":[{"href":"https:\/\/surfertarifa.com\/en\/wp-json\/wp\/v2\/product"}],"about":[{"href":"https:\/\/surfertarifa.com\/en\/wp-json\/wp\/v2\/types\/product"}],"replies":[{"embeddable":true,"href":"https:\/\/surfertarifa.com\/en\/wp-json\/wp\/v2\/comments?post=6110"}],"wp:featuredmedia":[{"embeddable":true,"href":"https:\/\/surfertarifa.com\/en\/wp-json\/wp\/v2\/media\/6111"}],"wp:attachment":[{"href":"https:\/\/surfertarifa.com\/en\/wp-json\/wp\/v2\/media?parent=6110"}],"wp:term":[{"taxonomy":"product_cat","embeddable":true,"href":"https:\/\/surfertarifa.com\/en\/wp-json\/wp\/v2\/product_cat?post=6110"},{"taxonomy":"product_tag","embeddable":true,"href":"https:\/\/surfertarifa.com\/en\/wp-json\/wp\/v2\/product_tag?post=6110"}],"curies":[{"name":"wp","href":"https:\/\/api.w.org\/{rel}","templated":true}]}}