{"id":8206,"date":"2023-08-25T17:05:45","date_gmt":"2023-08-25T17:05:45","guid":{"rendered":"https:\/\/surfertarifa.com\/?post_type=product&#038;p=8206"},"modified":"2026-04-11T10:27:24","modified_gmt":"2026-04-11T10:27:24","slug":"sudadera-vellon-con-capucha-tube-hounds-sur-vissla","status":"publish","type":"product","link":"https:\/\/surfertarifa.com\/en\/product\/sudadera-vellon-con-capucha-tube-hounds-sur-vissla\/","title":{"rendered":"Sudadera Vell\u00f3n con capucha Tube Hounds, SUR VISSLA"},"content":{"rendered":"<p><span style=\"color: #282828;\">Cu\u00e9ntale a todo el mundo lo bien que te lo has pasado en tu primera sesi\u00f3n con nuestro forro polar con capucha Tube Hounds. Se trata de un forro polar con capucha de 300 g\/m\u00b2 cepillado con tratamiento de lavado al \u00e1cido para un aspecto de lavado destruido y un estampado delantero y trasero.<\/span><\/p>\n<p><span style=\"color: #282828;\">100% Algod\u00f3n<\/span><\/p>\n<p><span style=\"color: #282828;\">Estilo # M6223TUB<\/span><\/p>","protected":false},"excerpt":{"rendered":"<p>Cu\u00e9ntale a todo el mundo lo bien que te lo has pasado en tu primera sesi\u00f3n con nuestro forro polar con capucha Tube Hounds. Se trata de un forro polar con capucha de 300 g\/m\u00b2 cepillado con tratamiento de lavado al \u00e1cido para un aspecto de lavado destruido y un estampado delantero y trasero. 100% [&#8230;]","protected":false},"featured_media":8207,"comment_status":"open","ping_status":"closed","template":"","meta":{"spay_email":""},"product_cat":[110,134],"product_tag":[],"brands":[{"id":120,"name":"Vissla","slug":"vissla"}],"yoast_head":"<!-- This site is optimized with the Yoast SEO plugin v17.0 - https:\/\/yoast.com\/wordpress\/plugins\/seo\/ -->\n<title>Sudadera Vell\u00f3n con capucha Tube Hounds, SUR VISSLA - Surfertarifa<\/title>\n<meta name=\"robots\" content=\"index, follow, max-snippet:-1, max-image-preview:large, max-video-preview:-1\" \/>\n<link rel=\"canonical\" href=\"https:\/\/surfertarifa.com\/en\/product\/sudadera-vellon-con-capucha-tube-hounds-sur-vissla\/\" \/>\n<meta property=\"og:locale\" content=\"en_GB\" \/>\n<meta property=\"og:type\" content=\"article\" \/>\n<meta property=\"og:title\" content=\"Sudadera Vell\u00f3n con capucha Tube Hounds, SUR VISSLA - Surfertarifa\" \/>\n<meta property=\"og:description\" content=\"Cu\u00e9ntale a todo el mundo lo bien que te lo has pasado en tu primera sesi\u00f3n con nuestro forro polar con capucha Tube Hounds. Se trata de un forro polar con capucha de 300 g\/m\u00b2 cepillado con tratamiento de lavado al \u00e1cido para un aspecto de lavado destruido y un estampado delantero y trasero. 100% [...]\" \/>\n<meta property=\"og:url\" content=\"https:\/\/surfertarifa.com\/en\/product\/sudadera-vellon-con-capucha-tube-hounds-sur-vissla\/\" \/>\n<meta property=\"og:site_name\" content=\"Surfertarifa\" \/>\n<meta property=\"article:publisher\" content=\"https:\/\/es-es.facebook.com\/SurferTarifa\/\" \/>\n<meta property=\"article:modified_time\" content=\"2026-04-11T10:27:24+00:00\" \/>\n<meta name=\"twitter:card\" content=\"summary_large_image\" \/>\n<meta name=\"twitter:image\" content=\"https:\/\/surfertarifa.com\/wp-content\/uploads\/2023\/08\/M6223TUB-SUR-1_1800x1800.webp\" \/>\n<script type=\"application\/ld+json\" class=\"yoast-schema-graph\">{\"@context\":\"https:\/\/schema.org\",\"@graph\":[{\"@type\":\"Organization\",\"@id\":\"https:\/\/surfertarifa.com\/#organization\",\"name\":\"Surfertarifa\",\"url\":\"https:\/\/surfertarifa.com\/\",\"sameAs\":[\"https:\/\/es-es.facebook.com\/SurferTarifa\/\",\"https:\/\/www.instagram.com\/surfertarifa\/\"],\"logo\":{\"@type\":\"ImageObject\",\"@id\":\"https:\/\/surfertarifa.com\/#logo\",\"inLanguage\":\"en-GB\",\"url\":\"https:\/\/surfertarifa.com\/wp-content\/uploads\/2021\/04\/logo-surfer-1.png\",\"contentUrl\":\"https:\/\/surfertarifa.com\/wp-content\/uploads\/2021\/04\/logo-surfer-1.png\",\"width\":90,\"height\":90,\"caption\":\"Surfertarifa\"},\"image\":{\"@id\":\"https:\/\/surfertarifa.com\/#logo\"}},{\"@type\":\"WebSite\",\"@id\":\"https:\/\/surfertarifa.com\/#website\",\"url\":\"https:\/\/surfertarifa.com\/\",\"name\":\"Surfertarifa\",\"description\":\"Tienda de surf online\",\"publisher\":{\"@id\":\"https:\/\/surfertarifa.com\/#organization\"},\"potentialAction\":[{\"@type\":\"SearchAction\",\"target\":{\"@type\":\"EntryPoint\",\"urlTemplate\":\"https:\/\/surfertarifa.com\/?s={search_term_string}\"},\"query-input\":\"required name=search_term_string\"}],\"inLanguage\":\"en-GB\"},{\"@type\":\"ImageObject\",\"@id\":\"https:\/\/surfertarifa.com\/product\/sudadera-vellon-con-capucha-tube-hounds-sur-vissla\/#primaryimage\",\"inLanguage\":\"en-GB\",\"url\":\"https:\/\/surfertarifa.com\/wp-content\/uploads\/2023\/08\/M6223TUB-SUR-1_1800x1800.webp\",\"contentUrl\":\"https:\/\/surfertarifa.com\/wp-content\/uploads\/2023\/08\/M6223TUB-SUR-1_1800x1800.webp\",\"width\":1000,\"height\":1400,\"caption\":\"Sudadera Vell\\u00f3n con capucha Tube Hounds, SUR VISSLA\"},{\"@type\":\"WebPage\",\"@id\":\"https:\/\/surfertarifa.com\/product\/sudadera-vellon-con-capucha-tube-hounds-sur-vissla\/#webpage\",\"url\":\"https:\/\/surfertarifa.com\/product\/sudadera-vellon-con-capucha-tube-hounds-sur-vissla\/\",\"name\":\"Sudadera Vell\\u00f3n con capucha Tube Hounds, SUR VISSLA - Surfertarifa\",\"isPartOf\":{\"@id\":\"https:\/\/surfertarifa.com\/#website\"},\"primaryImageOfPage\":{\"@id\":\"https:\/\/surfertarifa.com\/product\/sudadera-vellon-con-capucha-tube-hounds-sur-vissla\/#primaryimage\"},\"datePublished\":\"2023-08-25T17:05:45+00:00\",\"dateModified\":\"2026-04-11T10:27:24+00:00\",\"breadcrumb\":{\"@id\":\"https:\/\/surfertarifa.com\/product\/sudadera-vellon-con-capucha-tube-hounds-sur-vissla\/#breadcrumb\"},\"inLanguage\":\"en-GB\",\"potentialAction\":[{\"@type\":\"ReadAction\",\"target\":[\"https:\/\/surfertarifa.com\/product\/sudadera-vellon-con-capucha-tube-hounds-sur-vissla\/\"]}]},{\"@type\":\"BreadcrumbList\",\"@id\":\"https:\/\/surfertarifa.com\/product\/sudadera-vellon-con-capucha-tube-hounds-sur-vissla\/#breadcrumb\",\"itemListElement\":[{\"@type\":\"ListItem\",\"position\":1,\"name\":\"Portada\",\"item\":\"https:\/\/surfertarifa.com\/\"},{\"@type\":\"ListItem\",\"position\":2,\"name\":\"Shop\",\"item\":\"https:\/\/surfertarifa.com\/shop\/\"},{\"@type\":\"ListItem\",\"position\":3,\"name\":\"Sudadera Vell\\u00f3n con capucha Tube Hounds, SUR VISSLA\"}]}]}<\/script>\n<!-- \/ Yoast SEO plugin. -->","yoast_head_json":{"title":"Sudadera Vell\u00f3n con capucha Tube Hounds, SUR VISSLA - Surfertarifa","robots":{"index":"index","follow":"follow","max-snippet":"max-snippet:-1","max-image-preview":"max-image-preview:large","max-video-preview":"max-video-preview:-1"},"canonical":"https:\/\/surfertarifa.com\/en\/product\/sudadera-vellon-con-capucha-tube-hounds-sur-vissla\/","og_locale":"en_GB","og_type":"article","og_title":"Sudadera Vell\u00f3n con capucha Tube Hounds, SUR VISSLA - Surfertarifa","og_description":"Cu\u00e9ntale a todo el mundo lo bien que te lo has pasado en tu primera sesi\u00f3n con nuestro forro polar con capucha Tube Hounds. Se trata de un forro polar con capucha de 300 g\/m\u00b2 cepillado con tratamiento de lavado al \u00e1cido para un aspecto de lavado destruido y un estampado delantero y trasero. 100% [...]","og_url":"https:\/\/surfertarifa.com\/en\/product\/sudadera-vellon-con-capucha-tube-hounds-sur-vissla\/","og_site_name":"Surfertarifa","article_publisher":"https:\/\/es-es.facebook.com\/SurferTarifa\/","article_modified_time":"2026-04-11T10:27:24+00:00","twitter_card":"summary_large_image","twitter_image":"https:\/\/surfertarifa.com\/wp-content\/uploads\/2023\/08\/M6223TUB-SUR-1_1800x1800.webp","schema":{"@context":"https:\/\/schema.org","@graph":[{"@type":"Organization","@id":"https:\/\/surfertarifa.com\/#organization","name":"Surfertarifa","url":"https:\/\/surfertarifa.com\/","sameAs":["https:\/\/es-es.facebook.com\/SurferTarifa\/","https:\/\/www.instagram.com\/surfertarifa\/"],"logo":{"@type":"ImageObject","@id":"https:\/\/surfertarifa.com\/#logo","inLanguage":"en-GB","url":"https:\/\/surfertarifa.com\/wp-content\/uploads\/2021\/04\/logo-surfer-1.png","contentUrl":"https:\/\/surfertarifa.com\/wp-content\/uploads\/2021\/04\/logo-surfer-1.png","width":90,"height":90,"caption":"Surfertarifa"},"image":{"@id":"https:\/\/surfertarifa.com\/#logo"}},{"@type":"WebSite","@id":"https:\/\/surfertarifa.com\/#website","url":"https:\/\/surfertarifa.com\/","name":"Surfertarifa","description":"Tienda de surf online","publisher":{"@id":"https:\/\/surfertarifa.com\/#organization"},"potentialAction":[{"@type":"SearchAction","target":{"@type":"EntryPoint","urlTemplate":"https:\/\/surfertarifa.com\/?s={search_term_string}"},"query-input":"required name=search_term_string"}],"inLanguage":"en-GB"},{"@type":"ImageObject","@id":"https:\/\/surfertarifa.com\/product\/sudadera-vellon-con-capucha-tube-hounds-sur-vissla\/#primaryimage","inLanguage":"en-GB","url":"https:\/\/surfertarifa.com\/wp-content\/uploads\/2023\/08\/M6223TUB-SUR-1_1800x1800.webp","contentUrl":"https:\/\/surfertarifa.com\/wp-content\/uploads\/2023\/08\/M6223TUB-SUR-1_1800x1800.webp","width":1000,"height":1400,"caption":"Sudadera Vell\u00f3n con capucha Tube Hounds, SUR VISSLA"},{"@type":"WebPage","@id":"https:\/\/surfertarifa.com\/product\/sudadera-vellon-con-capucha-tube-hounds-sur-vissla\/#webpage","url":"https:\/\/surfertarifa.com\/product\/sudadera-vellon-con-capucha-tube-hounds-sur-vissla\/","name":"Sudadera Vell\u00f3n con capucha Tube Hounds, SUR VISSLA - Surfertarifa","isPartOf":{"@id":"https:\/\/surfertarifa.com\/#website"},"primaryImageOfPage":{"@id":"https:\/\/surfertarifa.com\/product\/sudadera-vellon-con-capucha-tube-hounds-sur-vissla\/#primaryimage"},"datePublished":"2023-08-25T17:05:45+00:00","dateModified":"2026-04-11T10:27:24+00:00","breadcrumb":{"@id":"https:\/\/surfertarifa.com\/product\/sudadera-vellon-con-capucha-tube-hounds-sur-vissla\/#breadcrumb"},"inLanguage":"en-GB","potentialAction":[{"@type":"ReadAction","target":["https:\/\/surfertarifa.com\/product\/sudadera-vellon-con-capucha-tube-hounds-sur-vissla\/"]}]},{"@type":"BreadcrumbList","@id":"https:\/\/surfertarifa.com\/product\/sudadera-vellon-con-capucha-tube-hounds-sur-vissla\/#breadcrumb","itemListElement":[{"@type":"ListItem","position":1,"name":"Portada","item":"https:\/\/surfertarifa.com\/"},{"@type":"ListItem","position":2,"name":"Shop","item":"https:\/\/surfertarifa.com\/shop\/"},{"@type":"ListItem","position":3,"name":"Sudadera Vell\u00f3n con capucha Tube Hounds, SUR VISSLA"}]}]}},"_links":{"self":[{"href":"https:\/\/surfertarifa.com\/en\/wp-json\/wp\/v2\/product\/8206"}],"collection":[{"href":"https:\/\/surfertarifa.com\/en\/wp-json\/wp\/v2\/product"}],"about":[{"href":"https:\/\/surfertarifa.com\/en\/wp-json\/wp\/v2\/types\/product"}],"replies":[{"embeddable":true,"href":"https:\/\/surfertarifa.com\/en\/wp-json\/wp\/v2\/comments?post=8206"}],"wp:featuredmedia":[{"embeddable":true,"href":"https:\/\/surfertarifa.com\/en\/wp-json\/wp\/v2\/media\/8207"}],"wp:attachment":[{"href":"https:\/\/surfertarifa.com\/en\/wp-json\/wp\/v2\/media?parent=8206"}],"wp:term":[{"taxonomy":"product_cat","embeddable":true,"href":"https:\/\/surfertarifa.com\/en\/wp-json\/wp\/v2\/product_cat?post=8206"},{"taxonomy":"product_tag","embeddable":true,"href":"https:\/\/surfertarifa.com\/en\/wp-json\/wp\/v2\/product_tag?post=8206"}],"curies":[{"name":"wp","href":"https:\/\/api.w.org\/{rel}","templated":true}]}}