{"id":8321,"date":"2023-09-10T15:33:26","date_gmt":"2023-09-10T15:33:26","guid":{"rendered":"https:\/\/surfertarifa.com\/?post_type=product&#038;p=8321"},"modified":"2025-09-22T16:02:57","modified_gmt":"2025-09-22T16:02:57","slug":"extra-strength-ls-pkt-tee-vissla","status":"publish","type":"product","link":"https:\/\/surfertarifa.com\/en\/product\/extra-strength-ls-pkt-tee-vissla\/","title":{"rendered":"CAMISETA M\/L Extra Strength Ls Pkt Tee VISSLA"},"content":{"rendered":"<p><span style=\"color: #282828;\">Toda la fuerza que necesita, de una camiseta de bolsillo de manga larga de 30 unidades. La Extra Strength presenta nuestro corte moderno con costuras laterales, lavado para un aspecto desgastado. Incluye nuestra ic\u00f3nica etiqueta de bandera con una serigraf\u00eda supersuave.<\/span><\/p>\n<p><span style=\"color: #282828;\">100% Algod\u00f3n<\/span><\/p>\n<p><span style=\"color: #282828;\">Estilo # M4853EXT<\/span><\/p>","protected":false},"excerpt":{"rendered":"<p>Toda la fuerza que necesita, de una camiseta de bolsillo de manga larga de 30 unidades. La Extra Strength presenta nuestro corte moderno con costuras laterales, lavado para un aspecto desgastado. Incluye nuestra ic\u00f3nica etiqueta de bandera con una serigraf\u00eda supersuave. 100% Algod\u00f3n Estilo # M4853EXT<\/p>","protected":false},"featured_media":8323,"comment_status":"open","ping_status":"closed","template":"","meta":{"spay_email":""},"product_cat":[133,154,110],"product_tag":[],"brands":[{"id":120,"name":"Vissla","slug":"vissla"}],"yoast_head":"<!-- This site is optimized with the Yoast SEO plugin v17.0 - https:\/\/yoast.com\/wordpress\/plugins\/seo\/ -->\n<title>CAMISETA M\/L Extra Strength Ls Pkt Tee VISSLA - Surfertarifa<\/title>\n<meta name=\"robots\" content=\"index, follow, max-snippet:-1, max-image-preview:large, max-video-preview:-1\" \/>\n<link rel=\"canonical\" href=\"https:\/\/surfertarifa.com\/en\/product\/extra-strength-ls-pkt-tee-vissla\/\" \/>\n<meta property=\"og:locale\" content=\"en_GB\" \/>\n<meta property=\"og:type\" content=\"article\" \/>\n<meta property=\"og:title\" content=\"CAMISETA M\/L Extra Strength Ls Pkt Tee VISSLA - Surfertarifa\" \/>\n<meta property=\"og:description\" content=\"Toda la fuerza que necesita, de una camiseta de bolsillo de manga larga de 30 unidades. La Extra Strength presenta nuestro corte moderno con costuras laterales, lavado para un aspecto desgastado. Incluye nuestra ic\u00f3nica etiqueta de bandera con una serigraf\u00eda supersuave. 100% Algod\u00f3n Estilo # M4853EXT\" \/>\n<meta property=\"og:url\" content=\"https:\/\/surfertarifa.com\/en\/product\/extra-strength-ls-pkt-tee-vissla\/\" \/>\n<meta property=\"og:site_name\" content=\"Surfertarifa\" \/>\n<meta property=\"article:publisher\" content=\"https:\/\/es-es.facebook.com\/SurferTarifa\/\" \/>\n<meta property=\"article:modified_time\" content=\"2025-09-22T16:02:57+00:00\" \/>\n<meta name=\"twitter:card\" content=\"summary_large_image\" \/>\n<meta name=\"twitter:image\" content=\"https:\/\/surfertarifa.com\/wp-content\/uploads\/2023\/09\/M4853EXT-1_1800x1800.webp\" \/>\n<script type=\"application\/ld+json\" class=\"yoast-schema-graph\">{\"@context\":\"https:\/\/schema.org\",\"@graph\":[{\"@type\":\"Organization\",\"@id\":\"https:\/\/surfertarifa.com\/#organization\",\"name\":\"Surfertarifa\",\"url\":\"https:\/\/surfertarifa.com\/\",\"sameAs\":[\"https:\/\/es-es.facebook.com\/SurferTarifa\/\",\"https:\/\/www.instagram.com\/surfertarifa\/\"],\"logo\":{\"@type\":\"ImageObject\",\"@id\":\"https:\/\/surfertarifa.com\/#logo\",\"inLanguage\":\"en-GB\",\"url\":\"https:\/\/surfertarifa.com\/wp-content\/uploads\/2021\/04\/logo-surfer-1.png\",\"contentUrl\":\"https:\/\/surfertarifa.com\/wp-content\/uploads\/2021\/04\/logo-surfer-1.png\",\"width\":90,\"height\":90,\"caption\":\"Surfertarifa\"},\"image\":{\"@id\":\"https:\/\/surfertarifa.com\/#logo\"}},{\"@type\":\"WebSite\",\"@id\":\"https:\/\/surfertarifa.com\/#website\",\"url\":\"https:\/\/surfertarifa.com\/\",\"name\":\"Surfertarifa\",\"description\":\"Tienda de surf online\",\"publisher\":{\"@id\":\"https:\/\/surfertarifa.com\/#organization\"},\"potentialAction\":[{\"@type\":\"SearchAction\",\"target\":{\"@type\":\"EntryPoint\",\"urlTemplate\":\"https:\/\/surfertarifa.com\/?s={search_term_string}\"},\"query-input\":\"required name=search_term_string\"}],\"inLanguage\":\"en-GB\"},{\"@type\":\"ImageObject\",\"@id\":\"https:\/\/surfertarifa.com\/product\/extra-strength-ls-pkt-tee-vissla\/#primaryimage\",\"inLanguage\":\"en-GB\",\"url\":\"https:\/\/surfertarifa.com\/wp-content\/uploads\/2023\/09\/M4853EXT-1_1800x1800.webp\",\"contentUrl\":\"https:\/\/surfertarifa.com\/wp-content\/uploads\/2023\/09\/M4853EXT-1_1800x1800.webp\",\"width\":1000,\"height\":1400,\"caption\":\"Extra Strength Ls Pkt Tee VISSLA\"},{\"@type\":\"WebPage\",\"@id\":\"https:\/\/surfertarifa.com\/product\/extra-strength-ls-pkt-tee-vissla\/#webpage\",\"url\":\"https:\/\/surfertarifa.com\/product\/extra-strength-ls-pkt-tee-vissla\/\",\"name\":\"CAMISETA M\/L Extra Strength Ls Pkt Tee VISSLA - Surfertarifa\",\"isPartOf\":{\"@id\":\"https:\/\/surfertarifa.com\/#website\"},\"primaryImageOfPage\":{\"@id\":\"https:\/\/surfertarifa.com\/product\/extra-strength-ls-pkt-tee-vissla\/#primaryimage\"},\"datePublished\":\"2023-09-10T15:33:26+00:00\",\"dateModified\":\"2025-09-22T16:02:57+00:00\",\"breadcrumb\":{\"@id\":\"https:\/\/surfertarifa.com\/product\/extra-strength-ls-pkt-tee-vissla\/#breadcrumb\"},\"inLanguage\":\"en-GB\",\"potentialAction\":[{\"@type\":\"ReadAction\",\"target\":[\"https:\/\/surfertarifa.com\/product\/extra-strength-ls-pkt-tee-vissla\/\"]}]},{\"@type\":\"BreadcrumbList\",\"@id\":\"https:\/\/surfertarifa.com\/product\/extra-strength-ls-pkt-tee-vissla\/#breadcrumb\",\"itemListElement\":[{\"@type\":\"ListItem\",\"position\":1,\"name\":\"Portada\",\"item\":\"https:\/\/surfertarifa.com\/\"},{\"@type\":\"ListItem\",\"position\":2,\"name\":\"Shop\",\"item\":\"https:\/\/surfertarifa.com\/shop\/\"},{\"@type\":\"ListItem\",\"position\":3,\"name\":\"CAMISETA M\/L Extra Strength Ls Pkt Tee VISSLA\"}]}]}<\/script>\n<!-- \/ Yoast SEO plugin. -->","yoast_head_json":{"title":"CAMISETA M\/L Extra Strength Ls Pkt Tee VISSLA - Surfertarifa","robots":{"index":"index","follow":"follow","max-snippet":"max-snippet:-1","max-image-preview":"max-image-preview:large","max-video-preview":"max-video-preview:-1"},"canonical":"https:\/\/surfertarifa.com\/en\/product\/extra-strength-ls-pkt-tee-vissla\/","og_locale":"en_GB","og_type":"article","og_title":"CAMISETA M\/L Extra Strength Ls Pkt Tee VISSLA - Surfertarifa","og_description":"Toda la fuerza que necesita, de una camiseta de bolsillo de manga larga de 30 unidades. La Extra Strength presenta nuestro corte moderno con costuras laterales, lavado para un aspecto desgastado. Incluye nuestra ic\u00f3nica etiqueta de bandera con una serigraf\u00eda supersuave. 100% Algod\u00f3n Estilo # M4853EXT","og_url":"https:\/\/surfertarifa.com\/en\/product\/extra-strength-ls-pkt-tee-vissla\/","og_site_name":"Surfertarifa","article_publisher":"https:\/\/es-es.facebook.com\/SurferTarifa\/","article_modified_time":"2025-09-22T16:02:57+00:00","twitter_card":"summary_large_image","twitter_image":"https:\/\/surfertarifa.com\/wp-content\/uploads\/2023\/09\/M4853EXT-1_1800x1800.webp","schema":{"@context":"https:\/\/schema.org","@graph":[{"@type":"Organization","@id":"https:\/\/surfertarifa.com\/#organization","name":"Surfertarifa","url":"https:\/\/surfertarifa.com\/","sameAs":["https:\/\/es-es.facebook.com\/SurferTarifa\/","https:\/\/www.instagram.com\/surfertarifa\/"],"logo":{"@type":"ImageObject","@id":"https:\/\/surfertarifa.com\/#logo","inLanguage":"en-GB","url":"https:\/\/surfertarifa.com\/wp-content\/uploads\/2021\/04\/logo-surfer-1.png","contentUrl":"https:\/\/surfertarifa.com\/wp-content\/uploads\/2021\/04\/logo-surfer-1.png","width":90,"height":90,"caption":"Surfertarifa"},"image":{"@id":"https:\/\/surfertarifa.com\/#logo"}},{"@type":"WebSite","@id":"https:\/\/surfertarifa.com\/#website","url":"https:\/\/surfertarifa.com\/","name":"Surfertarifa","description":"Tienda de surf online","publisher":{"@id":"https:\/\/surfertarifa.com\/#organization"},"potentialAction":[{"@type":"SearchAction","target":{"@type":"EntryPoint","urlTemplate":"https:\/\/surfertarifa.com\/?s={search_term_string}"},"query-input":"required name=search_term_string"}],"inLanguage":"en-GB"},{"@type":"ImageObject","@id":"https:\/\/surfertarifa.com\/product\/extra-strength-ls-pkt-tee-vissla\/#primaryimage","inLanguage":"en-GB","url":"https:\/\/surfertarifa.com\/wp-content\/uploads\/2023\/09\/M4853EXT-1_1800x1800.webp","contentUrl":"https:\/\/surfertarifa.com\/wp-content\/uploads\/2023\/09\/M4853EXT-1_1800x1800.webp","width":1000,"height":1400,"caption":"Extra Strength Ls Pkt Tee VISSLA"},{"@type":"WebPage","@id":"https:\/\/surfertarifa.com\/product\/extra-strength-ls-pkt-tee-vissla\/#webpage","url":"https:\/\/surfertarifa.com\/product\/extra-strength-ls-pkt-tee-vissla\/","name":"CAMISETA M\/L Extra Strength Ls Pkt Tee VISSLA - Surfertarifa","isPartOf":{"@id":"https:\/\/surfertarifa.com\/#website"},"primaryImageOfPage":{"@id":"https:\/\/surfertarifa.com\/product\/extra-strength-ls-pkt-tee-vissla\/#primaryimage"},"datePublished":"2023-09-10T15:33:26+00:00","dateModified":"2025-09-22T16:02:57+00:00","breadcrumb":{"@id":"https:\/\/surfertarifa.com\/product\/extra-strength-ls-pkt-tee-vissla\/#breadcrumb"},"inLanguage":"en-GB","potentialAction":[{"@type":"ReadAction","target":["https:\/\/surfertarifa.com\/product\/extra-strength-ls-pkt-tee-vissla\/"]}]},{"@type":"BreadcrumbList","@id":"https:\/\/surfertarifa.com\/product\/extra-strength-ls-pkt-tee-vissla\/#breadcrumb","itemListElement":[{"@type":"ListItem","position":1,"name":"Portada","item":"https:\/\/surfertarifa.com\/"},{"@type":"ListItem","position":2,"name":"Shop","item":"https:\/\/surfertarifa.com\/shop\/"},{"@type":"ListItem","position":3,"name":"CAMISETA M\/L Extra Strength Ls Pkt Tee VISSLA"}]}]}},"_links":{"self":[{"href":"https:\/\/surfertarifa.com\/en\/wp-json\/wp\/v2\/product\/8321"}],"collection":[{"href":"https:\/\/surfertarifa.com\/en\/wp-json\/wp\/v2\/product"}],"about":[{"href":"https:\/\/surfertarifa.com\/en\/wp-json\/wp\/v2\/types\/product"}],"replies":[{"embeddable":true,"href":"https:\/\/surfertarifa.com\/en\/wp-json\/wp\/v2\/comments?post=8321"}],"wp:featuredmedia":[{"embeddable":true,"href":"https:\/\/surfertarifa.com\/en\/wp-json\/wp\/v2\/media\/8323"}],"wp:attachment":[{"href":"https:\/\/surfertarifa.com\/en\/wp-json\/wp\/v2\/media?parent=8321"}],"wp:term":[{"taxonomy":"product_cat","embeddable":true,"href":"https:\/\/surfertarifa.com\/en\/wp-json\/wp\/v2\/product_cat?post=8321"},{"taxonomy":"product_tag","embeddable":true,"href":"https:\/\/surfertarifa.com\/en\/wp-json\/wp\/v2\/product_tag?post=8321"}],"curies":[{"name":"wp","href":"https:\/\/api.w.org\/{rel}","templated":true}]}}