{"id":8456,"date":"2023-09-14T16:09:45","date_gmt":"2023-09-14T16:09:45","guid":{"rendered":"https:\/\/surfertarifa.com\/?post_type=product&#038;p=8456"},"modified":"2026-02-08T11:22:54","modified_gmt":"2026-02-08T11:22:54","slug":"banador-ecology-center-surf-fam-175","status":"publish","type":"product","link":"https:\/\/surfertarifa.com\/en\/product\/banador-ecology-center-surf-fam-175\/","title":{"rendered":"BA\u00d1ADOR ECOLOGY CENTER SURF FAM 17,5\u00bb"},"content":{"rendered":"<p><span style=\"color: #282828;\">La colecci\u00f3n Ecology de esta temporada se ha realizado en colaboraci\u00f3n con The Ecology Center, un centro de educaci\u00f3n ecol\u00f3gica sin \u00e1nimo de lucro centrado en soluciones creativas para prosperar en el planeta Tierra. Con un compromiso continuo con las pr\u00e1cticas sostenibles, esperamos mejorar la vida a trav\u00e9s de nuestra triple pasi\u00f3n por el surf, la creaci\u00f3n y la innovaci\u00f3n. El boardshort el\u00e1stico Surf Farm 4-Way est\u00e1 dise\u00f1ado con una est\u00e9tica estilizada de clip-art, y construido con una mezcla c\u00f3moda, de alto rendimiento y sostenible de poli\u00e9ster reciclado Repreve y fibras de coco. Presenta un bolsillo lateral con cuerda para llaves incorporada. Medida de la costura exterior: 17,5&#8243;.<\/span><\/p>\n<p><span style=\"color: #282828;\">50% poli\u00e9ster reciclado 38% poli\u00e9ster de coco 12% elastano<\/span><\/p>\n<p><span style=\"color: #282828;\">Estilo # M1121SUR<\/span><\/p>","protected":false},"excerpt":{"rendered":"<p>La colecci\u00f3n Ecology de esta temporada se ha realizado en colaboraci\u00f3n con The Ecology Center, un centro de educaci\u00f3n ecol\u00f3gica sin \u00e1nimo de lucro centrado en soluciones creativas para prosperar en el planeta Tierra. Con un compromiso continuo con las pr\u00e1cticas sostenibles, esperamos mejorar la vida a trav\u00e9s de nuestra triple pasi\u00f3n por el surf, [&#8230;]","protected":false},"featured_media":8457,"comment_status":"open","ping_status":"closed","template":"","meta":{"spay_email":""},"product_cat":[135,110,112],"product_tag":[],"brands":[{"id":120,"name":"Vissla","slug":"vissla"}],"yoast_head":"<!-- This site is optimized with the Yoast SEO plugin v17.0 - https:\/\/yoast.com\/wordpress\/plugins\/seo\/ -->\n<title>BA\u00d1ADOR ECOLOGY CENTER SURF FAM 17,5&#039;&#039; - Surfertarifa<\/title>\n<meta name=\"robots\" content=\"index, follow, max-snippet:-1, max-image-preview:large, max-video-preview:-1\" \/>\n<link rel=\"canonical\" href=\"https:\/\/surfertarifa.com\/en\/product\/banador-ecology-center-surf-fam-175\/\" \/>\n<meta property=\"og:locale\" content=\"en_GB\" \/>\n<meta property=\"og:type\" content=\"article\" \/>\n<meta property=\"og:title\" content=\"BA\u00d1ADOR ECOLOGY CENTER SURF FAM 17,5&#039;&#039; - Surfertarifa\" \/>\n<meta property=\"og:description\" content=\"La colecci\u00f3n Ecology de esta temporada se ha realizado en colaboraci\u00f3n con The Ecology Center, un centro de educaci\u00f3n ecol\u00f3gica sin \u00e1nimo de lucro centrado en soluciones creativas para prosperar en el planeta Tierra. Con un compromiso continuo con las pr\u00e1cticas sostenibles, esperamos mejorar la vida a trav\u00e9s de nuestra triple pasi\u00f3n por el surf, [...]\" \/>\n<meta property=\"og:url\" content=\"https:\/\/surfertarifa.com\/en\/product\/banador-ecology-center-surf-fam-175\/\" \/>\n<meta property=\"og:site_name\" content=\"Surfertarifa\" \/>\n<meta property=\"article:publisher\" content=\"https:\/\/es-es.facebook.com\/SurferTarifa\/\" \/>\n<meta property=\"article:modified_time\" content=\"2026-02-08T11:22:54+00:00\" \/>\n<meta name=\"twitter:card\" content=\"summary_large_image\" \/>\n<meta name=\"twitter:image\" content=\"https:\/\/surfertarifa.com\/wp-content\/uploads\/2023\/09\/M1121SUR-1_1800x1800.webp\" \/>\n<meta name=\"twitter:label1\" content=\"Estimated reading time\" \/>\n\t<meta name=\"twitter:data1\" content=\"1 minute\" \/>\n<script type=\"application\/ld+json\" class=\"yoast-schema-graph\">{\"@context\":\"https:\/\/schema.org\",\"@graph\":[{\"@type\":\"Organization\",\"@id\":\"https:\/\/surfertarifa.com\/#organization\",\"name\":\"Surfertarifa\",\"url\":\"https:\/\/surfertarifa.com\/\",\"sameAs\":[\"https:\/\/es-es.facebook.com\/SurferTarifa\/\",\"https:\/\/www.instagram.com\/surfertarifa\/\"],\"logo\":{\"@type\":\"ImageObject\",\"@id\":\"https:\/\/surfertarifa.com\/#logo\",\"inLanguage\":\"en-GB\",\"url\":\"https:\/\/surfertarifa.com\/wp-content\/uploads\/2021\/04\/logo-surfer-1.png\",\"contentUrl\":\"https:\/\/surfertarifa.com\/wp-content\/uploads\/2021\/04\/logo-surfer-1.png\",\"width\":90,\"height\":90,\"caption\":\"Surfertarifa\"},\"image\":{\"@id\":\"https:\/\/surfertarifa.com\/#logo\"}},{\"@type\":\"WebSite\",\"@id\":\"https:\/\/surfertarifa.com\/#website\",\"url\":\"https:\/\/surfertarifa.com\/\",\"name\":\"Surfertarifa\",\"description\":\"Tienda de surf online\",\"publisher\":{\"@id\":\"https:\/\/surfertarifa.com\/#organization\"},\"potentialAction\":[{\"@type\":\"SearchAction\",\"target\":{\"@type\":\"EntryPoint\",\"urlTemplate\":\"https:\/\/surfertarifa.com\/?s={search_term_string}\"},\"query-input\":\"required name=search_term_string\"}],\"inLanguage\":\"en-GB\"},{\"@type\":\"ImageObject\",\"@id\":\"https:\/\/surfertarifa.com\/product\/banador-ecology-center-surf-fam-175\/#primaryimage\",\"inLanguage\":\"en-GB\",\"url\":\"https:\/\/surfertarifa.com\/wp-content\/uploads\/2023\/09\/M1121SUR-1_1800x1800.webp\",\"contentUrl\":\"https:\/\/surfertarifa.com\/wp-content\/uploads\/2023\/09\/M1121SUR-1_1800x1800.webp\",\"width\":1000,\"height\":1400,\"caption\":\"BA\\u00d1ADOR ECOLOGY CENTER SURF FAM 17,5''\"},{\"@type\":\"WebPage\",\"@id\":\"https:\/\/surfertarifa.com\/product\/banador-ecology-center-surf-fam-175\/#webpage\",\"url\":\"https:\/\/surfertarifa.com\/product\/banador-ecology-center-surf-fam-175\/\",\"name\":\"BA\\u00d1ADOR ECOLOGY CENTER SURF FAM 17,5'' - Surfertarifa\",\"isPartOf\":{\"@id\":\"https:\/\/surfertarifa.com\/#website\"},\"primaryImageOfPage\":{\"@id\":\"https:\/\/surfertarifa.com\/product\/banador-ecology-center-surf-fam-175\/#primaryimage\"},\"datePublished\":\"2023-09-14T16:09:45+00:00\",\"dateModified\":\"2026-02-08T11:22:54+00:00\",\"breadcrumb\":{\"@id\":\"https:\/\/surfertarifa.com\/product\/banador-ecology-center-surf-fam-175\/#breadcrumb\"},\"inLanguage\":\"en-GB\",\"potentialAction\":[{\"@type\":\"ReadAction\",\"target\":[\"https:\/\/surfertarifa.com\/product\/banador-ecology-center-surf-fam-175\/\"]}]},{\"@type\":\"BreadcrumbList\",\"@id\":\"https:\/\/surfertarifa.com\/product\/banador-ecology-center-surf-fam-175\/#breadcrumb\",\"itemListElement\":[{\"@type\":\"ListItem\",\"position\":1,\"name\":\"Portada\",\"item\":\"https:\/\/surfertarifa.com\/\"},{\"@type\":\"ListItem\",\"position\":2,\"name\":\"Shop\",\"item\":\"https:\/\/surfertarifa.com\/shop\/\"},{\"@type\":\"ListItem\",\"position\":3,\"name\":\"BA\\u00d1ADOR ECOLOGY CENTER SURF FAM 17,5\\u00bb\"}]}]}<\/script>\n<!-- \/ Yoast SEO plugin. -->","yoast_head_json":{"title":"BA\u00d1ADOR ECOLOGY CENTER SURF FAM 17,5'' - Surfertarifa","robots":{"index":"index","follow":"follow","max-snippet":"max-snippet:-1","max-image-preview":"max-image-preview:large","max-video-preview":"max-video-preview:-1"},"canonical":"https:\/\/surfertarifa.com\/en\/product\/banador-ecology-center-surf-fam-175\/","og_locale":"en_GB","og_type":"article","og_title":"BA\u00d1ADOR ECOLOGY CENTER SURF FAM 17,5'' - Surfertarifa","og_description":"La colecci\u00f3n Ecology de esta temporada se ha realizado en colaboraci\u00f3n con The Ecology Center, un centro de educaci\u00f3n ecol\u00f3gica sin \u00e1nimo de lucro centrado en soluciones creativas para prosperar en el planeta Tierra. Con un compromiso continuo con las pr\u00e1cticas sostenibles, esperamos mejorar la vida a trav\u00e9s de nuestra triple pasi\u00f3n por el surf, [...]","og_url":"https:\/\/surfertarifa.com\/en\/product\/banador-ecology-center-surf-fam-175\/","og_site_name":"Surfertarifa","article_publisher":"https:\/\/es-es.facebook.com\/SurferTarifa\/","article_modified_time":"2026-02-08T11:22:54+00:00","twitter_card":"summary_large_image","twitter_image":"https:\/\/surfertarifa.com\/wp-content\/uploads\/2023\/09\/M1121SUR-1_1800x1800.webp","twitter_misc":{"Estimated reading time":"1 minute"},"schema":{"@context":"https:\/\/schema.org","@graph":[{"@type":"Organization","@id":"https:\/\/surfertarifa.com\/#organization","name":"Surfertarifa","url":"https:\/\/surfertarifa.com\/","sameAs":["https:\/\/es-es.facebook.com\/SurferTarifa\/","https:\/\/www.instagram.com\/surfertarifa\/"],"logo":{"@type":"ImageObject","@id":"https:\/\/surfertarifa.com\/#logo","inLanguage":"en-GB","url":"https:\/\/surfertarifa.com\/wp-content\/uploads\/2021\/04\/logo-surfer-1.png","contentUrl":"https:\/\/surfertarifa.com\/wp-content\/uploads\/2021\/04\/logo-surfer-1.png","width":90,"height":90,"caption":"Surfertarifa"},"image":{"@id":"https:\/\/surfertarifa.com\/#logo"}},{"@type":"WebSite","@id":"https:\/\/surfertarifa.com\/#website","url":"https:\/\/surfertarifa.com\/","name":"Surfertarifa","description":"Tienda de surf online","publisher":{"@id":"https:\/\/surfertarifa.com\/#organization"},"potentialAction":[{"@type":"SearchAction","target":{"@type":"EntryPoint","urlTemplate":"https:\/\/surfertarifa.com\/?s={search_term_string}"},"query-input":"required name=search_term_string"}],"inLanguage":"en-GB"},{"@type":"ImageObject","@id":"https:\/\/surfertarifa.com\/product\/banador-ecology-center-surf-fam-175\/#primaryimage","inLanguage":"en-GB","url":"https:\/\/surfertarifa.com\/wp-content\/uploads\/2023\/09\/M1121SUR-1_1800x1800.webp","contentUrl":"https:\/\/surfertarifa.com\/wp-content\/uploads\/2023\/09\/M1121SUR-1_1800x1800.webp","width":1000,"height":1400,"caption":"BA\u00d1ADOR ECOLOGY CENTER SURF FAM 17,5''"},{"@type":"WebPage","@id":"https:\/\/surfertarifa.com\/product\/banador-ecology-center-surf-fam-175\/#webpage","url":"https:\/\/surfertarifa.com\/product\/banador-ecology-center-surf-fam-175\/","name":"BA\u00d1ADOR ECOLOGY CENTER SURF FAM 17,5'' - Surfertarifa","isPartOf":{"@id":"https:\/\/surfertarifa.com\/#website"},"primaryImageOfPage":{"@id":"https:\/\/surfertarifa.com\/product\/banador-ecology-center-surf-fam-175\/#primaryimage"},"datePublished":"2023-09-14T16:09:45+00:00","dateModified":"2026-02-08T11:22:54+00:00","breadcrumb":{"@id":"https:\/\/surfertarifa.com\/product\/banador-ecology-center-surf-fam-175\/#breadcrumb"},"inLanguage":"en-GB","potentialAction":[{"@type":"ReadAction","target":["https:\/\/surfertarifa.com\/product\/banador-ecology-center-surf-fam-175\/"]}]},{"@type":"BreadcrumbList","@id":"https:\/\/surfertarifa.com\/product\/banador-ecology-center-surf-fam-175\/#breadcrumb","itemListElement":[{"@type":"ListItem","position":1,"name":"Portada","item":"https:\/\/surfertarifa.com\/"},{"@type":"ListItem","position":2,"name":"Shop","item":"https:\/\/surfertarifa.com\/shop\/"},{"@type":"ListItem","position":3,"name":"BA\u00d1ADOR ECOLOGY CENTER SURF FAM 17,5\u00bb"}]}]}},"_links":{"self":[{"href":"https:\/\/surfertarifa.com\/en\/wp-json\/wp\/v2\/product\/8456"}],"collection":[{"href":"https:\/\/surfertarifa.com\/en\/wp-json\/wp\/v2\/product"}],"about":[{"href":"https:\/\/surfertarifa.com\/en\/wp-json\/wp\/v2\/types\/product"}],"replies":[{"embeddable":true,"href":"https:\/\/surfertarifa.com\/en\/wp-json\/wp\/v2\/comments?post=8456"}],"wp:featuredmedia":[{"embeddable":true,"href":"https:\/\/surfertarifa.com\/en\/wp-json\/wp\/v2\/media\/8457"}],"wp:attachment":[{"href":"https:\/\/surfertarifa.com\/en\/wp-json\/wp\/v2\/media?parent=8456"}],"wp:term":[{"taxonomy":"product_cat","embeddable":true,"href":"https:\/\/surfertarifa.com\/en\/wp-json\/wp\/v2\/product_cat?post=8456"},{"taxonomy":"product_tag","embeddable":true,"href":"https:\/\/surfertarifa.com\/en\/wp-json\/wp\/v2\/product_tag?post=8456"}],"curies":[{"name":"wp","href":"https:\/\/api.w.org\/{rel}","templated":true}]}}