{"id":8544,"date":"2023-09-21T14:50:00","date_gmt":"2023-09-21T14:50:00","guid":{"rendered":"https:\/\/surfertarifa.com\/?post_type=product&#038;p=8544"},"modified":"2023-10-14T15:05:44","modified_gmt":"2023-10-14T15:05:44","slug":"descanso-hooded-popover-vissla","status":"publish","type":"product","link":"https:\/\/surfertarifa.com\/en\/product\/descanso-hooded-popover-vissla\/","title":{"rendered":"Descanso Hooded Popover VISSLA"},"content":{"rendered":"<p><span style=\"color: #282828;\">La Patrulla del Amanecer se ha vuelto un poco m\u00e1s acogedora con nuestra sudadera con capucha Descanso, inspirada en los nativos: una prenda esencial, suave, cepillada y de gran gramaje. Incluye una tapeta de botones de 6&#8243; con capucha y cord\u00f3n de ajuste. Bolsillo canguro y costura central trasera. Lavado a m\u00e1quina.<\/span><\/p>\n<p><span style=\"color: #282828;\">100% Algod\u00f3n<\/span><\/p>\n<p><span style=\"color: #282828;\">Estilo # M5151DES<\/span><\/p>","protected":false},"excerpt":{"rendered":"<p>La Patrulla del Amanecer se ha vuelto un poco m\u00e1s acogedora con nuestra sudadera con capucha Descanso, inspirada en los nativos: una prenda esencial, suave, cepillada y de gran gramaje. Incluye una tapeta de botones de 6&#8243; con capucha y cord\u00f3n de ajuste. Bolsillo canguro y costura central trasera. Lavado a m\u00e1quina. 100% Algod\u00f3n Estilo [&#8230;]","protected":false},"featured_media":8545,"comment_status":"open","ping_status":"closed","template":"","meta":{"spay_email":""},"product_cat":[110,293,134],"product_tag":[],"brands":[{"id":120,"name":"Vissla","slug":"vissla"}],"yoast_head":"<!-- This site is optimized with the Yoast SEO plugin v17.0 - https:\/\/yoast.com\/wordpress\/plugins\/seo\/ -->\n<title>Descanso Hooded Popover VISSLA - Surfertarifa<\/title>\n<meta name=\"robots\" content=\"index, follow, max-snippet:-1, max-image-preview:large, max-video-preview:-1\" \/>\n<link rel=\"canonical\" href=\"https:\/\/surfertarifa.com\/en\/product\/descanso-hooded-popover-vissla\/\" \/>\n<meta property=\"og:locale\" content=\"en_GB\" \/>\n<meta property=\"og:type\" content=\"article\" \/>\n<meta property=\"og:title\" content=\"Descanso Hooded Popover VISSLA - Surfertarifa\" \/>\n<meta property=\"og:description\" content=\"La Patrulla del Amanecer se ha vuelto un poco m\u00e1s acogedora con nuestra sudadera con capucha Descanso, inspirada en los nativos: una prenda esencial, suave, cepillada y de gran gramaje. Incluye una tapeta de botones de 6&#8243; con capucha y cord\u00f3n de ajuste. Bolsillo canguro y costura central trasera. Lavado a m\u00e1quina. 100% Algod\u00f3n Estilo [...]\" \/>\n<meta property=\"og:url\" content=\"https:\/\/surfertarifa.com\/en\/product\/descanso-hooded-popover-vissla\/\" \/>\n<meta property=\"og:site_name\" content=\"Surfertarifa\" \/>\n<meta property=\"article:publisher\" content=\"https:\/\/es-es.facebook.com\/SurferTarifa\/\" \/>\n<meta property=\"article:modified_time\" content=\"2023-10-14T15:05:44+00:00\" \/>\n<meta name=\"twitter:card\" content=\"summary_large_image\" \/>\n<meta name=\"twitter:image\" content=\"https:\/\/surfertarifa.com\/wp-content\/uploads\/2023\/09\/M5151DES-1_e4f352ce-bfaf-4eac-bb96-efaedb97e637_1800x1800.webp\" \/>\n<script type=\"application\/ld+json\" class=\"yoast-schema-graph\">{\"@context\":\"https:\/\/schema.org\",\"@graph\":[{\"@type\":\"Organization\",\"@id\":\"https:\/\/surfertarifa.com\/#organization\",\"name\":\"Surfertarifa\",\"url\":\"https:\/\/surfertarifa.com\/\",\"sameAs\":[\"https:\/\/es-es.facebook.com\/SurferTarifa\/\",\"https:\/\/www.instagram.com\/surfertarifa\/\"],\"logo\":{\"@type\":\"ImageObject\",\"@id\":\"https:\/\/surfertarifa.com\/#logo\",\"inLanguage\":\"en-GB\",\"url\":\"https:\/\/surfertarifa.com\/wp-content\/uploads\/2021\/04\/logo-surfer-1.png\",\"contentUrl\":\"https:\/\/surfertarifa.com\/wp-content\/uploads\/2021\/04\/logo-surfer-1.png\",\"width\":90,\"height\":90,\"caption\":\"Surfertarifa\"},\"image\":{\"@id\":\"https:\/\/surfertarifa.com\/#logo\"}},{\"@type\":\"WebSite\",\"@id\":\"https:\/\/surfertarifa.com\/#website\",\"url\":\"https:\/\/surfertarifa.com\/\",\"name\":\"Surfertarifa\",\"description\":\"Tienda de surf online\",\"publisher\":{\"@id\":\"https:\/\/surfertarifa.com\/#organization\"},\"potentialAction\":[{\"@type\":\"SearchAction\",\"target\":{\"@type\":\"EntryPoint\",\"urlTemplate\":\"https:\/\/surfertarifa.com\/?s={search_term_string}\"},\"query-input\":\"required name=search_term_string\"}],\"inLanguage\":\"en-GB\"},{\"@type\":\"ImageObject\",\"@id\":\"https:\/\/surfertarifa.com\/product\/descanso-hooded-popover-vissla\/#primaryimage\",\"inLanguage\":\"en-GB\",\"url\":\"https:\/\/surfertarifa.com\/wp-content\/uploads\/2023\/09\/M5151DES-1_e4f352ce-bfaf-4eac-bb96-efaedb97e637_1800x1800.webp\",\"contentUrl\":\"https:\/\/surfertarifa.com\/wp-content\/uploads\/2023\/09\/M5151DES-1_e4f352ce-bfaf-4eac-bb96-efaedb97e637_1800x1800.webp\",\"width\":1000,\"height\":1400,\"caption\":\"Descanso Hooded Popover VISSLA\"},{\"@type\":\"WebPage\",\"@id\":\"https:\/\/surfertarifa.com\/product\/descanso-hooded-popover-vissla\/#webpage\",\"url\":\"https:\/\/surfertarifa.com\/product\/descanso-hooded-popover-vissla\/\",\"name\":\"Descanso Hooded Popover VISSLA - Surfertarifa\",\"isPartOf\":{\"@id\":\"https:\/\/surfertarifa.com\/#website\"},\"primaryImageOfPage\":{\"@id\":\"https:\/\/surfertarifa.com\/product\/descanso-hooded-popover-vissla\/#primaryimage\"},\"datePublished\":\"2023-09-21T14:50:00+00:00\",\"dateModified\":\"2023-10-14T15:05:44+00:00\",\"breadcrumb\":{\"@id\":\"https:\/\/surfertarifa.com\/product\/descanso-hooded-popover-vissla\/#breadcrumb\"},\"inLanguage\":\"en-GB\",\"potentialAction\":[{\"@type\":\"ReadAction\",\"target\":[\"https:\/\/surfertarifa.com\/product\/descanso-hooded-popover-vissla\/\"]}]},{\"@type\":\"BreadcrumbList\",\"@id\":\"https:\/\/surfertarifa.com\/product\/descanso-hooded-popover-vissla\/#breadcrumb\",\"itemListElement\":[{\"@type\":\"ListItem\",\"position\":1,\"name\":\"Portada\",\"item\":\"https:\/\/surfertarifa.com\/\"},{\"@type\":\"ListItem\",\"position\":2,\"name\":\"Shop\",\"item\":\"https:\/\/surfertarifa.com\/shop\/\"},{\"@type\":\"ListItem\",\"position\":3,\"name\":\"Descanso Hooded Popover VISSLA\"}]}]}<\/script>\n<!-- \/ Yoast SEO plugin. -->","yoast_head_json":{"title":"Descanso Hooded Popover VISSLA - Surfertarifa","robots":{"index":"index","follow":"follow","max-snippet":"max-snippet:-1","max-image-preview":"max-image-preview:large","max-video-preview":"max-video-preview:-1"},"canonical":"https:\/\/surfertarifa.com\/en\/product\/descanso-hooded-popover-vissla\/","og_locale":"en_GB","og_type":"article","og_title":"Descanso Hooded Popover VISSLA - Surfertarifa","og_description":"La Patrulla del Amanecer se ha vuelto un poco m\u00e1s acogedora con nuestra sudadera con capucha Descanso, inspirada en los nativos: una prenda esencial, suave, cepillada y de gran gramaje. Incluye una tapeta de botones de 6&#8243; con capucha y cord\u00f3n de ajuste. Bolsillo canguro y costura central trasera. Lavado a m\u00e1quina. 100% Algod\u00f3n Estilo [...]","og_url":"https:\/\/surfertarifa.com\/en\/product\/descanso-hooded-popover-vissla\/","og_site_name":"Surfertarifa","article_publisher":"https:\/\/es-es.facebook.com\/SurferTarifa\/","article_modified_time":"2023-10-14T15:05:44+00:00","twitter_card":"summary_large_image","twitter_image":"https:\/\/surfertarifa.com\/wp-content\/uploads\/2023\/09\/M5151DES-1_e4f352ce-bfaf-4eac-bb96-efaedb97e637_1800x1800.webp","schema":{"@context":"https:\/\/schema.org","@graph":[{"@type":"Organization","@id":"https:\/\/surfertarifa.com\/#organization","name":"Surfertarifa","url":"https:\/\/surfertarifa.com\/","sameAs":["https:\/\/es-es.facebook.com\/SurferTarifa\/","https:\/\/www.instagram.com\/surfertarifa\/"],"logo":{"@type":"ImageObject","@id":"https:\/\/surfertarifa.com\/#logo","inLanguage":"en-GB","url":"https:\/\/surfertarifa.com\/wp-content\/uploads\/2021\/04\/logo-surfer-1.png","contentUrl":"https:\/\/surfertarifa.com\/wp-content\/uploads\/2021\/04\/logo-surfer-1.png","width":90,"height":90,"caption":"Surfertarifa"},"image":{"@id":"https:\/\/surfertarifa.com\/#logo"}},{"@type":"WebSite","@id":"https:\/\/surfertarifa.com\/#website","url":"https:\/\/surfertarifa.com\/","name":"Surfertarifa","description":"Tienda de surf online","publisher":{"@id":"https:\/\/surfertarifa.com\/#organization"},"potentialAction":[{"@type":"SearchAction","target":{"@type":"EntryPoint","urlTemplate":"https:\/\/surfertarifa.com\/?s={search_term_string}"},"query-input":"required name=search_term_string"}],"inLanguage":"en-GB"},{"@type":"ImageObject","@id":"https:\/\/surfertarifa.com\/product\/descanso-hooded-popover-vissla\/#primaryimage","inLanguage":"en-GB","url":"https:\/\/surfertarifa.com\/wp-content\/uploads\/2023\/09\/M5151DES-1_e4f352ce-bfaf-4eac-bb96-efaedb97e637_1800x1800.webp","contentUrl":"https:\/\/surfertarifa.com\/wp-content\/uploads\/2023\/09\/M5151DES-1_e4f352ce-bfaf-4eac-bb96-efaedb97e637_1800x1800.webp","width":1000,"height":1400,"caption":"Descanso Hooded Popover VISSLA"},{"@type":"WebPage","@id":"https:\/\/surfertarifa.com\/product\/descanso-hooded-popover-vissla\/#webpage","url":"https:\/\/surfertarifa.com\/product\/descanso-hooded-popover-vissla\/","name":"Descanso Hooded Popover VISSLA - Surfertarifa","isPartOf":{"@id":"https:\/\/surfertarifa.com\/#website"},"primaryImageOfPage":{"@id":"https:\/\/surfertarifa.com\/product\/descanso-hooded-popover-vissla\/#primaryimage"},"datePublished":"2023-09-21T14:50:00+00:00","dateModified":"2023-10-14T15:05:44+00:00","breadcrumb":{"@id":"https:\/\/surfertarifa.com\/product\/descanso-hooded-popover-vissla\/#breadcrumb"},"inLanguage":"en-GB","potentialAction":[{"@type":"ReadAction","target":["https:\/\/surfertarifa.com\/product\/descanso-hooded-popover-vissla\/"]}]},{"@type":"BreadcrumbList","@id":"https:\/\/surfertarifa.com\/product\/descanso-hooded-popover-vissla\/#breadcrumb","itemListElement":[{"@type":"ListItem","position":1,"name":"Portada","item":"https:\/\/surfertarifa.com\/"},{"@type":"ListItem","position":2,"name":"Shop","item":"https:\/\/surfertarifa.com\/shop\/"},{"@type":"ListItem","position":3,"name":"Descanso Hooded Popover VISSLA"}]}]}},"_links":{"self":[{"href":"https:\/\/surfertarifa.com\/en\/wp-json\/wp\/v2\/product\/8544"}],"collection":[{"href":"https:\/\/surfertarifa.com\/en\/wp-json\/wp\/v2\/product"}],"about":[{"href":"https:\/\/surfertarifa.com\/en\/wp-json\/wp\/v2\/types\/product"}],"replies":[{"embeddable":true,"href":"https:\/\/surfertarifa.com\/en\/wp-json\/wp\/v2\/comments?post=8544"}],"wp:featuredmedia":[{"embeddable":true,"href":"https:\/\/surfertarifa.com\/en\/wp-json\/wp\/v2\/media\/8545"}],"wp:attachment":[{"href":"https:\/\/surfertarifa.com\/en\/wp-json\/wp\/v2\/media?parent=8544"}],"wp:term":[{"taxonomy":"product_cat","embeddable":true,"href":"https:\/\/surfertarifa.com\/en\/wp-json\/wp\/v2\/product_cat?post=8544"},{"taxonomy":"product_tag","embeddable":true,"href":"https:\/\/surfertarifa.com\/en\/wp-json\/wp\/v2\/product_tag?post=8544"}],"curies":[{"name":"wp","href":"https:\/\/api.w.org\/{rel}","templated":true}]}}