{"id":8703,"date":"2023-09-25T15:37:08","date_gmt":"2023-09-25T15:37:08","guid":{"rendered":"https:\/\/surfertarifa.com\/?post_type=product&#038;p=8703"},"modified":"2023-10-25T16:43:58","modified_gmt":"2023-10-25T16:43:58","slug":"4-3mm-absolute-billabong-traje-de-surf-con-cremallera-en-la-espalda-para-hombre","status":"publish","type":"product","link":"https:\/\/surfertarifa.com\/en\/product\/4-3mm-absolute-billabong-traje-de-surf-con-cremallera-en-la-espalda-para-hombre\/","title":{"rendered":"4\/3mm Absolute Billabong- Traje de Surf con Cremallera en la Espalda para Hombre"},"content":{"rendered":"<p id=\"master-product-id\" class=\"productskuinfo\" data-id=\"ABYW100190\"><span class=\"r-slide-action-block-title\" style=\"color: #282828;\"><span class=\"style\"><strong>Style<\/strong>\u00a0ABYW100190\u00a0<\/span><span class=\"colorcode\"><strong>C\u00f3digo de color<\/strong>\u00a0blk<\/span><\/span><\/p>\n<p class=\"r-slide-action-block-title\"><span style=\"color: #282828;\">Caracter\u00edsticas<\/span><\/p>\n<ul class=\"r-slide-action-block-list\">\n<li><span style=\"color: #282828;\"><strong>Tejido:<\/strong>\u00a0mezcla de elastano, nailon, neopreno y poli\u00e9ster Pro Stretch<\/span><\/li>\n<li><span style=\"color: #282828;\">Grafeno combinado con tejido interior el\u00e1stico de silicona<\/span><\/li>\n<li><span style=\"color: #282828;\"><strong>Tecnolog\u00eda:<\/strong>\u00a0Los hilos infundidos con grafeno se calientan m\u00e1s r\u00e1pido y mantienen el calor por m\u00e1s tiempo.<\/span><\/li>\n<li><span style=\"color: #282828;\">Espuma de neopreno: espuma Superlight Foam parcialmente reciclada. Su fabricaci\u00f3n combina neum\u00e1ticos de coche reciclados y restos de neopreno para crear una gran retenci\u00f3n t\u00e9rmica y m\u00e1xima elasticidad.<\/span><\/li>\n<li><span style=\"color: #282828;\">Costuras exteriores: costuras GBS (invisibles, pegadas y cosidas) para m\u00e1xima flexibilidad y m\u00ednima entrada de agua<\/span><\/li>\n<li><span style=\"color: #282828;\">Costuras interiores: refuerzo con cinta Melco en zonas de alta tensi\u00f3n<\/span><\/li>\n<li><span style=\"color: #282828;\"><strong>Dise\u00f1o:<\/strong>\u00a0traje completo de manga larga<\/span><\/li>\n<li><span style=\"color: #282828;\"><strong>Grosor:<\/strong>\u00a03\/2 mm<\/span><\/li>\n<li><span style=\"color: #282828;\"><strong>Cuello:<\/strong>\u00a0cuello alto<\/span><\/li>\n<li><span style=\"color: #282828;\"><strong>Mangas:<\/strong>\u00a0Mangas largas<\/span><\/li>\n<li><span style=\"color: #282828;\"><strong>Entrada:<\/strong>\u00a0acceso trasero con cremallera<\/span>&nbsp;<\/li>\n<\/ul>\n<p><span class=\"r-slide-action-block-title\" style=\"color: #282828;\">Composici\u00f3n\u00a0<\/span><\/p>\n<p><span style=\"color: #282828;\">[Tejido principal] 80% Neopreno, 10% Nailon, 10% Poli\u00e9ster<\/span><\/p>","protected":false},"excerpt":{"rendered":"<p>Style\u00a0ABYW100190\u00a0C\u00f3digo de color\u00a0blk Caracter\u00edsticas Tejido:\u00a0mezcla de elastano, nailon, neopreno y poli\u00e9ster Pro Stretch Grafeno combinado con tejido interior el\u00e1stico de silicona Tecnolog\u00eda:\u00a0Los hilos infundidos con grafeno se calientan m\u00e1s r\u00e1pido y mantienen el calor por m\u00e1s tiempo. Espuma de neopreno: espuma Superlight Foam parcialmente reciclada. Su fabricaci\u00f3n combina neum\u00e1ticos de coche reciclados y restos de [&#8230;]","protected":false},"featured_media":8705,"comment_status":"open","ping_status":"closed","template":"","meta":{"spay_email":""},"product_cat":[110,196],"product_tag":[],"brands":[{"id":119,"name":"Billabong","slug":"billabong"}],"yoast_head":"<!-- This site is optimized with the Yoast SEO plugin v17.0 - https:\/\/yoast.com\/wordpress\/plugins\/seo\/ -->\n<title>4\/3mm Absolute Billabong- Traje de Surf con Cremallera en la Espalda para Hombre - Surfertarifa<\/title>\n<meta name=\"robots\" content=\"index, follow, max-snippet:-1, max-image-preview:large, max-video-preview:-1\" \/>\n<link rel=\"canonical\" href=\"https:\/\/surfertarifa.com\/en\/product\/4-3mm-absolute-billabong-traje-de-surf-con-cremallera-en-la-espalda-para-hombre\/\" \/>\n<meta property=\"og:locale\" content=\"en_GB\" \/>\n<meta property=\"og:type\" content=\"article\" \/>\n<meta property=\"og:title\" content=\"4\/3mm Absolute Billabong- Traje de Surf con Cremallera en la Espalda para Hombre - Surfertarifa\" \/>\n<meta property=\"og:description\" content=\"Style\u00a0ABYW100190\u00a0C\u00f3digo de color\u00a0blk Caracter\u00edsticas Tejido:\u00a0mezcla de elastano, nailon, neopreno y poli\u00e9ster Pro Stretch Grafeno combinado con tejido interior el\u00e1stico de silicona Tecnolog\u00eda:\u00a0Los hilos infundidos con grafeno se calientan m\u00e1s r\u00e1pido y mantienen el calor por m\u00e1s tiempo. Espuma de neopreno: espuma Superlight Foam parcialmente reciclada. Su fabricaci\u00f3n combina neum\u00e1ticos de coche reciclados y restos de [...]\" \/>\n<meta property=\"og:url\" content=\"https:\/\/surfertarifa.com\/en\/product\/4-3mm-absolute-billabong-traje-de-surf-con-cremallera-en-la-espalda-para-hombre\/\" \/>\n<meta property=\"og:site_name\" content=\"Surfertarifa\" \/>\n<meta property=\"article:publisher\" content=\"https:\/\/es-es.facebook.com\/SurferTarifa\/\" \/>\n<meta property=\"article:modified_time\" content=\"2023-10-25T16:43:58+00:00\" \/>\n<meta property=\"og:image\" content=\"https:\/\/surfertarifa.com\/wp-content\/uploads\/2023\/09\/abyw100190_billabongv_blk_frt1.jpg\" \/>\n\t<meta property=\"og:image:width\" content=\"1117\" \/>\n\t<meta property=\"og:image:height\" content=\"1396\" \/>\n<meta name=\"twitter:card\" content=\"summary_large_image\" \/>\n<meta name=\"twitter:label1\" content=\"Estimated reading time\" \/>\n\t<meta name=\"twitter:data1\" content=\"1 minute\" \/>\n<script type=\"application\/ld+json\" class=\"yoast-schema-graph\">{\"@context\":\"https:\/\/schema.org\",\"@graph\":[{\"@type\":\"Organization\",\"@id\":\"https:\/\/surfertarifa.com\/#organization\",\"name\":\"Surfertarifa\",\"url\":\"https:\/\/surfertarifa.com\/\",\"sameAs\":[\"https:\/\/es-es.facebook.com\/SurferTarifa\/\",\"https:\/\/www.instagram.com\/surfertarifa\/\"],\"logo\":{\"@type\":\"ImageObject\",\"@id\":\"https:\/\/surfertarifa.com\/#logo\",\"inLanguage\":\"en-GB\",\"url\":\"https:\/\/surfertarifa.com\/wp-content\/uploads\/2021\/04\/logo-surfer-1.png\",\"contentUrl\":\"https:\/\/surfertarifa.com\/wp-content\/uploads\/2021\/04\/logo-surfer-1.png\",\"width\":90,\"height\":90,\"caption\":\"Surfertarifa\"},\"image\":{\"@id\":\"https:\/\/surfertarifa.com\/#logo\"}},{\"@type\":\"WebSite\",\"@id\":\"https:\/\/surfertarifa.com\/#website\",\"url\":\"https:\/\/surfertarifa.com\/\",\"name\":\"Surfertarifa\",\"description\":\"Tienda de surf online\",\"publisher\":{\"@id\":\"https:\/\/surfertarifa.com\/#organization\"},\"potentialAction\":[{\"@type\":\"SearchAction\",\"target\":{\"@type\":\"EntryPoint\",\"urlTemplate\":\"https:\/\/surfertarifa.com\/?s={search_term_string}\"},\"query-input\":\"required name=search_term_string\"}],\"inLanguage\":\"en-GB\"},{\"@type\":\"ImageObject\",\"@id\":\"https:\/\/surfertarifa.com\/product\/4-3mm-absolute-billabong-traje-de-surf-con-cremallera-en-la-espalda-para-hombre\/#primaryimage\",\"inLanguage\":\"en-GB\",\"url\":\"https:\/\/surfertarifa.com\/wp-content\/uploads\/2023\/09\/abyw100190_billabongv_blk_frt1.jpg\",\"contentUrl\":\"https:\/\/surfertarifa.com\/wp-content\/uploads\/2023\/09\/abyw100190_billabongv_blk_frt1.jpg\",\"width\":1117,\"height\":1396,\"caption\":\"4\/3mm Absolute Billabong- Traje de Surf con Cremallera en la Espalda para Hombre\"},{\"@type\":\"WebPage\",\"@id\":\"https:\/\/surfertarifa.com\/product\/4-3mm-absolute-billabong-traje-de-surf-con-cremallera-en-la-espalda-para-hombre\/#webpage\",\"url\":\"https:\/\/surfertarifa.com\/product\/4-3mm-absolute-billabong-traje-de-surf-con-cremallera-en-la-espalda-para-hombre\/\",\"name\":\"4\/3mm Absolute Billabong- Traje de Surf con Cremallera en la Espalda para Hombre - Surfertarifa\",\"isPartOf\":{\"@id\":\"https:\/\/surfertarifa.com\/#website\"},\"primaryImageOfPage\":{\"@id\":\"https:\/\/surfertarifa.com\/product\/4-3mm-absolute-billabong-traje-de-surf-con-cremallera-en-la-espalda-para-hombre\/#primaryimage\"},\"datePublished\":\"2023-09-25T15:37:08+00:00\",\"dateModified\":\"2023-10-25T16:43:58+00:00\",\"breadcrumb\":{\"@id\":\"https:\/\/surfertarifa.com\/product\/4-3mm-absolute-billabong-traje-de-surf-con-cremallera-en-la-espalda-para-hombre\/#breadcrumb\"},\"inLanguage\":\"en-GB\",\"potentialAction\":[{\"@type\":\"ReadAction\",\"target\":[\"https:\/\/surfertarifa.com\/product\/4-3mm-absolute-billabong-traje-de-surf-con-cremallera-en-la-espalda-para-hombre\/\"]}]},{\"@type\":\"BreadcrumbList\",\"@id\":\"https:\/\/surfertarifa.com\/product\/4-3mm-absolute-billabong-traje-de-surf-con-cremallera-en-la-espalda-para-hombre\/#breadcrumb\",\"itemListElement\":[{\"@type\":\"ListItem\",\"position\":1,\"name\":\"Portada\",\"item\":\"https:\/\/surfertarifa.com\/\"},{\"@type\":\"ListItem\",\"position\":2,\"name\":\"Shop\",\"item\":\"https:\/\/surfertarifa.com\/shop\/\"},{\"@type\":\"ListItem\",\"position\":3,\"name\":\"4\/3mm Absolute Billabong- Traje de Surf con Cremallera en la Espalda para Hombre\"}]}]}<\/script>\n<!-- \/ Yoast SEO plugin. -->","yoast_head_json":{"title":"4\/3mm Absolute Billabong- Traje de Surf con Cremallera en la Espalda para Hombre - Surfertarifa","robots":{"index":"index","follow":"follow","max-snippet":"max-snippet:-1","max-image-preview":"max-image-preview:large","max-video-preview":"max-video-preview:-1"},"canonical":"https:\/\/surfertarifa.com\/en\/product\/4-3mm-absolute-billabong-traje-de-surf-con-cremallera-en-la-espalda-para-hombre\/","og_locale":"en_GB","og_type":"article","og_title":"4\/3mm Absolute Billabong- Traje de Surf con Cremallera en la Espalda para Hombre - Surfertarifa","og_description":"Style\u00a0ABYW100190\u00a0C\u00f3digo de color\u00a0blk Caracter\u00edsticas Tejido:\u00a0mezcla de elastano, nailon, neopreno y poli\u00e9ster Pro Stretch Grafeno combinado con tejido interior el\u00e1stico de silicona Tecnolog\u00eda:\u00a0Los hilos infundidos con grafeno se calientan m\u00e1s r\u00e1pido y mantienen el calor por m\u00e1s tiempo. Espuma de neopreno: espuma Superlight Foam parcialmente reciclada. Su fabricaci\u00f3n combina neum\u00e1ticos de coche reciclados y restos de [...]","og_url":"https:\/\/surfertarifa.com\/en\/product\/4-3mm-absolute-billabong-traje-de-surf-con-cremallera-en-la-espalda-para-hombre\/","og_site_name":"Surfertarifa","article_publisher":"https:\/\/es-es.facebook.com\/SurferTarifa\/","article_modified_time":"2023-10-25T16:43:58+00:00","og_image":[{"width":1117,"height":1396,"url":"https:\/\/surfertarifa.com\/wp-content\/uploads\/2023\/09\/abyw100190_billabongv_blk_frt1.jpg","path":"\/home\/surferta\/public_html\/wp-content\/uploads\/2023\/09\/abyw100190_billabongv_blk_frt1.jpg","size":"full","id":8705,"alt":"4\/3mm Absolute Billabong- Traje de Surf con Cremallera en la Espalda para Hombre","pixels":1559332,"type":"image\/jpeg"}],"twitter_card":"summary_large_image","twitter_misc":{"Estimated reading time":"1 minute"},"schema":{"@context":"https:\/\/schema.org","@graph":[{"@type":"Organization","@id":"https:\/\/surfertarifa.com\/#organization","name":"Surfertarifa","url":"https:\/\/surfertarifa.com\/","sameAs":["https:\/\/es-es.facebook.com\/SurferTarifa\/","https:\/\/www.instagram.com\/surfertarifa\/"],"logo":{"@type":"ImageObject","@id":"https:\/\/surfertarifa.com\/#logo","inLanguage":"en-GB","url":"https:\/\/surfertarifa.com\/wp-content\/uploads\/2021\/04\/logo-surfer-1.png","contentUrl":"https:\/\/surfertarifa.com\/wp-content\/uploads\/2021\/04\/logo-surfer-1.png","width":90,"height":90,"caption":"Surfertarifa"},"image":{"@id":"https:\/\/surfertarifa.com\/#logo"}},{"@type":"WebSite","@id":"https:\/\/surfertarifa.com\/#website","url":"https:\/\/surfertarifa.com\/","name":"Surfertarifa","description":"Tienda de surf online","publisher":{"@id":"https:\/\/surfertarifa.com\/#organization"},"potentialAction":[{"@type":"SearchAction","target":{"@type":"EntryPoint","urlTemplate":"https:\/\/surfertarifa.com\/?s={search_term_string}"},"query-input":"required name=search_term_string"}],"inLanguage":"en-GB"},{"@type":"ImageObject","@id":"https:\/\/surfertarifa.com\/product\/4-3mm-absolute-billabong-traje-de-surf-con-cremallera-en-la-espalda-para-hombre\/#primaryimage","inLanguage":"en-GB","url":"https:\/\/surfertarifa.com\/wp-content\/uploads\/2023\/09\/abyw100190_billabongv_blk_frt1.jpg","contentUrl":"https:\/\/surfertarifa.com\/wp-content\/uploads\/2023\/09\/abyw100190_billabongv_blk_frt1.jpg","width":1117,"height":1396,"caption":"4\/3mm Absolute Billabong- Traje de Surf con Cremallera en la Espalda para Hombre"},{"@type":"WebPage","@id":"https:\/\/surfertarifa.com\/product\/4-3mm-absolute-billabong-traje-de-surf-con-cremallera-en-la-espalda-para-hombre\/#webpage","url":"https:\/\/surfertarifa.com\/product\/4-3mm-absolute-billabong-traje-de-surf-con-cremallera-en-la-espalda-para-hombre\/","name":"4\/3mm Absolute Billabong- Traje de Surf con Cremallera en la Espalda para Hombre - Surfertarifa","isPartOf":{"@id":"https:\/\/surfertarifa.com\/#website"},"primaryImageOfPage":{"@id":"https:\/\/surfertarifa.com\/product\/4-3mm-absolute-billabong-traje-de-surf-con-cremallera-en-la-espalda-para-hombre\/#primaryimage"},"datePublished":"2023-09-25T15:37:08+00:00","dateModified":"2023-10-25T16:43:58+00:00","breadcrumb":{"@id":"https:\/\/surfertarifa.com\/product\/4-3mm-absolute-billabong-traje-de-surf-con-cremallera-en-la-espalda-para-hombre\/#breadcrumb"},"inLanguage":"en-GB","potentialAction":[{"@type":"ReadAction","target":["https:\/\/surfertarifa.com\/product\/4-3mm-absolute-billabong-traje-de-surf-con-cremallera-en-la-espalda-para-hombre\/"]}]},{"@type":"BreadcrumbList","@id":"https:\/\/surfertarifa.com\/product\/4-3mm-absolute-billabong-traje-de-surf-con-cremallera-en-la-espalda-para-hombre\/#breadcrumb","itemListElement":[{"@type":"ListItem","position":1,"name":"Portada","item":"https:\/\/surfertarifa.com\/"},{"@type":"ListItem","position":2,"name":"Shop","item":"https:\/\/surfertarifa.com\/shop\/"},{"@type":"ListItem","position":3,"name":"4\/3mm Absolute Billabong- Traje de Surf con Cremallera en la Espalda para Hombre"}]}]}},"_links":{"self":[{"href":"https:\/\/surfertarifa.com\/en\/wp-json\/wp\/v2\/product\/8703"}],"collection":[{"href":"https:\/\/surfertarifa.com\/en\/wp-json\/wp\/v2\/product"}],"about":[{"href":"https:\/\/surfertarifa.com\/en\/wp-json\/wp\/v2\/types\/product"}],"replies":[{"embeddable":true,"href":"https:\/\/surfertarifa.com\/en\/wp-json\/wp\/v2\/comments?post=8703"}],"wp:featuredmedia":[{"embeddable":true,"href":"https:\/\/surfertarifa.com\/en\/wp-json\/wp\/v2\/media\/8705"}],"wp:attachment":[{"href":"https:\/\/surfertarifa.com\/en\/wp-json\/wp\/v2\/media?parent=8703"}],"wp:term":[{"taxonomy":"product_cat","embeddable":true,"href":"https:\/\/surfertarifa.com\/en\/wp-json\/wp\/v2\/product_cat?post=8703"},{"taxonomy":"product_tag","embeddable":true,"href":"https:\/\/surfertarifa.com\/en\/wp-json\/wp\/v2\/product_tag?post=8703"}],"curies":[{"name":"wp","href":"https:\/\/api.w.org\/{rel}","templated":true}]}}