{"id":8936,"date":"2023-10-16T17:20:13","date_gmt":"2023-10-16T17:20:13","guid":{"rendered":"https:\/\/surfertarifa.com\/?post_type=product&#038;p=8936"},"modified":"2025-07-20T11:26:31","modified_gmt":"2025-07-20T11:26:31","slug":"mono-corto-billabong-manga-corta-para-mujer-flirty-day-multi-1220-ref-w3wk04bip1-flores-azul","status":"publish","type":"product","link":"https:\/\/surfertarifa.com\/en\/product\/mono-corto-billabong-manga-corta-para-mujer-flirty-day-multi-1220-ref-w3wk04bip1-flores-azul\/","title":{"rendered":"Mono corto BILLABONG manga corta para mujer Flirty Day MULTI (1220) Ref. W3WK04BIP1 flores azul"},"content":{"rendered":"<h2>Descripci\u00f3n<\/h2>\n<h4><span style=\"color: #000000;\">Mono corto BILLABONG manga corta para mujer Flirty Day MULTI (1220) Ref. W3WK04BIP1 flores azul Nueva colecci\u00f3n 2021<\/span><\/h4>\n<ul>\n<li><span style=\"color: #000000;\"><strong>Tejido:<\/strong>\u00a0tejido de viscosa<\/span><\/li>\n<li><span style=\"color: #000000;\"><strong>Corte:<\/strong>\u00a0Corpi\u00f1o ajustado<\/span><\/li>\n<li><span style=\"color: #000000;\"><strong>Mangas:<\/strong>\u00a0Manga corta abullonada<\/span><\/li>\n<li><span style=\"color: #000000;\"><strong>Cuello:<\/strong>\u00a0Escote recto<\/span><\/li>\n<li><span style=\"color: #000000;\">Corpi\u00f1o fruncido el\u00e1stico<\/span><\/li>\n<li><span style=\"color: #000000;\">Composici\u00f3n: 100% algod\u00f3n<\/span><\/li>\n<\/ul>","protected":false},"excerpt":{"rendered":"<p>Descripci\u00f3n Mono corto BILLABONG manga corta para mujer Flirty Day MULTI (1220) Ref. W3WK04BIP1 flores azul Nueva colecci\u00f3n 2021 Tejido:\u00a0tejido de viscosa Corte:\u00a0Corpi\u00f1o ajustado Mangas:\u00a0Manga corta abullonada Cuello:\u00a0Escote recto Corpi\u00f1o fruncido el\u00e1stico Composici\u00f3n: 100% algod\u00f3n<\/p>","protected":false},"featured_media":8937,"comment_status":"open","ping_status":"closed","template":"","meta":{"spay_email":""},"product_cat":[111,112,161],"product_tag":[],"brands":[{"id":119,"name":"Billabong","slug":"billabong"}],"yoast_head":"<!-- This site is optimized with the Yoast SEO plugin v17.0 - https:\/\/yoast.com\/wordpress\/plugins\/seo\/ -->\n<title>Mono corto BILLABONG manga corta para mujer Flirty Day MULTI (1220) Ref. W3WK04BIP1 flores azul - Surfertarifa<\/title>\n<meta name=\"robots\" content=\"index, follow, max-snippet:-1, max-image-preview:large, max-video-preview:-1\" \/>\n<link rel=\"canonical\" href=\"https:\/\/surfertarifa.com\/en\/product\/mono-corto-billabong-manga-corta-para-mujer-flirty-day-multi-1220-ref-w3wk04bip1-flores-azul\/\" \/>\n<meta property=\"og:locale\" content=\"en_GB\" \/>\n<meta property=\"og:type\" content=\"article\" \/>\n<meta property=\"og:title\" content=\"Mono corto BILLABONG manga corta para mujer Flirty Day MULTI (1220) Ref. W3WK04BIP1 flores azul - Surfertarifa\" \/>\n<meta property=\"og:description\" content=\"Descripci\u00f3n Mono corto BILLABONG manga corta para mujer Flirty Day MULTI (1220) Ref. W3WK04BIP1 flores azul Nueva colecci\u00f3n 2021 Tejido:\u00a0tejido de viscosa Corte:\u00a0Corpi\u00f1o ajustado Mangas:\u00a0Manga corta abullonada Cuello:\u00a0Escote recto Corpi\u00f1o fruncido el\u00e1stico Composici\u00f3n: 100% algod\u00f3n\" \/>\n<meta property=\"og:url\" content=\"https:\/\/surfertarifa.com\/en\/product\/mono-corto-billabong-manga-corta-para-mujer-flirty-day-multi-1220-ref-w3wk04bip1-flores-azul\/\" \/>\n<meta property=\"og:site_name\" content=\"Surfertarifa\" \/>\n<meta property=\"article:publisher\" content=\"https:\/\/es-es.facebook.com\/SurferTarifa\/\" \/>\n<meta property=\"article:modified_time\" content=\"2025-07-20T11:26:31+00:00\" \/>\n<meta property=\"og:image\" content=\"https:\/\/surfertarifa.com\/wp-content\/uploads\/2023\/10\/VESTIDO1.jpg\" \/>\n\t<meta property=\"og:image:width\" content=\"414\" \/>\n\t<meta property=\"og:image:height\" content=\"517\" \/>\n<meta name=\"twitter:card\" content=\"summary_large_image\" \/>\n<script type=\"application\/ld+json\" class=\"yoast-schema-graph\">{\"@context\":\"https:\/\/schema.org\",\"@graph\":[{\"@type\":\"Organization\",\"@id\":\"https:\/\/surfertarifa.com\/#organization\",\"name\":\"Surfertarifa\",\"url\":\"https:\/\/surfertarifa.com\/\",\"sameAs\":[\"https:\/\/es-es.facebook.com\/SurferTarifa\/\",\"https:\/\/www.instagram.com\/surfertarifa\/\"],\"logo\":{\"@type\":\"ImageObject\",\"@id\":\"https:\/\/surfertarifa.com\/#logo\",\"inLanguage\":\"en-GB\",\"url\":\"https:\/\/surfertarifa.com\/wp-content\/uploads\/2021\/04\/logo-surfer-1.png\",\"contentUrl\":\"https:\/\/surfertarifa.com\/wp-content\/uploads\/2021\/04\/logo-surfer-1.png\",\"width\":90,\"height\":90,\"caption\":\"Surfertarifa\"},\"image\":{\"@id\":\"https:\/\/surfertarifa.com\/#logo\"}},{\"@type\":\"WebSite\",\"@id\":\"https:\/\/surfertarifa.com\/#website\",\"url\":\"https:\/\/surfertarifa.com\/\",\"name\":\"Surfertarifa\",\"description\":\"Tienda de surf online\",\"publisher\":{\"@id\":\"https:\/\/surfertarifa.com\/#organization\"},\"potentialAction\":[{\"@type\":\"SearchAction\",\"target\":{\"@type\":\"EntryPoint\",\"urlTemplate\":\"https:\/\/surfertarifa.com\/?s={search_term_string}\"},\"query-input\":\"required name=search_term_string\"}],\"inLanguage\":\"en-GB\"},{\"@type\":\"ImageObject\",\"@id\":\"https:\/\/surfertarifa.com\/product\/mono-corto-billabong-manga-corta-para-mujer-flirty-day-multi-1220-ref-w3wk04bip1-flores-azul\/#primaryimage\",\"inLanguage\":\"en-GB\",\"url\":\"https:\/\/surfertarifa.com\/wp-content\/uploads\/2023\/10\/VESTIDO1.jpg\",\"contentUrl\":\"https:\/\/surfertarifa.com\/wp-content\/uploads\/2023\/10\/VESTIDO1.jpg\",\"width\":414,\"height\":517,\"caption\":\"Descripci\\u00f3n Mono corto BILLABONG manga corta para mujer Flirty Day MULTI (1220) Ref. W3WK04BIP1 flores azul Nueva colecci\\u00f3n 2021 Tejido: tejido de viscosa Corte: Corpi\\u00f1o ajustado Mangas: Manga corta abullonada Cuello: Escote recto Corpi\\u00f1o fruncido el\\u00e1stico Composici\\u00f3n: 100% algod\\u00f3n\"},{\"@type\":\"WebPage\",\"@id\":\"https:\/\/surfertarifa.com\/product\/mono-corto-billabong-manga-corta-para-mujer-flirty-day-multi-1220-ref-w3wk04bip1-flores-azul\/#webpage\",\"url\":\"https:\/\/surfertarifa.com\/product\/mono-corto-billabong-manga-corta-para-mujer-flirty-day-multi-1220-ref-w3wk04bip1-flores-azul\/\",\"name\":\"Mono corto BILLABONG manga corta para mujer Flirty Day MULTI (1220) Ref. W3WK04BIP1 flores azul - Surfertarifa\",\"isPartOf\":{\"@id\":\"https:\/\/surfertarifa.com\/#website\"},\"primaryImageOfPage\":{\"@id\":\"https:\/\/surfertarifa.com\/product\/mono-corto-billabong-manga-corta-para-mujer-flirty-day-multi-1220-ref-w3wk04bip1-flores-azul\/#primaryimage\"},\"datePublished\":\"2023-10-16T17:20:13+00:00\",\"dateModified\":\"2025-07-20T11:26:31+00:00\",\"breadcrumb\":{\"@id\":\"https:\/\/surfertarifa.com\/product\/mono-corto-billabong-manga-corta-para-mujer-flirty-day-multi-1220-ref-w3wk04bip1-flores-azul\/#breadcrumb\"},\"inLanguage\":\"en-GB\",\"potentialAction\":[{\"@type\":\"ReadAction\",\"target\":[\"https:\/\/surfertarifa.com\/product\/mono-corto-billabong-manga-corta-para-mujer-flirty-day-multi-1220-ref-w3wk04bip1-flores-azul\/\"]}]},{\"@type\":\"BreadcrumbList\",\"@id\":\"https:\/\/surfertarifa.com\/product\/mono-corto-billabong-manga-corta-para-mujer-flirty-day-multi-1220-ref-w3wk04bip1-flores-azul\/#breadcrumb\",\"itemListElement\":[{\"@type\":\"ListItem\",\"position\":1,\"name\":\"Portada\",\"item\":\"https:\/\/surfertarifa.com\/\"},{\"@type\":\"ListItem\",\"position\":2,\"name\":\"Shop\",\"item\":\"https:\/\/surfertarifa.com\/shop\/\"},{\"@type\":\"ListItem\",\"position\":3,\"name\":\"Mono corto BILLABONG manga corta para mujer Flirty Day MULTI (1220) Ref. W3WK04BIP1 flores azul\"}]}]}<\/script>\n<!-- \/ Yoast SEO plugin. -->","yoast_head_json":{"title":"Mono corto BILLABONG manga corta para mujer Flirty Day MULTI (1220) Ref. W3WK04BIP1 flores azul - Surfertarifa","robots":{"index":"index","follow":"follow","max-snippet":"max-snippet:-1","max-image-preview":"max-image-preview:large","max-video-preview":"max-video-preview:-1"},"canonical":"https:\/\/surfertarifa.com\/en\/product\/mono-corto-billabong-manga-corta-para-mujer-flirty-day-multi-1220-ref-w3wk04bip1-flores-azul\/","og_locale":"en_GB","og_type":"article","og_title":"Mono corto BILLABONG manga corta para mujer Flirty Day MULTI (1220) Ref. W3WK04BIP1 flores azul - Surfertarifa","og_description":"Descripci\u00f3n Mono corto BILLABONG manga corta para mujer Flirty Day MULTI (1220) Ref. W3WK04BIP1 flores azul Nueva colecci\u00f3n 2021 Tejido:\u00a0tejido de viscosa Corte:\u00a0Corpi\u00f1o ajustado Mangas:\u00a0Manga corta abullonada Cuello:\u00a0Escote recto Corpi\u00f1o fruncido el\u00e1stico Composici\u00f3n: 100% algod\u00f3n","og_url":"https:\/\/surfertarifa.com\/en\/product\/mono-corto-billabong-manga-corta-para-mujer-flirty-day-multi-1220-ref-w3wk04bip1-flores-azul\/","og_site_name":"Surfertarifa","article_publisher":"https:\/\/es-es.facebook.com\/SurferTarifa\/","article_modified_time":"2025-07-20T11:26:31+00:00","og_image":[{"width":414,"height":517,"url":"https:\/\/surfertarifa.com\/wp-content\/uploads\/2023\/10\/VESTIDO1.jpg","path":"\/home\/surferta\/public_html\/wp-content\/uploads\/2023\/10\/VESTIDO1.jpg","size":"full","id":8937,"alt":"Descripci\u00f3n Mono corto BILLABONG manga corta para mujer Flirty Day MULTI (1220) Ref. W3WK04BIP1 flores azul Nueva colecci\u00f3n 2021 Tejido: tejido de viscosa Corte: Corpi\u00f1o ajustado Mangas: Manga corta abullonada Cuello: Escote recto Corpi\u00f1o fruncido el\u00e1stico Composici\u00f3n: 100% algod\u00f3n","pixels":214038,"type":"image\/jpeg"}],"twitter_card":"summary_large_image","schema":{"@context":"https:\/\/schema.org","@graph":[{"@type":"Organization","@id":"https:\/\/surfertarifa.com\/#organization","name":"Surfertarifa","url":"https:\/\/surfertarifa.com\/","sameAs":["https:\/\/es-es.facebook.com\/SurferTarifa\/","https:\/\/www.instagram.com\/surfertarifa\/"],"logo":{"@type":"ImageObject","@id":"https:\/\/surfertarifa.com\/#logo","inLanguage":"en-GB","url":"https:\/\/surfertarifa.com\/wp-content\/uploads\/2021\/04\/logo-surfer-1.png","contentUrl":"https:\/\/surfertarifa.com\/wp-content\/uploads\/2021\/04\/logo-surfer-1.png","width":90,"height":90,"caption":"Surfertarifa"},"image":{"@id":"https:\/\/surfertarifa.com\/#logo"}},{"@type":"WebSite","@id":"https:\/\/surfertarifa.com\/#website","url":"https:\/\/surfertarifa.com\/","name":"Surfertarifa","description":"Tienda de surf online","publisher":{"@id":"https:\/\/surfertarifa.com\/#organization"},"potentialAction":[{"@type":"SearchAction","target":{"@type":"EntryPoint","urlTemplate":"https:\/\/surfertarifa.com\/?s={search_term_string}"},"query-input":"required name=search_term_string"}],"inLanguage":"en-GB"},{"@type":"ImageObject","@id":"https:\/\/surfertarifa.com\/product\/mono-corto-billabong-manga-corta-para-mujer-flirty-day-multi-1220-ref-w3wk04bip1-flores-azul\/#primaryimage","inLanguage":"en-GB","url":"https:\/\/surfertarifa.com\/wp-content\/uploads\/2023\/10\/VESTIDO1.jpg","contentUrl":"https:\/\/surfertarifa.com\/wp-content\/uploads\/2023\/10\/VESTIDO1.jpg","width":414,"height":517,"caption":"Descripci\u00f3n Mono corto BILLABONG manga corta para mujer Flirty Day MULTI (1220) Ref. W3WK04BIP1 flores azul Nueva colecci\u00f3n 2021 Tejido: tejido de viscosa Corte: Corpi\u00f1o ajustado Mangas: Manga corta abullonada Cuello: Escote recto Corpi\u00f1o fruncido el\u00e1stico Composici\u00f3n: 100% algod\u00f3n"},{"@type":"WebPage","@id":"https:\/\/surfertarifa.com\/product\/mono-corto-billabong-manga-corta-para-mujer-flirty-day-multi-1220-ref-w3wk04bip1-flores-azul\/#webpage","url":"https:\/\/surfertarifa.com\/product\/mono-corto-billabong-manga-corta-para-mujer-flirty-day-multi-1220-ref-w3wk04bip1-flores-azul\/","name":"Mono corto BILLABONG manga corta para mujer Flirty Day MULTI (1220) Ref. W3WK04BIP1 flores azul - Surfertarifa","isPartOf":{"@id":"https:\/\/surfertarifa.com\/#website"},"primaryImageOfPage":{"@id":"https:\/\/surfertarifa.com\/product\/mono-corto-billabong-manga-corta-para-mujer-flirty-day-multi-1220-ref-w3wk04bip1-flores-azul\/#primaryimage"},"datePublished":"2023-10-16T17:20:13+00:00","dateModified":"2025-07-20T11:26:31+00:00","breadcrumb":{"@id":"https:\/\/surfertarifa.com\/product\/mono-corto-billabong-manga-corta-para-mujer-flirty-day-multi-1220-ref-w3wk04bip1-flores-azul\/#breadcrumb"},"inLanguage":"en-GB","potentialAction":[{"@type":"ReadAction","target":["https:\/\/surfertarifa.com\/product\/mono-corto-billabong-manga-corta-para-mujer-flirty-day-multi-1220-ref-w3wk04bip1-flores-azul\/"]}]},{"@type":"BreadcrumbList","@id":"https:\/\/surfertarifa.com\/product\/mono-corto-billabong-manga-corta-para-mujer-flirty-day-multi-1220-ref-w3wk04bip1-flores-azul\/#breadcrumb","itemListElement":[{"@type":"ListItem","position":1,"name":"Portada","item":"https:\/\/surfertarifa.com\/"},{"@type":"ListItem","position":2,"name":"Shop","item":"https:\/\/surfertarifa.com\/shop\/"},{"@type":"ListItem","position":3,"name":"Mono corto BILLABONG manga corta para mujer Flirty Day MULTI (1220) Ref. W3WK04BIP1 flores azul"}]}]}},"_links":{"self":[{"href":"https:\/\/surfertarifa.com\/en\/wp-json\/wp\/v2\/product\/8936"}],"collection":[{"href":"https:\/\/surfertarifa.com\/en\/wp-json\/wp\/v2\/product"}],"about":[{"href":"https:\/\/surfertarifa.com\/en\/wp-json\/wp\/v2\/types\/product"}],"replies":[{"embeddable":true,"href":"https:\/\/surfertarifa.com\/en\/wp-json\/wp\/v2\/comments?post=8936"}],"wp:featuredmedia":[{"embeddable":true,"href":"https:\/\/surfertarifa.com\/en\/wp-json\/wp\/v2\/media\/8937"}],"wp:attachment":[{"href":"https:\/\/surfertarifa.com\/en\/wp-json\/wp\/v2\/media?parent=8936"}],"wp:term":[{"taxonomy":"product_cat","embeddable":true,"href":"https:\/\/surfertarifa.com\/en\/wp-json\/wp\/v2\/product_cat?post=8936"},{"taxonomy":"product_tag","embeddable":true,"href":"https:\/\/surfertarifa.com\/en\/wp-json\/wp\/v2\/product_tag?post=8936"}],"curies":[{"name":"wp","href":"https:\/\/api.w.org\/{rel}","templated":true}]}}