{"id":8950,"date":"2023-10-18T15:24:21","date_gmt":"2023-10-18T15:24:21","guid":{"rendered":"https:\/\/surfertarifa.com\/?post_type=product&#038;p=8950"},"modified":"2026-01-12T17:34:00","modified_gmt":"2026-01-12T17:34:00","slug":"camisa-vissla-central-coast-ls-flannel-light","status":"publish","type":"product","link":"https:\/\/surfertarifa.com\/en\/product\/camisa-vissla-central-coast-ls-flannel-light\/","title":{"rendered":"CAMISA VISSLA CENTRAL COAST LS FLANNEL LIGHT"},"content":{"rendered":"<h2><span style=\"color: #000000;\">CAMISA VISSLA DE MANGA LARGA FLANNEL<\/span><\/h2>\n<ul>\n<li><span style=\"color: #000000;\">Camisa de manga larga de algod\u00f3n org\u00e1nico<\/span><\/li>\n<li><span style=\"color: #000000;\">Cierre central abotonado<\/span><\/li>\n<li><span style=\"color: #000000;\">Bolsillos delanteros con solapa y botones<\/span><\/li>\n<li><span style=\"color: #000000;\">Rayas en tonos azules<\/span><\/li>\n<li><span style=\"color: #000000;\">Composici\u00f3n: 100% Algod\u00f3n Org\u00e1nico<\/span><\/li>\n<\/ul>","protected":false},"excerpt":{"rendered":"<p>CAMISA VISSLA DE MANGA LARGA FLANNEL Camisa de manga larga de algod\u00f3n org\u00e1nico Cierre central abotonado Bolsillos delanteros con solapa y botones Rayas en tonos azules Composici\u00f3n: 100% Algod\u00f3n Org\u00e1nico<\/p>","protected":false},"featured_media":8951,"comment_status":"open","ping_status":"closed","template":"","meta":{"spay_email":""},"product_cat":[143,110],"product_tag":[],"brands":[{"id":120,"name":"Vissla","slug":"vissla"}],"yoast_head":"<!-- This site is optimized with the Yoast SEO plugin v17.0 - https:\/\/yoast.com\/wordpress\/plugins\/seo\/ -->\n<title>CAMISA VISSLA CENTRAL COAST LS FLANNEL LIGHT - Surfertarifa<\/title>\n<meta name=\"robots\" content=\"index, follow, max-snippet:-1, max-image-preview:large, max-video-preview:-1\" \/>\n<link rel=\"canonical\" href=\"https:\/\/surfertarifa.com\/en\/product\/camisa-vissla-central-coast-ls-flannel-light\/\" \/>\n<meta property=\"og:locale\" content=\"en_GB\" \/>\n<meta property=\"og:type\" content=\"article\" \/>\n<meta property=\"og:title\" content=\"CAMISA VISSLA CENTRAL COAST LS FLANNEL LIGHT - Surfertarifa\" \/>\n<meta property=\"og:description\" content=\"CAMISA VISSLA DE MANGA LARGA FLANNEL Camisa de manga larga de algod\u00f3n org\u00e1nico Cierre central abotonado Bolsillos delanteros con solapa y botones Rayas en tonos azules Composici\u00f3n: 100% Algod\u00f3n Org\u00e1nico\" \/>\n<meta property=\"og:url\" content=\"https:\/\/surfertarifa.com\/en\/product\/camisa-vissla-central-coast-ls-flannel-light\/\" \/>\n<meta property=\"og:site_name\" content=\"Surfertarifa\" \/>\n<meta property=\"article:publisher\" content=\"https:\/\/es-es.facebook.com\/SurferTarifa\/\" \/>\n<meta property=\"article:modified_time\" content=\"2026-01-12T17:34:00+00:00\" \/>\n<meta name=\"twitter:card\" content=\"summary_large_image\" \/>\n<meta name=\"twitter:image\" content=\"https:\/\/surfertarifa.com\/wp-content\/uploads\/2023\/10\/CAMISETA1.webp\" \/>\n<script type=\"application\/ld+json\" class=\"yoast-schema-graph\">{\"@context\":\"https:\/\/schema.org\",\"@graph\":[{\"@type\":\"Organization\",\"@id\":\"https:\/\/surfertarifa.com\/#organization\",\"name\":\"Surfertarifa\",\"url\":\"https:\/\/surfertarifa.com\/\",\"sameAs\":[\"https:\/\/es-es.facebook.com\/SurferTarifa\/\",\"https:\/\/www.instagram.com\/surfertarifa\/\"],\"logo\":{\"@type\":\"ImageObject\",\"@id\":\"https:\/\/surfertarifa.com\/#logo\",\"inLanguage\":\"en-GB\",\"url\":\"https:\/\/surfertarifa.com\/wp-content\/uploads\/2021\/04\/logo-surfer-1.png\",\"contentUrl\":\"https:\/\/surfertarifa.com\/wp-content\/uploads\/2021\/04\/logo-surfer-1.png\",\"width\":90,\"height\":90,\"caption\":\"Surfertarifa\"},\"image\":{\"@id\":\"https:\/\/surfertarifa.com\/#logo\"}},{\"@type\":\"WebSite\",\"@id\":\"https:\/\/surfertarifa.com\/#website\",\"url\":\"https:\/\/surfertarifa.com\/\",\"name\":\"Surfertarifa\",\"description\":\"Tienda de surf online\",\"publisher\":{\"@id\":\"https:\/\/surfertarifa.com\/#organization\"},\"potentialAction\":[{\"@type\":\"SearchAction\",\"target\":{\"@type\":\"EntryPoint\",\"urlTemplate\":\"https:\/\/surfertarifa.com\/?s={search_term_string}\"},\"query-input\":\"required name=search_term_string\"}],\"inLanguage\":\"en-GB\"},{\"@type\":\"ImageObject\",\"@id\":\"https:\/\/surfertarifa.com\/product\/camisa-vissla-central-coast-ls-flannel-light\/#primaryimage\",\"inLanguage\":\"en-GB\",\"url\":\"https:\/\/surfertarifa.com\/wp-content\/uploads\/2023\/10\/CAMISETA1.webp\",\"contentUrl\":\"https:\/\/surfertarifa.com\/wp-content\/uploads\/2023\/10\/CAMISETA1.webp\",\"width\":1159,\"height\":1159,\"caption\":\"CAMISA VISSLA DE MANGA LARGA FLANNEL Camisa de manga larga de algod\\u00f3n org\\u00e1nico Cierre central abotonado Bolsillos delanteros con solapa y botones Rayas en tonos azules Composici\\u00f3n: 100% Algod\\u00f3n Org\\u00e1nico\"},{\"@type\":\"WebPage\",\"@id\":\"https:\/\/surfertarifa.com\/product\/camisa-vissla-central-coast-ls-flannel-light\/#webpage\",\"url\":\"https:\/\/surfertarifa.com\/product\/camisa-vissla-central-coast-ls-flannel-light\/\",\"name\":\"CAMISA VISSLA CENTRAL COAST LS FLANNEL LIGHT - Surfertarifa\",\"isPartOf\":{\"@id\":\"https:\/\/surfertarifa.com\/#website\"},\"primaryImageOfPage\":{\"@id\":\"https:\/\/surfertarifa.com\/product\/camisa-vissla-central-coast-ls-flannel-light\/#primaryimage\"},\"datePublished\":\"2023-10-18T15:24:21+00:00\",\"dateModified\":\"2026-01-12T17:34:00+00:00\",\"breadcrumb\":{\"@id\":\"https:\/\/surfertarifa.com\/product\/camisa-vissla-central-coast-ls-flannel-light\/#breadcrumb\"},\"inLanguage\":\"en-GB\",\"potentialAction\":[{\"@type\":\"ReadAction\",\"target\":[\"https:\/\/surfertarifa.com\/product\/camisa-vissla-central-coast-ls-flannel-light\/\"]}]},{\"@type\":\"BreadcrumbList\",\"@id\":\"https:\/\/surfertarifa.com\/product\/camisa-vissla-central-coast-ls-flannel-light\/#breadcrumb\",\"itemListElement\":[{\"@type\":\"ListItem\",\"position\":1,\"name\":\"Portada\",\"item\":\"https:\/\/surfertarifa.com\/\"},{\"@type\":\"ListItem\",\"position\":2,\"name\":\"Shop\",\"item\":\"https:\/\/surfertarifa.com\/shop\/\"},{\"@type\":\"ListItem\",\"position\":3,\"name\":\"CAMISA VISSLA CENTRAL COAST LS FLANNEL LIGHT\"}]}]}<\/script>\n<!-- \/ Yoast SEO plugin. -->","yoast_head_json":{"title":"CAMISA VISSLA CENTRAL COAST LS FLANNEL LIGHT - Surfertarifa","robots":{"index":"index","follow":"follow","max-snippet":"max-snippet:-1","max-image-preview":"max-image-preview:large","max-video-preview":"max-video-preview:-1"},"canonical":"https:\/\/surfertarifa.com\/en\/product\/camisa-vissla-central-coast-ls-flannel-light\/","og_locale":"en_GB","og_type":"article","og_title":"CAMISA VISSLA CENTRAL COAST LS FLANNEL LIGHT - Surfertarifa","og_description":"CAMISA VISSLA DE MANGA LARGA FLANNEL Camisa de manga larga de algod\u00f3n org\u00e1nico Cierre central abotonado Bolsillos delanteros con solapa y botones Rayas en tonos azules Composici\u00f3n: 100% Algod\u00f3n Org\u00e1nico","og_url":"https:\/\/surfertarifa.com\/en\/product\/camisa-vissla-central-coast-ls-flannel-light\/","og_site_name":"Surfertarifa","article_publisher":"https:\/\/es-es.facebook.com\/SurferTarifa\/","article_modified_time":"2026-01-12T17:34:00+00:00","twitter_card":"summary_large_image","twitter_image":"https:\/\/surfertarifa.com\/wp-content\/uploads\/2023\/10\/CAMISETA1.webp","schema":{"@context":"https:\/\/schema.org","@graph":[{"@type":"Organization","@id":"https:\/\/surfertarifa.com\/#organization","name":"Surfertarifa","url":"https:\/\/surfertarifa.com\/","sameAs":["https:\/\/es-es.facebook.com\/SurferTarifa\/","https:\/\/www.instagram.com\/surfertarifa\/"],"logo":{"@type":"ImageObject","@id":"https:\/\/surfertarifa.com\/#logo","inLanguage":"en-GB","url":"https:\/\/surfertarifa.com\/wp-content\/uploads\/2021\/04\/logo-surfer-1.png","contentUrl":"https:\/\/surfertarifa.com\/wp-content\/uploads\/2021\/04\/logo-surfer-1.png","width":90,"height":90,"caption":"Surfertarifa"},"image":{"@id":"https:\/\/surfertarifa.com\/#logo"}},{"@type":"WebSite","@id":"https:\/\/surfertarifa.com\/#website","url":"https:\/\/surfertarifa.com\/","name":"Surfertarifa","description":"Tienda de surf online","publisher":{"@id":"https:\/\/surfertarifa.com\/#organization"},"potentialAction":[{"@type":"SearchAction","target":{"@type":"EntryPoint","urlTemplate":"https:\/\/surfertarifa.com\/?s={search_term_string}"},"query-input":"required name=search_term_string"}],"inLanguage":"en-GB"},{"@type":"ImageObject","@id":"https:\/\/surfertarifa.com\/product\/camisa-vissla-central-coast-ls-flannel-light\/#primaryimage","inLanguage":"en-GB","url":"https:\/\/surfertarifa.com\/wp-content\/uploads\/2023\/10\/CAMISETA1.webp","contentUrl":"https:\/\/surfertarifa.com\/wp-content\/uploads\/2023\/10\/CAMISETA1.webp","width":1159,"height":1159,"caption":"CAMISA VISSLA DE MANGA LARGA FLANNEL Camisa de manga larga de algod\u00f3n org\u00e1nico Cierre central abotonado Bolsillos delanteros con solapa y botones Rayas en tonos azules Composici\u00f3n: 100% Algod\u00f3n Org\u00e1nico"},{"@type":"WebPage","@id":"https:\/\/surfertarifa.com\/product\/camisa-vissla-central-coast-ls-flannel-light\/#webpage","url":"https:\/\/surfertarifa.com\/product\/camisa-vissla-central-coast-ls-flannel-light\/","name":"CAMISA VISSLA CENTRAL COAST LS FLANNEL LIGHT - Surfertarifa","isPartOf":{"@id":"https:\/\/surfertarifa.com\/#website"},"primaryImageOfPage":{"@id":"https:\/\/surfertarifa.com\/product\/camisa-vissla-central-coast-ls-flannel-light\/#primaryimage"},"datePublished":"2023-10-18T15:24:21+00:00","dateModified":"2026-01-12T17:34:00+00:00","breadcrumb":{"@id":"https:\/\/surfertarifa.com\/product\/camisa-vissla-central-coast-ls-flannel-light\/#breadcrumb"},"inLanguage":"en-GB","potentialAction":[{"@type":"ReadAction","target":["https:\/\/surfertarifa.com\/product\/camisa-vissla-central-coast-ls-flannel-light\/"]}]},{"@type":"BreadcrumbList","@id":"https:\/\/surfertarifa.com\/product\/camisa-vissla-central-coast-ls-flannel-light\/#breadcrumb","itemListElement":[{"@type":"ListItem","position":1,"name":"Portada","item":"https:\/\/surfertarifa.com\/"},{"@type":"ListItem","position":2,"name":"Shop","item":"https:\/\/surfertarifa.com\/shop\/"},{"@type":"ListItem","position":3,"name":"CAMISA VISSLA CENTRAL COAST LS FLANNEL LIGHT"}]}]}},"_links":{"self":[{"href":"https:\/\/surfertarifa.com\/en\/wp-json\/wp\/v2\/product\/8950"}],"collection":[{"href":"https:\/\/surfertarifa.com\/en\/wp-json\/wp\/v2\/product"}],"about":[{"href":"https:\/\/surfertarifa.com\/en\/wp-json\/wp\/v2\/types\/product"}],"replies":[{"embeddable":true,"href":"https:\/\/surfertarifa.com\/en\/wp-json\/wp\/v2\/comments?post=8950"}],"wp:featuredmedia":[{"embeddable":true,"href":"https:\/\/surfertarifa.com\/en\/wp-json\/wp\/v2\/media\/8951"}],"wp:attachment":[{"href":"https:\/\/surfertarifa.com\/en\/wp-json\/wp\/v2\/media?parent=8950"}],"wp:term":[{"taxonomy":"product_cat","embeddable":true,"href":"https:\/\/surfertarifa.com\/en\/wp-json\/wp\/v2\/product_cat?post=8950"},{"taxonomy":"product_tag","embeddable":true,"href":"https:\/\/surfertarifa.com\/en\/wp-json\/wp\/v2\/product_tag?post=8950"}],"curies":[{"name":"wp","href":"https:\/\/api.w.org\/{rel}","templated":true}]}}