{"id":9166,"date":"2024-05-22T17:38:30","date_gmt":"2024-05-22T17:38:30","guid":{"rendered":"https:\/\/surfertarifa.com\/?post_type=product&#038;p=9166"},"modified":"2024-05-22T18:39:36","modified_gmt":"2024-05-22T18:39:36","slug":"dtk-1-65-cm-gearbag-combibag","status":"publish","type":"product","link":"https:\/\/surfertarifa.com\/en\/product\/dtk-1-65-cm-gearbag-combibag\/","title":{"rendered":"DTK-1.65 CM Gearbag Combibag"},"content":{"rendered":"<p><span style=\"color: #000000;\">Tu compa\u00f1era de viaje perfecta cuando quieres llevar un mont\u00f3n de cosas, caben f\u00e1cilmente hasta 2 tablas y 4 cometas. Con una construcci\u00f3n ligera y ruedas de alta resistencia, ir de A a B es f\u00e1cil con la Combi Bag. Adem\u00e1s, viene con una peque\u00f1a bolsa de herramientas s\u00faper pr\u00e1ctica para que puedas aprovechar mejor tu tiempo en el destino &#8211; ir a tomar una cerveza o echar una siesta en lugar de \u00abencontrar piezas de repuesto y todos los bits y piezas\u00bb para configurar tu equipo. \u00a1Feliz viaje!<\/span><\/p>\n<p><span style=\"color: #000000;\"><button class=\"collapsible__button\"><span class=\"collapsible__label\">SIZES AND SPECS<\/span><\/button><\/span><\/p>\n<div class=\"collapsible-container collapsible-container--overflow-x collapsible-container--active\">\n<div class=\"collapsible-container__content\">\n<div class=\"collapsible__container\">\n<div class=\"product-sizes-and-specs\">\n<div class=\"size-finder-table\">\n<div class=\"\">\n<div class=\"pagination-container swiper__pagination\"><\/div>\n<\/div>\n<div class=\"size-finder-table__inner grid\">\n<div class=\"size-finder-table__labels col-3\">\n<div class=\"size-finder-table__column-cell\"><span style=\"color: #000000;\">SIZE 170\u00a0 X52 X 40 CM 165 CM 3.95 KG<\/span><\/div>\n<\/div>\n<\/div>\n<\/div>\n<\/div>\n<\/div>\n<\/div>\n<\/div>","protected":false},"excerpt":{"rendered":"<p>Tu compa\u00f1era de viaje perfecta cuando quieres llevar un mont\u00f3n de cosas, caben f\u00e1cilmente hasta 2 tablas y 4 cometas. Con una construcci\u00f3n ligera y ruedas de alta resistencia, ir de A a B es f\u00e1cil con la Combi Bag. Adem\u00e1s, viene con una peque\u00f1a bolsa de herramientas s\u00faper pr\u00e1ctica para que puedas aprovechar mejor [&#8230;]","protected":false},"featured_media":9165,"comment_status":"open","ping_status":"closed","template":"","meta":{"spay_email":""},"product_cat":[113,110,198,111],"product_tag":[],"brands":[{"id":127,"name":"Duotone","slug":"duotone"}],"yoast_head":"<!-- This site is optimized with the Yoast SEO plugin v17.0 - https:\/\/yoast.com\/wordpress\/plugins\/seo\/ -->\n<title>DTK-1.65 CM Gearbag Combibag - Surfertarifa<\/title>\n<meta name=\"robots\" content=\"index, follow, max-snippet:-1, max-image-preview:large, max-video-preview:-1\" \/>\n<link rel=\"canonical\" href=\"https:\/\/surfertarifa.com\/en\/product\/dtk-1-65-cm-gearbag-combibag\/\" \/>\n<meta property=\"og:locale\" content=\"en_GB\" \/>\n<meta property=\"og:type\" content=\"article\" \/>\n<meta property=\"og:title\" content=\"DTK-1.65 CM Gearbag Combibag - Surfertarifa\" \/>\n<meta property=\"og:description\" content=\"Tu compa\u00f1era de viaje perfecta cuando quieres llevar un mont\u00f3n de cosas, caben f\u00e1cilmente hasta 2 tablas y 4 cometas. Con una construcci\u00f3n ligera y ruedas de alta resistencia, ir de A a B es f\u00e1cil con la Combi Bag. Adem\u00e1s, viene con una peque\u00f1a bolsa de herramientas s\u00faper pr\u00e1ctica para que puedas aprovechar mejor [...]\" \/>\n<meta property=\"og:url\" content=\"https:\/\/surfertarifa.com\/en\/product\/dtk-1-65-cm-gearbag-combibag\/\" \/>\n<meta property=\"og:site_name\" content=\"Surfertarifa\" \/>\n<meta property=\"article:publisher\" content=\"https:\/\/es-es.facebook.com\/SurferTarifa\/\" \/>\n<meta property=\"article:modified_time\" content=\"2024-05-22T18:39:36+00:00\" \/>\n<meta name=\"twitter:card\" content=\"summary_large_image\" \/>\n<meta name=\"twitter:image\" content=\"https:\/\/surfertarifa.com\/wp-content\/uploads\/2024\/05\/12.webp\" \/>\n<meta name=\"twitter:label1\" content=\"Estimated reading time\" \/>\n\t<meta name=\"twitter:data1\" content=\"1 minute\" \/>\n<script type=\"application\/ld+json\" class=\"yoast-schema-graph\">{\"@context\":\"https:\/\/schema.org\",\"@graph\":[{\"@type\":\"Organization\",\"@id\":\"https:\/\/surfertarifa.com\/#organization\",\"name\":\"Surfertarifa\",\"url\":\"https:\/\/surfertarifa.com\/\",\"sameAs\":[\"https:\/\/es-es.facebook.com\/SurferTarifa\/\",\"https:\/\/www.instagram.com\/surfertarifa\/\"],\"logo\":{\"@type\":\"ImageObject\",\"@id\":\"https:\/\/surfertarifa.com\/#logo\",\"inLanguage\":\"en-GB\",\"url\":\"https:\/\/surfertarifa.com\/wp-content\/uploads\/2021\/04\/logo-surfer-1.png\",\"contentUrl\":\"https:\/\/surfertarifa.com\/wp-content\/uploads\/2021\/04\/logo-surfer-1.png\",\"width\":90,\"height\":90,\"caption\":\"Surfertarifa\"},\"image\":{\"@id\":\"https:\/\/surfertarifa.com\/#logo\"}},{\"@type\":\"WebSite\",\"@id\":\"https:\/\/surfertarifa.com\/#website\",\"url\":\"https:\/\/surfertarifa.com\/\",\"name\":\"Surfertarifa\",\"description\":\"Tienda de surf online\",\"publisher\":{\"@id\":\"https:\/\/surfertarifa.com\/#organization\"},\"potentialAction\":[{\"@type\":\"SearchAction\",\"target\":{\"@type\":\"EntryPoint\",\"urlTemplate\":\"https:\/\/surfertarifa.com\/?s={search_term_string}\"},\"query-input\":\"required name=search_term_string\"}],\"inLanguage\":\"en-GB\"},{\"@type\":\"ImageObject\",\"@id\":\"https:\/\/surfertarifa.com\/product\/dtk-1-65-cm-gearbag-combibag\/#primaryimage\",\"inLanguage\":\"en-GB\",\"url\":\"https:\/\/surfertarifa.com\/wp-content\/uploads\/2024\/05\/12.webp\",\"contentUrl\":\"https:\/\/surfertarifa.com\/wp-content\/uploads\/2024\/05\/12.webp\",\"width\":678,\"height\":452,\"caption\":\"Tu compa\\u00f1era de viaje perfecta cuando quieres llevar un mont\\u00f3n de cosas, caben f\\u00e1cilmente hasta 2 tablas y 4 cometas. Con una construcci\\u00f3n ligera y ruedas de alta resistencia, ir de A a B es f\\u00e1cil con la Combi Bag. Adem\\u00e1s, viene con una peque\\u00f1a bolsa de herramientas s\\u00faper pr\\u00e1ctica para que puedas aprovechar mejor tu tiempo en el destino - ir a tomar una cerveza o echar una siesta en lugar de \\\"encontrar piezas de repuesto y todos los bits y piezas\\\" para configurar tu equipo. \\u00a1Feliz viaje!\"},{\"@type\":\"WebPage\",\"@id\":\"https:\/\/surfertarifa.com\/product\/dtk-1-65-cm-gearbag-combibag\/#webpage\",\"url\":\"https:\/\/surfertarifa.com\/product\/dtk-1-65-cm-gearbag-combibag\/\",\"name\":\"DTK-1.65 CM Gearbag Combibag - Surfertarifa\",\"isPartOf\":{\"@id\":\"https:\/\/surfertarifa.com\/#website\"},\"primaryImageOfPage\":{\"@id\":\"https:\/\/surfertarifa.com\/product\/dtk-1-65-cm-gearbag-combibag\/#primaryimage\"},\"datePublished\":\"2024-05-22T17:38:30+00:00\",\"dateModified\":\"2024-05-22T18:39:36+00:00\",\"breadcrumb\":{\"@id\":\"https:\/\/surfertarifa.com\/product\/dtk-1-65-cm-gearbag-combibag\/#breadcrumb\"},\"inLanguage\":\"en-GB\",\"potentialAction\":[{\"@type\":\"ReadAction\",\"target\":[\"https:\/\/surfertarifa.com\/product\/dtk-1-65-cm-gearbag-combibag\/\"]}]},{\"@type\":\"BreadcrumbList\",\"@id\":\"https:\/\/surfertarifa.com\/product\/dtk-1-65-cm-gearbag-combibag\/#breadcrumb\",\"itemListElement\":[{\"@type\":\"ListItem\",\"position\":1,\"name\":\"Portada\",\"item\":\"https:\/\/surfertarifa.com\/\"},{\"@type\":\"ListItem\",\"position\":2,\"name\":\"Shop\",\"item\":\"https:\/\/surfertarifa.com\/shop\/\"},{\"@type\":\"ListItem\",\"position\":3,\"name\":\"DTK-1.65 CM Gearbag Combibag\"}]}]}<\/script>\n<!-- \/ Yoast SEO plugin. -->","yoast_head_json":{"title":"DTK-1.65 CM Gearbag Combibag - Surfertarifa","robots":{"index":"index","follow":"follow","max-snippet":"max-snippet:-1","max-image-preview":"max-image-preview:large","max-video-preview":"max-video-preview:-1"},"canonical":"https:\/\/surfertarifa.com\/en\/product\/dtk-1-65-cm-gearbag-combibag\/","og_locale":"en_GB","og_type":"article","og_title":"DTK-1.65 CM Gearbag Combibag - Surfertarifa","og_description":"Tu compa\u00f1era de viaje perfecta cuando quieres llevar un mont\u00f3n de cosas, caben f\u00e1cilmente hasta 2 tablas y 4 cometas. Con una construcci\u00f3n ligera y ruedas de alta resistencia, ir de A a B es f\u00e1cil con la Combi Bag. Adem\u00e1s, viene con una peque\u00f1a bolsa de herramientas s\u00faper pr\u00e1ctica para que puedas aprovechar mejor [...]","og_url":"https:\/\/surfertarifa.com\/en\/product\/dtk-1-65-cm-gearbag-combibag\/","og_site_name":"Surfertarifa","article_publisher":"https:\/\/es-es.facebook.com\/SurferTarifa\/","article_modified_time":"2024-05-22T18:39:36+00:00","twitter_card":"summary_large_image","twitter_image":"https:\/\/surfertarifa.com\/wp-content\/uploads\/2024\/05\/12.webp","twitter_misc":{"Estimated reading time":"1 minute"},"schema":{"@context":"https:\/\/schema.org","@graph":[{"@type":"Organization","@id":"https:\/\/surfertarifa.com\/#organization","name":"Surfertarifa","url":"https:\/\/surfertarifa.com\/","sameAs":["https:\/\/es-es.facebook.com\/SurferTarifa\/","https:\/\/www.instagram.com\/surfertarifa\/"],"logo":{"@type":"ImageObject","@id":"https:\/\/surfertarifa.com\/#logo","inLanguage":"en-GB","url":"https:\/\/surfertarifa.com\/wp-content\/uploads\/2021\/04\/logo-surfer-1.png","contentUrl":"https:\/\/surfertarifa.com\/wp-content\/uploads\/2021\/04\/logo-surfer-1.png","width":90,"height":90,"caption":"Surfertarifa"},"image":{"@id":"https:\/\/surfertarifa.com\/#logo"}},{"@type":"WebSite","@id":"https:\/\/surfertarifa.com\/#website","url":"https:\/\/surfertarifa.com\/","name":"Surfertarifa","description":"Tienda de surf online","publisher":{"@id":"https:\/\/surfertarifa.com\/#organization"},"potentialAction":[{"@type":"SearchAction","target":{"@type":"EntryPoint","urlTemplate":"https:\/\/surfertarifa.com\/?s={search_term_string}"},"query-input":"required name=search_term_string"}],"inLanguage":"en-GB"},{"@type":"ImageObject","@id":"https:\/\/surfertarifa.com\/product\/dtk-1-65-cm-gearbag-combibag\/#primaryimage","inLanguage":"en-GB","url":"https:\/\/surfertarifa.com\/wp-content\/uploads\/2024\/05\/12.webp","contentUrl":"https:\/\/surfertarifa.com\/wp-content\/uploads\/2024\/05\/12.webp","width":678,"height":452,"caption":"Tu compa\u00f1era de viaje perfecta cuando quieres llevar un mont\u00f3n de cosas, caben f\u00e1cilmente hasta 2 tablas y 4 cometas. Con una construcci\u00f3n ligera y ruedas de alta resistencia, ir de A a B es f\u00e1cil con la Combi Bag. Adem\u00e1s, viene con una peque\u00f1a bolsa de herramientas s\u00faper pr\u00e1ctica para que puedas aprovechar mejor tu tiempo en el destino - ir a tomar una cerveza o echar una siesta en lugar de \"encontrar piezas de repuesto y todos los bits y piezas\" para configurar tu equipo. \u00a1Feliz viaje!"},{"@type":"WebPage","@id":"https:\/\/surfertarifa.com\/product\/dtk-1-65-cm-gearbag-combibag\/#webpage","url":"https:\/\/surfertarifa.com\/product\/dtk-1-65-cm-gearbag-combibag\/","name":"DTK-1.65 CM Gearbag Combibag - Surfertarifa","isPartOf":{"@id":"https:\/\/surfertarifa.com\/#website"},"primaryImageOfPage":{"@id":"https:\/\/surfertarifa.com\/product\/dtk-1-65-cm-gearbag-combibag\/#primaryimage"},"datePublished":"2024-05-22T17:38:30+00:00","dateModified":"2024-05-22T18:39:36+00:00","breadcrumb":{"@id":"https:\/\/surfertarifa.com\/product\/dtk-1-65-cm-gearbag-combibag\/#breadcrumb"},"inLanguage":"en-GB","potentialAction":[{"@type":"ReadAction","target":["https:\/\/surfertarifa.com\/product\/dtk-1-65-cm-gearbag-combibag\/"]}]},{"@type":"BreadcrumbList","@id":"https:\/\/surfertarifa.com\/product\/dtk-1-65-cm-gearbag-combibag\/#breadcrumb","itemListElement":[{"@type":"ListItem","position":1,"name":"Portada","item":"https:\/\/surfertarifa.com\/"},{"@type":"ListItem","position":2,"name":"Shop","item":"https:\/\/surfertarifa.com\/shop\/"},{"@type":"ListItem","position":3,"name":"DTK-1.65 CM Gearbag Combibag"}]}]}},"_links":{"self":[{"href":"https:\/\/surfertarifa.com\/en\/wp-json\/wp\/v2\/product\/9166"}],"collection":[{"href":"https:\/\/surfertarifa.com\/en\/wp-json\/wp\/v2\/product"}],"about":[{"href":"https:\/\/surfertarifa.com\/en\/wp-json\/wp\/v2\/types\/product"}],"replies":[{"embeddable":true,"href":"https:\/\/surfertarifa.com\/en\/wp-json\/wp\/v2\/comments?post=9166"}],"wp:featuredmedia":[{"embeddable":true,"href":"https:\/\/surfertarifa.com\/en\/wp-json\/wp\/v2\/media\/9165"}],"wp:attachment":[{"href":"https:\/\/surfertarifa.com\/en\/wp-json\/wp\/v2\/media?parent=9166"}],"wp:term":[{"taxonomy":"product_cat","embeddable":true,"href":"https:\/\/surfertarifa.com\/en\/wp-json\/wp\/v2\/product_cat?post=9166"},{"taxonomy":"product_tag","embeddable":true,"href":"https:\/\/surfertarifa.com\/en\/wp-json\/wp\/v2\/product_tag?post=9166"}],"curies":[{"name":"wp","href":"https:\/\/api.w.org\/{rel}","templated":true}]}}