{"id":9209,"date":"2024-05-29T11:56:00","date_gmt":"2024-05-29T11:56:00","guid":{"rendered":"https:\/\/surfertarifa.com\/?post_type=product&#038;p=9209"},"modified":"2026-02-08T11:13:27","modified_gmt":"2026-02-08T11:13:27","slug":"billabong-traje-de-bano-out-west-dreamin","status":"publish","type":"product","link":"https:\/\/surfertarifa.com\/en\/product\/billabong-traje-de-bano-out-west-dreamin\/","title":{"rendered":"BA\u00d1ADOR Billabong Traje de ba\u00f1o Out West Dreamin"},"content":{"rendered":"<p><span style=\"color: #000000;\">Ba\u00f1ador Out West Dreamin.<\/span><\/p>\n<p><span style=\"color: #000000;\">Caracter\u00edsticas:<\/span><\/p>\n<p><span style=\"color: #000000;\">Tela reciclada: tela de poli\u00e9ster reciclado<\/span><br \/>\n<span style=\"color: #000000;\">Anillo en el frente<\/span><br \/>\n<span style=\"color: #000000;\">Cobertura: Cobertura Biarritz<\/span><br \/>\n<span style=\"color: #000000;\">Tiro de pierna medio<\/span><br \/>\n<span style=\"color: #000000;\">Correas: Anillo ajustable y correas deslizantes<\/span><br \/>\n<span style=\"color: #000000;\">Todo el dise\u00f1o impreso<\/span><br \/>\n<span style=\"color: #000000;\">Colaboraci\u00f3n Billabong x Wrangler<\/span><\/p>\n<p><span style=\"color: #000000;\">Especificaciones:<\/span><\/p>\n<p><span style=\"color: #000000;\">85 % poli\u00e9ster reciclado, 15 % elastano<\/span><\/p>","protected":false},"excerpt":{"rendered":"<p>Ba\u00f1ador Out West Dreamin. Caracter\u00edsticas: Tela reciclada: tela de poli\u00e9ster reciclado Anillo en el frente Cobertura: Cobertura Biarritz Tiro de pierna medio Correas: Anillo ajustable y correas deslizantes Todo el dise\u00f1o impreso Colaboraci\u00f3n Billabong x Wrangler Especificaciones: 85 % poli\u00e9ster reciclado, 15 % elastano<\/p>","protected":false},"featured_media":9210,"comment_status":"open","ping_status":"closed","template":"","meta":{"spay_email":""},"product_cat":[146,111],"product_tag":[],"brands":[{"id":119,"name":"Billabong","slug":"billabong"}],"yoast_head":"<!-- This site is optimized with the Yoast SEO plugin v17.0 - https:\/\/yoast.com\/wordpress\/plugins\/seo\/ -->\n<title>BA\u00d1ADOR Billabong Traje de ba\u00f1o Out West Dreamin - Surfertarifa<\/title>\n<meta name=\"robots\" content=\"index, follow, max-snippet:-1, max-image-preview:large, max-video-preview:-1\" \/>\n<link rel=\"canonical\" href=\"https:\/\/surfertarifa.com\/en\/product\/billabong-traje-de-bano-out-west-dreamin\/\" \/>\n<meta property=\"og:locale\" content=\"en_GB\" \/>\n<meta property=\"og:type\" content=\"article\" \/>\n<meta property=\"og:title\" content=\"BA\u00d1ADOR Billabong Traje de ba\u00f1o Out West Dreamin - Surfertarifa\" \/>\n<meta property=\"og:description\" content=\"Ba\u00f1ador Out West Dreamin. Caracter\u00edsticas: Tela reciclada: tela de poli\u00e9ster reciclado Anillo en el frente Cobertura: Cobertura Biarritz Tiro de pierna medio Correas: Anillo ajustable y correas deslizantes Todo el dise\u00f1o impreso Colaboraci\u00f3n Billabong x Wrangler Especificaciones: 85 % poli\u00e9ster reciclado, 15 % elastano\" \/>\n<meta property=\"og:url\" content=\"https:\/\/surfertarifa.com\/en\/product\/billabong-traje-de-bano-out-west-dreamin\/\" \/>\n<meta property=\"og:site_name\" content=\"Surfertarifa\" \/>\n<meta property=\"article:publisher\" content=\"https:\/\/es-es.facebook.com\/SurferTarifa\/\" \/>\n<meta property=\"article:modified_time\" content=\"2026-02-08T11:13:27+00:00\" \/>\n<meta property=\"og:image\" content=\"https:\/\/surfertarifa.com\/wp-content\/uploads\/2024\/05\/12.jpg\" \/>\n\t<meta property=\"og:image:width\" content=\"1000\" \/>\n\t<meta property=\"og:image:height\" content=\"1000\" \/>\n<meta name=\"twitter:card\" content=\"summary_large_image\" \/>\n<script type=\"application\/ld+json\" class=\"yoast-schema-graph\">{\"@context\":\"https:\/\/schema.org\",\"@graph\":[{\"@type\":\"Organization\",\"@id\":\"https:\/\/surfertarifa.com\/#organization\",\"name\":\"Surfertarifa\",\"url\":\"https:\/\/surfertarifa.com\/\",\"sameAs\":[\"https:\/\/es-es.facebook.com\/SurferTarifa\/\",\"https:\/\/www.instagram.com\/surfertarifa\/\"],\"logo\":{\"@type\":\"ImageObject\",\"@id\":\"https:\/\/surfertarifa.com\/#logo\",\"inLanguage\":\"en-GB\",\"url\":\"https:\/\/surfertarifa.com\/wp-content\/uploads\/2021\/04\/logo-surfer-1.png\",\"contentUrl\":\"https:\/\/surfertarifa.com\/wp-content\/uploads\/2021\/04\/logo-surfer-1.png\",\"width\":90,\"height\":90,\"caption\":\"Surfertarifa\"},\"image\":{\"@id\":\"https:\/\/surfertarifa.com\/#logo\"}},{\"@type\":\"WebSite\",\"@id\":\"https:\/\/surfertarifa.com\/#website\",\"url\":\"https:\/\/surfertarifa.com\/\",\"name\":\"Surfertarifa\",\"description\":\"Tienda de surf online\",\"publisher\":{\"@id\":\"https:\/\/surfertarifa.com\/#organization\"},\"potentialAction\":[{\"@type\":\"SearchAction\",\"target\":{\"@type\":\"EntryPoint\",\"urlTemplate\":\"https:\/\/surfertarifa.com\/?s={search_term_string}\"},\"query-input\":\"required name=search_term_string\"}],\"inLanguage\":\"en-GB\"},{\"@type\":\"ImageObject\",\"@id\":\"https:\/\/surfertarifa.com\/product\/billabong-traje-de-bano-out-west-dreamin\/#primaryimage\",\"inLanguage\":\"en-GB\",\"url\":\"https:\/\/surfertarifa.com\/wp-content\/uploads\/2024\/05\/12.jpg\",\"contentUrl\":\"https:\/\/surfertarifa.com\/wp-content\/uploads\/2024\/05\/12.jpg\",\"width\":1000,\"height\":1000,\"caption\":\"Ba\\u00f1ador Out West Dreamin. Caracter\\u00edsticas: Tela reciclada: tela de poli\\u00e9ster reciclado Anillo en el frente Cobertura: Cobertura Biarritz Tiro de pierna medio Correas: Anillo ajustable y correas deslizantes Todo el dise\\u00f1o impreso Colaboraci\\u00f3n Billabong x Wrangler Especificaciones: 85 % poli\\u00e9ster reciclado, 15 % elastano\"},{\"@type\":\"WebPage\",\"@id\":\"https:\/\/surfertarifa.com\/product\/billabong-traje-de-bano-out-west-dreamin\/#webpage\",\"url\":\"https:\/\/surfertarifa.com\/product\/billabong-traje-de-bano-out-west-dreamin\/\",\"name\":\"BA\\u00d1ADOR Billabong Traje de ba\\u00f1o Out West Dreamin - Surfertarifa\",\"isPartOf\":{\"@id\":\"https:\/\/surfertarifa.com\/#website\"},\"primaryImageOfPage\":{\"@id\":\"https:\/\/surfertarifa.com\/product\/billabong-traje-de-bano-out-west-dreamin\/#primaryimage\"},\"datePublished\":\"2024-05-29T11:56:00+00:00\",\"dateModified\":\"2026-02-08T11:13:27+00:00\",\"breadcrumb\":{\"@id\":\"https:\/\/surfertarifa.com\/product\/billabong-traje-de-bano-out-west-dreamin\/#breadcrumb\"},\"inLanguage\":\"en-GB\",\"potentialAction\":[{\"@type\":\"ReadAction\",\"target\":[\"https:\/\/surfertarifa.com\/product\/billabong-traje-de-bano-out-west-dreamin\/\"]}]},{\"@type\":\"BreadcrumbList\",\"@id\":\"https:\/\/surfertarifa.com\/product\/billabong-traje-de-bano-out-west-dreamin\/#breadcrumb\",\"itemListElement\":[{\"@type\":\"ListItem\",\"position\":1,\"name\":\"Portada\",\"item\":\"https:\/\/surfertarifa.com\/\"},{\"@type\":\"ListItem\",\"position\":2,\"name\":\"Shop\",\"item\":\"https:\/\/surfertarifa.com\/shop\/\"},{\"@type\":\"ListItem\",\"position\":3,\"name\":\"BA\\u00d1ADOR Billabong Traje de ba\\u00f1o Out West Dreamin\"}]}]}<\/script>\n<!-- \/ Yoast SEO plugin. -->","yoast_head_json":{"title":"BA\u00d1ADOR Billabong Traje de ba\u00f1o Out West Dreamin - Surfertarifa","robots":{"index":"index","follow":"follow","max-snippet":"max-snippet:-1","max-image-preview":"max-image-preview:large","max-video-preview":"max-video-preview:-1"},"canonical":"https:\/\/surfertarifa.com\/en\/product\/billabong-traje-de-bano-out-west-dreamin\/","og_locale":"en_GB","og_type":"article","og_title":"BA\u00d1ADOR Billabong Traje de ba\u00f1o Out West Dreamin - Surfertarifa","og_description":"Ba\u00f1ador Out West Dreamin. Caracter\u00edsticas: Tela reciclada: tela de poli\u00e9ster reciclado Anillo en el frente Cobertura: Cobertura Biarritz Tiro de pierna medio Correas: Anillo ajustable y correas deslizantes Todo el dise\u00f1o impreso Colaboraci\u00f3n Billabong x Wrangler Especificaciones: 85 % poli\u00e9ster reciclado, 15 % elastano","og_url":"https:\/\/surfertarifa.com\/en\/product\/billabong-traje-de-bano-out-west-dreamin\/","og_site_name":"Surfertarifa","article_publisher":"https:\/\/es-es.facebook.com\/SurferTarifa\/","article_modified_time":"2026-02-08T11:13:27+00:00","og_image":[{"width":1000,"height":1000,"url":"https:\/\/surfertarifa.com\/wp-content\/uploads\/2024\/05\/12.jpg","path":"\/home\/surferta\/public_html\/wp-content\/uploads\/2024\/05\/12.jpg","size":"full","id":9210,"alt":"BA\u00d1ADOR BILLABONG","pixels":1000000,"type":"image\/jpeg"}],"twitter_card":"summary_large_image","schema":{"@context":"https:\/\/schema.org","@graph":[{"@type":"Organization","@id":"https:\/\/surfertarifa.com\/#organization","name":"Surfertarifa","url":"https:\/\/surfertarifa.com\/","sameAs":["https:\/\/es-es.facebook.com\/SurferTarifa\/","https:\/\/www.instagram.com\/surfertarifa\/"],"logo":{"@type":"ImageObject","@id":"https:\/\/surfertarifa.com\/#logo","inLanguage":"en-GB","url":"https:\/\/surfertarifa.com\/wp-content\/uploads\/2021\/04\/logo-surfer-1.png","contentUrl":"https:\/\/surfertarifa.com\/wp-content\/uploads\/2021\/04\/logo-surfer-1.png","width":90,"height":90,"caption":"Surfertarifa"},"image":{"@id":"https:\/\/surfertarifa.com\/#logo"}},{"@type":"WebSite","@id":"https:\/\/surfertarifa.com\/#website","url":"https:\/\/surfertarifa.com\/","name":"Surfertarifa","description":"Tienda de surf online","publisher":{"@id":"https:\/\/surfertarifa.com\/#organization"},"potentialAction":[{"@type":"SearchAction","target":{"@type":"EntryPoint","urlTemplate":"https:\/\/surfertarifa.com\/?s={search_term_string}"},"query-input":"required name=search_term_string"}],"inLanguage":"en-GB"},{"@type":"ImageObject","@id":"https:\/\/surfertarifa.com\/product\/billabong-traje-de-bano-out-west-dreamin\/#primaryimage","inLanguage":"en-GB","url":"https:\/\/surfertarifa.com\/wp-content\/uploads\/2024\/05\/12.jpg","contentUrl":"https:\/\/surfertarifa.com\/wp-content\/uploads\/2024\/05\/12.jpg","width":1000,"height":1000,"caption":"Ba\u00f1ador Out West Dreamin. Caracter\u00edsticas: Tela reciclada: tela de poli\u00e9ster reciclado Anillo en el frente Cobertura: Cobertura Biarritz Tiro de pierna medio Correas: Anillo ajustable y correas deslizantes Todo el dise\u00f1o impreso Colaboraci\u00f3n Billabong x Wrangler Especificaciones: 85 % poli\u00e9ster reciclado, 15 % elastano"},{"@type":"WebPage","@id":"https:\/\/surfertarifa.com\/product\/billabong-traje-de-bano-out-west-dreamin\/#webpage","url":"https:\/\/surfertarifa.com\/product\/billabong-traje-de-bano-out-west-dreamin\/","name":"BA\u00d1ADOR Billabong Traje de ba\u00f1o Out West Dreamin - Surfertarifa","isPartOf":{"@id":"https:\/\/surfertarifa.com\/#website"},"primaryImageOfPage":{"@id":"https:\/\/surfertarifa.com\/product\/billabong-traje-de-bano-out-west-dreamin\/#primaryimage"},"datePublished":"2024-05-29T11:56:00+00:00","dateModified":"2026-02-08T11:13:27+00:00","breadcrumb":{"@id":"https:\/\/surfertarifa.com\/product\/billabong-traje-de-bano-out-west-dreamin\/#breadcrumb"},"inLanguage":"en-GB","potentialAction":[{"@type":"ReadAction","target":["https:\/\/surfertarifa.com\/product\/billabong-traje-de-bano-out-west-dreamin\/"]}]},{"@type":"BreadcrumbList","@id":"https:\/\/surfertarifa.com\/product\/billabong-traje-de-bano-out-west-dreamin\/#breadcrumb","itemListElement":[{"@type":"ListItem","position":1,"name":"Portada","item":"https:\/\/surfertarifa.com\/"},{"@type":"ListItem","position":2,"name":"Shop","item":"https:\/\/surfertarifa.com\/shop\/"},{"@type":"ListItem","position":3,"name":"BA\u00d1ADOR Billabong Traje de ba\u00f1o Out West Dreamin"}]}]}},"_links":{"self":[{"href":"https:\/\/surfertarifa.com\/en\/wp-json\/wp\/v2\/product\/9209"}],"collection":[{"href":"https:\/\/surfertarifa.com\/en\/wp-json\/wp\/v2\/product"}],"about":[{"href":"https:\/\/surfertarifa.com\/en\/wp-json\/wp\/v2\/types\/product"}],"replies":[{"embeddable":true,"href":"https:\/\/surfertarifa.com\/en\/wp-json\/wp\/v2\/comments?post=9209"}],"wp:featuredmedia":[{"embeddable":true,"href":"https:\/\/surfertarifa.com\/en\/wp-json\/wp\/v2\/media\/9210"}],"wp:attachment":[{"href":"https:\/\/surfertarifa.com\/en\/wp-json\/wp\/v2\/media?parent=9209"}],"wp:term":[{"taxonomy":"product_cat","embeddable":true,"href":"https:\/\/surfertarifa.com\/en\/wp-json\/wp\/v2\/product_cat?post=9209"},{"taxonomy":"product_tag","embeddable":true,"href":"https:\/\/surfertarifa.com\/en\/wp-json\/wp\/v2\/product_tag?post=9209"}],"curies":[{"name":"wp","href":"https:\/\/api.w.org\/{rel}","templated":true}]}}