{"id":9247,"date":"2024-06-25T11:55:37","date_gmt":"2024-06-25T11:55:37","guid":{"rendered":"https:\/\/surfertarifa.com\/?post_type=product&#038;p=9247"},"modified":"2026-05-03T16:00:12","modified_gmt":"2026-05-03T16:00:12","slug":"too-funky-vestido-de-longitud-media-para-mujer","status":"publish","type":"product","link":"https:\/\/surfertarifa.com\/en\/product\/too-funky-vestido-de-longitud-media-para-mujer\/","title":{"rendered":"Vestido de Longitud Media para Mujer Funky &#8211;"},"content":{"rendered":"<p><span style=\"color: #000000;\"><button class=\"r-slide-action-title\" type=\"button\" aria-expanded=\"false\">Detalles &amp; Caracter\u00edsticas<\/button><\/span><\/p>\n<div class=\"r-slide-action-block-content\">\n<h2 class=\"r-desc-short\"><span style=\"color: #000000;\">Too Funky &#8211; Vestido de Longitud Media para Mujer<\/span><\/h2>\n<p id=\"master-product-id\" class=\"productskuinfo\" data-id=\"EBJWD00143\"><span class=\"r-slide-action-block-title\" style=\"color: #000000;\"><span class=\"style\"><strong>Style<\/strong>\u00a0EBJWD00143\u00a0<\/span><span class=\"colorcode\"><strong>C\u00f3digo de color<\/strong>\u00a0nme0<\/span><\/span><\/p>\n<p class=\"r-slide-action-block-title\"><span style=\"color: #000000;\">Caracter\u00edsticas<\/span><\/p>\n<ul class=\"r-slide-action-block-list\">\n<li><span style=\"color: #000000;\"><strong>Colecci\u00f3n:\u00a0<\/strong>It Was All A Dream<\/span><\/li>\n<li><span style=\"color: #000000;\"><strong>Tejido:\u00a0<\/strong>Tejido arrugado de viscosa<\/span><\/li>\n<li><span style=\"color: #000000;\"><strong>cintura:\u00a0<\/strong>cintura el\u00e1stica<\/span><\/li>\n<li><span style=\"color: #000000;\"><strong>Cierre:\u00a0<\/strong>cierre con lazo el\u00e1stico<\/span><\/li>\n<li><span style=\"color: #000000;\"><strong>Marca:\u00a0<\/strong>Placa met\u00e1lica<\/span><\/li>\n<\/ul>\n<p><span class=\"r-slide-action-block-title\" style=\"color: #000000;\">Composici\u00f3n\u00a0<\/span><span style=\"color: #000000;\">100% viscosa<\/span><\/p>\n<\/div>","protected":false},"excerpt":{"rendered":"<p>Detalles &amp; Caracter\u00edsticas Too Funky &#8211; Vestido de Longitud Media para Mujer Style\u00a0EBJWD00143\u00a0C\u00f3digo de color\u00a0nme0 Caracter\u00edsticas Colecci\u00f3n:\u00a0It Was All A Dream Tejido:\u00a0Tejido arrugado de viscosa cintura:\u00a0cintura el\u00e1stica Cierre:\u00a0cierre con lazo el\u00e1stico Marca:\u00a0Placa met\u00e1lica Composici\u00f3n\u00a0100% viscosa<\/p>","protected":false},"featured_media":9253,"comment_status":"open","ping_status":"closed","template":"","meta":{"spay_email":""},"product_cat":[111,161],"product_tag":[],"brands":[{"id":119,"name":"Billabong","slug":"billabong"}],"yoast_head":"<!-- This site is optimized with the Yoast SEO plugin v17.0 - https:\/\/yoast.com\/wordpress\/plugins\/seo\/ -->\n<title>Vestido de Longitud Media para Mujer Funky - Surfertarifa<\/title>\n<meta name=\"robots\" content=\"index, follow, max-snippet:-1, max-image-preview:large, max-video-preview:-1\" \/>\n<link rel=\"canonical\" href=\"https:\/\/surfertarifa.com\/en\/product\/too-funky-vestido-de-longitud-media-para-mujer\/\" \/>\n<meta property=\"og:locale\" content=\"en_GB\" \/>\n<meta property=\"og:type\" content=\"article\" \/>\n<meta property=\"og:title\" content=\"Vestido de Longitud Media para Mujer Funky - Surfertarifa\" \/>\n<meta property=\"og:description\" content=\"Detalles &amp; Caracter\u00edsticas Too Funky &#8211; Vestido de Longitud Media para Mujer Style\u00a0EBJWD00143\u00a0C\u00f3digo de color\u00a0nme0 Caracter\u00edsticas Colecci\u00f3n:\u00a0It Was All A Dream Tejido:\u00a0Tejido arrugado de viscosa cintura:\u00a0cintura el\u00e1stica Cierre:\u00a0cierre con lazo el\u00e1stico Marca:\u00a0Placa met\u00e1lica Composici\u00f3n\u00a0100% viscosa\" \/>\n<meta property=\"og:url\" content=\"https:\/\/surfertarifa.com\/en\/product\/too-funky-vestido-de-longitud-media-para-mujer\/\" \/>\n<meta property=\"og:site_name\" content=\"Surfertarifa\" \/>\n<meta property=\"article:publisher\" content=\"https:\/\/es-es.facebook.com\/SurferTarifa\/\" \/>\n<meta property=\"article:modified_time\" content=\"2026-05-03T16:00:12+00:00\" \/>\n<meta property=\"og:image\" content=\"https:\/\/surfertarifa.com\/wp-content\/uploads\/2024\/06\/E2-2.jpg\" \/>\n\t<meta property=\"og:image:width\" content=\"1117\" \/>\n\t<meta property=\"og:image:height\" content=\"1396\" \/>\n<meta name=\"twitter:card\" content=\"summary_large_image\" \/>\n<script type=\"application\/ld+json\" class=\"yoast-schema-graph\">{\"@context\":\"https:\/\/schema.org\",\"@graph\":[{\"@type\":\"Organization\",\"@id\":\"https:\/\/surfertarifa.com\/#organization\",\"name\":\"Surfertarifa\",\"url\":\"https:\/\/surfertarifa.com\/\",\"sameAs\":[\"https:\/\/es-es.facebook.com\/SurferTarifa\/\",\"https:\/\/www.instagram.com\/surfertarifa\/\"],\"logo\":{\"@type\":\"ImageObject\",\"@id\":\"https:\/\/surfertarifa.com\/#logo\",\"inLanguage\":\"en-GB\",\"url\":\"https:\/\/surfertarifa.com\/wp-content\/uploads\/2021\/04\/logo-surfer-1.png\",\"contentUrl\":\"https:\/\/surfertarifa.com\/wp-content\/uploads\/2021\/04\/logo-surfer-1.png\",\"width\":90,\"height\":90,\"caption\":\"Surfertarifa\"},\"image\":{\"@id\":\"https:\/\/surfertarifa.com\/#logo\"}},{\"@type\":\"WebSite\",\"@id\":\"https:\/\/surfertarifa.com\/#website\",\"url\":\"https:\/\/surfertarifa.com\/\",\"name\":\"Surfertarifa\",\"description\":\"Tienda de surf online\",\"publisher\":{\"@id\":\"https:\/\/surfertarifa.com\/#organization\"},\"potentialAction\":[{\"@type\":\"SearchAction\",\"target\":{\"@type\":\"EntryPoint\",\"urlTemplate\":\"https:\/\/surfertarifa.com\/?s={search_term_string}\"},\"query-input\":\"required name=search_term_string\"}],\"inLanguage\":\"en-GB\"},{\"@type\":\"ImageObject\",\"@id\":\"https:\/\/surfertarifa.com\/product\/too-funky-vestido-de-longitud-media-para-mujer\/#primaryimage\",\"inLanguage\":\"en-GB\",\"url\":\"https:\/\/surfertarifa.com\/wp-content\/uploads\/2024\/06\/E2-2.jpg\",\"contentUrl\":\"https:\/\/surfertarifa.com\/wp-content\/uploads\/2024\/06\/E2-2.jpg\",\"width\":1117,\"height\":1396,\"caption\":\"Detalles & Caracter\\u00edsticas Too Funky - Vestido de Longitud Media para Mujer Style EBJWD00143 C\\u00f3digo de color nme0 Caracter\\u00edsticas Colecci\\u00f3n: It Was All A Dream Tejido: Tejido arrugado de viscosa cintura: cintura el\\u00e1stica Cierre: cierre con lazo el\\u00e1stico Marca: Placa met\\u00e1lica Composici\\u00f3n 100% viscosa\"},{\"@type\":\"WebPage\",\"@id\":\"https:\/\/surfertarifa.com\/product\/too-funky-vestido-de-longitud-media-para-mujer\/#webpage\",\"url\":\"https:\/\/surfertarifa.com\/product\/too-funky-vestido-de-longitud-media-para-mujer\/\",\"name\":\"Vestido de Longitud Media para Mujer Funky - Surfertarifa\",\"isPartOf\":{\"@id\":\"https:\/\/surfertarifa.com\/#website\"},\"primaryImageOfPage\":{\"@id\":\"https:\/\/surfertarifa.com\/product\/too-funky-vestido-de-longitud-media-para-mujer\/#primaryimage\"},\"datePublished\":\"2024-06-25T11:55:37+00:00\",\"dateModified\":\"2026-05-03T16:00:12+00:00\",\"breadcrumb\":{\"@id\":\"https:\/\/surfertarifa.com\/product\/too-funky-vestido-de-longitud-media-para-mujer\/#breadcrumb\"},\"inLanguage\":\"en-GB\",\"potentialAction\":[{\"@type\":\"ReadAction\",\"target\":[\"https:\/\/surfertarifa.com\/product\/too-funky-vestido-de-longitud-media-para-mujer\/\"]}]},{\"@type\":\"BreadcrumbList\",\"@id\":\"https:\/\/surfertarifa.com\/product\/too-funky-vestido-de-longitud-media-para-mujer\/#breadcrumb\",\"itemListElement\":[{\"@type\":\"ListItem\",\"position\":1,\"name\":\"Portada\",\"item\":\"https:\/\/surfertarifa.com\/\"},{\"@type\":\"ListItem\",\"position\":2,\"name\":\"Shop\",\"item\":\"https:\/\/surfertarifa.com\/shop\/\"},{\"@type\":\"ListItem\",\"position\":3,\"name\":\"Vestido de Longitud Media para Mujer Funky &#8211;\"}]}]}<\/script>\n<!-- \/ Yoast SEO plugin. -->","yoast_head_json":{"title":"Vestido de Longitud Media para Mujer Funky - Surfertarifa","robots":{"index":"index","follow":"follow","max-snippet":"max-snippet:-1","max-image-preview":"max-image-preview:large","max-video-preview":"max-video-preview:-1"},"canonical":"https:\/\/surfertarifa.com\/en\/product\/too-funky-vestido-de-longitud-media-para-mujer\/","og_locale":"en_GB","og_type":"article","og_title":"Vestido de Longitud Media para Mujer Funky - Surfertarifa","og_description":"Detalles &amp; Caracter\u00edsticas Too Funky &#8211; Vestido de Longitud Media para Mujer Style\u00a0EBJWD00143\u00a0C\u00f3digo de color\u00a0nme0 Caracter\u00edsticas Colecci\u00f3n:\u00a0It Was All A Dream Tejido:\u00a0Tejido arrugado de viscosa cintura:\u00a0cintura el\u00e1stica Cierre:\u00a0cierre con lazo el\u00e1stico Marca:\u00a0Placa met\u00e1lica Composici\u00f3n\u00a0100% viscosa","og_url":"https:\/\/surfertarifa.com\/en\/product\/too-funky-vestido-de-longitud-media-para-mujer\/","og_site_name":"Surfertarifa","article_publisher":"https:\/\/es-es.facebook.com\/SurferTarifa\/","article_modified_time":"2026-05-03T16:00:12+00:00","og_image":[{"width":1117,"height":1396,"url":"https:\/\/surfertarifa.com\/wp-content\/uploads\/2024\/06\/E2-2.jpg","path":"\/home\/surferta\/public_html\/wp-content\/uploads\/2024\/06\/E2-2.jpg","size":"full","id":9253,"alt":"VESTIDO BILLABONG","pixels":1559332,"type":"image\/jpeg"}],"twitter_card":"summary_large_image","schema":{"@context":"https:\/\/schema.org","@graph":[{"@type":"Organization","@id":"https:\/\/surfertarifa.com\/#organization","name":"Surfertarifa","url":"https:\/\/surfertarifa.com\/","sameAs":["https:\/\/es-es.facebook.com\/SurferTarifa\/","https:\/\/www.instagram.com\/surfertarifa\/"],"logo":{"@type":"ImageObject","@id":"https:\/\/surfertarifa.com\/#logo","inLanguage":"en-GB","url":"https:\/\/surfertarifa.com\/wp-content\/uploads\/2021\/04\/logo-surfer-1.png","contentUrl":"https:\/\/surfertarifa.com\/wp-content\/uploads\/2021\/04\/logo-surfer-1.png","width":90,"height":90,"caption":"Surfertarifa"},"image":{"@id":"https:\/\/surfertarifa.com\/#logo"}},{"@type":"WebSite","@id":"https:\/\/surfertarifa.com\/#website","url":"https:\/\/surfertarifa.com\/","name":"Surfertarifa","description":"Tienda de surf online","publisher":{"@id":"https:\/\/surfertarifa.com\/#organization"},"potentialAction":[{"@type":"SearchAction","target":{"@type":"EntryPoint","urlTemplate":"https:\/\/surfertarifa.com\/?s={search_term_string}"},"query-input":"required name=search_term_string"}],"inLanguage":"en-GB"},{"@type":"ImageObject","@id":"https:\/\/surfertarifa.com\/product\/too-funky-vestido-de-longitud-media-para-mujer\/#primaryimage","inLanguage":"en-GB","url":"https:\/\/surfertarifa.com\/wp-content\/uploads\/2024\/06\/E2-2.jpg","contentUrl":"https:\/\/surfertarifa.com\/wp-content\/uploads\/2024\/06\/E2-2.jpg","width":1117,"height":1396,"caption":"Detalles & Caracter\u00edsticas Too Funky - Vestido de Longitud Media para Mujer Style EBJWD00143 C\u00f3digo de color nme0 Caracter\u00edsticas Colecci\u00f3n: It Was All A Dream Tejido: Tejido arrugado de viscosa cintura: cintura el\u00e1stica Cierre: cierre con lazo el\u00e1stico Marca: Placa met\u00e1lica Composici\u00f3n 100% viscosa"},{"@type":"WebPage","@id":"https:\/\/surfertarifa.com\/product\/too-funky-vestido-de-longitud-media-para-mujer\/#webpage","url":"https:\/\/surfertarifa.com\/product\/too-funky-vestido-de-longitud-media-para-mujer\/","name":"Vestido de Longitud Media para Mujer Funky - Surfertarifa","isPartOf":{"@id":"https:\/\/surfertarifa.com\/#website"},"primaryImageOfPage":{"@id":"https:\/\/surfertarifa.com\/product\/too-funky-vestido-de-longitud-media-para-mujer\/#primaryimage"},"datePublished":"2024-06-25T11:55:37+00:00","dateModified":"2026-05-03T16:00:12+00:00","breadcrumb":{"@id":"https:\/\/surfertarifa.com\/product\/too-funky-vestido-de-longitud-media-para-mujer\/#breadcrumb"},"inLanguage":"en-GB","potentialAction":[{"@type":"ReadAction","target":["https:\/\/surfertarifa.com\/product\/too-funky-vestido-de-longitud-media-para-mujer\/"]}]},{"@type":"BreadcrumbList","@id":"https:\/\/surfertarifa.com\/product\/too-funky-vestido-de-longitud-media-para-mujer\/#breadcrumb","itemListElement":[{"@type":"ListItem","position":1,"name":"Portada","item":"https:\/\/surfertarifa.com\/"},{"@type":"ListItem","position":2,"name":"Shop","item":"https:\/\/surfertarifa.com\/shop\/"},{"@type":"ListItem","position":3,"name":"Vestido de Longitud Media para Mujer Funky &#8211;"}]}]}},"_links":{"self":[{"href":"https:\/\/surfertarifa.com\/en\/wp-json\/wp\/v2\/product\/9247"}],"collection":[{"href":"https:\/\/surfertarifa.com\/en\/wp-json\/wp\/v2\/product"}],"about":[{"href":"https:\/\/surfertarifa.com\/en\/wp-json\/wp\/v2\/types\/product"}],"replies":[{"embeddable":true,"href":"https:\/\/surfertarifa.com\/en\/wp-json\/wp\/v2\/comments?post=9247"}],"wp:featuredmedia":[{"embeddable":true,"href":"https:\/\/surfertarifa.com\/en\/wp-json\/wp\/v2\/media\/9253"}],"wp:attachment":[{"href":"https:\/\/surfertarifa.com\/en\/wp-json\/wp\/v2\/media?parent=9247"}],"wp:term":[{"taxonomy":"product_cat","embeddable":true,"href":"https:\/\/surfertarifa.com\/en\/wp-json\/wp\/v2\/product_cat?post=9247"},{"taxonomy":"product_tag","embeddable":true,"href":"https:\/\/surfertarifa.com\/en\/wp-json\/wp\/v2\/product_tag?post=9247"}],"curies":[{"name":"wp","href":"https:\/\/api.w.org\/{rel}","templated":true}]}}