{"id":9454,"date":"2024-09-18T16:56:35","date_gmt":"2024-09-18T16:56:35","guid":{"rendered":"https:\/\/surfertarifa.com\/?post_type=product&#038;p=9454"},"modified":"2026-02-01T10:43:59","modified_gmt":"2026-02-01T10:43:59","slug":"pantalon-lino-billabong-that-smile-pantalones","status":"publish","type":"product","link":"https:\/\/surfertarifa.com\/en\/product\/pantalon-lino-billabong-that-smile-pantalones\/","title":{"rendered":"PANTALON LINO Billabong That Smile Pantalones"},"content":{"rendered":"<p><span style=\"color: #000000;\">Pantal\u00f3n de pata ancha para Mujer. Caracter\u00edsticas incluyen: Colecci\u00f3n: Return To Paradise, Tejido arrugado de viscosa, piernas acampanadas, cintura el\u00e1stica, cintura el\u00e1stica con lazo y Marca: Placa met\u00e1lica.<\/span><\/p>","protected":false},"excerpt":{"rendered":"<p>Pantal\u00f3n de pata ancha para Mujer. Caracter\u00edsticas incluyen: Colecci\u00f3n: Return To Paradise, Tejido arrugado de viscosa, piernas acampanadas, cintura el\u00e1stica, cintura el\u00e1stica con lazo y Marca: Placa met\u00e1lica.<\/p>","protected":false},"featured_media":9455,"comment_status":"open","ping_status":"closed","template":"","meta":{"spay_email":""},"product_cat":[111,115],"product_tag":[],"brands":[{"id":119,"name":"Billabong","slug":"billabong"}],"yoast_head":"<!-- This site is optimized with the Yoast SEO plugin v17.0 - https:\/\/yoast.com\/wordpress\/plugins\/seo\/ -->\n<title>PANTALON LINO Billabong That Smile Pantalones - Surfertarifa<\/title>\n<meta name=\"robots\" content=\"index, follow, max-snippet:-1, max-image-preview:large, max-video-preview:-1\" \/>\n<link rel=\"canonical\" href=\"https:\/\/surfertarifa.com\/en\/product\/pantalon-lino-billabong-that-smile-pantalones\/\" \/>\n<meta property=\"og:locale\" content=\"en_GB\" \/>\n<meta property=\"og:type\" content=\"article\" \/>\n<meta property=\"og:title\" content=\"PANTALON LINO Billabong That Smile Pantalones - Surfertarifa\" \/>\n<meta property=\"og:description\" content=\"Pantal\u00f3n de pata ancha para Mujer. Caracter\u00edsticas incluyen: Colecci\u00f3n: Return To Paradise, Tejido arrugado de viscosa, piernas acampanadas, cintura el\u00e1stica, cintura el\u00e1stica con lazo y Marca: Placa met\u00e1lica.\" \/>\n<meta property=\"og:url\" content=\"https:\/\/surfertarifa.com\/en\/product\/pantalon-lino-billabong-that-smile-pantalones\/\" \/>\n<meta property=\"og:site_name\" content=\"Surfertarifa\" \/>\n<meta property=\"article:publisher\" content=\"https:\/\/es-es.facebook.com\/SurferTarifa\/\" \/>\n<meta property=\"article:modified_time\" content=\"2026-02-01T10:43:59+00:00\" \/>\n<meta name=\"twitter:card\" content=\"summary_large_image\" \/>\n<meta name=\"twitter:image\" content=\"https:\/\/surfertarifa.com\/wp-content\/uploads\/2024\/09\/7.webp\" \/>\n<script type=\"application\/ld+json\" class=\"yoast-schema-graph\">{\"@context\":\"https:\/\/schema.org\",\"@graph\":[{\"@type\":\"Organization\",\"@id\":\"https:\/\/surfertarifa.com\/#organization\",\"name\":\"Surfertarifa\",\"url\":\"https:\/\/surfertarifa.com\/\",\"sameAs\":[\"https:\/\/es-es.facebook.com\/SurferTarifa\/\",\"https:\/\/www.instagram.com\/surfertarifa\/\"],\"logo\":{\"@type\":\"ImageObject\",\"@id\":\"https:\/\/surfertarifa.com\/#logo\",\"inLanguage\":\"en-GB\",\"url\":\"https:\/\/surfertarifa.com\/wp-content\/uploads\/2021\/04\/logo-surfer-1.png\",\"contentUrl\":\"https:\/\/surfertarifa.com\/wp-content\/uploads\/2021\/04\/logo-surfer-1.png\",\"width\":90,\"height\":90,\"caption\":\"Surfertarifa\"},\"image\":{\"@id\":\"https:\/\/surfertarifa.com\/#logo\"}},{\"@type\":\"WebSite\",\"@id\":\"https:\/\/surfertarifa.com\/#website\",\"url\":\"https:\/\/surfertarifa.com\/\",\"name\":\"Surfertarifa\",\"description\":\"Tienda de surf online\",\"publisher\":{\"@id\":\"https:\/\/surfertarifa.com\/#organization\"},\"potentialAction\":[{\"@type\":\"SearchAction\",\"target\":{\"@type\":\"EntryPoint\",\"urlTemplate\":\"https:\/\/surfertarifa.com\/?s={search_term_string}\"},\"query-input\":\"required name=search_term_string\"}],\"inLanguage\":\"en-GB\"},{\"@type\":\"ImageObject\",\"@id\":\"https:\/\/surfertarifa.com\/product\/pantalon-lino-billabong-that-smile-pantalones\/#primaryimage\",\"inLanguage\":\"en-GB\",\"url\":\"https:\/\/surfertarifa.com\/wp-content\/uploads\/2024\/09\/7.webp\",\"contentUrl\":\"https:\/\/surfertarifa.com\/wp-content\/uploads\/2024\/09\/7.webp\",\"width\":1006,\"height\":1340,\"caption\":\"PANTALON LINO Billabong That Smile Pantalones\"},{\"@type\":\"WebPage\",\"@id\":\"https:\/\/surfertarifa.com\/product\/pantalon-lino-billabong-that-smile-pantalones\/#webpage\",\"url\":\"https:\/\/surfertarifa.com\/product\/pantalon-lino-billabong-that-smile-pantalones\/\",\"name\":\"PANTALON LINO Billabong That Smile Pantalones - Surfertarifa\",\"isPartOf\":{\"@id\":\"https:\/\/surfertarifa.com\/#website\"},\"primaryImageOfPage\":{\"@id\":\"https:\/\/surfertarifa.com\/product\/pantalon-lino-billabong-that-smile-pantalones\/#primaryimage\"},\"datePublished\":\"2024-09-18T16:56:35+00:00\",\"dateModified\":\"2026-02-01T10:43:59+00:00\",\"breadcrumb\":{\"@id\":\"https:\/\/surfertarifa.com\/product\/pantalon-lino-billabong-that-smile-pantalones\/#breadcrumb\"},\"inLanguage\":\"en-GB\",\"potentialAction\":[{\"@type\":\"ReadAction\",\"target\":[\"https:\/\/surfertarifa.com\/product\/pantalon-lino-billabong-that-smile-pantalones\/\"]}]},{\"@type\":\"BreadcrumbList\",\"@id\":\"https:\/\/surfertarifa.com\/product\/pantalon-lino-billabong-that-smile-pantalones\/#breadcrumb\",\"itemListElement\":[{\"@type\":\"ListItem\",\"position\":1,\"name\":\"Portada\",\"item\":\"https:\/\/surfertarifa.com\/\"},{\"@type\":\"ListItem\",\"position\":2,\"name\":\"Shop\",\"item\":\"https:\/\/surfertarifa.com\/shop\/\"},{\"@type\":\"ListItem\",\"position\":3,\"name\":\"PANTALON LINO Billabong That Smile Pantalones\"}]}]}<\/script>\n<!-- \/ Yoast SEO plugin. -->","yoast_head_json":{"title":"PANTALON LINO Billabong That Smile Pantalones - Surfertarifa","robots":{"index":"index","follow":"follow","max-snippet":"max-snippet:-1","max-image-preview":"max-image-preview:large","max-video-preview":"max-video-preview:-1"},"canonical":"https:\/\/surfertarifa.com\/en\/product\/pantalon-lino-billabong-that-smile-pantalones\/","og_locale":"en_GB","og_type":"article","og_title":"PANTALON LINO Billabong That Smile Pantalones - Surfertarifa","og_description":"Pantal\u00f3n de pata ancha para Mujer. Caracter\u00edsticas incluyen: Colecci\u00f3n: Return To Paradise, Tejido arrugado de viscosa, piernas acampanadas, cintura el\u00e1stica, cintura el\u00e1stica con lazo y Marca: Placa met\u00e1lica.","og_url":"https:\/\/surfertarifa.com\/en\/product\/pantalon-lino-billabong-that-smile-pantalones\/","og_site_name":"Surfertarifa","article_publisher":"https:\/\/es-es.facebook.com\/SurferTarifa\/","article_modified_time":"2026-02-01T10:43:59+00:00","twitter_card":"summary_large_image","twitter_image":"https:\/\/surfertarifa.com\/wp-content\/uploads\/2024\/09\/7.webp","schema":{"@context":"https:\/\/schema.org","@graph":[{"@type":"Organization","@id":"https:\/\/surfertarifa.com\/#organization","name":"Surfertarifa","url":"https:\/\/surfertarifa.com\/","sameAs":["https:\/\/es-es.facebook.com\/SurferTarifa\/","https:\/\/www.instagram.com\/surfertarifa\/"],"logo":{"@type":"ImageObject","@id":"https:\/\/surfertarifa.com\/#logo","inLanguage":"en-GB","url":"https:\/\/surfertarifa.com\/wp-content\/uploads\/2021\/04\/logo-surfer-1.png","contentUrl":"https:\/\/surfertarifa.com\/wp-content\/uploads\/2021\/04\/logo-surfer-1.png","width":90,"height":90,"caption":"Surfertarifa"},"image":{"@id":"https:\/\/surfertarifa.com\/#logo"}},{"@type":"WebSite","@id":"https:\/\/surfertarifa.com\/#website","url":"https:\/\/surfertarifa.com\/","name":"Surfertarifa","description":"Tienda de surf online","publisher":{"@id":"https:\/\/surfertarifa.com\/#organization"},"potentialAction":[{"@type":"SearchAction","target":{"@type":"EntryPoint","urlTemplate":"https:\/\/surfertarifa.com\/?s={search_term_string}"},"query-input":"required name=search_term_string"}],"inLanguage":"en-GB"},{"@type":"ImageObject","@id":"https:\/\/surfertarifa.com\/product\/pantalon-lino-billabong-that-smile-pantalones\/#primaryimage","inLanguage":"en-GB","url":"https:\/\/surfertarifa.com\/wp-content\/uploads\/2024\/09\/7.webp","contentUrl":"https:\/\/surfertarifa.com\/wp-content\/uploads\/2024\/09\/7.webp","width":1006,"height":1340,"caption":"PANTALON LINO Billabong That Smile Pantalones"},{"@type":"WebPage","@id":"https:\/\/surfertarifa.com\/product\/pantalon-lino-billabong-that-smile-pantalones\/#webpage","url":"https:\/\/surfertarifa.com\/product\/pantalon-lino-billabong-that-smile-pantalones\/","name":"PANTALON LINO Billabong That Smile Pantalones - Surfertarifa","isPartOf":{"@id":"https:\/\/surfertarifa.com\/#website"},"primaryImageOfPage":{"@id":"https:\/\/surfertarifa.com\/product\/pantalon-lino-billabong-that-smile-pantalones\/#primaryimage"},"datePublished":"2024-09-18T16:56:35+00:00","dateModified":"2026-02-01T10:43:59+00:00","breadcrumb":{"@id":"https:\/\/surfertarifa.com\/product\/pantalon-lino-billabong-that-smile-pantalones\/#breadcrumb"},"inLanguage":"en-GB","potentialAction":[{"@type":"ReadAction","target":["https:\/\/surfertarifa.com\/product\/pantalon-lino-billabong-that-smile-pantalones\/"]}]},{"@type":"BreadcrumbList","@id":"https:\/\/surfertarifa.com\/product\/pantalon-lino-billabong-that-smile-pantalones\/#breadcrumb","itemListElement":[{"@type":"ListItem","position":1,"name":"Portada","item":"https:\/\/surfertarifa.com\/"},{"@type":"ListItem","position":2,"name":"Shop","item":"https:\/\/surfertarifa.com\/shop\/"},{"@type":"ListItem","position":3,"name":"PANTALON LINO Billabong That Smile Pantalones"}]}]}},"_links":{"self":[{"href":"https:\/\/surfertarifa.com\/en\/wp-json\/wp\/v2\/product\/9454"}],"collection":[{"href":"https:\/\/surfertarifa.com\/en\/wp-json\/wp\/v2\/product"}],"about":[{"href":"https:\/\/surfertarifa.com\/en\/wp-json\/wp\/v2\/types\/product"}],"replies":[{"embeddable":true,"href":"https:\/\/surfertarifa.com\/en\/wp-json\/wp\/v2\/comments?post=9454"}],"wp:featuredmedia":[{"embeddable":true,"href":"https:\/\/surfertarifa.com\/en\/wp-json\/wp\/v2\/media\/9455"}],"wp:attachment":[{"href":"https:\/\/surfertarifa.com\/en\/wp-json\/wp\/v2\/media?parent=9454"}],"wp:term":[{"taxonomy":"product_cat","embeddable":true,"href":"https:\/\/surfertarifa.com\/en\/wp-json\/wp\/v2\/product_cat?post=9454"},{"taxonomy":"product_tag","embeddable":true,"href":"https:\/\/surfertarifa.com\/en\/wp-json\/wp\/v2\/product_tag?post=9454"}],"curies":[{"name":"wp","href":"https:\/\/api.w.org\/{rel}","templated":true}]}}