{"id":9486,"date":"2024-09-24T16:37:29","date_gmt":"2024-09-24T16:37:29","guid":{"rendered":"https:\/\/surfertarifa.com\/?post_type=product&#038;p=9486"},"modified":"2026-01-04T19:13:31","modified_gmt":"2026-01-04T19:13:31","slug":"sudadera-santa-cruz-classic-dot-sudadera","status":"publish","type":"product","link":"https:\/\/surfertarifa.com\/en\/product\/sudadera-santa-cruz-classic-dot-sudadera\/","title":{"rendered":"SUDADERA Santa Cruz Classic Dot Sudadera"},"content":{"rendered":"<p><span style=\"color: #000000;\">La sudadera con capucha Classic Dot de Santa Cruz est\u00e1 confeccionada en un suave y confortable forro polar cepillado. Hecho con 65% poli\u00e9ster y 35% algod\u00f3n cepillado. Tiene un bolsillo en el frente junto con un logotipo de Santa Cruz.<\/span><\/p>\n<div class=\"row\">\n<div class=\"small-12 columns\"><span style=\"color: #000000;\">Genero:<\/span><\/div>\n<div class=\"small-12 columns\"><span style=\"color: #000000;\">Men,\u00a0Unisex<\/span><\/div>\n<\/div>\n<div class=\"row\">\n<div class=\"small-12 columns\"><span style=\"color: #000000;\">Cuello:<\/span><\/div>\n<div class=\"small-12 columns\"><span style=\"color: #000000;\">Hoodie<\/span><\/div>\n<\/div>\n<div class=\"row\">\n<div class=\"small-12 columns\"><span style=\"color: #000000;\">Dise\u00f1o:<\/span><\/div>\n<div class=\"small-12 columns\"><span style=\"color: #000000;\">Breast Graphic,\u00a0Back Graphic<\/span><\/div>\n<\/div>\n<div class=\"row\">\n<div class=\"small-12 columns\"><span style=\"color: #000000;\">Material:<\/span><\/div>\n<div class=\"small-12 columns\"><span style=\"color: #000000;\">Cotton Blend<\/span><\/div>\n<\/div>\n<div class=\"row\">\n<div class=\"small-12 columns\"><span style=\"color: #000000;\">Tipo:<\/span><\/div>\n<div class=\"small-12 columns\"><span style=\"color: #000000;\">Pullover Hoodie<\/span><\/div>\n<\/div>","protected":false},"excerpt":{"rendered":"<p>La sudadera con capucha Classic Dot de Santa Cruz est\u00e1 confeccionada en un suave y confortable forro polar cepillado. Hecho con 65% poli\u00e9ster y 35% algod\u00f3n cepillado. Tiene un bolsillo en el frente junto con un logotipo de Santa Cruz. Genero: Men,\u00a0Unisex Cuello: Hoodie Dise\u00f1o: Breast Graphic,\u00a0Back Graphic Material: Cotton Blend Tipo: Pullover Hoodie<\/p>","protected":false},"featured_media":9507,"comment_status":"open","ping_status":"closed","template":"","meta":{"spay_email":""},"product_cat":[110,111,134],"product_tag":[],"brands":[{"id":273,"name":"SANTA CRUZ","slug":"santa-cruz"}],"yoast_head":"<!-- This site is optimized with the Yoast SEO plugin v17.0 - https:\/\/yoast.com\/wordpress\/plugins\/seo\/ -->\n<title>SUDADERA Santa Cruz Classic Dot Sudadera - Surfertarifa<\/title>\n<meta name=\"robots\" content=\"index, follow, max-snippet:-1, max-image-preview:large, max-video-preview:-1\" \/>\n<link rel=\"canonical\" href=\"https:\/\/surfertarifa.com\/en\/product\/sudadera-santa-cruz-classic-dot-sudadera\/\" \/>\n<meta property=\"og:locale\" content=\"en_GB\" \/>\n<meta property=\"og:type\" content=\"article\" \/>\n<meta property=\"og:title\" content=\"SUDADERA Santa Cruz Classic Dot Sudadera - Surfertarifa\" \/>\n<meta property=\"og:description\" content=\"La sudadera con capucha Classic Dot de Santa Cruz est\u00e1 confeccionada en un suave y confortable forro polar cepillado. Hecho con 65% poli\u00e9ster y 35% algod\u00f3n cepillado. Tiene un bolsillo en el frente junto con un logotipo de Santa Cruz. Genero: Men,\u00a0Unisex Cuello: Hoodie Dise\u00f1o: Breast Graphic,\u00a0Back Graphic Material: Cotton Blend Tipo: Pullover Hoodie\" \/>\n<meta property=\"og:url\" content=\"https:\/\/surfertarifa.com\/en\/product\/sudadera-santa-cruz-classic-dot-sudadera\/\" \/>\n<meta property=\"og:site_name\" content=\"Surfertarifa\" \/>\n<meta property=\"article:publisher\" content=\"https:\/\/es-es.facebook.com\/SurferTarifa\/\" \/>\n<meta property=\"article:modified_time\" content=\"2026-01-04T19:13:31+00:00\" \/>\n<meta property=\"og:image\" content=\"https:\/\/surfertarifa.com\/wp-content\/uploads\/2024\/09\/11-1.jpg\" \/>\n\t<meta property=\"og:image:width\" content=\"700\" \/>\n\t<meta property=\"og:image:height\" content=\"700\" \/>\n<meta name=\"twitter:card\" content=\"summary_large_image\" \/>\n<script type=\"application\/ld+json\" class=\"yoast-schema-graph\">{\"@context\":\"https:\/\/schema.org\",\"@graph\":[{\"@type\":\"Organization\",\"@id\":\"https:\/\/surfertarifa.com\/#organization\",\"name\":\"Surfertarifa\",\"url\":\"https:\/\/surfertarifa.com\/\",\"sameAs\":[\"https:\/\/es-es.facebook.com\/SurferTarifa\/\",\"https:\/\/www.instagram.com\/surfertarifa\/\"],\"logo\":{\"@type\":\"ImageObject\",\"@id\":\"https:\/\/surfertarifa.com\/#logo\",\"inLanguage\":\"en-GB\",\"url\":\"https:\/\/surfertarifa.com\/wp-content\/uploads\/2021\/04\/logo-surfer-1.png\",\"contentUrl\":\"https:\/\/surfertarifa.com\/wp-content\/uploads\/2021\/04\/logo-surfer-1.png\",\"width\":90,\"height\":90,\"caption\":\"Surfertarifa\"},\"image\":{\"@id\":\"https:\/\/surfertarifa.com\/#logo\"}},{\"@type\":\"WebSite\",\"@id\":\"https:\/\/surfertarifa.com\/#website\",\"url\":\"https:\/\/surfertarifa.com\/\",\"name\":\"Surfertarifa\",\"description\":\"Tienda de surf online\",\"publisher\":{\"@id\":\"https:\/\/surfertarifa.com\/#organization\"},\"potentialAction\":[{\"@type\":\"SearchAction\",\"target\":{\"@type\":\"EntryPoint\",\"urlTemplate\":\"https:\/\/surfertarifa.com\/?s={search_term_string}\"},\"query-input\":\"required name=search_term_string\"}],\"inLanguage\":\"en-GB\"},{\"@type\":\"ImageObject\",\"@id\":\"https:\/\/surfertarifa.com\/product\/sudadera-santa-cruz-classic-dot-sudadera\/#primaryimage\",\"inLanguage\":\"en-GB\",\"url\":\"https:\/\/surfertarifa.com\/wp-content\/uploads\/2024\/09\/11-1.jpg\",\"contentUrl\":\"https:\/\/surfertarifa.com\/wp-content\/uploads\/2024\/09\/11-1.jpg\",\"width\":700,\"height\":700,\"caption\":\"Santa Cruz Classic Dot Sudadera\"},{\"@type\":\"WebPage\",\"@id\":\"https:\/\/surfertarifa.com\/product\/sudadera-santa-cruz-classic-dot-sudadera\/#webpage\",\"url\":\"https:\/\/surfertarifa.com\/product\/sudadera-santa-cruz-classic-dot-sudadera\/\",\"name\":\"SUDADERA Santa Cruz Classic Dot Sudadera - Surfertarifa\",\"isPartOf\":{\"@id\":\"https:\/\/surfertarifa.com\/#website\"},\"primaryImageOfPage\":{\"@id\":\"https:\/\/surfertarifa.com\/product\/sudadera-santa-cruz-classic-dot-sudadera\/#primaryimage\"},\"datePublished\":\"2024-09-24T16:37:29+00:00\",\"dateModified\":\"2026-01-04T19:13:31+00:00\",\"breadcrumb\":{\"@id\":\"https:\/\/surfertarifa.com\/product\/sudadera-santa-cruz-classic-dot-sudadera\/#breadcrumb\"},\"inLanguage\":\"en-GB\",\"potentialAction\":[{\"@type\":\"ReadAction\",\"target\":[\"https:\/\/surfertarifa.com\/product\/sudadera-santa-cruz-classic-dot-sudadera\/\"]}]},{\"@type\":\"BreadcrumbList\",\"@id\":\"https:\/\/surfertarifa.com\/product\/sudadera-santa-cruz-classic-dot-sudadera\/#breadcrumb\",\"itemListElement\":[{\"@type\":\"ListItem\",\"position\":1,\"name\":\"Portada\",\"item\":\"https:\/\/surfertarifa.com\/\"},{\"@type\":\"ListItem\",\"position\":2,\"name\":\"Shop\",\"item\":\"https:\/\/surfertarifa.com\/shop\/\"},{\"@type\":\"ListItem\",\"position\":3,\"name\":\"SUDADERA Santa Cruz Classic Dot Sudadera\"}]}]}<\/script>\n<!-- \/ Yoast SEO plugin. -->","yoast_head_json":{"title":"SUDADERA Santa Cruz Classic Dot Sudadera - Surfertarifa","robots":{"index":"index","follow":"follow","max-snippet":"max-snippet:-1","max-image-preview":"max-image-preview:large","max-video-preview":"max-video-preview:-1"},"canonical":"https:\/\/surfertarifa.com\/en\/product\/sudadera-santa-cruz-classic-dot-sudadera\/","og_locale":"en_GB","og_type":"article","og_title":"SUDADERA Santa Cruz Classic Dot Sudadera - Surfertarifa","og_description":"La sudadera con capucha Classic Dot de Santa Cruz est\u00e1 confeccionada en un suave y confortable forro polar cepillado. Hecho con 65% poli\u00e9ster y 35% algod\u00f3n cepillado. Tiene un bolsillo en el frente junto con un logotipo de Santa Cruz. Genero: Men,\u00a0Unisex Cuello: Hoodie Dise\u00f1o: Breast Graphic,\u00a0Back Graphic Material: Cotton Blend Tipo: Pullover Hoodie","og_url":"https:\/\/surfertarifa.com\/en\/product\/sudadera-santa-cruz-classic-dot-sudadera\/","og_site_name":"Surfertarifa","article_publisher":"https:\/\/es-es.facebook.com\/SurferTarifa\/","article_modified_time":"2026-01-04T19:13:31+00:00","og_image":[{"width":700,"height":700,"url":"https:\/\/surfertarifa.com\/wp-content\/uploads\/2024\/09\/11-1.jpg","path":"\/home\/surferta\/public_html\/wp-content\/uploads\/2024\/09\/11-1.jpg","size":"full","id":9507,"alt":"Santa Cruz Classic Dot Sudadera","pixels":490000,"type":"image\/jpeg"}],"twitter_card":"summary_large_image","schema":{"@context":"https:\/\/schema.org","@graph":[{"@type":"Organization","@id":"https:\/\/surfertarifa.com\/#organization","name":"Surfertarifa","url":"https:\/\/surfertarifa.com\/","sameAs":["https:\/\/es-es.facebook.com\/SurferTarifa\/","https:\/\/www.instagram.com\/surfertarifa\/"],"logo":{"@type":"ImageObject","@id":"https:\/\/surfertarifa.com\/#logo","inLanguage":"en-GB","url":"https:\/\/surfertarifa.com\/wp-content\/uploads\/2021\/04\/logo-surfer-1.png","contentUrl":"https:\/\/surfertarifa.com\/wp-content\/uploads\/2021\/04\/logo-surfer-1.png","width":90,"height":90,"caption":"Surfertarifa"},"image":{"@id":"https:\/\/surfertarifa.com\/#logo"}},{"@type":"WebSite","@id":"https:\/\/surfertarifa.com\/#website","url":"https:\/\/surfertarifa.com\/","name":"Surfertarifa","description":"Tienda de surf online","publisher":{"@id":"https:\/\/surfertarifa.com\/#organization"},"potentialAction":[{"@type":"SearchAction","target":{"@type":"EntryPoint","urlTemplate":"https:\/\/surfertarifa.com\/?s={search_term_string}"},"query-input":"required name=search_term_string"}],"inLanguage":"en-GB"},{"@type":"ImageObject","@id":"https:\/\/surfertarifa.com\/product\/sudadera-santa-cruz-classic-dot-sudadera\/#primaryimage","inLanguage":"en-GB","url":"https:\/\/surfertarifa.com\/wp-content\/uploads\/2024\/09\/11-1.jpg","contentUrl":"https:\/\/surfertarifa.com\/wp-content\/uploads\/2024\/09\/11-1.jpg","width":700,"height":700,"caption":"Santa Cruz Classic Dot Sudadera"},{"@type":"WebPage","@id":"https:\/\/surfertarifa.com\/product\/sudadera-santa-cruz-classic-dot-sudadera\/#webpage","url":"https:\/\/surfertarifa.com\/product\/sudadera-santa-cruz-classic-dot-sudadera\/","name":"SUDADERA Santa Cruz Classic Dot Sudadera - Surfertarifa","isPartOf":{"@id":"https:\/\/surfertarifa.com\/#website"},"primaryImageOfPage":{"@id":"https:\/\/surfertarifa.com\/product\/sudadera-santa-cruz-classic-dot-sudadera\/#primaryimage"},"datePublished":"2024-09-24T16:37:29+00:00","dateModified":"2026-01-04T19:13:31+00:00","breadcrumb":{"@id":"https:\/\/surfertarifa.com\/product\/sudadera-santa-cruz-classic-dot-sudadera\/#breadcrumb"},"inLanguage":"en-GB","potentialAction":[{"@type":"ReadAction","target":["https:\/\/surfertarifa.com\/product\/sudadera-santa-cruz-classic-dot-sudadera\/"]}]},{"@type":"BreadcrumbList","@id":"https:\/\/surfertarifa.com\/product\/sudadera-santa-cruz-classic-dot-sudadera\/#breadcrumb","itemListElement":[{"@type":"ListItem","position":1,"name":"Portada","item":"https:\/\/surfertarifa.com\/"},{"@type":"ListItem","position":2,"name":"Shop","item":"https:\/\/surfertarifa.com\/shop\/"},{"@type":"ListItem","position":3,"name":"SUDADERA Santa Cruz Classic Dot Sudadera"}]}]}},"_links":{"self":[{"href":"https:\/\/surfertarifa.com\/en\/wp-json\/wp\/v2\/product\/9486"}],"collection":[{"href":"https:\/\/surfertarifa.com\/en\/wp-json\/wp\/v2\/product"}],"about":[{"href":"https:\/\/surfertarifa.com\/en\/wp-json\/wp\/v2\/types\/product"}],"replies":[{"embeddable":true,"href":"https:\/\/surfertarifa.com\/en\/wp-json\/wp\/v2\/comments?post=9486"}],"wp:featuredmedia":[{"embeddable":true,"href":"https:\/\/surfertarifa.com\/en\/wp-json\/wp\/v2\/media\/9507"}],"wp:attachment":[{"href":"https:\/\/surfertarifa.com\/en\/wp-json\/wp\/v2\/media?parent=9486"}],"wp:term":[{"taxonomy":"product_cat","embeddable":true,"href":"https:\/\/surfertarifa.com\/en\/wp-json\/wp\/v2\/product_cat?post=9486"},{"taxonomy":"product_tag","embeddable":true,"href":"https:\/\/surfertarifa.com\/en\/wp-json\/wp\/v2\/product_tag?post=9486"}],"curies":[{"name":"wp","href":"https:\/\/api.w.org\/{rel}","templated":true}]}}