{"id":9612,"date":"2024-10-19T11:31:28","date_gmt":"2024-10-19T11:31:28","guid":{"rendered":"https:\/\/surfertarifa.com\/?post_type=product&#038;p=9612"},"modified":"2026-02-08T12:54:14","modified_gmt":"2026-02-08T12:54:14","slug":"conjunto-chandal-billabong-palmin-kendal","status":"publish","type":"product","link":"https:\/\/surfertarifa.com\/en\/product\/conjunto-chandal-billabong-palmin-kendal\/","title":{"rendered":"PANTALON BILLABONG DE  CHANDAL MARRON Palmin Kendal &#8211;"},"content":{"rendered":"<p><span style=\"color: #000000;\"><button class=\"r-slide-action-title\" type=\"button\" aria-expanded=\"false\">D<\/button><button class=\"r-slide-action-title\" type=\"button\" aria-expanded=\"false\">etalles &amp; caracter\u00edsticas<\/button><\/span><\/p>\n<div class=\"r-slide-action-block-content\">\n<h2 class=\"r-desc-short\"><span style=\"color: #000000;\">Palmin Kendal &#8211; PANTALON DE CHANDAL\u00a0 para Mujer<\/span><\/h2>\n<p id=\"master-product-id\" class=\"productskuinfo\" data-id=\"ABJFT00456\"><span class=\"r-slide-action-block-title\" style=\"color: #000000;\"><span class=\"style\"><strong>Style<\/strong>\u00a0ABJFT00456\u00a0<\/span><span class=\"colorcode\"><strong>C\u00f3digo de color<\/strong>\u00a0cpk0<\/span><\/span><\/p>\n<p class=\"r-slide-action-block-title\"><span style=\"color: #000000;\">Caracter\u00edsticas<\/span><\/p>\n<ul class=\"r-slide-action-block-list\">\n<li style=\"list-style-type: none;\">\n<ul class=\"r-slide-action-block-list\">\n<li><span style=\"color: #000000;\"><strong>Colecci\u00f3n:<\/strong>\u00a0Essentials<\/span><\/li>\n<li><span style=\"color: #000000;\"><strong>tejido:<\/strong>\u00a0tejido en felpa mezcla de algod\u00f3n y poli\u00e9ster<\/span><\/li>\n<li><span style=\"color: #000000;\"><strong>Corte:<\/strong>\u00a0ajuste relajado y cuadrado<\/span><\/li>\n<li><span style=\"color: #000000;\"><strong>Cuello:<\/strong>\u00a0Cuello redondo<\/span><\/li>\n<li><span style=\"color: #000000;\"><strong>Mangas:<\/strong>\u00a0Mangas largas<\/span><\/li>\n<li><span style=\"color: #000000;\">Cierre:<strong>dise\u00f1o cerrado<br \/>\n<\/strong><\/span><\/li>\n<li><span style=\"color: #000000;\">Marca:<strong>Placa met\u00e1lica<br \/>\n<\/strong><\/span><\/li>\n<\/ul>\n<\/li>\n<\/ul>\n<ul>\n<li><span style=\"color: #000000;\">Bordado en el pecho<\/span><\/li>\n<\/ul>\n<ul class=\"r-slide-action-block-list\">\n<li><span style=\"color: #000000;\">Otras caracter\u00edsticas:__ cuello y pu\u00f1os de las mangas con banda acanalada<\/span><\/li>\n<\/ul>\n<p><span style=\"color: #000000;\"><span class=\"r-slide-action-block-title\">Composici\u00f3n\u00a0<\/span>[Tejido principal] 80% algod\u00f3n, 20% poli\u00e9ster<\/span><\/p>\n<\/div>","protected":false},"excerpt":{"rendered":"<p>Detalles &amp; caracter\u00edsticas Palmin Kendal &#8211; PANTALON DE CHANDAL\u00a0 para Mujer Style\u00a0ABJFT00456\u00a0C\u00f3digo de color\u00a0cpk0 Caracter\u00edsticas Colecci\u00f3n:\u00a0Essentials tejido:\u00a0tejido en felpa mezcla de algod\u00f3n y poli\u00e9ster Corte:\u00a0ajuste relajado y cuadrado Cuello:\u00a0Cuello redondo Mangas:\u00a0Mangas largas Cierre:dise\u00f1o cerrado Marca:Placa met\u00e1lica Bordado en el pecho Otras caracter\u00edsticas:__ cuello y pu\u00f1os de las mangas con banda acanalada Composici\u00f3n\u00a0[Tejido principal] 80% algod\u00f3n, [&#8230;]","protected":false},"featured_media":9613,"comment_status":"open","ping_status":"closed","template":"","meta":{"spay_email":""},"product_cat":[337,243,134],"product_tag":[],"brands":[{"id":119,"name":"Billabong","slug":"billabong"}],"yoast_head":"<!-- This site is optimized with the Yoast SEO plugin v17.0 - https:\/\/yoast.com\/wordpress\/plugins\/seo\/ -->\n<title>PANTALON BILLABONG DE CHANDAL MARRON Palmin Kendal - Surfertarifa<\/title>\n<meta name=\"robots\" content=\"index, follow, max-snippet:-1, max-image-preview:large, max-video-preview:-1\" \/>\n<link rel=\"canonical\" href=\"https:\/\/surfertarifa.com\/en\/product\/conjunto-chandal-billabong-palmin-kendal\/\" \/>\n<meta property=\"og:locale\" content=\"en_GB\" \/>\n<meta property=\"og:type\" content=\"article\" \/>\n<meta property=\"og:title\" content=\"PANTALON BILLABONG DE CHANDAL MARRON Palmin Kendal - Surfertarifa\" \/>\n<meta property=\"og:description\" content=\"Detalles &amp; caracter\u00edsticas Palmin Kendal &#8211; PANTALON DE CHANDAL\u00a0 para Mujer Style\u00a0ABJFT00456\u00a0C\u00f3digo de color\u00a0cpk0 Caracter\u00edsticas Colecci\u00f3n:\u00a0Essentials tejido:\u00a0tejido en felpa mezcla de algod\u00f3n y poli\u00e9ster Corte:\u00a0ajuste relajado y cuadrado Cuello:\u00a0Cuello redondo Mangas:\u00a0Mangas largas Cierre:dise\u00f1o cerrado Marca:Placa met\u00e1lica Bordado en el pecho Otras caracter\u00edsticas:__ cuello y pu\u00f1os de las mangas con banda acanalada Composici\u00f3n\u00a0[Tejido principal] 80% algod\u00f3n, [...]\" \/>\n<meta property=\"og:url\" content=\"https:\/\/surfertarifa.com\/en\/product\/conjunto-chandal-billabong-palmin-kendal\/\" \/>\n<meta property=\"og:site_name\" content=\"Surfertarifa\" \/>\n<meta property=\"article:publisher\" content=\"https:\/\/es-es.facebook.com\/SurferTarifa\/\" \/>\n<meta property=\"article:modified_time\" content=\"2026-02-08T12:54:14+00:00\" \/>\n<meta property=\"og:image\" content=\"https:\/\/surfertarifa.com\/wp-content\/uploads\/2024\/10\/1-6.jpg\" \/>\n\t<meta property=\"og:image:width\" content=\"1117\" \/>\n\t<meta property=\"og:image:height\" content=\"1396\" \/>\n<meta name=\"twitter:card\" content=\"summary_large_image\" \/>\n<script type=\"application\/ld+json\" class=\"yoast-schema-graph\">{\"@context\":\"https:\/\/schema.org\",\"@graph\":[{\"@type\":\"Organization\",\"@id\":\"https:\/\/surfertarifa.com\/#organization\",\"name\":\"Surfertarifa\",\"url\":\"https:\/\/surfertarifa.com\/\",\"sameAs\":[\"https:\/\/es-es.facebook.com\/SurferTarifa\/\",\"https:\/\/www.instagram.com\/surfertarifa\/\"],\"logo\":{\"@type\":\"ImageObject\",\"@id\":\"https:\/\/surfertarifa.com\/#logo\",\"inLanguage\":\"en-GB\",\"url\":\"https:\/\/surfertarifa.com\/wp-content\/uploads\/2021\/04\/logo-surfer-1.png\",\"contentUrl\":\"https:\/\/surfertarifa.com\/wp-content\/uploads\/2021\/04\/logo-surfer-1.png\",\"width\":90,\"height\":90,\"caption\":\"Surfertarifa\"},\"image\":{\"@id\":\"https:\/\/surfertarifa.com\/#logo\"}},{\"@type\":\"WebSite\",\"@id\":\"https:\/\/surfertarifa.com\/#website\",\"url\":\"https:\/\/surfertarifa.com\/\",\"name\":\"Surfertarifa\",\"description\":\"Tienda de surf online\",\"publisher\":{\"@id\":\"https:\/\/surfertarifa.com\/#organization\"},\"potentialAction\":[{\"@type\":\"SearchAction\",\"target\":{\"@type\":\"EntryPoint\",\"urlTemplate\":\"https:\/\/surfertarifa.com\/?s={search_term_string}\"},\"query-input\":\"required name=search_term_string\"}],\"inLanguage\":\"en-GB\"},{\"@type\":\"ImageObject\",\"@id\":\"https:\/\/surfertarifa.com\/product\/conjunto-chandal-billabong-palmin-kendal\/#primaryimage\",\"inLanguage\":\"en-GB\",\"url\":\"https:\/\/surfertarifa.com\/wp-content\/uploads\/2024\/10\/1-6.jpg\",\"contentUrl\":\"https:\/\/surfertarifa.com\/wp-content\/uploads\/2024\/10\/1-6.jpg\",\"width\":1117,\"height\":1396,\"caption\":\"CHANDAL MRRON BILLABONG\"},{\"@type\":\"WebPage\",\"@id\":\"https:\/\/surfertarifa.com\/product\/conjunto-chandal-billabong-palmin-kendal\/#webpage\",\"url\":\"https:\/\/surfertarifa.com\/product\/conjunto-chandal-billabong-palmin-kendal\/\",\"name\":\"PANTALON BILLABONG DE CHANDAL MARRON Palmin Kendal - Surfertarifa\",\"isPartOf\":{\"@id\":\"https:\/\/surfertarifa.com\/#website\"},\"primaryImageOfPage\":{\"@id\":\"https:\/\/surfertarifa.com\/product\/conjunto-chandal-billabong-palmin-kendal\/#primaryimage\"},\"datePublished\":\"2024-10-19T11:31:28+00:00\",\"dateModified\":\"2026-02-08T12:54:14+00:00\",\"breadcrumb\":{\"@id\":\"https:\/\/surfertarifa.com\/product\/conjunto-chandal-billabong-palmin-kendal\/#breadcrumb\"},\"inLanguage\":\"en-GB\",\"potentialAction\":[{\"@type\":\"ReadAction\",\"target\":[\"https:\/\/surfertarifa.com\/product\/conjunto-chandal-billabong-palmin-kendal\/\"]}]},{\"@type\":\"BreadcrumbList\",\"@id\":\"https:\/\/surfertarifa.com\/product\/conjunto-chandal-billabong-palmin-kendal\/#breadcrumb\",\"itemListElement\":[{\"@type\":\"ListItem\",\"position\":1,\"name\":\"Portada\",\"item\":\"https:\/\/surfertarifa.com\/\"},{\"@type\":\"ListItem\",\"position\":2,\"name\":\"Shop\",\"item\":\"https:\/\/surfertarifa.com\/shop\/\"},{\"@type\":\"ListItem\",\"position\":3,\"name\":\"PANTALON BILLABONG DE CHANDAL MARRON Palmin Kendal &#8211;\"}]}]}<\/script>\n<!-- \/ Yoast SEO plugin. -->","yoast_head_json":{"title":"PANTALON BILLABONG DE CHANDAL MARRON Palmin Kendal - Surfertarifa","robots":{"index":"index","follow":"follow","max-snippet":"max-snippet:-1","max-image-preview":"max-image-preview:large","max-video-preview":"max-video-preview:-1"},"canonical":"https:\/\/surfertarifa.com\/en\/product\/conjunto-chandal-billabong-palmin-kendal\/","og_locale":"en_GB","og_type":"article","og_title":"PANTALON BILLABONG DE CHANDAL MARRON Palmin Kendal - Surfertarifa","og_description":"Detalles &amp; caracter\u00edsticas Palmin Kendal &#8211; PANTALON DE CHANDAL\u00a0 para Mujer Style\u00a0ABJFT00456\u00a0C\u00f3digo de color\u00a0cpk0 Caracter\u00edsticas Colecci\u00f3n:\u00a0Essentials tejido:\u00a0tejido en felpa mezcla de algod\u00f3n y poli\u00e9ster Corte:\u00a0ajuste relajado y cuadrado Cuello:\u00a0Cuello redondo Mangas:\u00a0Mangas largas Cierre:dise\u00f1o cerrado Marca:Placa met\u00e1lica Bordado en el pecho Otras caracter\u00edsticas:__ cuello y pu\u00f1os de las mangas con banda acanalada Composici\u00f3n\u00a0[Tejido principal] 80% algod\u00f3n, [...]","og_url":"https:\/\/surfertarifa.com\/en\/product\/conjunto-chandal-billabong-palmin-kendal\/","og_site_name":"Surfertarifa","article_publisher":"https:\/\/es-es.facebook.com\/SurferTarifa\/","article_modified_time":"2026-02-08T12:54:14+00:00","og_image":[{"width":1117,"height":1396,"url":"https:\/\/surfertarifa.com\/wp-content\/uploads\/2024\/10\/1-6.jpg","path":"\/home\/surferta\/public_html\/wp-content\/uploads\/2024\/10\/1-6.jpg","size":"full","id":9613,"alt":"CHANDAL MRRON BILLABONG","pixels":1559332,"type":"image\/jpeg"}],"twitter_card":"summary_large_image","schema":{"@context":"https:\/\/schema.org","@graph":[{"@type":"Organization","@id":"https:\/\/surfertarifa.com\/#organization","name":"Surfertarifa","url":"https:\/\/surfertarifa.com\/","sameAs":["https:\/\/es-es.facebook.com\/SurferTarifa\/","https:\/\/www.instagram.com\/surfertarifa\/"],"logo":{"@type":"ImageObject","@id":"https:\/\/surfertarifa.com\/#logo","inLanguage":"en-GB","url":"https:\/\/surfertarifa.com\/wp-content\/uploads\/2021\/04\/logo-surfer-1.png","contentUrl":"https:\/\/surfertarifa.com\/wp-content\/uploads\/2021\/04\/logo-surfer-1.png","width":90,"height":90,"caption":"Surfertarifa"},"image":{"@id":"https:\/\/surfertarifa.com\/#logo"}},{"@type":"WebSite","@id":"https:\/\/surfertarifa.com\/#website","url":"https:\/\/surfertarifa.com\/","name":"Surfertarifa","description":"Tienda de surf online","publisher":{"@id":"https:\/\/surfertarifa.com\/#organization"},"potentialAction":[{"@type":"SearchAction","target":{"@type":"EntryPoint","urlTemplate":"https:\/\/surfertarifa.com\/?s={search_term_string}"},"query-input":"required name=search_term_string"}],"inLanguage":"en-GB"},{"@type":"ImageObject","@id":"https:\/\/surfertarifa.com\/product\/conjunto-chandal-billabong-palmin-kendal\/#primaryimage","inLanguage":"en-GB","url":"https:\/\/surfertarifa.com\/wp-content\/uploads\/2024\/10\/1-6.jpg","contentUrl":"https:\/\/surfertarifa.com\/wp-content\/uploads\/2024\/10\/1-6.jpg","width":1117,"height":1396,"caption":"CHANDAL MRRON BILLABONG"},{"@type":"WebPage","@id":"https:\/\/surfertarifa.com\/product\/conjunto-chandal-billabong-palmin-kendal\/#webpage","url":"https:\/\/surfertarifa.com\/product\/conjunto-chandal-billabong-palmin-kendal\/","name":"PANTALON BILLABONG DE CHANDAL MARRON Palmin Kendal - Surfertarifa","isPartOf":{"@id":"https:\/\/surfertarifa.com\/#website"},"primaryImageOfPage":{"@id":"https:\/\/surfertarifa.com\/product\/conjunto-chandal-billabong-palmin-kendal\/#primaryimage"},"datePublished":"2024-10-19T11:31:28+00:00","dateModified":"2026-02-08T12:54:14+00:00","breadcrumb":{"@id":"https:\/\/surfertarifa.com\/product\/conjunto-chandal-billabong-palmin-kendal\/#breadcrumb"},"inLanguage":"en-GB","potentialAction":[{"@type":"ReadAction","target":["https:\/\/surfertarifa.com\/product\/conjunto-chandal-billabong-palmin-kendal\/"]}]},{"@type":"BreadcrumbList","@id":"https:\/\/surfertarifa.com\/product\/conjunto-chandal-billabong-palmin-kendal\/#breadcrumb","itemListElement":[{"@type":"ListItem","position":1,"name":"Portada","item":"https:\/\/surfertarifa.com\/"},{"@type":"ListItem","position":2,"name":"Shop","item":"https:\/\/surfertarifa.com\/shop\/"},{"@type":"ListItem","position":3,"name":"PANTALON BILLABONG DE CHANDAL MARRON Palmin Kendal &#8211;"}]}]}},"_links":{"self":[{"href":"https:\/\/surfertarifa.com\/en\/wp-json\/wp\/v2\/product\/9612"}],"collection":[{"href":"https:\/\/surfertarifa.com\/en\/wp-json\/wp\/v2\/product"}],"about":[{"href":"https:\/\/surfertarifa.com\/en\/wp-json\/wp\/v2\/types\/product"}],"replies":[{"embeddable":true,"href":"https:\/\/surfertarifa.com\/en\/wp-json\/wp\/v2\/comments?post=9612"}],"wp:featuredmedia":[{"embeddable":true,"href":"https:\/\/surfertarifa.com\/en\/wp-json\/wp\/v2\/media\/9613"}],"wp:attachment":[{"href":"https:\/\/surfertarifa.com\/en\/wp-json\/wp\/v2\/media?parent=9612"}],"wp:term":[{"taxonomy":"product_cat","embeddable":true,"href":"https:\/\/surfertarifa.com\/en\/wp-json\/wp\/v2\/product_cat?post=9612"},{"taxonomy":"product_tag","embeddable":true,"href":"https:\/\/surfertarifa.com\/en\/wp-json\/wp\/v2\/product_tag?post=9612"}],"curies":[{"name":"wp","href":"https:\/\/api.w.org\/{rel}","templated":true}]}}