{"id":9651,"date":"2025-01-13T11:33:12","date_gmt":"2025-01-13T11:33:12","guid":{"rendered":"https:\/\/surfertarifa.com\/?post_type=product&#038;p=9651"},"modified":"2025-01-13T12:47:52","modified_gmt":"2025-01-13T12:47:52","slug":"slide-guissie-spoon-31","status":"publish","type":"product","link":"https:\/\/surfertarifa.com\/en\/product\/slide-guissie-spoon-31\/","title":{"rendered":"SLIDE 31&#8243; GUISSIE SPOON 31&#8243; SANCHESKI"},"content":{"rendered":"<div class=\"product-top\">\n<div class=\"summary entry-summary\">\n<h1 class=\"product_title entry-title\"><span style=\"color: #000000;\">CUCHARA GUSSIE 31\u2033<\/span><\/h1>\n<p class=\"price\">\n<div class=\"woocommerce-product-details__short-description\">\n<p><span style=\"color: #000000;\">Desarrollada en Australia, esta forma ha sido dise\u00f1ada para brindar mayor estabilidad y maniobrabilidad, brind\u00e1ndole una sensaci\u00f3n muy similar a la del surf, y es adecuada para navegaci\u00f3n horizontal o para tallar piscinas.<\/span><\/p>\n<p><span style=\"color: #000000;\">Gussie es muy vers\u00e1til, recomendada para riders que ya sean surfistas o skaters experimentados, pero tambi\u00e9n para principiantes que quieran mejorar su equilibrio y tiempos de reacci\u00f3n. Gracias a la configuraci\u00f3n de Gussie, es un modelo que ser\u00e1 tu mejor amigo en los d\u00edas planos.<\/span><\/p>\n<h3><span style=\"color: #000000;\">NIVEL DE HABILIDAD<\/span><\/h3>\n<p><span style=\"color: #000000;\">4\/10<\/span><\/p>\n<h3><span style=\"color: #000000;\">IDEAL PARA<\/span><\/h3>\n<p><span style=\"color: #000000;\">Talla, cuenco, crucero<\/span><\/p>\n<h3><span style=\"color: #000000;\">CONFIGURACI\u00d3N<\/span><\/h3>\n<div><span style=\"color: #000000;\">CUBIERTA DE ARCE DE 7 CAPAS DE 31\u2033 x 10,25\u2033 x 17\u2033 WB<\/span><\/div>\n<div><span style=\"color: #000000;\">Diapositiva 3.5 Camiones<\/span><\/div>\n<div><span style=\"color: #000000;\">Ruedas de 70 mm, 78A (lima)<\/span><\/div>\n<\/div>\n<\/div>\n<\/div>\n<div class=\"woocommerce-tabs wc-tabs-wrapper\">\n<div id=\"tab-description\" class=\"woocommerce-Tabs-panel woocommerce-Tabs-panel--description panel entry-content wc-tab\" role=\"tabpanel\" aria-labelledby=\"tab-title-description\">\n<p><img loading=\"lazy\" class=\"alignnone size-full wp-image-1093\" src=\"https:\/\/slidesurfskates.com\/contenido\/media\/2024\/07\/spoon-a.jpg\" sizes=\"auto, (max-width: 1125px) 100vw, 1125px\" srcset=\"https:\/\/slidesurfskates.com\/contenido\/media\/2024\/07\/spoon-a.jpg 1125w, https:\/\/slidesurfskates.com\/contenido\/media\/2024\/07\/spoon-a-250x333.jpg 250w, https:\/\/slidesurfskates.com\/contenido\/media\/2024\/07\/spoon-a-700x933.jpg 700w, https:\/\/slidesurfskates.com\/contenido\/media\/2024\/07\/spoon-a-113x150.jpg 113w, https:\/\/slidesurfskates.com\/contenido\/media\/2024\/07\/spoon-a-768x1024.jpg 768w, https:\/\/slidesurfskates.com\/contenido\/media\/2024\/07\/spoon-a-120x160.jpg 120w, https:\/\/slidesurfskates.com\/contenido\/media\/2024\/07\/spoon-a-18x24.jpg 18w, https:\/\/slidesurfskates.com\/contenido\/media\/2024\/07\/spoon-a-27x36.jpg 27w, https:\/\/slidesurfskates.com\/contenido\/media\/2024\/07\/spoon-a-36x48.jpg 36w, https:\/\/slidesurfskates.com\/contenido\/media\/2024\/07\/spoon-a-300x400.jpg 300w, https:\/\/slidesurfskates.com\/contenido\/media\/2024\/07\/spoon-a-600x800.jpg 600w\" alt=\"\" width=\"1125\" height=\"1500\" \/><img loading=\"lazy\" class=\"alignnone size-full wp-image-1094\" src=\"https:\/\/slidesurfskates.com\/contenido\/media\/2024\/07\/spoon-b.jpg\" sizes=\"auto, (max-width: 1125px) 100vw, 1125px\" srcset=\"https:\/\/slidesurfskates.com\/contenido\/media\/2024\/07\/spoon-b.jpg 1125w, https:\/\/slidesurfskates.com\/contenido\/media\/2024\/07\/spoon-b-250x333.jpg 250w, https:\/\/slidesurfskates.com\/contenido\/media\/2024\/07\/spoon-b-700x933.jpg 700w, https:\/\/slidesurfskates.com\/contenido\/media\/2024\/07\/spoon-b-113x150.jpg 113w, https:\/\/slidesurfskates.com\/contenido\/media\/2024\/07\/spoon-b-768x1024.jpg 768w, https:\/\/slidesurfskates.com\/contenido\/media\/2024\/07\/spoon-b-120x160.jpg 120w, https:\/\/slidesurfskates.com\/contenido\/media\/2024\/07\/spoon-b-18x24.jpg 18w, https:\/\/slidesurfskates.com\/contenido\/media\/2024\/07\/spoon-b-27x36.jpg 27w, https:\/\/slidesurfskates.com\/contenido\/media\/2024\/07\/spoon-b-36x48.jpg 36w, https:\/\/slidesurfskates.com\/contenido\/media\/2024\/07\/spoon-b-300x400.jpg 300w, https:\/\/slidesurfskates.com\/contenido\/media\/2024\/07\/spoon-b-600x800.jpg 600w\" alt=\"\" width=\"1125\" height=\"1500\" \/><\/p>\n<\/div>\n<\/div>","protected":false},"excerpt":{"rendered":"<p>CUCHARA GUSSIE 31\u2033 Desarrollada en Australia, esta forma ha sido dise\u00f1ada para brindar mayor estabilidad y maniobrabilidad, brind\u00e1ndole una sensaci\u00f3n muy similar a la del surf, y es adecuada para navegaci\u00f3n horizontal o para tallar piscinas. Gussie es muy vers\u00e1til, recomendada para riders que ya sean surfistas o skaters experimentados, pero tambi\u00e9n para principiantes que [&#8230;]","protected":false},"featured_media":9652,"comment_status":"open","ping_status":"closed","template":"","meta":{"spay_email":""},"product_cat":[157,113,214],"product_tag":[],"brands":[{"id":219,"name":"Slide","slug":"slide"}],"yoast_head":"<!-- This site is optimized with the Yoast SEO plugin v17.0 - https:\/\/yoast.com\/wordpress\/plugins\/seo\/ -->\n<title>SLIDE 31&quot; GUISSIE SPOON 31&quot; SANCHESKI - Surfertarifa<\/title>\n<meta name=\"robots\" content=\"index, follow, max-snippet:-1, max-image-preview:large, max-video-preview:-1\" \/>\n<link rel=\"canonical\" href=\"https:\/\/surfertarifa.com\/en\/product\/slide-guissie-spoon-31\/\" \/>\n<meta property=\"og:locale\" content=\"en_GB\" \/>\n<meta property=\"og:type\" content=\"article\" \/>\n<meta property=\"og:title\" content=\"SLIDE 31&quot; GUISSIE SPOON 31&quot; SANCHESKI - Surfertarifa\" \/>\n<meta property=\"og:description\" content=\"CUCHARA GUSSIE 31\u2033 Desarrollada en Australia, esta forma ha sido dise\u00f1ada para brindar mayor estabilidad y maniobrabilidad, brind\u00e1ndole una sensaci\u00f3n muy similar a la del surf, y es adecuada para navegaci\u00f3n horizontal o para tallar piscinas. Gussie es muy vers\u00e1til, recomendada para riders que ya sean surfistas o skaters experimentados, pero tambi\u00e9n para principiantes que [...]\" \/>\n<meta property=\"og:url\" content=\"https:\/\/surfertarifa.com\/en\/product\/slide-guissie-spoon-31\/\" \/>\n<meta property=\"og:site_name\" content=\"Surfertarifa\" \/>\n<meta property=\"article:publisher\" content=\"https:\/\/es-es.facebook.com\/SurferTarifa\/\" \/>\n<meta property=\"article:modified_time\" content=\"2025-01-13T12:47:52+00:00\" \/>\n<meta property=\"og:image\" content=\"https:\/\/surfertarifa.com\/wp-content\/uploads\/2025\/01\/4.jpg\" \/>\n\t<meta property=\"og:image:width\" content=\"600\" \/>\n\t<meta property=\"og:image:height\" content=\"900\" \/>\n<meta name=\"twitter:card\" content=\"summary_large_image\" \/>\n<meta name=\"twitter:label1\" content=\"Estimated reading time\" \/>\n\t<meta name=\"twitter:data1\" content=\"1 minute\" \/>\n<script type=\"application\/ld+json\" class=\"yoast-schema-graph\">{\"@context\":\"https:\/\/schema.org\",\"@graph\":[{\"@type\":\"Organization\",\"@id\":\"https:\/\/surfertarifa.com\/#organization\",\"name\":\"Surfertarifa\",\"url\":\"https:\/\/surfertarifa.com\/\",\"sameAs\":[\"https:\/\/es-es.facebook.com\/SurferTarifa\/\",\"https:\/\/www.instagram.com\/surfertarifa\/\"],\"logo\":{\"@type\":\"ImageObject\",\"@id\":\"https:\/\/surfertarifa.com\/#logo\",\"inLanguage\":\"en-GB\",\"url\":\"https:\/\/surfertarifa.com\/wp-content\/uploads\/2021\/04\/logo-surfer-1.png\",\"contentUrl\":\"https:\/\/surfertarifa.com\/wp-content\/uploads\/2021\/04\/logo-surfer-1.png\",\"width\":90,\"height\":90,\"caption\":\"Surfertarifa\"},\"image\":{\"@id\":\"https:\/\/surfertarifa.com\/#logo\"}},{\"@type\":\"WebSite\",\"@id\":\"https:\/\/surfertarifa.com\/#website\",\"url\":\"https:\/\/surfertarifa.com\/\",\"name\":\"Surfertarifa\",\"description\":\"Tienda de surf online\",\"publisher\":{\"@id\":\"https:\/\/surfertarifa.com\/#organization\"},\"potentialAction\":[{\"@type\":\"SearchAction\",\"target\":{\"@type\":\"EntryPoint\",\"urlTemplate\":\"https:\/\/surfertarifa.com\/?s={search_term_string}\"},\"query-input\":\"required name=search_term_string\"}],\"inLanguage\":\"en-GB\"},{\"@type\":\"ImageObject\",\"@id\":\"https:\/\/surfertarifa.com\/product\/slide-guissie-spoon-31\/#primaryimage\",\"inLanguage\":\"en-GB\",\"url\":\"https:\/\/surfertarifa.com\/wp-content\/uploads\/2025\/01\/4.jpg\",\"contentUrl\":\"https:\/\/surfertarifa.com\/wp-content\/uploads\/2025\/01\/4.jpg\",\"width\":600,\"height\":900,\"caption\":\"SLIDE GUISSIE SPOON 31\\\"\"},{\"@type\":\"WebPage\",\"@id\":\"https:\/\/surfertarifa.com\/product\/slide-guissie-spoon-31\/#webpage\",\"url\":\"https:\/\/surfertarifa.com\/product\/slide-guissie-spoon-31\/\",\"name\":\"SLIDE 31\\\" GUISSIE SPOON 31\\\" SANCHESKI - Surfertarifa\",\"isPartOf\":{\"@id\":\"https:\/\/surfertarifa.com\/#website\"},\"primaryImageOfPage\":{\"@id\":\"https:\/\/surfertarifa.com\/product\/slide-guissie-spoon-31\/#primaryimage\"},\"datePublished\":\"2025-01-13T11:33:12+00:00\",\"dateModified\":\"2025-01-13T12:47:52+00:00\",\"breadcrumb\":{\"@id\":\"https:\/\/surfertarifa.com\/product\/slide-guissie-spoon-31\/#breadcrumb\"},\"inLanguage\":\"en-GB\",\"potentialAction\":[{\"@type\":\"ReadAction\",\"target\":[\"https:\/\/surfertarifa.com\/product\/slide-guissie-spoon-31\/\"]}]},{\"@type\":\"BreadcrumbList\",\"@id\":\"https:\/\/surfertarifa.com\/product\/slide-guissie-spoon-31\/#breadcrumb\",\"itemListElement\":[{\"@type\":\"ListItem\",\"position\":1,\"name\":\"Portada\",\"item\":\"https:\/\/surfertarifa.com\/\"},{\"@type\":\"ListItem\",\"position\":2,\"name\":\"Shop\",\"item\":\"https:\/\/surfertarifa.com\/shop\/\"},{\"@type\":\"ListItem\",\"position\":3,\"name\":\"SLIDE 31&#8243; GUISSIE SPOON 31&#8243; SANCHESKI\"}]}]}<\/script>\n<!-- \/ Yoast SEO plugin. -->","yoast_head_json":{"title":"SLIDE 31\" GUISSIE SPOON 31\" SANCHESKI - Surfertarifa","robots":{"index":"index","follow":"follow","max-snippet":"max-snippet:-1","max-image-preview":"max-image-preview:large","max-video-preview":"max-video-preview:-1"},"canonical":"https:\/\/surfertarifa.com\/en\/product\/slide-guissie-spoon-31\/","og_locale":"en_GB","og_type":"article","og_title":"SLIDE 31\" GUISSIE SPOON 31\" SANCHESKI - Surfertarifa","og_description":"CUCHARA GUSSIE 31\u2033 Desarrollada en Australia, esta forma ha sido dise\u00f1ada para brindar mayor estabilidad y maniobrabilidad, brind\u00e1ndole una sensaci\u00f3n muy similar a la del surf, y es adecuada para navegaci\u00f3n horizontal o para tallar piscinas. Gussie es muy vers\u00e1til, recomendada para riders que ya sean surfistas o skaters experimentados, pero tambi\u00e9n para principiantes que [...]","og_url":"https:\/\/surfertarifa.com\/en\/product\/slide-guissie-spoon-31\/","og_site_name":"Surfertarifa","article_publisher":"https:\/\/es-es.facebook.com\/SurferTarifa\/","article_modified_time":"2025-01-13T12:47:52+00:00","og_image":[{"width":600,"height":900,"url":"https:\/\/surfertarifa.com\/wp-content\/uploads\/2025\/01\/4.jpg","path":"\/home\/surferta\/public_html\/wp-content\/uploads\/2025\/01\/4.jpg","size":"full","id":9652,"alt":"SLIDE GUISSIE SPOON 31\"","pixels":540000,"type":"image\/jpeg"}],"twitter_card":"summary_large_image","twitter_misc":{"Estimated reading time":"1 minute"},"schema":{"@context":"https:\/\/schema.org","@graph":[{"@type":"Organization","@id":"https:\/\/surfertarifa.com\/#organization","name":"Surfertarifa","url":"https:\/\/surfertarifa.com\/","sameAs":["https:\/\/es-es.facebook.com\/SurferTarifa\/","https:\/\/www.instagram.com\/surfertarifa\/"],"logo":{"@type":"ImageObject","@id":"https:\/\/surfertarifa.com\/#logo","inLanguage":"en-GB","url":"https:\/\/surfertarifa.com\/wp-content\/uploads\/2021\/04\/logo-surfer-1.png","contentUrl":"https:\/\/surfertarifa.com\/wp-content\/uploads\/2021\/04\/logo-surfer-1.png","width":90,"height":90,"caption":"Surfertarifa"},"image":{"@id":"https:\/\/surfertarifa.com\/#logo"}},{"@type":"WebSite","@id":"https:\/\/surfertarifa.com\/#website","url":"https:\/\/surfertarifa.com\/","name":"Surfertarifa","description":"Tienda de surf online","publisher":{"@id":"https:\/\/surfertarifa.com\/#organization"},"potentialAction":[{"@type":"SearchAction","target":{"@type":"EntryPoint","urlTemplate":"https:\/\/surfertarifa.com\/?s={search_term_string}"},"query-input":"required name=search_term_string"}],"inLanguage":"en-GB"},{"@type":"ImageObject","@id":"https:\/\/surfertarifa.com\/product\/slide-guissie-spoon-31\/#primaryimage","inLanguage":"en-GB","url":"https:\/\/surfertarifa.com\/wp-content\/uploads\/2025\/01\/4.jpg","contentUrl":"https:\/\/surfertarifa.com\/wp-content\/uploads\/2025\/01\/4.jpg","width":600,"height":900,"caption":"SLIDE GUISSIE SPOON 31\""},{"@type":"WebPage","@id":"https:\/\/surfertarifa.com\/product\/slide-guissie-spoon-31\/#webpage","url":"https:\/\/surfertarifa.com\/product\/slide-guissie-spoon-31\/","name":"SLIDE 31\" GUISSIE SPOON 31\" SANCHESKI - Surfertarifa","isPartOf":{"@id":"https:\/\/surfertarifa.com\/#website"},"primaryImageOfPage":{"@id":"https:\/\/surfertarifa.com\/product\/slide-guissie-spoon-31\/#primaryimage"},"datePublished":"2025-01-13T11:33:12+00:00","dateModified":"2025-01-13T12:47:52+00:00","breadcrumb":{"@id":"https:\/\/surfertarifa.com\/product\/slide-guissie-spoon-31\/#breadcrumb"},"inLanguage":"en-GB","potentialAction":[{"@type":"ReadAction","target":["https:\/\/surfertarifa.com\/product\/slide-guissie-spoon-31\/"]}]},{"@type":"BreadcrumbList","@id":"https:\/\/surfertarifa.com\/product\/slide-guissie-spoon-31\/#breadcrumb","itemListElement":[{"@type":"ListItem","position":1,"name":"Portada","item":"https:\/\/surfertarifa.com\/"},{"@type":"ListItem","position":2,"name":"Shop","item":"https:\/\/surfertarifa.com\/shop\/"},{"@type":"ListItem","position":3,"name":"SLIDE 31&#8243; GUISSIE SPOON 31&#8243; SANCHESKI"}]}]}},"_links":{"self":[{"href":"https:\/\/surfertarifa.com\/en\/wp-json\/wp\/v2\/product\/9651"}],"collection":[{"href":"https:\/\/surfertarifa.com\/en\/wp-json\/wp\/v2\/product"}],"about":[{"href":"https:\/\/surfertarifa.com\/en\/wp-json\/wp\/v2\/types\/product"}],"replies":[{"embeddable":true,"href":"https:\/\/surfertarifa.com\/en\/wp-json\/wp\/v2\/comments?post=9651"}],"wp:featuredmedia":[{"embeddable":true,"href":"https:\/\/surfertarifa.com\/en\/wp-json\/wp\/v2\/media\/9652"}],"wp:attachment":[{"href":"https:\/\/surfertarifa.com\/en\/wp-json\/wp\/v2\/media?parent=9651"}],"wp:term":[{"taxonomy":"product_cat","embeddable":true,"href":"https:\/\/surfertarifa.com\/en\/wp-json\/wp\/v2\/product_cat?post=9651"},{"taxonomy":"product_tag","embeddable":true,"href":"https:\/\/surfertarifa.com\/en\/wp-json\/wp\/v2\/product_tag?post=9651"}],"curies":[{"name":"wp","href":"https:\/\/api.w.org\/{rel}","templated":true}]}}