{"id":9791,"date":"2025-03-17T17:06:14","date_gmt":"2025-03-17T17:06:14","guid":{"rendered":"https:\/\/surfertarifa.com\/?post_type=product&#038;p=9791"},"modified":"2026-02-01T11:39:42","modified_gmt":"2026-02-01T11:39:42","slug":"zueco-suyute-oro-picado","status":"publish","type":"product","link":"https:\/\/surfertarifa.com\/en\/product\/zueco-suyute-oro-picado\/","title":{"rendered":"ZUECO SUYUTE ORO PICADO"},"content":{"rendered":"<div dir=\"auto\"><span style=\"color: #000000;\">SUYUTE Hechos a mano con amor y dedicaci\u00f3n <span class=\"html-span xexx8yu x4uap5 x18d9i69 xkhd6sd x1hl2dhg x16tdsg8 x1vvkbs x3nfvp2 x1j61x8r x1fcty0u xdj266r xat24cr xgzva0m xhhsvwb xxymvpz xlup9mm x1kky2od\"><img loading=\"lazy\" class=\"xz74otr x168nmei x13lgxp2 x5pf9jr xo71vjh\" src=\"https:\/\/static.xx.fbcdn.net\/images\/emoji.php\/v9\/ta9\/1\/16\/1faa1.png\" alt=\"\ud83e\udea1\" width=\"16\" height=\"16\" \/> FRABRICADO EN ESPA\u00d1A<\/span><\/span><\/div>\n<div dir=\"auto\"><span style=\"color: #000000;\">Cada par de zapatos Suyute es una obra de arte hecha a mano, creada con cuidado y atenci\u00f3n al detalle. Sabemos que la calidad y la pasi\u00f3n marcan la diferencia!<\/span><\/div>","protected":false},"excerpt":{"rendered":"<p>SUYUTE Hechos a mano con amor y dedicaci\u00f3n FRABRICADO EN ESPA\u00d1A Cada par de zapatos Suyute es una obra de arte hecha a mano, creada con cuidado y atenci\u00f3n al detalle. Sabemos que la calidad y la pasi\u00f3n marcan la diferencia!<\/p>","protected":false},"featured_media":9792,"comment_status":"open","ping_status":"closed","template":"","meta":{"spay_email":""},"product_cat":[111,232],"product_tag":[],"brands":[{"id":231,"name":"SUYUTE","slug":"suyute"}],"yoast_head":"<!-- This site is optimized with the Yoast SEO plugin v17.0 - https:\/\/yoast.com\/wordpress\/plugins\/seo\/ -->\n<title>ZUECO SUYUTE ORO PICADO - Surfertarifa<\/title>\n<meta name=\"robots\" content=\"index, follow, max-snippet:-1, max-image-preview:large, max-video-preview:-1\" \/>\n<link rel=\"canonical\" href=\"https:\/\/surfertarifa.com\/en\/product\/zueco-suyute-oro-picado\/\" \/>\n<meta property=\"og:locale\" content=\"en_GB\" \/>\n<meta property=\"og:type\" content=\"article\" \/>\n<meta property=\"og:title\" content=\"ZUECO SUYUTE ORO PICADO - Surfertarifa\" \/>\n<meta property=\"og:description\" content=\"SUYUTE Hechos a mano con amor y dedicaci\u00f3n FRABRICADO EN ESPA\u00d1A Cada par de zapatos Suyute es una obra de arte hecha a mano, creada con cuidado y atenci\u00f3n al detalle. Sabemos que la calidad y la pasi\u00f3n marcan la diferencia!\" \/>\n<meta property=\"og:url\" content=\"https:\/\/surfertarifa.com\/en\/product\/zueco-suyute-oro-picado\/\" \/>\n<meta property=\"og:site_name\" content=\"Surfertarifa\" \/>\n<meta property=\"article:publisher\" content=\"https:\/\/es-es.facebook.com\/SurferTarifa\/\" \/>\n<meta property=\"article:modified_time\" content=\"2026-02-01T11:39:42+00:00\" \/>\n<meta property=\"og:image\" content=\"https:\/\/surfertarifa.com\/wp-content\/uploads\/2025\/03\/SUYUTE-1.jpeg\" \/>\n\t<meta property=\"og:image:width\" content=\"1536\" \/>\n\t<meta property=\"og:image:height\" content=\"1854\" \/>\n<meta name=\"twitter:card\" content=\"summary_large_image\" \/>\n<script type=\"application\/ld+json\" class=\"yoast-schema-graph\">{\"@context\":\"https:\/\/schema.org\",\"@graph\":[{\"@type\":\"Organization\",\"@id\":\"https:\/\/surfertarifa.com\/#organization\",\"name\":\"Surfertarifa\",\"url\":\"https:\/\/surfertarifa.com\/\",\"sameAs\":[\"https:\/\/es-es.facebook.com\/SurferTarifa\/\",\"https:\/\/www.instagram.com\/surfertarifa\/\"],\"logo\":{\"@type\":\"ImageObject\",\"@id\":\"https:\/\/surfertarifa.com\/#logo\",\"inLanguage\":\"en-GB\",\"url\":\"https:\/\/surfertarifa.com\/wp-content\/uploads\/2021\/04\/logo-surfer-1.png\",\"contentUrl\":\"https:\/\/surfertarifa.com\/wp-content\/uploads\/2021\/04\/logo-surfer-1.png\",\"width\":90,\"height\":90,\"caption\":\"Surfertarifa\"},\"image\":{\"@id\":\"https:\/\/surfertarifa.com\/#logo\"}},{\"@type\":\"WebSite\",\"@id\":\"https:\/\/surfertarifa.com\/#website\",\"url\":\"https:\/\/surfertarifa.com\/\",\"name\":\"Surfertarifa\",\"description\":\"Tienda de surf online\",\"publisher\":{\"@id\":\"https:\/\/surfertarifa.com\/#organization\"},\"potentialAction\":[{\"@type\":\"SearchAction\",\"target\":{\"@type\":\"EntryPoint\",\"urlTemplate\":\"https:\/\/surfertarifa.com\/?s={search_term_string}\"},\"query-input\":\"required name=search_term_string\"}],\"inLanguage\":\"en-GB\"},{\"@type\":\"ImageObject\",\"@id\":\"https:\/\/surfertarifa.com\/product\/zueco-suyute-oro-picado\/#primaryimage\",\"inLanguage\":\"en-GB\",\"url\":\"https:\/\/surfertarifa.com\/wp-content\/uploads\/2025\/03\/SUYUTE-1.jpeg\",\"contentUrl\":\"https:\/\/surfertarifa.com\/wp-content\/uploads\/2025\/03\/SUYUTE-1.jpeg\",\"width\":1536,\"height\":1854,\"caption\":\"ZUECO ORO\"},{\"@type\":\"WebPage\",\"@id\":\"https:\/\/surfertarifa.com\/product\/zueco-suyute-oro-picado\/#webpage\",\"url\":\"https:\/\/surfertarifa.com\/product\/zueco-suyute-oro-picado\/\",\"name\":\"ZUECO SUYUTE ORO PICADO - Surfertarifa\",\"isPartOf\":{\"@id\":\"https:\/\/surfertarifa.com\/#website\"},\"primaryImageOfPage\":{\"@id\":\"https:\/\/surfertarifa.com\/product\/zueco-suyute-oro-picado\/#primaryimage\"},\"datePublished\":\"2025-03-17T17:06:14+00:00\",\"dateModified\":\"2026-02-01T11:39:42+00:00\",\"breadcrumb\":{\"@id\":\"https:\/\/surfertarifa.com\/product\/zueco-suyute-oro-picado\/#breadcrumb\"},\"inLanguage\":\"en-GB\",\"potentialAction\":[{\"@type\":\"ReadAction\",\"target\":[\"https:\/\/surfertarifa.com\/product\/zueco-suyute-oro-picado\/\"]}]},{\"@type\":\"BreadcrumbList\",\"@id\":\"https:\/\/surfertarifa.com\/product\/zueco-suyute-oro-picado\/#breadcrumb\",\"itemListElement\":[{\"@type\":\"ListItem\",\"position\":1,\"name\":\"Portada\",\"item\":\"https:\/\/surfertarifa.com\/\"},{\"@type\":\"ListItem\",\"position\":2,\"name\":\"Shop\",\"item\":\"https:\/\/surfertarifa.com\/shop\/\"},{\"@type\":\"ListItem\",\"position\":3,\"name\":\"ZUECO SUYUTE ORO PICADO\"}]}]}<\/script>\n<!-- \/ Yoast SEO plugin. -->","yoast_head_json":{"title":"ZUECO SUYUTE ORO PICADO - Surfertarifa","robots":{"index":"index","follow":"follow","max-snippet":"max-snippet:-1","max-image-preview":"max-image-preview:large","max-video-preview":"max-video-preview:-1"},"canonical":"https:\/\/surfertarifa.com\/en\/product\/zueco-suyute-oro-picado\/","og_locale":"en_GB","og_type":"article","og_title":"ZUECO SUYUTE ORO PICADO - Surfertarifa","og_description":"SUYUTE Hechos a mano con amor y dedicaci\u00f3n FRABRICADO EN ESPA\u00d1A Cada par de zapatos Suyute es una obra de arte hecha a mano, creada con cuidado y atenci\u00f3n al detalle. Sabemos que la calidad y la pasi\u00f3n marcan la diferencia!","og_url":"https:\/\/surfertarifa.com\/en\/product\/zueco-suyute-oro-picado\/","og_site_name":"Surfertarifa","article_publisher":"https:\/\/es-es.facebook.com\/SurferTarifa\/","article_modified_time":"2026-02-01T11:39:42+00:00","og_image":[{"width":1536,"height":1854,"url":"https:\/\/surfertarifa.com\/wp-content\/uploads\/2025\/03\/SUYUTE-1.jpeg","path":"\/home\/surferta\/public_html\/wp-content\/uploads\/2025\/03\/SUYUTE-1.jpeg","size":"full","id":9792,"alt":"ZUECO ORO","pixels":2847744,"type":"image\/jpeg"}],"twitter_card":"summary_large_image","schema":{"@context":"https:\/\/schema.org","@graph":[{"@type":"Organization","@id":"https:\/\/surfertarifa.com\/#organization","name":"Surfertarifa","url":"https:\/\/surfertarifa.com\/","sameAs":["https:\/\/es-es.facebook.com\/SurferTarifa\/","https:\/\/www.instagram.com\/surfertarifa\/"],"logo":{"@type":"ImageObject","@id":"https:\/\/surfertarifa.com\/#logo","inLanguage":"en-GB","url":"https:\/\/surfertarifa.com\/wp-content\/uploads\/2021\/04\/logo-surfer-1.png","contentUrl":"https:\/\/surfertarifa.com\/wp-content\/uploads\/2021\/04\/logo-surfer-1.png","width":90,"height":90,"caption":"Surfertarifa"},"image":{"@id":"https:\/\/surfertarifa.com\/#logo"}},{"@type":"WebSite","@id":"https:\/\/surfertarifa.com\/#website","url":"https:\/\/surfertarifa.com\/","name":"Surfertarifa","description":"Tienda de surf online","publisher":{"@id":"https:\/\/surfertarifa.com\/#organization"},"potentialAction":[{"@type":"SearchAction","target":{"@type":"EntryPoint","urlTemplate":"https:\/\/surfertarifa.com\/?s={search_term_string}"},"query-input":"required name=search_term_string"}],"inLanguage":"en-GB"},{"@type":"ImageObject","@id":"https:\/\/surfertarifa.com\/product\/zueco-suyute-oro-picado\/#primaryimage","inLanguage":"en-GB","url":"https:\/\/surfertarifa.com\/wp-content\/uploads\/2025\/03\/SUYUTE-1.jpeg","contentUrl":"https:\/\/surfertarifa.com\/wp-content\/uploads\/2025\/03\/SUYUTE-1.jpeg","width":1536,"height":1854,"caption":"ZUECO ORO"},{"@type":"WebPage","@id":"https:\/\/surfertarifa.com\/product\/zueco-suyute-oro-picado\/#webpage","url":"https:\/\/surfertarifa.com\/product\/zueco-suyute-oro-picado\/","name":"ZUECO SUYUTE ORO PICADO - Surfertarifa","isPartOf":{"@id":"https:\/\/surfertarifa.com\/#website"},"primaryImageOfPage":{"@id":"https:\/\/surfertarifa.com\/product\/zueco-suyute-oro-picado\/#primaryimage"},"datePublished":"2025-03-17T17:06:14+00:00","dateModified":"2026-02-01T11:39:42+00:00","breadcrumb":{"@id":"https:\/\/surfertarifa.com\/product\/zueco-suyute-oro-picado\/#breadcrumb"},"inLanguage":"en-GB","potentialAction":[{"@type":"ReadAction","target":["https:\/\/surfertarifa.com\/product\/zueco-suyute-oro-picado\/"]}]},{"@type":"BreadcrumbList","@id":"https:\/\/surfertarifa.com\/product\/zueco-suyute-oro-picado\/#breadcrumb","itemListElement":[{"@type":"ListItem","position":1,"name":"Portada","item":"https:\/\/surfertarifa.com\/"},{"@type":"ListItem","position":2,"name":"Shop","item":"https:\/\/surfertarifa.com\/shop\/"},{"@type":"ListItem","position":3,"name":"ZUECO SUYUTE ORO PICADO"}]}]}},"_links":{"self":[{"href":"https:\/\/surfertarifa.com\/en\/wp-json\/wp\/v2\/product\/9791"}],"collection":[{"href":"https:\/\/surfertarifa.com\/en\/wp-json\/wp\/v2\/product"}],"about":[{"href":"https:\/\/surfertarifa.com\/en\/wp-json\/wp\/v2\/types\/product"}],"replies":[{"embeddable":true,"href":"https:\/\/surfertarifa.com\/en\/wp-json\/wp\/v2\/comments?post=9791"}],"wp:featuredmedia":[{"embeddable":true,"href":"https:\/\/surfertarifa.com\/en\/wp-json\/wp\/v2\/media\/9792"}],"wp:attachment":[{"href":"https:\/\/surfertarifa.com\/en\/wp-json\/wp\/v2\/media?parent=9791"}],"wp:term":[{"taxonomy":"product_cat","embeddable":true,"href":"https:\/\/surfertarifa.com\/en\/wp-json\/wp\/v2\/product_cat?post=9791"},{"taxonomy":"product_tag","embeddable":true,"href":"https:\/\/surfertarifa.com\/en\/wp-json\/wp\/v2\/product_tag?post=9791"}],"curies":[{"name":"wp","href":"https:\/\/api.w.org\/{rel}","templated":true}]}}