{"id":9928,"date":"2025-05-06T10:41:30","date_gmt":"2025-05-06T10:41:30","guid":{"rendered":"https:\/\/surfertarifa.com\/?post_type=product&#038;p=9928"},"modified":"2025-05-06T15:17:45","modified_gmt":"2025-05-06T15:17:45","slug":"camiseta-rvaca-keep-growing-camiseta-de-manga-corta-para-hombre","status":"publish","type":"product","link":"https:\/\/surfertarifa.com\/en\/product\/camiseta-rvaca-keep-growing-camiseta-de-manga-corta-para-hombre\/","title":{"rendered":"CAMISETA RVACA Keep Growing &#8211; Camiseta de manga corta para Hombre"},"content":{"rendered":"<p><span style=\"color: #000000;\"><button class=\"r-slide-action-title\" type=\"button\" aria-expanded=\"false\">Detalles &amp; caracter\u00edsticas<\/button><\/span><\/p>\n<div class=\"r-slide-action-block-content\">\n<h2 class=\"r-desc-short\"><span style=\"color: #000000;\">Keep Growing &#8211; Camiseta de manga corta para Hombre<\/span><\/h2>\n<p id=\"master-product-id\" class=\"productskuinfo\" data-id=\"EVYZT00253\"><span class=\"r-slide-action-block-title\" style=\"color: #000000;\"><span class=\"style\"><strong>Style<\/strong>\u00a0EVYZT00253\u00a0<\/span><span class=\"colorcode\"><strong>C\u00f3digo de color<\/strong>\u00a0anw<\/span><\/span><\/p>\n<p class=\"r-slide-action-block-title\"><span style=\"color: #000000;\">Caracter\u00edsticas<\/span><\/p>\n<ul class=\"r-slide-action-block-list\">\n<li><span style=\"color: #000000;\"><strong>Tejido:<\/strong>\u00a0100% algod\u00f3n org\u00e1nico [200 g\/m2]<\/span><\/li>\n<li><span style=\"color: #000000;\"><strong>Corte:<\/strong>\u00a0Ajuste relajado<\/span><\/li>\n<li><span style=\"color: #000000;\"><strong>Cuello:<\/strong>\u00a0cuello redondo y acanalado<\/span><\/li>\n<li><span style=\"color: #000000;\"><strong>Mangas:<\/strong>\u00a0manga corta<\/span><\/li>\n<li><span style=\"color: #000000;\"><strong>Marca:<\/strong>Dise\u00f1o art\u00edstico bordado en la parte frontal y la espalda<\/span><\/li>\n<\/ul>\n<p><span class=\"r-slide-action-block-title\" style=\"color: #000000;\">Composici\u00f3n\u00a0<\/span><span style=\"color: #000000;\">[Tejido principal] 100% algod\u00f3n org\u00e1nico<\/span><\/p>\n<\/div>","protected":false},"excerpt":{"rendered":"<p>Detalles &amp; caracter\u00edsticas Keep Growing &#8211; Camiseta de manga corta para Hombre Style\u00a0EVYZT00253\u00a0C\u00f3digo de color\u00a0anw Caracter\u00edsticas Tejido:\u00a0100% algod\u00f3n org\u00e1nico [200 g\/m2] Corte:\u00a0Ajuste relajado Cuello:\u00a0cuello redondo y acanalado Mangas:\u00a0manga corta Marca:Dise\u00f1o art\u00edstico bordado en la parte frontal y la espalda Composici\u00f3n\u00a0[Tejido principal] 100% algod\u00f3n org\u00e1nico<\/p>","protected":false},"featured_media":9929,"comment_status":"open","ping_status":"closed","template":"","meta":{"spay_email":""},"product_cat":[133,110],"product_tag":[],"brands":[{"id":359,"name":"RVCA","slug":"rvca"}],"yoast_head":"<!-- This site is optimized with the Yoast SEO plugin v17.0 - https:\/\/yoast.com\/wordpress\/plugins\/seo\/ -->\n<title>CAMISETA RVACA Keep Growing - Camiseta de manga corta para Hombre - Surfertarifa<\/title>\n<meta name=\"robots\" content=\"index, follow, max-snippet:-1, max-image-preview:large, max-video-preview:-1\" \/>\n<link rel=\"canonical\" href=\"https:\/\/surfertarifa.com\/en\/product\/camiseta-rvaca-keep-growing-camiseta-de-manga-corta-para-hombre\/\" \/>\n<meta property=\"og:locale\" content=\"en_GB\" \/>\n<meta property=\"og:type\" content=\"article\" \/>\n<meta property=\"og:title\" content=\"CAMISETA RVACA Keep Growing - Camiseta de manga corta para Hombre - Surfertarifa\" \/>\n<meta property=\"og:description\" content=\"Detalles &amp; caracter\u00edsticas Keep Growing &#8211; Camiseta de manga corta para Hombre Style\u00a0EVYZT00253\u00a0C\u00f3digo de color\u00a0anw Caracter\u00edsticas Tejido:\u00a0100% algod\u00f3n org\u00e1nico [200 g\/m2] Corte:\u00a0Ajuste relajado Cuello:\u00a0cuello redondo y acanalado Mangas:\u00a0manga corta Marca:Dise\u00f1o art\u00edstico bordado en la parte frontal y la espalda Composici\u00f3n\u00a0[Tejido principal] 100% algod\u00f3n org\u00e1nico\" \/>\n<meta property=\"og:url\" content=\"https:\/\/surfertarifa.com\/en\/product\/camiseta-rvaca-keep-growing-camiseta-de-manga-corta-para-hombre\/\" \/>\n<meta property=\"og:site_name\" content=\"Surfertarifa\" \/>\n<meta property=\"article:publisher\" content=\"https:\/\/es-es.facebook.com\/SurferTarifa\/\" \/>\n<meta property=\"article:modified_time\" content=\"2025-05-06T15:17:45+00:00\" \/>\n<meta property=\"og:image\" content=\"https:\/\/surfertarifa.com\/wp-content\/uploads\/2025\/05\/1-9.jpg\" \/>\n\t<meta property=\"og:image:width\" content=\"1117\" \/>\n\t<meta property=\"og:image:height\" content=\"1396\" \/>\n<meta name=\"twitter:card\" content=\"summary_large_image\" \/>\n<script type=\"application\/ld+json\" class=\"yoast-schema-graph\">{\"@context\":\"https:\/\/schema.org\",\"@graph\":[{\"@type\":\"Organization\",\"@id\":\"https:\/\/surfertarifa.com\/#organization\",\"name\":\"Surfertarifa\",\"url\":\"https:\/\/surfertarifa.com\/\",\"sameAs\":[\"https:\/\/es-es.facebook.com\/SurferTarifa\/\",\"https:\/\/www.instagram.com\/surfertarifa\/\"],\"logo\":{\"@type\":\"ImageObject\",\"@id\":\"https:\/\/surfertarifa.com\/#logo\",\"inLanguage\":\"en-GB\",\"url\":\"https:\/\/surfertarifa.com\/wp-content\/uploads\/2021\/04\/logo-surfer-1.png\",\"contentUrl\":\"https:\/\/surfertarifa.com\/wp-content\/uploads\/2021\/04\/logo-surfer-1.png\",\"width\":90,\"height\":90,\"caption\":\"Surfertarifa\"},\"image\":{\"@id\":\"https:\/\/surfertarifa.com\/#logo\"}},{\"@type\":\"WebSite\",\"@id\":\"https:\/\/surfertarifa.com\/#website\",\"url\":\"https:\/\/surfertarifa.com\/\",\"name\":\"Surfertarifa\",\"description\":\"Tienda de surf online\",\"publisher\":{\"@id\":\"https:\/\/surfertarifa.com\/#organization\"},\"potentialAction\":[{\"@type\":\"SearchAction\",\"target\":{\"@type\":\"EntryPoint\",\"urlTemplate\":\"https:\/\/surfertarifa.com\/?s={search_term_string}\"},\"query-input\":\"required name=search_term_string\"}],\"inLanguage\":\"en-GB\"},{\"@type\":\"ImageObject\",\"@id\":\"https:\/\/surfertarifa.com\/product\/camiseta-rvaca-keep-growing-camiseta-de-manga-corta-para-hombre\/#primaryimage\",\"inLanguage\":\"en-GB\",\"url\":\"https:\/\/surfertarifa.com\/wp-content\/uploads\/2025\/05\/1-9.jpg\",\"contentUrl\":\"https:\/\/surfertarifa.com\/wp-content\/uploads\/2025\/05\/1-9.jpg\",\"width\":1117,\"height\":1396,\"caption\":\"Keep Growing - Camiseta de manga corta para Hombre\"},{\"@type\":\"WebPage\",\"@id\":\"https:\/\/surfertarifa.com\/product\/camiseta-rvaca-keep-growing-camiseta-de-manga-corta-para-hombre\/#webpage\",\"url\":\"https:\/\/surfertarifa.com\/product\/camiseta-rvaca-keep-growing-camiseta-de-manga-corta-para-hombre\/\",\"name\":\"CAMISETA RVACA Keep Growing - Camiseta de manga corta para Hombre - Surfertarifa\",\"isPartOf\":{\"@id\":\"https:\/\/surfertarifa.com\/#website\"},\"primaryImageOfPage\":{\"@id\":\"https:\/\/surfertarifa.com\/product\/camiseta-rvaca-keep-growing-camiseta-de-manga-corta-para-hombre\/#primaryimage\"},\"datePublished\":\"2025-05-06T10:41:30+00:00\",\"dateModified\":\"2025-05-06T15:17:45+00:00\",\"breadcrumb\":{\"@id\":\"https:\/\/surfertarifa.com\/product\/camiseta-rvaca-keep-growing-camiseta-de-manga-corta-para-hombre\/#breadcrumb\"},\"inLanguage\":\"en-GB\",\"potentialAction\":[{\"@type\":\"ReadAction\",\"target\":[\"https:\/\/surfertarifa.com\/product\/camiseta-rvaca-keep-growing-camiseta-de-manga-corta-para-hombre\/\"]}]},{\"@type\":\"BreadcrumbList\",\"@id\":\"https:\/\/surfertarifa.com\/product\/camiseta-rvaca-keep-growing-camiseta-de-manga-corta-para-hombre\/#breadcrumb\",\"itemListElement\":[{\"@type\":\"ListItem\",\"position\":1,\"name\":\"Portada\",\"item\":\"https:\/\/surfertarifa.com\/\"},{\"@type\":\"ListItem\",\"position\":2,\"name\":\"Shop\",\"item\":\"https:\/\/surfertarifa.com\/shop\/\"},{\"@type\":\"ListItem\",\"position\":3,\"name\":\"CAMISETA RVACA Keep Growing &#8211; Camiseta de manga corta para Hombre\"}]}]}<\/script>\n<!-- \/ Yoast SEO plugin. -->","yoast_head_json":{"title":"CAMISETA RVACA Keep Growing - Camiseta de manga corta para Hombre - Surfertarifa","robots":{"index":"index","follow":"follow","max-snippet":"max-snippet:-1","max-image-preview":"max-image-preview:large","max-video-preview":"max-video-preview:-1"},"canonical":"https:\/\/surfertarifa.com\/en\/product\/camiseta-rvaca-keep-growing-camiseta-de-manga-corta-para-hombre\/","og_locale":"en_GB","og_type":"article","og_title":"CAMISETA RVACA Keep Growing - Camiseta de manga corta para Hombre - Surfertarifa","og_description":"Detalles &amp; caracter\u00edsticas Keep Growing &#8211; Camiseta de manga corta para Hombre Style\u00a0EVYZT00253\u00a0C\u00f3digo de color\u00a0anw Caracter\u00edsticas Tejido:\u00a0100% algod\u00f3n org\u00e1nico [200 g\/m2] Corte:\u00a0Ajuste relajado Cuello:\u00a0cuello redondo y acanalado Mangas:\u00a0manga corta Marca:Dise\u00f1o art\u00edstico bordado en la parte frontal y la espalda Composici\u00f3n\u00a0[Tejido principal] 100% algod\u00f3n org\u00e1nico","og_url":"https:\/\/surfertarifa.com\/en\/product\/camiseta-rvaca-keep-growing-camiseta-de-manga-corta-para-hombre\/","og_site_name":"Surfertarifa","article_publisher":"https:\/\/es-es.facebook.com\/SurferTarifa\/","article_modified_time":"2025-05-06T15:17:45+00:00","og_image":[{"width":1117,"height":1396,"url":"https:\/\/surfertarifa.com\/wp-content\/uploads\/2025\/05\/1-9.jpg","path":"\/home\/surferta\/public_html\/wp-content\/uploads\/2025\/05\/1-9.jpg","size":"full","id":9929,"alt":"Keep Growing - Camiseta de manga corta para Hombre","pixels":1559332,"type":"image\/jpeg"}],"twitter_card":"summary_large_image","schema":{"@context":"https:\/\/schema.org","@graph":[{"@type":"Organization","@id":"https:\/\/surfertarifa.com\/#organization","name":"Surfertarifa","url":"https:\/\/surfertarifa.com\/","sameAs":["https:\/\/es-es.facebook.com\/SurferTarifa\/","https:\/\/www.instagram.com\/surfertarifa\/"],"logo":{"@type":"ImageObject","@id":"https:\/\/surfertarifa.com\/#logo","inLanguage":"en-GB","url":"https:\/\/surfertarifa.com\/wp-content\/uploads\/2021\/04\/logo-surfer-1.png","contentUrl":"https:\/\/surfertarifa.com\/wp-content\/uploads\/2021\/04\/logo-surfer-1.png","width":90,"height":90,"caption":"Surfertarifa"},"image":{"@id":"https:\/\/surfertarifa.com\/#logo"}},{"@type":"WebSite","@id":"https:\/\/surfertarifa.com\/#website","url":"https:\/\/surfertarifa.com\/","name":"Surfertarifa","description":"Tienda de surf online","publisher":{"@id":"https:\/\/surfertarifa.com\/#organization"},"potentialAction":[{"@type":"SearchAction","target":{"@type":"EntryPoint","urlTemplate":"https:\/\/surfertarifa.com\/?s={search_term_string}"},"query-input":"required name=search_term_string"}],"inLanguage":"en-GB"},{"@type":"ImageObject","@id":"https:\/\/surfertarifa.com\/product\/camiseta-rvaca-keep-growing-camiseta-de-manga-corta-para-hombre\/#primaryimage","inLanguage":"en-GB","url":"https:\/\/surfertarifa.com\/wp-content\/uploads\/2025\/05\/1-9.jpg","contentUrl":"https:\/\/surfertarifa.com\/wp-content\/uploads\/2025\/05\/1-9.jpg","width":1117,"height":1396,"caption":"Keep Growing - Camiseta de manga corta para Hombre"},{"@type":"WebPage","@id":"https:\/\/surfertarifa.com\/product\/camiseta-rvaca-keep-growing-camiseta-de-manga-corta-para-hombre\/#webpage","url":"https:\/\/surfertarifa.com\/product\/camiseta-rvaca-keep-growing-camiseta-de-manga-corta-para-hombre\/","name":"CAMISETA RVACA Keep Growing - Camiseta de manga corta para Hombre - Surfertarifa","isPartOf":{"@id":"https:\/\/surfertarifa.com\/#website"},"primaryImageOfPage":{"@id":"https:\/\/surfertarifa.com\/product\/camiseta-rvaca-keep-growing-camiseta-de-manga-corta-para-hombre\/#primaryimage"},"datePublished":"2025-05-06T10:41:30+00:00","dateModified":"2025-05-06T15:17:45+00:00","breadcrumb":{"@id":"https:\/\/surfertarifa.com\/product\/camiseta-rvaca-keep-growing-camiseta-de-manga-corta-para-hombre\/#breadcrumb"},"inLanguage":"en-GB","potentialAction":[{"@type":"ReadAction","target":["https:\/\/surfertarifa.com\/product\/camiseta-rvaca-keep-growing-camiseta-de-manga-corta-para-hombre\/"]}]},{"@type":"BreadcrumbList","@id":"https:\/\/surfertarifa.com\/product\/camiseta-rvaca-keep-growing-camiseta-de-manga-corta-para-hombre\/#breadcrumb","itemListElement":[{"@type":"ListItem","position":1,"name":"Portada","item":"https:\/\/surfertarifa.com\/"},{"@type":"ListItem","position":2,"name":"Shop","item":"https:\/\/surfertarifa.com\/shop\/"},{"@type":"ListItem","position":3,"name":"CAMISETA RVACA Keep Growing &#8211; Camiseta de manga corta para Hombre"}]}]}},"_links":{"self":[{"href":"https:\/\/surfertarifa.com\/en\/wp-json\/wp\/v2\/product\/9928"}],"collection":[{"href":"https:\/\/surfertarifa.com\/en\/wp-json\/wp\/v2\/product"}],"about":[{"href":"https:\/\/surfertarifa.com\/en\/wp-json\/wp\/v2\/types\/product"}],"replies":[{"embeddable":true,"href":"https:\/\/surfertarifa.com\/en\/wp-json\/wp\/v2\/comments?post=9928"}],"wp:featuredmedia":[{"embeddable":true,"href":"https:\/\/surfertarifa.com\/en\/wp-json\/wp\/v2\/media\/9929"}],"wp:attachment":[{"href":"https:\/\/surfertarifa.com\/en\/wp-json\/wp\/v2\/media?parent=9928"}],"wp:term":[{"taxonomy":"product_cat","embeddable":true,"href":"https:\/\/surfertarifa.com\/en\/wp-json\/wp\/v2\/product_cat?post=9928"},{"taxonomy":"product_tag","embeddable":true,"href":"https:\/\/surfertarifa.com\/en\/wp-json\/wp\/v2\/product_tag?post=9928"}],"curies":[{"name":"wp","href":"https:\/\/api.w.org\/{rel}","templated":true}]}}